{"id":12566,"date":"2016-12-08T12:04:41","date_gmt":"2016-12-08T12:04:41","guid":{"rendered":"https:\/\/levfestival.com\/19\/?page_id=12566"},"modified":"2023-11-03T09:24:39","modified_gmt":"2023-11-03T09:24:39","slug":"como-llegar-gijon-2","status":"publish","type":"page","link":"https:\/\/levfestival.com\/19\/en\/como-llegar-gijon-2\/","title":{"rendered":"How to get the venue"},"content":{"rendered":"<div id='full_slider_1'  class='avia-fullwidth-slider main_color avia-shadow   avia-builder-el-0  el_before_av_section  avia-builder-el-first   container_wrap sidebar_right'  ><div  class='avia-slideshow av-jn1jqkpe-15955e09e9d0e7109f9efb3c784663a4 avia-slideshow-no scaling av_slideshow_full avia-slide-slider av-slideshow-ui av-control-default av-slideshow-manual av-loop-once av-loop-manual-endless av-default-height-applied   avia-slideshow-1' data-slideshow-options=\"{&quot;animation&quot;:&quot;slide&quot;,&quot;autoplay&quot;:false,&quot;loop_autoplay&quot;:&quot;once&quot;,&quot;interval&quot;:5,&quot;loop_manual&quot;:&quot;manual-endless&quot;,&quot;autoplay_stopper&quot;:false,&quot;noNavigation&quot;:false,&quot;bg_slider&quot;:false,&quot;keep_padding&quot;:false,&quot;hoverpause&quot;:false,&quot;show_slide_delay&quot;:0}\"  itemprop=\"image\" itemscope=\"itemscope\" itemtype=\"https:\/\/schema.org\/ImageObject\" ><ul class='avia-slideshow-inner ' style='padding-bottom: 20%;'><li  class='avia-slideshow-slide av-jn1jqkpe-15955e09e9d0e7109f9efb3c784663a4__0  av-single-slide slide-1 slide-odd'><div data-rel='slideshow-1' class='avia-slide-wrap '   ><img decoding=\"async\" class=\"wp-image-27570 avia-img-lazy-loading-not-27570\"  src=\"https:\/\/levfestival.com\/19\/wp-content\/uploads\/sites\/14\/2018\/10\/fondo_WEB-header-2.jpeg\" width=\"1500\" height=\"300\" title='fondo_WEB-header-2' alt=''  itemprop=\"thumbnailUrl\" srcset=\"https:\/\/levfestival.com\/19\/wp-content\/uploads\/sites\/14\/2018\/10\/fondo_WEB-header-2.jpeg 1500w, https:\/\/levfestival.com\/19\/wp-content\/uploads\/sites\/14\/2018\/10\/fondo_WEB-header-2-300x60.jpeg 300w, https:\/\/levfestival.com\/19\/wp-content\/uploads\/sites\/14\/2018\/10\/fondo_WEB-header-2-1030x206.jpeg 1030w, https:\/\/levfestival.com\/19\/wp-content\/uploads\/sites\/14\/2018\/10\/fondo_WEB-header-2-768x154.jpeg 768w, https:\/\/levfestival.com\/19\/wp-content\/uploads\/sites\/14\/2018\/10\/fondo_WEB-header-2-705x141.jpeg 705w\" sizes=\"(max-width: 1500px) 100vw, 1500px\" \/><div class='av-section-color-overlay' style='opacity: 0.7; background-color: #000000; '><\/div><\/div><\/li><\/ul><\/div><\/div>\n\n<style type=\"text\/css\" data-created_by=\"avia_inline_auto\" id=\"style-css-av-11loxi3-0197e5ea785e07593c9801eeb6f99718\">\n.avia-section.av-11loxi3-0197e5ea785e07593c9801eeb6f99718 .av-section-color-overlay{\nopacity:0.9;\nbackground-color:#000000;\n}\n<\/style>\n<div id='borde-gijon'  class='avia-section av-11loxi3-0197e5ea785e07593c9801eeb6f99718 main_color avia-section-no-padding avia-no-shadow  avia-builder-el-1  el_after_av_slideshow_full  el_before_av_google_map  avia-bg-style-parallax av-section-color-overlay-active av-minimum-height av-minimum-height-custom  container_wrap sidebar_right'   data-av_minimum_height_px='110'><div class=\"av-section-color-overlay-wrap\"><div class=\"av-section-color-overlay\"><\/div><div class='container av-section-cont-open' style='height:110px'><div class='template-page content  av-content-small alpha units'><div class='post-entry post-entry-type-page post-entry-12566'><div class='entry-content-wrapper clearfix'>\n\n<style type=\"text\/css\" data-created_by=\"avia_inline_auto\" id=\"style-css-av-zq65sb-082b365a3ce741d8022a6645feba6698\">\n#top .av_textblock_section.av-zq65sb-082b365a3ce741d8022a6645feba6698 .avia_textblock{\ncolor:#ffffff;\n}\n<\/style>\n<section  class='av_textblock_section av-zq65sb-082b365a3ce741d8022a6645feba6698'  itemscope=\"itemscope\" itemtype=\"https:\/\/schema.org\/CreativeWork\" ><div class='avia_textblock av_inherit_color'  itemprop=\"text\" ><h2 style=\"text-align: center;\">HOW TO GET THE VENUE<\/h2>\n<\/div><\/section>\n\n<div  class='av_gmaps_sc_main_wrap av_gmaps_main_wrap '><div id='av_gmap_0' class='avia-google-map-container avia-google-map-sc av_gmaps_show_unconditionally av-no-fallback-img ' data-mapid='av_gmap_0'  style='height: 400px;'><a class=\"av_gmaps_browser_disabled av_text_confirm_link av_text_confirm_link_visible\" href=\"https:\/\/www.google.com\/maps\/search\/?api=1&#038;query=Calle%20de%20Luis%20Moya%20Blanco%20261%20%20Gijon%20%20Espa\u00f1a\" target=\"_blank\" rel=\"noopener\">Maps were disabled by the visitor on this site. Click to open the map in a new window.<\/a><\/div><\/div>\n\n<style type=\"text\/css\" data-created_by=\"avia_inline_auto\" id=\"style-css-av-jqs4huis-a48214942c0f974aefd1f32cb8a09ec7\">\n.flex_column.av-jqs4huis-a48214942c0f974aefd1f32cb8a09ec7{\n-webkit-border-radius:0px 0px 0px 0px;\n-moz-border-radius:0px 0px 0px 0px;\nborder-radius:0px 0px 0px 0px;\npadding:0px 10% 0px 10%;\n}\n<\/style>\n<div class='flex_column av-jqs4huis-a48214942c0f974aefd1f32cb8a09ec7 av_one_full  avia-builder-el-11  el_after_av_google_map  avia-builder-el-no-sibling  first flex_column_div '     ><style type=\"text\/css\" data-created_by=\"avia_inline_auto\" id=\"style-css-av-28c3et-79d09c3eaf8cb77c990bd3ff8f2bf695\">\n#top .av_textblock_section.av-28c3et-79d09c3eaf8cb77c990bd3ff8f2bf695 .avia_textblock{\ncolor:#222222;\n}\n<\/style>\n<section  class='av_textblock_section av-28c3et-79d09c3eaf8cb77c990bd3ff8f2bf695'  itemscope=\"itemscope\" itemtype=\"https:\/\/schema.org\/CreativeWork\" ><div class='avia_textblock av_inherit_color'  itemprop=\"text\" ><p><span style=\"color: #808080;\"><strong>L.E.V.\u00a0<\/strong>takes place in the city of\u00a0<strong>Gij\u00f3n<\/strong>.\u00a0<\/span><\/p>\n<p class=\"p1\"><span class=\"s1\" style=\"color: #808080;\">L.E.V. has highlighted from the outset by its intervention on a building closely linked to the historical memory of our country.<br \/>\nThe former University of Gijon, now Laboral City of Culture which houses Laboral Art and Industrial Creation Centre, has the <i>Laboratorio <\/i><\/span><span class=\"s1\" style=\"color: #808080;\"><i>de Electr\u00f3nica Visual <\/i>as one of its most important assets when reinventing their use as public and cultural space. <\/span><\/p>\n<p class=\"p1\"><span class=\"s1\" style=\"color: #808080;\">The venues around Laboral City\u00a0 of Culture such the theatre, the church, the Art Centre, and the Botanical Garden Jard\u00edn Bot\u00e1nico Atl\u00e1ntico, are complemented by other cultural spaces in the City centre, such as Mus\u00e9u del Pueblu d`Asturies\u00a0 and Cultural Centre Antiguo Insituto. <\/span><\/p>\n<div class=\"page\" title=\"Page 3\"><\/div>\n<hr \/>\n<h2><span style=\"color: #636363;\">GETTING THERE<\/span><\/h2>\n<h4><span style=\"color: #808080;\"><strong>BUS<\/strong><\/span><\/h4>\n<p><span style=\"color: #808080;\">Lines\u00a0<strong><a style=\"color: #808080;\" href=\"https:\/\/levfestival.com\/18\/wp-content\/uploads\/2018\/04\/Linea-1.pdf\">L1<\/a>, <a style=\"color: #808080;\" href=\"https:\/\/levfestival.com\/18\/wp-content\/uploads\/2018\/04\/Linea-2.pdf\">L2<\/a>, <a style=\"color: #808080;\" href=\"https:\/\/levfestival.com\/18\/wp-content\/uploads\/2018\/04\/Linea-10.pdf\">L10<\/a> and <a style=\"color: #808080;\" href=\"https:\/\/levfestival.com\/18\/wp-content\/uploads\/2018\/04\/Linea-18.pdf\">L18<\/a><\/strong>.<\/span><\/p>\n<p><span style=\"color: #808080;\">Download the official EMTUSA\u00a0<b>MOBILE APP<\/b><a href=\"http:\/\/en.bus.gijon.es\/multimedia_objects\/download?object_id=135435&#038;object_type=document\">\u00a0<u>HERE<\/u><\/a>\u00a0to travel around the city by bus.<\/span><\/p>\n<p><span style=\"color: #0000fa;\"><strong>Special Bus Service during the Festival. Timetables (at the end of the festival) <\/strong><\/span><\/p>\n<p><span style=\"color: #0000fa;\">\u2013 Friday 3 May: 5.30h<\/span><\/p>\n<p><span style=\"color: #0000fa;\">\u2013 Saturday 4 may: 6.05h<\/span><\/p>\n<p><span style=\"color: #0000fa;\">Ticket price: 1,25\u20ac<\/span><\/p>\n<p><span style=\"color: #808080;\">&#8211;<\/span><\/p>\n<h4><span style=\"color: #808080;\"><strong>BY CAR<\/strong><\/span><\/h4>\n<p><span style=\"color: #808080;\"><strong>From the A-8 motorway:<\/strong><\/span><\/p>\n<p><span style=\"color: #808080;\">Take Exit (salida) 385 for Gijon (Viesques).<\/span><\/p>\n<p><span style=\"color: #808080;\">After leaving the motorway you will come to two roundabouts, take the road signposted N-632 Santander and Hospital de Cabue\u00f1es.<\/span><\/p>\n<p><span style=\"color: #808080;\">When you arrive at the N-632, you will see Universidad Laboral.<\/span><\/p>\n<p><span style=\"color: #808080;\"><strong>From Gij\u00f3n:<\/strong><\/span><\/p>\n<p><span style=\"color: #808080;\">Take road signposted El Molin\u00f3n football stadium, or the N-632 road to Santander or Hospital de Cabue\u00f1es.<\/span><\/p>\n<p><span style=\"color: #808080;\"><strong>From Airport:<\/strong><\/span><\/p>\n<p><span style=\"color: #808080;\">Take the A-8 motorway to Gijon.<\/span><\/p>\n<p><span style=\"color: #808080;\">Before entering Gijon, take the Ronda Sur road to Santander and then take Exit (salida) 385 for Gijon (Viesques).<\/span><\/p>\n<p><span style=\"color: #808080;\">After leaving the motorway you will come to two roundabouts, take the road signposted N-632 Santander and Hospital de Cabue\u00f1es.<\/span><\/p>\n<p><span style=\"color: #808080;\">When you arrive at the N-632, you will see Universidad Laboral.<\/span><\/p>\n<hr \/>\n<h2><span style=\"color: #636363;\">HOTELS AND HOSTELS<\/span><\/h2>\n<p><span style=\"color: #636363;\">The city of <strong>Gij\u00f3n<\/strong> offers a lot of <strong>hotels, campings, hostels and country Hotels<\/strong>. All the info about other city establishments could be sought at:<\/span><\/p>\n<p><span style=\"color: #636363;\"><a style=\"color: #636363;\" href=\"http:\/\/www.gijon.info\" target=\"_blank\" rel=\"noopener\">www.gijon.info<\/a><\/span><\/p>\n<\/div><\/section><\/div>\n","protected":false},"excerpt":{"rendered":"","protected":false},"author":1,"featured_media":0,"parent":0,"menu_order":0,"comment_status":"closed","ping_status":"closed","template":"","meta":{"footnotes":""},"class_list":["post-12566","page","type-page","status-publish","hentry"],"yoast_head":"<!-- This site is optimized with the Yoast SEO plugin v20.7 - https:\/\/yoast.com\/wordpress\/plugins\/seo\/ -->\n<title>How to get the venue - LEV Festival 2019<\/title>\n<meta name=\"robots\" content=\"index, follow, max-snippet:-1, max-image-preview:large, max-video-preview:-1\" \/>\n<link rel=\"canonical\" href=\"https:\/\/levfestival.com\/19\/en\/como-llegar-gijon-2\/\" \/>\n<meta property=\"og:locale\" content=\"en_US\" \/>\n<meta property=\"og:type\" content=\"article\" \/>\n<meta property=\"og:title\" content=\"How to get the venue - LEV Festival 2019\" \/>\n<meta property=\"og:url\" content=\"https:\/\/levfestival.com\/19\/en\/como-llegar-gijon-2\/\" \/>\n<meta property=\"og:site_name\" content=\"LEV Festival 2019\" \/>\n<meta property=\"article:modified_time\" content=\"2023-11-03T09:24:39+00:00\" \/>\n<meta name=\"twitter:card\" content=\"summary_large_image\" \/>\n<meta name=\"twitter:label1\" content=\"Est. reading time\" \/>\n\t<meta name=\"twitter:data1\" content=\"5 minutes\" \/>\n<script type=\"application\/ld+json\" class=\"yoast-schema-graph\">{\"@context\":\"https:\/\/schema.org\",\"@graph\":[{\"@type\":\"WebPage\",\"@id\":\"https:\/\/levfestival.com\/19\/en\/como-llegar-gijon-2\/\",\"url\":\"https:\/\/levfestival.com\/19\/en\/como-llegar-gijon-2\/\",\"name\":\"How to get the venue - LEV Festival 2019\",\"isPartOf\":{\"@id\":\"https:\/\/levfestival.com\/19\/#website\"},\"datePublished\":\"2016-12-08T12:04:41+00:00\",\"dateModified\":\"2023-11-03T09:24:39+00:00\",\"breadcrumb\":{\"@id\":\"https:\/\/levfestival.com\/19\/en\/como-llegar-gijon-2\/#breadcrumb\"},\"inLanguage\":\"en-US\",\"potentialAction\":[{\"@type\":\"ReadAction\",\"target\":[\"https:\/\/levfestival.com\/19\/en\/como-llegar-gijon-2\/\"]}]},{\"@type\":\"BreadcrumbList\",\"@id\":\"https:\/\/levfestival.com\/19\/en\/como-llegar-gijon-2\/#breadcrumb\",\"itemListElement\":[{\"@type\":\"ListItem\",\"position\":1,\"name\":\"Portada\",\"item\":\"https:\/\/levfestival.com\/19\/en\/home-lev-matadero\/\"},{\"@type\":\"ListItem\",\"position\":2,\"name\":\"How to get the venue\"}]},{\"@type\":\"WebSite\",\"@id\":\"https:\/\/levfestival.com\/19\/#website\",\"url\":\"https:\/\/levfestival.com\/19\/\",\"name\":\"LEV Festival 2019\",\"description\":\"\",\"potentialAction\":[{\"@type\":\"SearchAction\",\"target\":{\"@type\":\"EntryPoint\",\"urlTemplate\":\"https:\/\/levfestival.com\/19\/?s={search_term_string}\"},\"query-input\":\"required name=search_term_string\"}],\"inLanguage\":\"en-US\"}]}<\/script>\n<!-- \/ Yoast SEO plugin. -->","yoast_head_json":{"title":"How to get the venue - LEV Festival 2019","robots":{"index":"index","follow":"follow","max-snippet":"max-snippet:-1","max-image-preview":"max-image-preview:large","max-video-preview":"max-video-preview:-1"},"canonical":"https:\/\/levfestival.com\/19\/en\/como-llegar-gijon-2\/","og_locale":"en_US","og_type":"article","og_title":"How to get the venue - LEV Festival 2019","og_url":"https:\/\/levfestival.com\/19\/en\/como-llegar-gijon-2\/","og_site_name":"LEV Festival 2019","article_modified_time":"2023-11-03T09:24:39+00:00","twitter_card":"summary_large_image","twitter_misc":{"Est. reading time":"5 minutes"},"schema":{"@context":"https:\/\/schema.org","@graph":[{"@type":"WebPage","@id":"https:\/\/levfestival.com\/19\/en\/como-llegar-gijon-2\/","url":"https:\/\/levfestival.com\/19\/en\/como-llegar-gijon-2\/","name":"How to get the venue - LEV Festival 2019","isPartOf":{"@id":"https:\/\/levfestival.com\/19\/#website"},"datePublished":"2016-12-08T12:04:41+00:00","dateModified":"2023-11-03T09:24:39+00:00","breadcrumb":{"@id":"https:\/\/levfestival.com\/19\/en\/como-llegar-gijon-2\/#breadcrumb"},"inLanguage":"en-US","potentialAction":[{"@type":"ReadAction","target":["https:\/\/levfestival.com\/19\/en\/como-llegar-gijon-2\/"]}]},{"@type":"BreadcrumbList","@id":"https:\/\/levfestival.com\/19\/en\/como-llegar-gijon-2\/#breadcrumb","itemListElement":[{"@type":"ListItem","position":1,"name":"Portada","item":"https:\/\/levfestival.com\/19\/en\/home-lev-matadero\/"},{"@type":"ListItem","position":2,"name":"How to get the venue"}]},{"@type":"WebSite","@id":"https:\/\/levfestival.com\/19\/#website","url":"https:\/\/levfestival.com\/19\/","name":"LEV Festival 2019","description":"","potentialAction":[{"@type":"SearchAction","target":{"@type":"EntryPoint","urlTemplate":"https:\/\/levfestival.com\/19\/?s={search_term_string}"},"query-input":"required name=search_term_string"}],"inLanguage":"en-US"}]}},"_links":{"self":[{"href":"https:\/\/levfestival.com\/19\/en\/wp-json\/wp\/v2\/pages\/12566","targetHints":{"allow":["GET"]}}],"collection":[{"href":"https:\/\/levfestival.com\/19\/en\/wp-json\/wp\/v2\/pages"}],"about":[{"href":"https:\/\/levfestival.com\/19\/en\/wp-json\/wp\/v2\/types\/page"}],"author":[{"embeddable":true,"href":"https:\/\/levfestival.com\/19\/en\/wp-json\/wp\/v2\/users\/1"}],"replies":[{"embeddable":true,"href":"https:\/\/levfestival.com\/19\/en\/wp-json\/wp\/v2\/comments?post=12566"}],"version-history":[{"count":1,"href":"https:\/\/levfestival.com\/19\/en\/wp-json\/wp\/v2\/pages\/12566\/revisions"}],"predecessor-version":[{"id":27920,"href":"https:\/\/levfestival.com\/19\/en\/wp-json\/wp\/v2\/pages\/12566\/revisions\/27920"}],"wp:attachment":[{"href":"https:\/\/levfestival.com\/19\/en\/wp-json\/wp\/v2\/media?parent=12566"}],"curies":[{"name":"wp","href":"https:\/\/api.w.org\/{rel}","templated":true}]}}