{"id":24074,"date":"2019-08-05T06:45:52","date_gmt":"2019-08-05T06:45:52","guid":{"rendered":"https:\/\/levfestival.com\/19\/?page_id=24074"},"modified":"2019-08-05T06:45:52","modified_gmt":"2019-08-05T06:45:52","slug":"prensa-lev-matadero-2","status":"publish","type":"page","link":"https:\/\/levfestival.com\/19\/en\/prensa-lev-matadero-2\/","title":{"rendered":"Press LEV Matadero"},"content":{"rendered":"<div id='full_slider_1'  class='avia-fullwidth-slider main_color avia-shadow   avia-builder-el-0  el_before_av_section  avia-builder-el-first   container_wrap sidebar_right'  ><div  class='avia-slideshow av-jn1jqkpe-27ef20b5d439f6df5c70aabdcb5cdea1 avia-slideshow-no scaling av_slideshow_full avia-slide-slider av-slideshow-ui av-control-default av-slideshow-manual av-loop-once av-loop-manual-endless   avia-slideshow-1' data-slideshow-options=\"{&quot;animation&quot;:&quot;slide&quot;,&quot;autoplay&quot;:false,&quot;loop_autoplay&quot;:&quot;once&quot;,&quot;interval&quot;:5,&quot;loop_manual&quot;:&quot;manual-endless&quot;,&quot;autoplay_stopper&quot;:false,&quot;noNavigation&quot;:false,&quot;bg_slider&quot;:false,&quot;keep_padding&quot;:false,&quot;hoverpause&quot;:false,&quot;show_slide_delay&quot;:0}\"  itemprop=\"image\" itemscope=\"itemscope\" itemtype=\"https:\/\/schema.org\/ImageObject\" ><ul class='avia-slideshow-inner ' ><\/ul><\/div><\/div>\n\n<style type=\"text\/css\" data-created_by=\"avia_inline_auto\" id=\"style-css-av-jyge3j5c-4e31b5a7c9e7260c1b71ecb2cbcaa627\">\n.avia-section.av-jyge3j5c-4e31b5a7c9e7260c1b71ecb2cbcaa627{\nbackground-color:#ffc6c6;\nbackground-image:unset;\n}\n.avia-section.av-jyge3j5c-4e31b5a7c9e7260c1b71ecb2cbcaa627 .av-section-color-overlay{\nopacity:0.9;\nbackground-color:#000000;\n}\n<\/style>\n<div id='borde-madrid'  class='avia-section av-jyge3j5c-4e31b5a7c9e7260c1b71ecb2cbcaa627 main_color avia-section-no-padding avia-no-shadow  avia-builder-el-1  el_after_av_slideshow_full  el_before_av_one_half  avia-bg-style-parallax av-section-color-overlay-active av-minimum-height av-minimum-height-custom  container_wrap sidebar_right'   data-av_minimum_height_px='110'><div class=\"av-section-color-overlay-wrap\"><div class=\"av-section-color-overlay\"><\/div><div class='container av-section-cont-open' style='height:110px'><div class='template-page content  av-content-small alpha units'><div class='post-entry post-entry-type-page post-entry-24074'><div class='entry-content-wrapper clearfix'>\n\n<style type=\"text\/css\" data-created_by=\"avia_inline_auto\" id=\"style-css-av-jygdzv0i-6609a802dde60ab881cf49660c3e7363\">\n#top .av_textblock_section.av-jygdzv0i-6609a802dde60ab881cf49660c3e7363 .avia_textblock{\ncolor:#ffffff;\n}\n<\/style>\n<section  class='av_textblock_section av-jygdzv0i-6609a802dde60ab881cf49660c3e7363'  itemscope=\"itemscope\" itemtype=\"https:\/\/schema.org\/CreativeWork\" ><div class='avia_textblock av_inherit_color'  itemprop=\"text\" ><h2 style=\"text-align: center\">PRESS<\/h2>\n<\/div><\/section>\n<\/div><\/div><\/div><!-- close content main div --><\/div><\/div><\/div><div id='after_section_1'  class='main_color av_default_container_wrap container_wrap sidebar_right'  ><div class='container av-section-cont-open' ><div class='template-page content  av-content-small alpha units'><div class='post-entry post-entry-type-page post-entry-24074'><div class='entry-content-wrapper clearfix'>\n\n<style type=\"text\/css\" data-created_by=\"avia_inline_auto\" id=\"style-css-av-jtffqco-ef8c7c6c4b4affb9b24f844f470d1139\">\n.flex_column.av-jtffqco-ef8c7c6c4b4affb9b24f844f470d1139{\nborder-width:1px;\nborder-color:#dddddd;\nborder-style:solid;\n-webkit-border-radius:0px 0px 0px 0px;\n-moz-border-radius:0px 0px 0px 0px;\nborder-radius:0px 0px 0px 0px;\npadding:20px 20px 20px 20px;\nbackground-color:#f9f9f9;\n}\n<\/style>\n<div class='flex_column av-jtffqco-ef8c7c6c4b4affb9b24f844f470d1139 av_one_half  avia-builder-el-3  el_after_av_section  el_before_av_one_half  avia-builder-el-first  first flex_column_div '     ><section  class='av_textblock_section av-jipxk5k-fd5345ea4a986ed2d18bf5570407a02d'  itemscope=\"itemscope\" itemtype=\"https:\/\/schema.org\/CreativeWork\" ><div class='avia_textblock'  itemprop=\"text\" ><p style=\"text-align: center\">LEV Festival Logo<\/p>\n<\/div><\/section><br \/>\n<div  class='avia-button-wrap av-j8ab6lk-3ba5e4a977282e554b2493d6e49bd161-wrap avia-button-center  avia-builder-el-5  el_after_av_textblock  avia-builder-el-last '><a href='https:\/\/levfestival.com\/19\/wp-content\/uploads\/2019\/04\/LEV_2019.pdf'  class='avia-button av-j8ab6lk-3ba5e4a977282e554b2493d6e49bd161 avia-icon_select-no avia-size-large avia-position-center avia-color-theme-color'  ><span class='avia_iconbox_title' >DOWNLOAD<\/span><\/a><\/div><\/p><\/div>\n\n<style type=\"text\/css\" data-created_by=\"avia_inline_auto\" id=\"style-css-av-ijemo4o-e55ed1b39b37cd246d5661858408b8bb\">\n.flex_column.av-ijemo4o-e55ed1b39b37cd246d5661858408b8bb{\nborder-width:1px;\nborder-color:#dddddd;\nborder-style:solid;\n-webkit-border-radius:0px 0px 0px 0px;\n-moz-border-radius:0px 0px 0px 0px;\nborder-radius:0px 0px 0px 0px;\npadding:20px 20px 20px 20px;\nbackground-color:#f9f9f9;\n}\n<\/style>\n<div class='flex_column av-ijemo4o-e55ed1b39b37cd246d5661858408b8bb av_one_half  avia-builder-el-6  el_after_av_one_half  el_before_av_hr  flex_column_div '     ><section  class='av_textblock_section av-i5k04zs-83088f1b1a03acaeabc505b0a8a7123d'  itemscope=\"itemscope\" itemtype=\"https:\/\/schema.org\/CreativeWork\" ><div class='avia_textblock'  itemprop=\"text\" ><p style=\"text-align: center\">Poster L.E.V. Matadero 2019<\/p>\n<\/div><\/section><br \/>\n<div  class='avia-button-wrap av-hohed7s-05690174b6f4256d369b800e560b27ad-wrap avia-button-center  avia-builder-el-8  el_after_av_textblock  avia-builder-el-last '><a href='https:\/\/levfestival.com\/19\/wp-content\/uploads\/2019\/08\/Poster_LEVMatadero.zip'  class='avia-button av-hohed7s-05690174b6f4256d369b800e560b27ad avia-icon_select-no avia-size-large avia-position-center avia-color-theme-color'  ><span class='avia_iconbox_title' >DOWNLOAD<\/span><\/a><\/div><\/p><\/div>\n\n<style type=\"text\/css\" data-created_by=\"avia_inline_auto\" id=\"style-css-av-hbvfcg8-a4b705db59312fb03e28775b084cb2b3\">\n#top .hr.hr-invisible.av-hbvfcg8-a4b705db59312fb03e28775b084cb2b3{\nheight:40px;\n}\n<\/style>\n<div  class='hr av-hbvfcg8-a4b705db59312fb03e28775b084cb2b3 hr-invisible  avia-builder-el-9  el_after_av_one_half  el_before_av_textblock '><span class='hr-inner '><span class=\"hr-inner-style\"><\/span><\/span><\/div>\n<section  class='av_textblock_section av-gzfn8dk-bfe87f1fc0e1806b9d7ca59907dd00a2'  itemscope=\"itemscope\" itemtype=\"https:\/\/schema.org\/CreativeWork\" ><div class='avia_textblock'  itemprop=\"text\" ><p class=\"p1\"><span class=\"s1\">Any media wishing further information about the festival or interviews, please contact our press office by e-mail to: <a href=\"mailto:prensa@levfestival.com\"><span class=\"s2\"><b>prensa@levfestival.com<\/b><\/span><\/a><\/span><\/p>\n<p class=\"p1\">Likewise, media wishing to cover the event should request accreditation by e-mail to <a href=\"mailto:prensa@levfestival.com\"><span class=\"s3\"><b>prensa@levfestival.com<\/b><\/span><\/a><span class=\"s1\"><b>\u00a0<\/b><\/span>We will then send information on the steps to follow.<\/p>\n<p class=\"p1\">The deadline for requesting the press accreditation for LEV Festival ends on monday\u00a0<span class=\"s1\"><b>September 20th.<\/b><\/span><\/p>\n<p class=\"p3\"><b>Those interested must meet the following requirements:<\/b><\/p>\n<ul class=\"ul1\">\n<li class=\"li4\">PREVIOUS COVERAGE. Follow up of news or publication of a previous report on the case of media (press and internet) or broadcast information in the case of radio and television.<\/li>\n<li class=\"li4\">FOLLOWING COVERAGE<i>. <\/i>Making a summary about the development of the festival. Send this information to the press department of the festival, as well as the deadlines in which it would be made public.<\/li>\n<\/ul>\n<p class=\"p3\"><b>The number of creditors is limited.<\/b><\/p>\n<p class=\"p3\"><b>Those interested in receiving the accreditations send the following information:<\/b><\/p>\n<\/div><\/section>\n\n<style type=\"text\/css\" data-created_by=\"avia_inline_auto\" id=\"style-css-av-g7hn3ig-b7906ce1f99d80871e75e4aecd6d63f3\">\n#top .hr.hr-invisible.av-g7hn3ig-b7906ce1f99d80871e75e4aecd6d63f3{\nheight:50px;\n}\n<\/style>\n<div  class='hr av-g7hn3ig-b7906ce1f99d80871e75e4aecd6d63f3 hr-invisible  avia-builder-el-11  el_after_av_textblock  el_before_av_textblock '><span class='hr-inner '><span class=\"hr-inner-style\"><\/span><\/span><\/div>\n<section  class='av_textblock_section av-9iya4nc-0fde2dce33bf08e3a8a9fb3905fde514'  itemscope=\"itemscope\" itemtype=\"https:\/\/schema.org\/CreativeWork\" ><div class='avia_textblock'  itemprop=\"text\" ><p>PRESS FORM<\/p>\n<\/div><\/section>\n<form action=\"https:\/\/levfestival.com\/19\/en\/prensa-lev-matadero-2\/\" method=\"post\"  class=\"avia_ajax_form av-form-labels-visible   avia-builder-el-13  el_after_av_textblock  el_before_av_hr   \" data-avia-form-id=\"1\" data-avia-redirect='' ><fieldset><p class='  first_form  form_element form_fullwidth' id='element_avia_1_1'><label for=\"avia_1_1\">Name <abbr class=\"required\" title=\"required\">*<\/abbr><\/label> <input name=\"avia_1_1\" class=\"text_input is_empty\" type=\"text\" id=\"avia_1_1\" value=\"\" \/><\/p><p class='  first_form  form_element form_fullwidth' id='element_avia_2_1'><label for=\"avia_2_1\">Surname <abbr class=\"required\" title=\"required\">*<\/abbr><\/label> <input name=\"avia_2_1\" class=\"text_input is_empty\" type=\"text\" id=\"avia_2_1\" value=\"\" \/><\/p><p class='  first_form  form_element form_fullwidth' id='element_avia_3_1'><label for=\"avia_3_1\">Passport number <abbr class=\"required\" title=\"required\">*<\/abbr><\/label> <input name=\"avia_3_1\" class=\"text_input is_empty\" type=\"text\" id=\"avia_3_1\" value=\"\" \/><\/p><p class='  first_form  form_element form_fullwidth' id='element_avia_4_1'><label for=\"avia_4_1\">E-Mail address <abbr class=\"required\" title=\"required\">*<\/abbr><\/label> <input name=\"avia_4_1\" class=\"text_input is_email\" type=\"text\" id=\"avia_4_1\" value=\"\" \/><\/p><p class='  first_form  form_element form_fullwidth' id='element_avia_5_1'><label for=\"avia_5_1\">Telephone number <abbr class=\"required\" title=\"required\">*<\/abbr><\/label> <input name=\"avia_5_1\" class=\"text_input is_empty\" type=\"text\" id=\"avia_5_1\" value=\"\" \/><\/p><p class='  first_form  form_element form_fullwidth' id='element_avia_6_1'><label for=\"avia_6_1\">Media name <abbr class=\"required\" title=\"required\">*<\/abbr><\/label> <input name=\"avia_6_1\" class=\"text_input is_empty\" type=\"text\" id=\"avia_6_1\" value=\"\" \/><\/p><p class='  first_form  form_element form_fullwidth' id='element_avia_7_1'><label for=\"avia_7_1\">Position in the media <abbr class=\"required\" title=\"required\">*<\/abbr><\/label> <input name=\"avia_7_1\" class=\"text_input is_empty\" type=\"text\" id=\"avia_7_1\" value=\"\" \/><\/p><p class='  first_form  form_element form_fullwidth' id='element_avia_8_1'><label for=\"avia_8_1\">Responsible for the media <abbr class=\"required\" title=\"required\">*<\/abbr><\/label> <input name=\"avia_8_1\" class=\"text_input is_empty\" type=\"text\" id=\"avia_8_1\" value=\"\" \/><\/p><p class='  first_form  form_element form_fullwidth' id='element_avia_9_1'><label for=\"avia_9_1\">Media contact address <abbr class=\"required\" title=\"required\">*<\/abbr><\/label> <input name=\"avia_9_1\" class=\"text_input is_empty\" type=\"text\" id=\"avia_9_1\" value=\"\" \/><\/p><p class='  first_form  form_element form_fullwidth' id='element_avia_10_1'><label for=\"avia_10_1\">Previous report <abbr class=\"required\" title=\"required\">*<\/abbr><\/label> <input name=\"avia_10_1\" class=\"text_input is_empty\" type=\"text\" id=\"avia_10_1\" value=\"\" \/><\/p><p class='  first_form  form_element form_fullwidth' id='element_avia_11_1'><label for=\"avia_11_1\">Subject <abbr class=\"required\" title=\"required\">*<\/abbr><\/label> <input name=\"avia_11_1\" class=\"text_input is_empty\" type=\"text\" id=\"avia_11_1\" value=\"\" \/><\/p><p class='  first_form  form_element form_fullwidth av-last-visible-form-element' id='element_avia_12_1'><label for=\"avia_12_1\" class=\"textare_label hidden textare_label_avia_12_1\">Message <abbr class=\"required\" title=\"required\">*<\/abbr><\/label><textarea  name=\"avia_12_1\" class=\"text_area is_empty\" cols=\"40\" rows=\"7\" id=\"avia_12_1\" ><\/textarea><\/p><p class=\"hidden\"><input type=\"text\" name=\"avia_13_1\" class=\"hidden \" id=\"avia_13_1\" value=\"\" \/><\/p><p class=\"form_element \"><input type=\"hidden\" value=\"1\" name=\"avia_generated_form1\" \/><input type=\"submit\" value=\"SEND\" class=\"button\"  data-sending-label=\"Sending\"\/><\/p><\/fieldset><\/form><div id=\"ajaxresponse_1\" class=\"ajaxresponse ajaxresponse_1 hidden\"><\/div>\n<div  class='hr av-a02shk8-7202193d809faba334bfdca5b4e299b6 hr-default  avia-builder-el-14  el_after_av_contact  el_before_av_textblock '><span class='hr-inner '><span class=\"hr-inner-style\"><\/span><\/span><\/div>\n<section  class='av_textblock_section av-9iya4nc-0fde2dce33bf08e3a8a9fb3905fde514'  itemscope=\"itemscope\" itemtype=\"https:\/\/schema.org\/CreativeWork\" ><div class='avia_textblock'  itemprop=\"text\" ><p>PRESS ARCHIVE<\/p>\n<\/div><\/section>\n<div  class='avia-icon-list-container av-x1119k-f915e34a66e7f2466623c3d97c983919  avia-builder-el-16  el_after_av_textblock  avia-builder-el-last '><ul class='avia-icon-list avia_animate_when_almost_visible avia-icon-list-left av-iconlist-small av-x1119k-f915e34a66e7f2466623c3d97c983919 avia-iconlist-animate'>\n<li><div class='iconlist_icon av-8lu1lrc-ca87714f84df80acefdcc9a84310d1ae avia-font-entypo-fontello'><span class='iconlist-char' aria-hidden='true' data-av_icon='\ue822' data-av_iconfont='entypo-fontello'><\/span><\/div><article class=\"article-icon-entry \"  itemscope=\"itemscope\" itemtype=\"https:\/\/schema.org\/CreativeWork\" ><div class=\"iconlist_content_wrap\"><header class=\"entry-content-header\"><div class='av_iconlist_title iconlist_title_small  '  itemprop=\"headline\" ><a href='https:\/\/levfestival.com\/18\/l-e-v-2018-desvela-los-primeros-nombres\/' title='LEV 2018_nota de prensa n\u00ba1: L.E.V. 2018 desvela los primeros nombres de la und\u00e9cima edici\u00f3n del Laboratorio de Electr\u00f3nica Visual.' target=\"_blank\" rel=\"noopener noreferrer\">LEV 2018_nota de prensa n\u00ba1: L.E.V. 2018 desvela los primeros nombres de la und\u00e9cima edici\u00f3n del Laboratorio de Electr\u00f3nica Visual.<\/a><\/div><\/header><div class='iconlist_content '  itemprop=\"text\" ><p>30.01.2018<\/p>\n<\/div><\/div><footer class=\"entry-footer\"><\/footer><\/article><div class=\"iconlist-timeline\"><\/div><\/li>\n<\/ul><\/div>\n","protected":false},"excerpt":{"rendered":"","protected":false},"author":1,"featured_media":0,"parent":0,"menu_order":0,"comment_status":"closed","ping_status":"closed","template":"","meta":{"footnotes":""},"class_list":["post-24074","page","type-page","status-publish","hentry"],"yoast_head":"<!-- This site is optimized with the Yoast SEO plugin v20.7 - https:\/\/yoast.com\/wordpress\/plugins\/seo\/ -->\n<title>Press LEV Matadero - LEV Festival 2019<\/title>\n<meta name=\"robots\" content=\"index, follow, max-snippet:-1, max-image-preview:large, max-video-preview:-1\" \/>\n<link rel=\"canonical\" href=\"https:\/\/levfestival.com\/19\/prensa-lev-matadero-2\/\" \/>\n<meta property=\"og:locale\" content=\"en_US\" \/>\n<meta property=\"og:type\" content=\"article\" \/>\n<meta property=\"og:title\" content=\"L.E.V. Matadero_Press\" \/>\n<meta property=\"og:description\" content=\"[Laboratorio de Electr\u00f3nica Visual] 2019\" \/>\n<meta property=\"og:url\" content=\"https:\/\/levfestival.com\/19\/prensa-lev-matadero-2\/\" \/>\n<meta property=\"og:site_name\" content=\"LEV Festival 2019\" \/>\n<meta name=\"twitter:card\" content=\"summary_large_image\" \/>\n<meta name=\"twitter:title\" content=\"L.E.V. Matadero_Press\" \/>\n<meta name=\"twitter:description\" content=\"[Laboratorio de Electr\u00f3nica Visual] 2019\" \/>\n<meta name=\"twitter:label1\" content=\"Est. reading time\" \/>\n\t<meta name=\"twitter:data1\" content=\"8 minutes\" \/>\n<script type=\"application\/ld+json\" class=\"yoast-schema-graph\">{\"@context\":\"https:\/\/schema.org\",\"@graph\":[{\"@type\":\"WebPage\",\"@id\":\"https:\/\/levfestival.com\/19\/prensa-lev-matadero-2\/\",\"url\":\"https:\/\/levfestival.com\/19\/prensa-lev-matadero-2\/\",\"name\":\"Press LEV Matadero - LEV Festival 2019\",\"isPartOf\":{\"@id\":\"https:\/\/levfestival.com\/19\/#website\"},\"datePublished\":\"2019-08-05T06:45:52+00:00\",\"dateModified\":\"2019-08-05T06:45:52+00:00\",\"breadcrumb\":{\"@id\":\"https:\/\/levfestival.com\/19\/prensa-lev-matadero-2\/#breadcrumb\"},\"inLanguage\":\"en-US\",\"potentialAction\":[{\"@type\":\"ReadAction\",\"target\":[\"https:\/\/levfestival.com\/19\/prensa-lev-matadero-2\/\"]}]},{\"@type\":\"BreadcrumbList\",\"@id\":\"https:\/\/levfestival.com\/19\/prensa-lev-matadero-2\/#breadcrumb\",\"itemListElement\":[{\"@type\":\"ListItem\",\"position\":1,\"name\":\"Portada\",\"item\":\"https:\/\/levfestival.com\/19\/en\/home-lev-matadero\/\"},{\"@type\":\"ListItem\",\"position\":2,\"name\":\"Press LEV Matadero\"}]},{\"@type\":\"WebSite\",\"@id\":\"https:\/\/levfestival.com\/19\/#website\",\"url\":\"https:\/\/levfestival.com\/19\/\",\"name\":\"LEV Festival 2019\",\"description\":\"\",\"potentialAction\":[{\"@type\":\"SearchAction\",\"target\":{\"@type\":\"EntryPoint\",\"urlTemplate\":\"https:\/\/levfestival.com\/19\/?s={search_term_string}\"},\"query-input\":\"required name=search_term_string\"}],\"inLanguage\":\"en-US\"}]}<\/script>\n<!-- \/ Yoast SEO plugin. -->","yoast_head_json":{"title":"Press LEV Matadero - LEV Festival 2019","robots":{"index":"index","follow":"follow","max-snippet":"max-snippet:-1","max-image-preview":"max-image-preview:large","max-video-preview":"max-video-preview:-1"},"canonical":"https:\/\/levfestival.com\/19\/prensa-lev-matadero-2\/","og_locale":"en_US","og_type":"article","og_title":"L.E.V. Matadero_Press","og_description":"[Laboratorio de Electr\u00f3nica Visual] 2019","og_url":"https:\/\/levfestival.com\/19\/prensa-lev-matadero-2\/","og_site_name":"LEV Festival 2019","twitter_card":"summary_large_image","twitter_title":"L.E.V. Matadero_Press","twitter_description":"[Laboratorio de Electr\u00f3nica Visual] 2019","twitter_misc":{"Est. reading time":"8 minutes"},"schema":{"@context":"https:\/\/schema.org","@graph":[{"@type":"WebPage","@id":"https:\/\/levfestival.com\/19\/prensa-lev-matadero-2\/","url":"https:\/\/levfestival.com\/19\/prensa-lev-matadero-2\/","name":"Press LEV Matadero - LEV Festival 2019","isPartOf":{"@id":"https:\/\/levfestival.com\/19\/#website"},"datePublished":"2019-08-05T06:45:52+00:00","dateModified":"2019-08-05T06:45:52+00:00","breadcrumb":{"@id":"https:\/\/levfestival.com\/19\/prensa-lev-matadero-2\/#breadcrumb"},"inLanguage":"en-US","potentialAction":[{"@type":"ReadAction","target":["https:\/\/levfestival.com\/19\/prensa-lev-matadero-2\/"]}]},{"@type":"BreadcrumbList","@id":"https:\/\/levfestival.com\/19\/prensa-lev-matadero-2\/#breadcrumb","itemListElement":[{"@type":"ListItem","position":1,"name":"Portada","item":"https:\/\/levfestival.com\/19\/en\/home-lev-matadero\/"},{"@type":"ListItem","position":2,"name":"Press LEV Matadero"}]},{"@type":"WebSite","@id":"https:\/\/levfestival.com\/19\/#website","url":"https:\/\/levfestival.com\/19\/","name":"LEV Festival 2019","description":"","potentialAction":[{"@type":"SearchAction","target":{"@type":"EntryPoint","urlTemplate":"https:\/\/levfestival.com\/19\/?s={search_term_string}"},"query-input":"required name=search_term_string"}],"inLanguage":"en-US"}]}},"_links":{"self":[{"href":"https:\/\/levfestival.com\/19\/en\/wp-json\/wp\/v2\/pages\/24074","targetHints":{"allow":["GET"]}}],"collection":[{"href":"https:\/\/levfestival.com\/19\/en\/wp-json\/wp\/v2\/pages"}],"about":[{"href":"https:\/\/levfestival.com\/19\/en\/wp-json\/wp\/v2\/types\/page"}],"author":[{"embeddable":true,"href":"https:\/\/levfestival.com\/19\/en\/wp-json\/wp\/v2\/users\/1"}],"replies":[{"embeddable":true,"href":"https:\/\/levfestival.com\/19\/en\/wp-json\/wp\/v2\/comments?post=24074"}],"version-history":[{"count":0,"href":"https:\/\/levfestival.com\/19\/en\/wp-json\/wp\/v2\/pages\/24074\/revisions"}],"wp:attachment":[{"href":"https:\/\/levfestival.com\/19\/en\/wp-json\/wp\/v2\/media?parent=24074"}],"curies":[{"name":"wp","href":"https:\/\/api.w.org\/{rel}","templated":true}]}}