{"id":11197,"date":"2018-07-01T10:01:17","date_gmt":"2018-07-01T10:01:17","guid":{"rendered":"https:\/\/levfestival.com\/19\/?page_id=11197"},"modified":"2018-07-01T10:01:17","modified_gmt":"2018-07-01T10:01:17","slug":"programacion-levents","status":"publish","type":"page","link":"https:\/\/levfestival.com\/19\/programacion-levents\/","title":{"rendered":"Programaci\u00f3n LEVents"},"content":{"rendered":"<div id='full_slider_1'  class='avia-fullwidth-slider main_color avia-shadow   avia-builder-el-0  el_before_av_section  avia-builder-el-first   container_wrap sidebar_right'  ><div  class='avia-slideshow av-jn1jqkpe-27ef20b5d439f6df5c70aabdcb5cdea1 avia-slideshow-no scaling av_slideshow_full avia-slide-slider av-slideshow-ui av-control-default av-slideshow-manual av-loop-once av-loop-manual-endless   avia-slideshow-1' data-slideshow-options=\"{&quot;animation&quot;:&quot;slide&quot;,&quot;autoplay&quot;:false,&quot;loop_autoplay&quot;:&quot;once&quot;,&quot;interval&quot;:5,&quot;loop_manual&quot;:&quot;manual-endless&quot;,&quot;autoplay_stopper&quot;:false,&quot;noNavigation&quot;:false,&quot;bg_slider&quot;:false,&quot;keep_padding&quot;:false,&quot;hoverpause&quot;:false,&quot;show_slide_delay&quot;:0}\"  itemprop=\"image\" itemscope=\"itemscope\" itemtype=\"https:\/\/schema.org\/ImageObject\" ><ul class='avia-slideshow-inner ' ><\/ul><\/div><\/div>\n\n<style type=\"text\/css\" data-created_by=\"avia_inline_auto\" id=\"style-css-av-11loxi3-60554406d95a0caa3a9baec157e19737\">\n.avia-section.av-11loxi3-60554406d95a0caa3a9baec157e19737 .av-section-color-overlay{\nopacity:0.9;\nbackground-color:#000000;\n}\n<\/style>\n<div id='borde-levent'  class='avia-section av-11loxi3-60554406d95a0caa3a9baec157e19737 main_color avia-section-no-padding avia-no-shadow  avia-builder-el-1  el_after_av_slideshow_full  el_before_av_portfolio  avia-bg-style-parallax av-section-color-overlay-active av-minimum-height av-minimum-height-custom  container_wrap sidebar_right'   data-av_minimum_height_px='110'><div class=\"av-section-color-overlay-wrap\"><div class=\"av-section-color-overlay\"><\/div><div class='container av-section-cont-open' style='height:110px'><div class='template-page content  av-content-small alpha units'><div class='post-entry post-entry-type-page post-entry-11197'><div class='entry-content-wrapper clearfix'>\n\n<style type=\"text\/css\" data-created_by=\"avia_inline_auto\" id=\"style-css-av-zq65sb-3395fa4d6ac6106be23cf107cf862713\">\n#top .av_textblock_section.av-zq65sb-3395fa4d6ac6106be23cf107cf862713 .avia_textblock{\ncolor:#ffffff;\n}\n<\/style>\n<section  class='av_textblock_section av-zq65sb-3395fa4d6ac6106be23cf107cf862713'  itemscope=\"itemscope\" itemtype=\"https:\/\/schema.org\/CreativeWork\" ><div class='avia_textblock av_inherit_color'  itemprop=\"text\" ><h2 style=\"text-align: center\">PROGRAMACI\u00d3N<\/h2>\n<\/div><\/section>\n\n<div  id=\"av-sc-portfolio-1\"  class=' grid-sort-container isotope   no_margin-container with-excerpt-container grid-total-odd grid-col-3 grid-links-' data-portfolio-id='1'><div data-ajax-id='17328' class=' grid-entry flex_column isotope-item all_sort no_margin post-entry post-entry-17328 grid-entry-overview grid-loop-1 grid-parity-odd  lev-ents-en_sort  av_one_third first default_av_fullwidth '><article class='main_color inner-entry'  itemscope=\"itemscope\" itemtype=\"https:\/\/schema.org\/CreativeWork\" ><a href=\"https:\/\/levfestival.com\/19\/portfolio-item\/levent-avlab-medialab-prado-2\/\" title='AVLab Medialab-Prado: Moritz Simon Geist and Enrique Tomas'  data-rel='grid-1' class='grid-image avia-hover-fx'> <\/a><div class='grid-content'><div class='avia-arrow'><\/div><header class=\"entry-content-header\"><h3 class='grid-entry-title entry-title '  itemprop=\"headline\" ><a href='https:\/\/levfestival.com\/19\/portfolio-item\/levent-avlab-medialab-prado-2\/' title='AVLab Medialab-Prado: Moritz Simon Geist and Enrique Tomas'>AVLab Medialab-Prado: Moritz Simon Geist and Enrique Tomas<\/a><\/h3><\/header><div class='grid-entry-excerpt entry-content'  itemprop=\"text\" >30 06 2018. Medialab Prado<\/div><\/div><footer class=\"entry-footer\"><\/footer><\/article><\/div><div data-ajax-id='14174' class=' grid-entry flex_column isotope-item all_sort no_margin post-entry post-entry-14174 grid-entry-overview grid-loop-2 grid-parity-even  lev-ents-en_sort  av_one_third  default_av_fullwidth '><article class='main_color inner-entry'  itemscope=\"itemscope\" itemtype=\"https:\/\/schema.org\/CreativeWork\" ><a href=\"https:\/\/levfestival.com\/19\/portfolio-item\/levent-chassol-2\/\" title='Veranos de la Villa: Chassol'  data-rel='grid-1' class='grid-image avia-hover-fx'> <\/a><div class='grid-content'><div class='avia-arrow'><\/div><header class=\"entry-content-header\"><h3 class='grid-entry-title entry-title '  itemprop=\"headline\" ><a href='https:\/\/levfestival.com\/19\/portfolio-item\/levent-chassol-2\/' title='Veranos de la Villa: Chassol'>Veranos de la Villa: Chassol<\/a><\/h3><\/header><div class='grid-entry-excerpt entry-content'  itemprop=\"text\" >24 07 2018. Matadero<\/div><\/div><footer class=\"entry-footer\"><\/footer><\/article><\/div><div data-ajax-id='13856' class=' grid-entry flex_column isotope-item all_sort no_margin post-entry post-entry-13856 grid-entry-overview grid-loop-3 grid-parity-odd  lev-ents-en_sort  av_one_third  default_av_fullwidth '><article class='main_color inner-entry'  itemscope=\"itemscope\" itemtype=\"https:\/\/schema.org\/CreativeWork\" ><a href=\"https:\/\/levfestival.com\/19\/portfolio-item\/levent-nbo-peoplelikeus\/\" title='Noche Blanca Oviedo: People Like Us'  data-rel='grid-1' class='grid-image avia-hover-fx'> <\/a><div class='grid-content'><div class='avia-arrow'><\/div><header class=\"entry-content-header\"><h3 class='grid-entry-title entry-title '  itemprop=\"headline\" ><a href='https:\/\/levfestival.com\/19\/portfolio-item\/levent-nbo-peoplelikeus\/' title='Noche Blanca Oviedo: People Like Us'>Noche Blanca Oviedo: People Like Us<\/a><\/h3><\/header><div class='grid-entry-excerpt entry-content'  itemprop=\"text\" >06 10 2018. Oviedo<\/div><\/div><footer class=\"entry-footer\"><\/footer><\/article><\/div><div data-ajax-id='13828' class=' grid-entry flex_column isotope-item all_sort no_margin post-entry post-entry-13828 grid-entry-overview grid-loop-4 grid-parity-even  lev-ents-en_sort  av_one_third first default_av_fullwidth '><article class='main_color inner-entry'  itemscope=\"itemscope\" itemtype=\"https:\/\/schema.org\/CreativeWork\" ><a href=\"https:\/\/levfestival.com\/19\/portfolio-item\/levent-nbo-peoplelikeus-2\/\" title='Noche Blanca Oviedo: Archifo VI'  data-rel='grid-1' class='grid-image avia-hover-fx'> <\/a><div class='grid-content'><div class='avia-arrow'><\/div><header class=\"entry-content-header\"><h3 class='grid-entry-title entry-title '  itemprop=\"headline\" ><a href='https:\/\/levfestival.com\/19\/portfolio-item\/levent-nbo-peoplelikeus-2\/' title='Noche Blanca Oviedo: Archifo VI'>Noche Blanca Oviedo: Archifo VI<\/a><\/h3><\/header><div class='grid-entry-excerpt entry-content'  itemprop=\"text\" >7.10.2108 Oviedo<\/div><\/div><footer class=\"entry-footer\"><\/footer><\/article><\/div><div data-ajax-id='13812' class=' grid-entry flex_column isotope-item all_sort no_margin post-entry post-entry-13812 grid-entry-overview grid-loop-5 grid-parity-odd  post-entry-last  lev-ents-en_sort  av_one_third  default_av_fullwidth '><article class='main_color inner-entry'  itemscope=\"itemscope\" itemtype=\"https:\/\/schema.org\/CreativeWork\" ><a href=\"https:\/\/levfestival.com\/19\/portfolio-item\/ficx-yro-triangles-irascibles\/\" title='Yro. Triangles Irascibles'  data-rel='grid-1' class='grid-image avia-hover-fx'> <\/a><div class='grid-content'><div class='avia-arrow'><\/div><header class=\"entry-content-header\"><h3 class='grid-entry-title entry-title '  itemprop=\"headline\" ><a href='https:\/\/levfestival.com\/19\/portfolio-item\/ficx-yro-triangles-irascibles\/' title='Yro. Triangles Irascibles'>Yro. Triangles Irascibles<\/a><\/h3><\/header><div class='grid-entry-excerpt entry-content'  itemprop=\"text\" >18.10.2018 Gij\u00f3n<\/div><\/div><footer class=\"entry-footer\"><\/footer><\/article><\/div><\/div>\n<\/div><\/div><\/div><!-- close content main div --><\/div><\/div><\/div>\n<style type=\"text\/css\" data-created_by=\"avia_inline_auto\" id=\"style-css-av-7i95p7-503758a375b7083d20ae319c216b8c77\">\n.avia-section.av-7i95p7-503758a375b7083d20ae319c216b8c77{\nbackground-color:#3d3d3d;\nbackground-image:unset;\n}\n<\/style>\n<div id='portfolio'  class='avia-section av-7i95p7-503758a375b7083d20ae319c216b8c77 socket_color avia-section-large avia-no-shadow avia-bg-style-parallax av-minimum-height av-minimum-height-75  container_wrap sidebar_right'   data-av_minimum_height_pc='75'><div class='container av-section-cont-open' ><div class='template-page content  av-content-small alpha units'><div class='post-entry post-entry-type-page post-entry-11197'><div class='entry-content-wrapper clearfix'>\n\n<style type=\"text\/css\" data-created_by=\"avia_inline_auto\" id=\"style-css-av-2l8ru3-a63e17b2435595b2b7a7e058e3363951\">\n#top .av-special-heading.av-2l8ru3-a63e17b2435595b2b7a7e058e3363951{\npadding-bottom:0;\ncolor:#e5e5e5;\nfont-size:40px;\n}\nbody .av-special-heading.av-2l8ru3-a63e17b2435595b2b7a7e058e3363951 .av-special-heading-tag .heading-char{\nfont-size:25px;\n}\n#top #wrap_all .av-special-heading.av-2l8ru3-a63e17b2435595b2b7a7e058e3363951 .av-special-heading-tag{\nfont-size:40px;\n}\n.av-special-heading.av-2l8ru3-a63e17b2435595b2b7a7e058e3363951 .special-heading-inner-border{\nborder-color:#e5e5e5;\n}\n.av-special-heading.av-2l8ru3-a63e17b2435595b2b7a7e058e3363951 .av-subheading{\nfont-size:18px;\n}\n\n@media only screen and (min-width: 480px) and (max-width: 767px){ \n#top #wrap_all .av-special-heading.av-2l8ru3-a63e17b2435595b2b7a7e058e3363951 .av-special-heading-tag{\nfont-size:0.8em;\n}\n}\n\n@media only screen and (max-width: 479px){ \n#top #wrap_all .av-special-heading.av-2l8ru3-a63e17b2435595b2b7a7e058e3363951 .av-special-heading-tag{\nfont-size:0.8em;\n}\n}\n<\/style>\n<div  class='av-special-heading av-2l8ru3-a63e17b2435595b2b7a7e058e3363951 av-special-heading-h1 custom-color-heading blockquote modern-quote modern-centered av-inherit-size'><h1 class='av-special-heading-tag'  itemprop=\"headline\"  >As\u00ed fue L.E.V. 2016<\/h1><div class=\"special-heading-border\"><div class=\"special-heading-inner-border\"><\/div><\/div><\/div>\n<div  class='avia-video av-2hso8r-b110b9ed99c65f2bb48d04b956ab7b28 avia-video-16-9 av-no-preview-image avia-video-load-always av-lazyload-immediate av-lazyload-video-embed'  itemprop=\"video\" itemtype=\"https:\/\/schema.org\/VideoObject\"  data-original_url='https:\/\/vimeo.com\/185146134'><script type='text\/html' class='av-video-tmpl'><div class='avia-iframe-wrap'><iframe loading=\"lazy\" title=\"LEV Festival 2016 \u00b7 X Anniversary \u00b7\" src=\"https:\/\/player.vimeo.com\/video\/185146134?dnt=1&amp;app_id=122963&autoplay=0&loop=0&controls=1&muted=0\" width=\"1500\" height=\"844\" frameborder=\"0\" allow=\"autoplay; fullscreen; picture-in-picture\"><\/iframe><\/div><\/script><div class='av-click-to-play-overlay'><div class=\"avia_playpause_icon\"><\/div><\/div><\/div>\n<\/div><\/div><\/div><!-- close content main div --><\/div><\/div><div id='after_section_2'  class='main_color av_default_container_wrap container_wrap sidebar_right'  ><div class='container av-section-cont-open' ><div class='template-page content  av-content-small alpha units'><div class='post-entry post-entry-type-page post-entry-11197'><div class='entry-content-wrapper clearfix'>\n","protected":false},"excerpt":{"rendered":"","protected":false},"author":1,"featured_media":6875,"parent":0,"menu_order":0,"comment_status":"closed","ping_status":"closed","template":"","meta":{"footnotes":""},"class_list":["post-11197","page","type-page","status-publish","has-post-thumbnail","hentry"],"yoast_head":"<!-- This site is optimized with the Yoast SEO plugin v20.7 - https:\/\/yoast.com\/wordpress\/plugins\/seo\/ -->\n<title>Programaci\u00f3n LEVents - LEV Festival 2019<\/title>\n<meta name=\"robots\" content=\"index, follow, max-snippet:-1, max-image-preview:large, max-video-preview:-1\" \/>\n<link rel=\"canonical\" href=\"https:\/\/levfestival.com\/19\/programacion-levents\/\" \/>\n<meta property=\"og:locale\" content=\"es_ES\" \/>\n<meta property=\"og:type\" content=\"article\" \/>\n<meta property=\"og:title\" content=\"LEV Festival 2018_Programaci\u00f3n\" \/>\n<meta property=\"og:description\" content=\"L.E.V. 2018 desvela los primeros nombres de la duod\u00e9cima edici\u00f3n del Laboratorio de Electr\u00f3nica Visual.\" \/>\n<meta property=\"og:url\" content=\"https:\/\/levfestival.com\/19\/programacion-levents\/\" \/>\n<meta property=\"og:site_name\" content=\"LEV Festival 2019\" \/>\n<meta name=\"twitter:card\" content=\"summary_large_image\" \/>\n<meta name=\"twitter:title\" content=\"LEV Festival 2018_Programaci\u00f3n\" \/>\n<meta name=\"twitter:description\" content=\"L.E.V. 2018 desvela los primeros nombres de la duod\u00e9cima edici\u00f3n del Laboratorio de Electr\u00f3nica Visual.\" \/>\n<meta name=\"twitter:image\" content=\"https:\/\/levfestival.com\/18\/wp-content\/uploads\/2017\/08\/LEV_2018_logo-3.jpg\" \/>\n<meta name=\"twitter:label1\" content=\"Tiempo de lectura\" \/>\n\t<meta name=\"twitter:data1\" content=\"3 minutos\" \/>\n<script type=\"application\/ld+json\" class=\"yoast-schema-graph\">{\"@context\":\"https:\/\/schema.org\",\"@graph\":[{\"@type\":\"WebPage\",\"@id\":\"https:\/\/levfestival.com\/19\/programacion-levents\/\",\"url\":\"https:\/\/levfestival.com\/19\/programacion-levents\/\",\"name\":\"Programaci\u00f3n LEVents - LEV Festival 2019\",\"isPartOf\":{\"@id\":\"https:\/\/levfestival.com\/19\/#website\"},\"datePublished\":\"2018-07-01T10:01:17+00:00\",\"dateModified\":\"2018-07-01T10:01:17+00:00\",\"breadcrumb\":{\"@id\":\"https:\/\/levfestival.com\/19\/programacion-levents\/#breadcrumb\"},\"inLanguage\":\"es\",\"potentialAction\":[{\"@type\":\"ReadAction\",\"target\":[\"https:\/\/levfestival.com\/19\/programacion-levents\/\"]}]},{\"@type\":\"BreadcrumbList\",\"@id\":\"https:\/\/levfestival.com\/19\/programacion-levents\/#breadcrumb\",\"itemListElement\":[{\"@type\":\"ListItem\",\"position\":1,\"name\":\"Portada\",\"item\":\"https:\/\/levfestival.com\/19\/home-lev-matadero\/\"},{\"@type\":\"ListItem\",\"position\":2,\"name\":\"Programaci\u00f3n LEVents\"}]},{\"@type\":\"WebSite\",\"@id\":\"https:\/\/levfestival.com\/19\/#website\",\"url\":\"https:\/\/levfestival.com\/19\/\",\"name\":\"LEV Festival 2019\",\"description\":\"\",\"potentialAction\":[{\"@type\":\"SearchAction\",\"target\":{\"@type\":\"EntryPoint\",\"urlTemplate\":\"https:\/\/levfestival.com\/19\/?s={search_term_string}\"},\"query-input\":\"required name=search_term_string\"}],\"inLanguage\":\"es\"}]}<\/script>\n<!-- \/ Yoast SEO plugin. -->","yoast_head_json":{"title":"Programaci\u00f3n LEVents - LEV Festival 2019","robots":{"index":"index","follow":"follow","max-snippet":"max-snippet:-1","max-image-preview":"max-image-preview:large","max-video-preview":"max-video-preview:-1"},"canonical":"https:\/\/levfestival.com\/19\/programacion-levents\/","og_locale":"es_ES","og_type":"article","og_title":"LEV Festival 2018_Programaci\u00f3n","og_description":"L.E.V. 2018 desvela los primeros nombres de la duod\u00e9cima edici\u00f3n del Laboratorio de Electr\u00f3nica Visual.","og_url":"https:\/\/levfestival.com\/19\/programacion-levents\/","og_site_name":"LEV Festival 2019","twitter_card":"summary_large_image","twitter_title":"LEV Festival 2018_Programaci\u00f3n","twitter_description":"L.E.V. 2018 desvela los primeros nombres de la duod\u00e9cima edici\u00f3n del Laboratorio de Electr\u00f3nica Visual.","twitter_image":"https:\/\/levfestival.com\/18\/wp-content\/uploads\/2017\/08\/LEV_2018_logo-3.jpg","twitter_misc":{"Tiempo de lectura":"3 minutos"},"schema":{"@context":"https:\/\/schema.org","@graph":[{"@type":"WebPage","@id":"https:\/\/levfestival.com\/19\/programacion-levents\/","url":"https:\/\/levfestival.com\/19\/programacion-levents\/","name":"Programaci\u00f3n LEVents - LEV Festival 2019","isPartOf":{"@id":"https:\/\/levfestival.com\/19\/#website"},"datePublished":"2018-07-01T10:01:17+00:00","dateModified":"2018-07-01T10:01:17+00:00","breadcrumb":{"@id":"https:\/\/levfestival.com\/19\/programacion-levents\/#breadcrumb"},"inLanguage":"es","potentialAction":[{"@type":"ReadAction","target":["https:\/\/levfestival.com\/19\/programacion-levents\/"]}]},{"@type":"BreadcrumbList","@id":"https:\/\/levfestival.com\/19\/programacion-levents\/#breadcrumb","itemListElement":[{"@type":"ListItem","position":1,"name":"Portada","item":"https:\/\/levfestival.com\/19\/home-lev-matadero\/"},{"@type":"ListItem","position":2,"name":"Programaci\u00f3n LEVents"}]},{"@type":"WebSite","@id":"https:\/\/levfestival.com\/19\/#website","url":"https:\/\/levfestival.com\/19\/","name":"LEV Festival 2019","description":"","potentialAction":[{"@type":"SearchAction","target":{"@type":"EntryPoint","urlTemplate":"https:\/\/levfestival.com\/19\/?s={search_term_string}"},"query-input":"required name=search_term_string"}],"inLanguage":"es"}]}},"_links":{"self":[{"href":"https:\/\/levfestival.com\/19\/wp-json\/wp\/v2\/pages\/11197","targetHints":{"allow":["GET"]}}],"collection":[{"href":"https:\/\/levfestival.com\/19\/wp-json\/wp\/v2\/pages"}],"about":[{"href":"https:\/\/levfestival.com\/19\/wp-json\/wp\/v2\/types\/page"}],"author":[{"embeddable":true,"href":"https:\/\/levfestival.com\/19\/wp-json\/wp\/v2\/users\/1"}],"replies":[{"embeddable":true,"href":"https:\/\/levfestival.com\/19\/wp-json\/wp\/v2\/comments?post=11197"}],"version-history":[{"count":0,"href":"https:\/\/levfestival.com\/19\/wp-json\/wp\/v2\/pages\/11197\/revisions"}],"wp:featuredmedia":[{"embeddable":true,"href":"https:\/\/levfestival.com\/19\/wp-json\/"}],"wp:attachment":[{"href":"https:\/\/levfestival.com\/19\/wp-json\/wp\/v2\/media?parent=11197"}],"curies":[{"name":"wp","href":"https:\/\/api.w.org\/{rel}","templated":true}]}}