{"id":11819,"date":"2019-01-09T13:51:17","date_gmt":"2019-01-09T13:51:17","guid":{"rendered":"https:\/\/levfestival.com\/19\/?page_id=11819"},"modified":"2019-01-09T13:51:17","modified_gmt":"2019-01-09T13:51:17","slug":"home-matadero","status":"publish","type":"page","link":"https:\/\/levfestival.com\/19\/home-matadero\/","title":{"rendered":"Home Matadero"},"content":{"rendered":"<div   class='avia-fullscreen-slider main_color   avia-builder-el-0  avia-builder-el-no-sibling  madrid-slide container_wrap sidebar_right'  >\n<style type=\"text\/css\" data-created_by=\"avia_inline_auto\" id=\"style-css-av-3qendkq-3f16cb179748b978cfd60f14c2231990\">\n#top #wrap_all .avia-slideshow .av-slideshow-caption.av-3qendkq-3f16cb179748b978cfd60f14c2231990__0 .avia-caption-title{\nfont-size:40px;\ncolor:#ffffff;\n}\n#top .avia-slideshow .av-slideshow-caption.av-3qendkq-3f16cb179748b978cfd60f14c2231990__0 .avia-caption-content{\nfont-size:16px;\ncolor:#e10b00;\n}\n#top .avia-slideshow .av-slideshow-caption.av-3qendkq-3f16cb179748b978cfd60f14c2231990__0 .avia-caption-content p{\nfont-size:16px;\n}\n<\/style>\n<div  class='avia-slideshow av-3qendkq-3f16cb179748b978cfd60f14c2231990 avia-slideshow-extra_large av_fullscreen avia-slide_up-slider madrid-slide av-slideshow-ui av-control-hidden av-no-slider-navigation av-hide-nav-arrows av-slideshow-autoplay av-loop-endless av-loop-manual-endless av-default-height-applied   avia-slideshow-1' data-slideshow-options=\"{&quot;animation&quot;:&quot;slide_up&quot;,&quot;autoplay&quot;:true,&quot;loop_autoplay&quot;:&quot;endless&quot;,&quot;interval&quot;:4,&quot;loop_manual&quot;:&quot;manual-endless&quot;,&quot;autoplay_stopper&quot;:false,&quot;noNavigation&quot;:true,&quot;bg_slider&quot;:true,&quot;keep_padding&quot;:false,&quot;hoverpause&quot;:false,&quot;show_slide_delay&quot;:0,&quot;slide_height&quot;:&quot;100&quot;,&quot;image_attachment&quot;:&quot;&quot;}\"  itemprop=\"image\" itemscope=\"itemscope\" itemtype=\"https:\/\/schema.org\/ImageObject\" ><ul class='avia-slideshow-inner ' style='padding-bottom: 100%;'><\/ul><\/div><\/div>\n","protected":false},"excerpt":{"rendered":"","protected":false},"author":1,"featured_media":0,"parent":0,"menu_order":0,"comment_status":"closed","ping_status":"closed","template":"","meta":{"footnotes":""},"class_list":["post-11819","page","type-page","status-publish","hentry"],"yoast_head":"<!-- This site is optimized with the Yoast SEO plugin v20.7 - https:\/\/yoast.com\/wordpress\/plugins\/seo\/ -->\n<title>Home Matadero - LEV Festival 2019<\/title>\n<meta name=\"robots\" content=\"index, follow, max-snippet:-1, max-image-preview:large, max-video-preview:-1\" \/>\n<link rel=\"canonical\" href=\"https:\/\/levfestival.com\/19\/home-matadero\/\" \/>\n<meta property=\"og:locale\" content=\"es_ES\" \/>\n<meta property=\"og:type\" content=\"article\" \/>\n<meta property=\"og:title\" content=\"LEV 2018\" \/>\n<meta property=\"og:description\" content=\"L.E.V. 2018 desvela los primeros nombres de la duod\u00e9cima edici\u00f3n del Laboratorio de Electr\u00f3nica Visual.\" \/>\n<meta property=\"og:url\" content=\"https:\/\/levfestival.com\/19\/home-matadero\/\" \/>\n<meta property=\"og:site_name\" content=\"LEV Festival 2019\" \/>\n<meta name=\"twitter:card\" content=\"summary_large_image\" \/>\n<meta name=\"twitter:title\" content=\"LEV 2018\" \/>\n<meta name=\"twitter:description\" content=\"L.E.V. 2018 desvela los primeros nombres de la duod\u00e9cima edici\u00f3n del Laboratorio de Electr\u00f3nica Visual.\" \/>\n<meta name=\"twitter:image\" content=\"https:\/\/levfestival.com\/18\/wp-content\/uploads\/2017\/08\/LEV_2018_logo-3.jpg\" \/>\n<meta name=\"twitter:label1\" content=\"Tiempo de lectura\" \/>\n\t<meta name=\"twitter:data1\" content=\"1 minuto\" \/>\n<script type=\"application\/ld+json\" class=\"yoast-schema-graph\">{\"@context\":\"https:\/\/schema.org\",\"@graph\":[{\"@type\":\"WebPage\",\"@id\":\"https:\/\/levfestival.com\/19\/home-matadero\/\",\"url\":\"https:\/\/levfestival.com\/19\/home-matadero\/\",\"name\":\"Home Matadero - LEV Festival 2019\",\"isPartOf\":{\"@id\":\"https:\/\/levfestival.com\/19\/#website\"},\"datePublished\":\"2019-01-09T13:51:17+00:00\",\"dateModified\":\"2019-01-09T13:51:17+00:00\",\"breadcrumb\":{\"@id\":\"https:\/\/levfestival.com\/19\/home-matadero\/#breadcrumb\"},\"inLanguage\":\"es\",\"potentialAction\":[{\"@type\":\"ReadAction\",\"target\":[\"https:\/\/levfestival.com\/19\/home-matadero\/\"]}]},{\"@type\":\"BreadcrumbList\",\"@id\":\"https:\/\/levfestival.com\/19\/home-matadero\/#breadcrumb\",\"itemListElement\":[{\"@type\":\"ListItem\",\"position\":1,\"name\":\"Portada\",\"item\":\"https:\/\/levfestival.com\/19\/home-lev-matadero\/\"},{\"@type\":\"ListItem\",\"position\":2,\"name\":\"Home Matadero\"}]},{\"@type\":\"WebSite\",\"@id\":\"https:\/\/levfestival.com\/19\/#website\",\"url\":\"https:\/\/levfestival.com\/19\/\",\"name\":\"LEV Festival 2019\",\"description\":\"\",\"potentialAction\":[{\"@type\":\"SearchAction\",\"target\":{\"@type\":\"EntryPoint\",\"urlTemplate\":\"https:\/\/levfestival.com\/19\/?s={search_term_string}\"},\"query-input\":\"required name=search_term_string\"}],\"inLanguage\":\"es\"}]}<\/script>\n<!-- \/ Yoast SEO plugin. -->","yoast_head_json":{"title":"Home Matadero - LEV Festival 2019","robots":{"index":"index","follow":"follow","max-snippet":"max-snippet:-1","max-image-preview":"max-image-preview:large","max-video-preview":"max-video-preview:-1"},"canonical":"https:\/\/levfestival.com\/19\/home-matadero\/","og_locale":"es_ES","og_type":"article","og_title":"LEV 2018","og_description":"L.E.V. 2018 desvela los primeros nombres de la duod\u00e9cima edici\u00f3n del Laboratorio de Electr\u00f3nica Visual.","og_url":"https:\/\/levfestival.com\/19\/home-matadero\/","og_site_name":"LEV Festival 2019","twitter_card":"summary_large_image","twitter_title":"LEV 2018","twitter_description":"L.E.V. 2018 desvela los primeros nombres de la duod\u00e9cima edici\u00f3n del Laboratorio de Electr\u00f3nica Visual.","twitter_image":"https:\/\/levfestival.com\/18\/wp-content\/uploads\/2017\/08\/LEV_2018_logo-3.jpg","twitter_misc":{"Tiempo de lectura":"1 minuto"},"schema":{"@context":"https:\/\/schema.org","@graph":[{"@type":"WebPage","@id":"https:\/\/levfestival.com\/19\/home-matadero\/","url":"https:\/\/levfestival.com\/19\/home-matadero\/","name":"Home Matadero - LEV Festival 2019","isPartOf":{"@id":"https:\/\/levfestival.com\/19\/#website"},"datePublished":"2019-01-09T13:51:17+00:00","dateModified":"2019-01-09T13:51:17+00:00","breadcrumb":{"@id":"https:\/\/levfestival.com\/19\/home-matadero\/#breadcrumb"},"inLanguage":"es","potentialAction":[{"@type":"ReadAction","target":["https:\/\/levfestival.com\/19\/home-matadero\/"]}]},{"@type":"BreadcrumbList","@id":"https:\/\/levfestival.com\/19\/home-matadero\/#breadcrumb","itemListElement":[{"@type":"ListItem","position":1,"name":"Portada","item":"https:\/\/levfestival.com\/19\/home-lev-matadero\/"},{"@type":"ListItem","position":2,"name":"Home Matadero"}]},{"@type":"WebSite","@id":"https:\/\/levfestival.com\/19\/#website","url":"https:\/\/levfestival.com\/19\/","name":"LEV Festival 2019","description":"","potentialAction":[{"@type":"SearchAction","target":{"@type":"EntryPoint","urlTemplate":"https:\/\/levfestival.com\/19\/?s={search_term_string}"},"query-input":"required name=search_term_string"}],"inLanguage":"es"}]}},"_links":{"self":[{"href":"https:\/\/levfestival.com\/19\/wp-json\/wp\/v2\/pages\/11819","targetHints":{"allow":["GET"]}}],"collection":[{"href":"https:\/\/levfestival.com\/19\/wp-json\/wp\/v2\/pages"}],"about":[{"href":"https:\/\/levfestival.com\/19\/wp-json\/wp\/v2\/types\/page"}],"author":[{"embeddable":true,"href":"https:\/\/levfestival.com\/19\/wp-json\/wp\/v2\/users\/1"}],"replies":[{"embeddable":true,"href":"https:\/\/levfestival.com\/19\/wp-json\/wp\/v2\/comments?post=11819"}],"version-history":[{"count":1,"href":"https:\/\/levfestival.com\/19\/wp-json\/wp\/v2\/pages\/11819\/revisions"}],"predecessor-version":[{"id":26874,"href":"https:\/\/levfestival.com\/19\/wp-json\/wp\/v2\/pages\/11819\/revisions\/26874"}],"wp:attachment":[{"href":"https:\/\/levfestival.com\/19\/wp-json\/wp\/v2\/media?parent=11819"}],"curies":[{"name":"wp","href":"https:\/\/api.w.org\/{rel}","templated":true}]}}