{"id":2890,"date":"2018-08-10T17:58:48","date_gmt":"2018-08-10T17:58:48","guid":{"rendered":"https:\/\/www.kriesi.at\/themes\/enfold\/?page_id=2890"},"modified":"2018-08-10T17:58:48","modified_gmt":"2018-08-10T17:58:48","slug":"lev-festival","status":"publish","type":"page","link":"https:\/\/levfestival.com\/19\/lev-festival\/","title":{"rendered":"LEV Festival"},"content":{"rendered":"<div   class='avia-fullscreen-slider main_color   avia-builder-el-0  el_before_av_hr  avia-builder-el-first  gijon-slide container_wrap sidebar_right'  >\n<style type=\"text\/css\" data-created_by=\"avia_inline_auto\" id=\"style-css-av-3qendkq-4662fbd895dbf129671c7d06b952be7f\">\n#top #wrap_all .avia-slideshow .av-slideshow-caption.av-3qendkq-4662fbd895dbf129671c7d06b952be7f__0 .avia-caption-title{\nfont-size:40px;\ncolor:#ffffff;\n}\n#top .avia-slideshow .av-slideshow-caption.av-3qendkq-4662fbd895dbf129671c7d06b952be7f__0 .avia-caption-content{\nfont-size:16px;\ncolor:#0000fa;\n}\n#top .avia-slideshow .av-slideshow-caption.av-3qendkq-4662fbd895dbf129671c7d06b952be7f__0 .avia-caption-content p{\nfont-size:16px;\n}\n<\/style>\n<a href='#next-section' title='' class='scroll-down-link av-control-hidden' aria-hidden='true' data-av_icon='\ue877' data-av_iconfont='entypo-fontello'><\/a><div  class='avia-slideshow av-3qendkq-4662fbd895dbf129671c7d06b952be7f avia-slideshow-extra_large av_fullscreen avia-slide_up-slider gijon-slide av-slideshow-ui av-control-hidden av-no-slider-navigation av-hide-nav-arrows av-slideshow-autoplay av-loop-endless av-loop-manual-endless av-slider-scroll-down-active av-default-height-applied   avia-slideshow-1' data-slideshow-options=\"{&quot;animation&quot;:&quot;slide_up&quot;,&quot;autoplay&quot;:true,&quot;loop_autoplay&quot;:&quot;endless&quot;,&quot;interval&quot;:4,&quot;loop_manual&quot;:&quot;manual-endless&quot;,&quot;autoplay_stopper&quot;:false,&quot;noNavigation&quot;:true,&quot;bg_slider&quot;:true,&quot;keep_padding&quot;:false,&quot;hoverpause&quot;:false,&quot;show_slide_delay&quot;:0,&quot;slide_height&quot;:&quot;100&quot;,&quot;image_attachment&quot;:&quot;&quot;}\"  itemprop=\"image\" itemscope=\"itemscope\" itemtype=\"https:\/\/schema.org\/ImageObject\" ><ul class='avia-slideshow-inner ' style='padding-bottom: 100%;'><\/ul><\/div><\/div><div id='after_full_slider_1'  class='main_color av_default_container_wrap container_wrap sidebar_right'  ><div class='container av-section-cont-open' ><div class='template-page content  av-content-small alpha units'><div class='post-entry post-entry-type-page post-entry-2890'><div class='entry-content-wrapper clearfix'>\n\n<style type=\"text\/css\" data-created_by=\"avia_inline_auto\" id=\"style-css-av-3nmszfe-3e23f36634df486b5c85547e672400d2\">\n#top .hr.hr-invisible.av-3nmszfe-3e23f36634df486b5c85547e672400d2{\nheight:10px;\n}\n<\/style>\n<div  class='hr av-3nmszfe-3e23f36634df486b5c85547e672400d2 hr-invisible  avia-builder-el-1  el_after_av_fullscreen  el_before_av_one_full  avia-builder-el-first '><span class='hr-inner '><span class=\"hr-inner-style\"><\/span><\/span><\/div>\n\n<style type=\"text\/css\" data-created_by=\"avia_inline_auto\" id=\"style-css-av-3nii1m-0285a8ceeba5336d9d435c54f9f33928\">\n.flex_column.av-3nii1m-0285a8ceeba5336d9d435c54f9f33928{\n-webkit-border-radius:0px 0px 0px 0px;\n-moz-border-radius:0px 0px 0px 0px;\nborder-radius:0px 0px 0px 0px;\npadding:0px 10% 0px 10%;\n}\n<\/style>\n<div class='flex_column av-3nii1m-0285a8ceeba5336d9d435c54f9f33928 av_one_full  avia-builder-el-2  el_after_av_hr  el_before_av_hr  first flex_column_div '     ><p>\n<style type=\"text\/css\" data-created_by=\"avia_inline_auto\" id=\"style-css-av-46tdh6-84f2d9a4d0fcfc33e78a241d51c1e906\">\n#top .av-special-heading.av-46tdh6-84f2d9a4d0fcfc33e78a241d51c1e906{\npadding-bottom:0;\ncolor:#636363;\nfont-size:40px;\n}\nbody .av-special-heading.av-46tdh6-84f2d9a4d0fcfc33e78a241d51c1e906 .av-special-heading-tag .heading-char{\nfont-size:25px;\n}\n#top #wrap_all .av-special-heading.av-46tdh6-84f2d9a4d0fcfc33e78a241d51c1e906 .av-special-heading-tag{\nfont-size:40px;\n}\n.av-special-heading.av-46tdh6-84f2d9a4d0fcfc33e78a241d51c1e906 .special-heading-inner-border{\nborder-color:#636363;\n}\n.av-special-heading.av-46tdh6-84f2d9a4d0fcfc33e78a241d51c1e906 .av-subheading{\nfont-size:18px;\n}\n\n@media only screen and (min-width: 480px) and (max-width: 767px){ \n#top #wrap_all .av-special-heading.av-46tdh6-84f2d9a4d0fcfc33e78a241d51c1e906 .av-special-heading-tag{\nfont-size:0.8em;\n}\n}\n\n@media only screen and (max-width: 479px){ \n#top #wrap_all .av-special-heading.av-46tdh6-84f2d9a4d0fcfc33e78a241d51c1e906 .av-special-heading-tag{\nfont-size:0.8em;\n}\n}\n<\/style>\n<div  class='av-special-heading av-46tdh6-84f2d9a4d0fcfc33e78a241d51c1e906 av-special-heading-h1 custom-color-heading blockquote modern-quote modern-centered  avia-builder-el-3  el_before_av_hr  avia-builder-el-first  av-inherit-size'><h1 class='av-special-heading-tag'  itemprop=\"headline\"  >NOTICIAS<\/h1><div class=\"special-heading-border\"><div class=\"special-heading-inner-border\"><\/div><\/div><\/div><br \/>\n\n<style type=\"text\/css\" data-created_by=\"avia_inline_auto\" id=\"style-css-av-3nmszfe-325b9b9980a91cfab1efff69ae1005fd\">\n#top .hr.hr-invisible.av-3nmszfe-325b9b9980a91cfab1efff69ae1005fd{\nheight:15px;\n}\n<\/style>\n<div  class='hr av-3nmszfe-325b9b9980a91cfab1efff69ae1005fd hr-invisible  avia-builder-el-4  el_after_av_heading  el_before_av_blog '><span class='hr-inner '><span class=\"hr-inner-style\"><\/span><\/span><\/div><br \/>\n<br \/>\n<div  class='avia-button-wrap av-3hnxfhm-bb8594944385d57be12ebc418ebdaf26-wrap avia-button-center  avia-builder-el-6  el_after_av_blog  avia-builder-el-last '><a href='https:\/\/levfestival.com\/19\/noticias\/'  class='avia-button av-3hnxfhm-bb8594944385d57be12ebc418ebdaf26 avia-icon_select-no avia-size-large avia-position-center avia-color-dark'  ><span class='avia_iconbox_title' >VER TODAS LAS NOTICIAS<\/span><\/a><\/div><\/p><\/div>\n\n<style type=\"text\/css\" data-created_by=\"avia_inline_auto\" id=\"style-css-av-3nmszfe-5428dd4980f75d0b8bb2b0a5ff9469bd\">\n#top .hr.hr-invisible.av-3nmszfe-5428dd4980f75d0b8bb2b0a5ff9469bd{\nheight:70px;\n}\n<\/style>\n<div  class='hr av-3nmszfe-5428dd4980f75d0b8bb2b0a5ff9469bd hr-invisible  avia-builder-el-7  el_after_av_one_full  el_before_av_heading '><span class='hr-inner '><span class=\"hr-inner-style\"><\/span><\/span><\/div>\n\n<style type=\"text\/css\" data-created_by=\"avia_inline_auto\" id=\"style-css-av-215lbu-e3adca5ee2b4e68e01decc7de57c4db6\">\n#top .av-special-heading.av-215lbu-e3adca5ee2b4e68e01decc7de57c4db6{\npadding-bottom:0;\ncolor:#636363;\nfont-size:40px;\n}\nbody .av-special-heading.av-215lbu-e3adca5ee2b4e68e01decc7de57c4db6 .av-special-heading-tag .heading-char{\nfont-size:25px;\n}\n#top #wrap_all .av-special-heading.av-215lbu-e3adca5ee2b4e68e01decc7de57c4db6 .av-special-heading-tag{\nfont-size:40px;\n}\n.av-special-heading.av-215lbu-e3adca5ee2b4e68e01decc7de57c4db6 .special-heading-inner-border{\nborder-color:#636363;\n}\n.av-special-heading.av-215lbu-e3adca5ee2b4e68e01decc7de57c4db6 .av-subheading{\nfont-size:18px;\n}\n\n@media only screen and (min-width: 480px) and (max-width: 767px){ \n#top #wrap_all .av-special-heading.av-215lbu-e3adca5ee2b4e68e01decc7de57c4db6 .av-special-heading-tag{\nfont-size:0.8em;\n}\n}\n\n@media only screen and (max-width: 479px){ \n#top #wrap_all .av-special-heading.av-215lbu-e3adca5ee2b4e68e01decc7de57c4db6 .av-special-heading-tag{\nfont-size:0.8em;\n}\n}\n<\/style>\n<div  class='av-special-heading av-215lbu-e3adca5ee2b4e68e01decc7de57c4db6 av-special-heading-h1 custom-color-heading blockquote modern-quote modern-centered  avia-builder-el-8  el_after_av_hr  el_before_av_portfolio  avia-builder-el-last  av-inherit-size'><h1 class='av-special-heading-tag'  itemprop=\"headline\"  >PROGRAMACI\u00d3N<\/h1><div class=\"special-heading-border\"><div class=\"special-heading-inner-border\"><\/div><\/div><\/div>\n\n\n<style type=\"text\/css\" data-created_by=\"avia_inline_auto\" id=\"style-css-av-9ucb8d-430b7d3cb060f894159d092392d3fb13\">\n.avia-section.av-9ucb8d-430b7d3cb060f894159d092392d3fb13{\nbackground-color:#000000;\nbackground-image:unset;\n}\n<\/style>\n<div id='portfolio'  class='avia-section av-9ucb8d-430b7d3cb060f894159d092392d3fb13 socket_color avia-section-large avia-no-shadow  avia-builder-el-10  el_after_av_portfolio  el_before_av_section  avia-bg-style-scroll container_wrap sidebar_right'  ><div class='container av-section-cont-open' ><div class='template-page content  av-content-small alpha units'><div class='post-entry post-entry-type-page post-entry-2890'><div class='entry-content-wrapper clearfix'>\n\n<style type=\"text\/css\" data-created_by=\"avia_inline_auto\" id=\"style-css-av-3nii1m-0285a8ceeba5336d9d435c54f9f33928\">\n.flex_column.av-3nii1m-0285a8ceeba5336d9d435c54f9f33928{\n-webkit-border-radius:0px 0px 0px 0px;\n-moz-border-radius:0px 0px 0px 0px;\nborder-radius:0px 0px 0px 0px;\npadding:0px 10% 0px 10%;\n}\n<\/style>\n<div class='flex_column av-3nii1m-0285a8ceeba5336d9d435c54f9f33928 av_one_full  avia-builder-el-11  avia-builder-el-no-sibling  first flex_column_div '     ><p>\n<style type=\"text\/css\" data-created_by=\"avia_inline_auto\" id=\"style-css-av-3188ve-1dd38d6b1656d9345084aba84e016659\">\n#top .av-special-heading.av-3188ve-1dd38d6b1656d9345084aba84e016659{\npadding-bottom:30px;\ncolor:#ffffff;\nfont-size:40px;\n}\nbody .av-special-heading.av-3188ve-1dd38d6b1656d9345084aba84e016659 .av-special-heading-tag .heading-char{\nfont-size:25px;\n}\n#top #wrap_all .av-special-heading.av-3188ve-1dd38d6b1656d9345084aba84e016659 .av-special-heading-tag{\nfont-size:40px;\n}\n.av-special-heading.av-3188ve-1dd38d6b1656d9345084aba84e016659 .special-heading-inner-border{\nborder-color:#ffffff;\n}\n.av-special-heading.av-3188ve-1dd38d6b1656d9345084aba84e016659 .av-subheading{\nfont-size:18px;\n}\n\n@media only screen and (min-width: 480px) and (max-width: 767px){ \n#top #wrap_all .av-special-heading.av-3188ve-1dd38d6b1656d9345084aba84e016659 .av-special-heading-tag{\nfont-size:0.8em;\n}\n}\n\n@media only screen and (max-width: 479px){ \n#top #wrap_all .av-special-heading.av-3188ve-1dd38d6b1656d9345084aba84e016659 .av-special-heading-tag{\nfont-size:0.8em;\n}\n}\n<\/style>\n<div  class='av-special-heading av-3188ve-1dd38d6b1656d9345084aba84e016659 av-special-heading-h1 custom-color-heading blockquote modern-quote modern-centered  avia-builder-el-12  el_before_av_textblock  avia-builder-el-first  av-inherit-size'><h1 class='av-special-heading-tag'  itemprop=\"headline\"  >PODCAST<\/h1><div class=\"special-heading-border\"><div class=\"special-heading-inner-border\"><\/div><\/div><\/div><br \/>\n\n<style type=\"text\/css\" data-created_by=\"avia_inline_auto\" id=\"style-css-av-2nel5ot-8d42b3a090bd3e40543b0b373e20c746\">\n#top .av_textblock_section.av-2nel5ot-8d42b3a090bd3e40543b0b373e20c746 .avia_textblock{\ncolor:#0000fa;\n}\n<\/style>\n<section  class='av_textblock_section av-2nel5ot-8d42b3a090bd3e40543b0b373e20c746'  itemscope=\"itemscope\" itemtype=\"https:\/\/schema.org\/CreativeWork\" ><div class='avia_textblock av_inherit_color'  itemprop=\"text\" ><\/div><\/section><br \/>\n\n<style type=\"text\/css\" data-created_by=\"avia_inline_auto\" id=\"style-css-av-2l429j1-d032db817f169a8c07a11b018e675c2c\">\n#top .hr.hr-invisible.av-2l429j1-d032db817f169a8c07a11b018e675c2c{\nheight:40px;\n}\n<\/style>\n<div  class='hr av-2l429j1-d032db817f169a8c07a11b018e675c2c hr-invisible  avia-builder-el-14  el_after_av_textblock  el_before_av_button '><span class='hr-inner '><span class=\"hr-inner-style\"><\/span><\/span><\/div><br \/>\n<div  class='avia-button-wrap av-2kl23wd-93fa445acea38dd4a791d54bb5e17289-wrap avia-button-center  avia-builder-el-15  el_after_av_hr  avia-builder-el-last  boton-g-home'><a href='https:\/\/www.levfestival.com\/19\/que-es-lev\/#podcast-selection'  class='avia-button av-2kl23wd-93fa445acea38dd4a791d54bb5e17289 avia-icon_select-no avia-size-large avia-position-center avia-color-light'  ><span class='avia_iconbox_title' >VER TODOS LOS PODCASTS<\/span><\/a><\/div><\/p><\/div>\n\n<\/div><\/div><\/div><!-- close content main div --><\/div><\/div>\n<style type=\"text\/css\" data-created_by=\"avia_inline_auto\" id=\"style-css-av-2ze1kct-49399dd9ead7152f84377fecc0fc94cb\">\n.avia-section.av-2ze1kct-49399dd9ead7152f84377fecc0fc94cb{\nbackground-color:#f8f8f8;\nbackground-image:unset;\n}\n<\/style>\n<div id='video-tea'  class='avia-section av-2ze1kct-49399dd9ead7152f84377fecc0fc94cb socket_color avia-section-large avia-no-shadow  avia-builder-el-16  el_after_av_section  el_before_av_section  avia-bg-style-parallax container_wrap sidebar_right'  ><div class='container av-section-cont-open' ><div class='template-page content  av-content-small alpha units'><div class='post-entry post-entry-type-page post-entry-2890'><div class='entry-content-wrapper clearfix'>\n\n<style type=\"text\/css\" data-created_by=\"avia_inline_auto\" id=\"style-css-av-3nii1m-0285a8ceeba5336d9d435c54f9f33928\">\n.flex_column.av-3nii1m-0285a8ceeba5336d9d435c54f9f33928{\n-webkit-border-radius:0px 0px 0px 0px;\n-moz-border-radius:0px 0px 0px 0px;\nborder-radius:0px 0px 0px 0px;\npadding:0px 10% 0px 10%;\n}\n<\/style>\n<div class='flex_column av-3nii1m-0285a8ceeba5336d9d435c54f9f33928 av_one_full  avia-builder-el-17  avia-builder-el-no-sibling  first flex_column_div '     ><p>\n<style type=\"text\/css\" data-created_by=\"avia_inline_auto\" id=\"style-css-av-jqy5jjdq-21e80a1f6001f3b325f6025ba27625e2\">\n#top .av-special-heading.av-jqy5jjdq-21e80a1f6001f3b325f6025ba27625e2{\npadding-bottom:30px;\ncolor:#636363;\nfont-size:40px;\n}\nbody .av-special-heading.av-jqy5jjdq-21e80a1f6001f3b325f6025ba27625e2 .av-special-heading-tag .heading-char{\nfont-size:25px;\n}\n#top #wrap_all .av-special-heading.av-jqy5jjdq-21e80a1f6001f3b325f6025ba27625e2 .av-special-heading-tag{\nfont-size:40px;\n}\n.av-special-heading.av-jqy5jjdq-21e80a1f6001f3b325f6025ba27625e2 .special-heading-inner-border{\nborder-color:#636363;\n}\n.av-special-heading.av-jqy5jjdq-21e80a1f6001f3b325f6025ba27625e2 .av-subheading{\nfont-size:18px;\n}\n\n@media only screen and (min-width: 480px) and (max-width: 767px){ \n#top #wrap_all .av-special-heading.av-jqy5jjdq-21e80a1f6001f3b325f6025ba27625e2 .av-special-heading-tag{\nfont-size:0.8em;\n}\n}\n\n@media only screen and (max-width: 479px){ \n#top #wrap_all .av-special-heading.av-jqy5jjdq-21e80a1f6001f3b325f6025ba27625e2 .av-special-heading-tag{\nfont-size:0.8em;\n}\n}\n<\/style>\n<div  class='av-special-heading av-jqy5jjdq-21e80a1f6001f3b325f6025ba27625e2 av-special-heading-h1 custom-color-heading blockquote modern-quote modern-centered  avia-builder-el-18  el_before_av_hr  avia-builder-el-first  av-inherit-size'><h1 class='av-special-heading-tag'  itemprop=\"headline\"  >AS\u00cd FUE LEV GIJ\u00d3N 2018<\/h1><div class=\"special-heading-border\"><div class=\"special-heading-inner-border\"><\/div><\/div><\/div><br \/>\n\n<style type=\"text\/css\" data-created_by=\"avia_inline_auto\" id=\"style-css-av-3nmszfe-325b9b9980a91cfab1efff69ae1005fd\">\n#top .hr.hr-invisible.av-3nmszfe-325b9b9980a91cfab1efff69ae1005fd{\nheight:15px;\n}\n<\/style>\n<div  class='hr av-3nmszfe-325b9b9980a91cfab1efff69ae1005fd hr-invisible  avia-builder-el-19  el_after_av_heading  el_before_av_video '><span class='hr-inner '><span class=\"hr-inner-style\"><\/span><\/span><\/div><br \/>\n<div  class='avia-video av-2rfcx59-0530b2204df5b82b308c8a0b5e245167 avia-video-16-9 av-no-preview-image avia-video-load-always av-lazyload-immediate av-lazyload-video-embed'  itemprop=\"video\" itemtype=\"https:\/\/schema.org\/VideoObject\"  data-original_url='https:\/\/vimeo.com\/295490550'><script type='text\/html' class='av-video-tmpl'><div class='avia-iframe-wrap'><iframe loading=\"lazy\" title=\"L.E.V. Festival 2018\" src=\"https:\/\/player.vimeo.com\/video\/295490550?dnt=1&amp;app_id=122963&autoplay=0&loop=0&controls=1&muted=0\" width=\"1500\" height=\"844\" frameborder=\"0\" allow=\"autoplay; fullscreen; picture-in-picture\"><\/iframe><\/div><\/script><div class='av-click-to-play-overlay'><div class=\"avia_playpause_icon\"><\/div><\/div><\/div><\/p><\/div>\n\n<\/div><\/div><\/div><!-- close content main div --><\/div><\/div>\n<style type=\"text\/css\" data-created_by=\"avia_inline_auto\" id=\"style-css-av-8y61p9-48ec8eeb713d856e21a48fe69adbe305\">\n.avia-section.av-8y61p9-48ec8eeb713d856e21a48fe69adbe305{\nbackground-color:#000000;\nbackground-image:unset;\n}\n<\/style>\n<div id='portfolio'  class='avia-section av-8y61p9-48ec8eeb713d856e21a48fe69adbe305 socket_color avia-section-default avia-no-border-styling  avia-builder-el-21  el_after_av_section  avia-builder-el-last  avia-bg-style-scroll container_wrap sidebar_right'  ><div class='container av-section-cont-open' ><div class='template-page content  av-content-small alpha units'><div class='post-entry post-entry-type-page post-entry-2890'><div class='entry-content-wrapper clearfix'>\n\n<style type=\"text\/css\" data-created_by=\"avia_inline_auto\" id=\"style-css-av-3nii1m-6ae41c4ce052b1486c9c137f6f17dfc1\">\n.flex_column.av-3nii1m-6ae41c4ce052b1486c9c137f6f17dfc1{\n-webkit-border-radius:0px 0px 0px 0px;\n-moz-border-radius:0px 0px 0px 0px;\nborder-radius:0px 0px 0px 0px;\npadding:0px 10% 50px 10%;\n}\n<\/style>\n<div class='flex_column av-3nii1m-6ae41c4ce052b1486c9c137f6f17dfc1 av_one_full  avia-builder-el-22  avia-builder-el-no-sibling  first flex_column_div '     ><p>\n<style type=\"text\/css\" data-created_by=\"avia_inline_auto\" id=\"style-css-av-2v2mh6-1ae324623cebad59d0200e1632245fc7\">\n#top .av-special-heading.av-2v2mh6-1ae324623cebad59d0200e1632245fc7{\npadding-bottom:0;\ncolor:#ffffff;\nfont-size:40px;\n}\nbody .av-special-heading.av-2v2mh6-1ae324623cebad59d0200e1632245fc7 .av-special-heading-tag .heading-char{\nfont-size:25px;\n}\n#top #wrap_all .av-special-heading.av-2v2mh6-1ae324623cebad59d0200e1632245fc7 .av-special-heading-tag{\nfont-size:40px;\n}\n.av-special-heading.av-2v2mh6-1ae324623cebad59d0200e1632245fc7 .special-heading-inner-border{\nborder-color:#ffffff;\n}\n.av-special-heading.av-2v2mh6-1ae324623cebad59d0200e1632245fc7 .av-subheading{\nfont-size:18px;\n}\n\n@media only screen and (min-width: 480px) and (max-width: 767px){ \n#top #wrap_all .av-special-heading.av-2v2mh6-1ae324623cebad59d0200e1632245fc7 .av-special-heading-tag{\nfont-size:0.8em;\n}\n}\n\n@media only screen and (max-width: 479px){ \n#top #wrap_all .av-special-heading.av-2v2mh6-1ae324623cebad59d0200e1632245fc7 .av-special-heading-tag{\nfont-size:0.8em;\n}\n}\n<\/style>\n<div  class='av-special-heading av-2v2mh6-1ae324623cebad59d0200e1632245fc7 av-special-heading-h1 custom-color-heading blockquote modern-quote modern-centered  avia-builder-el-23  el_before_av_hr  avia-builder-el-first  av-inherit-size'><h1 class='av-special-heading-tag'  itemprop=\"headline\"  >NEWSLETTER<\/h1><div class='av_custom_color av-subheading av-subheading_below'><p>Suscr\u00edbete a nuestra newsletter para estar al d\u00eda de las novedades LEV.<\/p>\n<\/div><div class=\"special-heading-border\"><div class=\"special-heading-inner-border\"><\/div><\/div><\/div><br \/>\n\n<style type=\"text\/css\" data-created_by=\"avia_inline_auto\" id=\"style-css-av-2l429j1-d032db817f169a8c07a11b018e675c2c\">\n#top .hr.hr-invisible.av-2l429j1-d032db817f169a8c07a11b018e675c2c{\nheight:40px;\n}\n<\/style>\n<div  class='hr av-2l429j1-d032db817f169a8c07a11b018e675c2c hr-invisible  avia-builder-el-24  el_after_av_heading  el_before_av_mailchimp '><span class='hr-inner '><span class=\"hr-inner-style\"><\/span><\/span><\/div><br \/>\n<form action=\"https:\/\/levfestival.com\/19\/lev-festival\/\" method=\"post\"  data-av-custom-send='mailchimp_send' class=\"avia_ajax_form av-form-labels-visible   avia-builder-el-25  el_after_av_hr  avia-builder-el-last  av-custom-form-color av-light-form avia-mailchimp-form \" data-avia-form-id=\"1\" data-avia-redirect='' ><fieldset><p class='  first_form  form_element form_element_third' id='element_avia_1_1'><label for=\"avia_1_1\">Nombre <abbr class=\"required\" title=\"requerido\">*<\/abbr><\/label> <input name=\"avia_1_1\" class=\"text_input is_empty\" type=\"text\" id=\"avia_1_1\" value=\"\" \/><\/p><p class='  form_element form_element_third' id='element_avia_0_1'><label for=\"avia_0_1\">Email <abbr class=\"required\" title=\"requerido\">*<\/abbr><\/label> <input name=\"avia_0_1\" class=\"text_input is_email\" type=\"text\" id=\"avia_0_1\" value=\"\" \/><\/p><p class=\"form_element  form_element form_element_third av-last-visible-form-element modified_width\"><input type=\"hidden\" value=\"1\" name=\"avia_generated_form1\" \/><input type=\"submit\" value=\"Enviar\" class=\"button\"  data-sending-label=\"Enviando\"\/><\/p><p class=\"hidden\"><input type=\"text\" name=\"avia_avia_username_1\" class=\"hidden \" id=\"avia_avia_username_1\" value=\"\" \/><\/p><\/fieldset><\/form><div id=\"ajaxresponse_1\" class=\"ajaxresponse ajaxresponse_1 hidden\"><\/div><\/p><\/div>\n<\/div><\/div><\/div><!-- close content main div --><\/div><\/div><div id='after_section_3'  class='main_color av_default_container_wrap container_wrap sidebar_right'  ><div class='container av-section-cont-open' ><div class='template-page content  av-content-small alpha units'><div class='post-entry post-entry-type-page post-entry-2890'><div class='entry-content-wrapper clearfix'>\n","protected":false},"excerpt":{"rendered":"","protected":false},"author":1,"featured_media":0,"parent":0,"menu_order":0,"comment_status":"closed","ping_status":"closed","template":"","meta":{"footnotes":""},"class_list":["post-2890","page","type-page","status-publish","hentry"],"yoast_head":"<!-- This site is optimized with the Yoast SEO plugin v20.7 - https:\/\/yoast.com\/wordpress\/plugins\/seo\/ -->\n<title>LEV Festival -<\/title>\n<meta name=\"description\" content=\"LEV Festival - Laboratorio de Electr\u00f3nica Visual desarrolla el Festival L.E.V. (en Gij\u00f3n), LEVents y extiende ahora su campo de acci\u00f3n a Matadero Madrid.\" \/>\n<meta name=\"robots\" content=\"index, follow, max-snippet:-1, max-image-preview:large, max-video-preview:-1\" \/>\n<link rel=\"canonical\" href=\"https:\/\/levfestival.com\/19\/lev-festival\/\" \/>\n<meta property=\"og:locale\" content=\"es_ES\" \/>\n<meta property=\"og:type\" content=\"article\" \/>\n<meta property=\"og:title\" content=\"L.E.V. Festival\" \/>\n<meta property=\"og:description\" content=\"LEV Festival - Laboratorio de Electr\u00f3nica Visual desarrolla el Festival L.E.V. (en Gij\u00f3n), LEVents y extiende ahora su campo de acci\u00f3n a Matadero Madrid.\" \/>\n<meta property=\"og:url\" content=\"https:\/\/levfestival.com\/19\/lev-festival\/\" \/>\n<meta property=\"og:site_name\" content=\"LEV Festival 2019\" \/>\n<meta name=\"twitter:card\" content=\"summary_large_image\" \/>\n<meta name=\"twitter:label1\" content=\"Tiempo de lectura\" \/>\n\t<meta name=\"twitter:data1\" content=\"10 minutos\" \/>\n<script type=\"application\/ld+json\" class=\"yoast-schema-graph\">{\"@context\":\"https:\/\/schema.org\",\"@graph\":[{\"@type\":\"WebPage\",\"@id\":\"https:\/\/levfestival.com\/19\/lev-festival\/\",\"url\":\"https:\/\/levfestival.com\/19\/lev-festival\/\",\"name\":\"LEV Festival -\",\"isPartOf\":{\"@id\":\"https:\/\/levfestival.com\/19\/#website\"},\"datePublished\":\"2018-08-10T17:58:48+00:00\",\"dateModified\":\"2018-08-10T17:58:48+00:00\",\"description\":\"LEV Festival - Laboratorio de Electr\u00f3nica Visual desarrolla el Festival L.E.V. (en Gij\u00f3n), LEVents y extiende ahora su campo de acci\u00f3n a Matadero Madrid.\",\"breadcrumb\":{\"@id\":\"https:\/\/levfestival.com\/19\/lev-festival\/#breadcrumb\"},\"inLanguage\":\"es\",\"potentialAction\":[{\"@type\":\"ReadAction\",\"target\":[\"https:\/\/levfestival.com\/19\/lev-festival\/\"]}]},{\"@type\":\"BreadcrumbList\",\"@id\":\"https:\/\/levfestival.com\/19\/lev-festival\/#breadcrumb\",\"itemListElement\":[{\"@type\":\"ListItem\",\"position\":1,\"name\":\"Portada\",\"item\":\"https:\/\/levfestival.com\/19\/home-lev-matadero\/\"},{\"@type\":\"ListItem\",\"position\":2,\"name\":\"LEV Festival\"}]},{\"@type\":\"WebSite\",\"@id\":\"https:\/\/levfestival.com\/19\/#website\",\"url\":\"https:\/\/levfestival.com\/19\/\",\"name\":\"LEV Festival 2019\",\"description\":\"\",\"potentialAction\":[{\"@type\":\"SearchAction\",\"target\":{\"@type\":\"EntryPoint\",\"urlTemplate\":\"https:\/\/levfestival.com\/19\/?s={search_term_string}\"},\"query-input\":\"required name=search_term_string\"}],\"inLanguage\":\"es\"}]}<\/script>\n<!-- \/ Yoast SEO plugin. -->","yoast_head_json":{"title":"LEV Festival -","description":"LEV Festival - Laboratorio de Electr\u00f3nica Visual desarrolla el Festival L.E.V. (en Gij\u00f3n), LEVents y extiende ahora su campo de acci\u00f3n a Matadero Madrid.","robots":{"index":"index","follow":"follow","max-snippet":"max-snippet:-1","max-image-preview":"max-image-preview:large","max-video-preview":"max-video-preview:-1"},"canonical":"https:\/\/levfestival.com\/19\/lev-festival\/","og_locale":"es_ES","og_type":"article","og_title":"L.E.V. Festival","og_description":"LEV Festival - Laboratorio de Electr\u00f3nica Visual desarrolla el Festival L.E.V. (en Gij\u00f3n), LEVents y extiende ahora su campo de acci\u00f3n a Matadero Madrid.","og_url":"https:\/\/levfestival.com\/19\/lev-festival\/","og_site_name":"LEV Festival 2019","twitter_card":"summary_large_image","twitter_misc":{"Tiempo de lectura":"10 minutos"},"schema":{"@context":"https:\/\/schema.org","@graph":[{"@type":"WebPage","@id":"https:\/\/levfestival.com\/19\/lev-festival\/","url":"https:\/\/levfestival.com\/19\/lev-festival\/","name":"LEV Festival -","isPartOf":{"@id":"https:\/\/levfestival.com\/19\/#website"},"datePublished":"2018-08-10T17:58:48+00:00","dateModified":"2018-08-10T17:58:48+00:00","description":"LEV Festival - Laboratorio de Electr\u00f3nica Visual desarrolla el Festival L.E.V. (en Gij\u00f3n), LEVents y extiende ahora su campo de acci\u00f3n a Matadero Madrid.","breadcrumb":{"@id":"https:\/\/levfestival.com\/19\/lev-festival\/#breadcrumb"},"inLanguage":"es","potentialAction":[{"@type":"ReadAction","target":["https:\/\/levfestival.com\/19\/lev-festival\/"]}]},{"@type":"BreadcrumbList","@id":"https:\/\/levfestival.com\/19\/lev-festival\/#breadcrumb","itemListElement":[{"@type":"ListItem","position":1,"name":"Portada","item":"https:\/\/levfestival.com\/19\/home-lev-matadero\/"},{"@type":"ListItem","position":2,"name":"LEV Festival"}]},{"@type":"WebSite","@id":"https:\/\/levfestival.com\/19\/#website","url":"https:\/\/levfestival.com\/19\/","name":"LEV Festival 2019","description":"","potentialAction":[{"@type":"SearchAction","target":{"@type":"EntryPoint","urlTemplate":"https:\/\/levfestival.com\/19\/?s={search_term_string}"},"query-input":"required name=search_term_string"}],"inLanguage":"es"}]}},"_links":{"self":[{"href":"https:\/\/levfestival.com\/19\/wp-json\/wp\/v2\/pages\/2890","targetHints":{"allow":["GET"]}}],"collection":[{"href":"https:\/\/levfestival.com\/19\/wp-json\/wp\/v2\/pages"}],"about":[{"href":"https:\/\/levfestival.com\/19\/wp-json\/wp\/v2\/types\/page"}],"author":[{"embeddable":true,"href":"https:\/\/levfestival.com\/19\/wp-json\/wp\/v2\/users\/1"}],"replies":[{"embeddable":true,"href":"https:\/\/levfestival.com\/19\/wp-json\/wp\/v2\/comments?post=2890"}],"version-history":[{"count":0,"href":"https:\/\/levfestival.com\/19\/wp-json\/wp\/v2\/pages\/2890\/revisions"}],"wp:attachment":[{"href":"https:\/\/levfestival.com\/19\/wp-json\/wp\/v2\/media?parent=2890"}],"curies":[{"name":"wp","href":"https:\/\/api.w.org\/{rel}","templated":true}]}}