{"id":11720,"date":"2019-08-05T06:45:52","date_gmt":"2019-08-05T06:45:52","guid":{"rendered":"https:\/\/levfestival.com\/19\/?page_id=11720"},"modified":"2023-08-28T10:04:55","modified_gmt":"2023-08-28T10:04:55","slug":"prensa-lev-matadero","status":"publish","type":"page","link":"https:\/\/levfestival.com\/20\/prensa-lev-matadero\/","title":{"rendered":"Prensa LEV Matadero"},"content":{"rendered":"\n<style type=\"text\/css\" data-created_by=\"avia_inline_auto\" id=\"style-css-av-k376mqq2-4893bb9c661e141e21e606dc17f1cc8c\">\n.avia-section.av-k376mqq2-4893bb9c661e141e21e606dc17f1cc8c{\nbackground-color:#000000;\nbackground-image:unset;\n}\n<\/style>\n<div id='av_section_1'  class='avia-section av-k376mqq2-4893bb9c661e141e21e606dc17f1cc8c main_color avia-section-default avia-no-border-styling  avia-builder-el-0  el_before_av_one_half  avia-builder-el-first  avia-bg-style-scroll av-minimum-height av-minimum-height-custom  container_wrap fullsize'   data-av_minimum_height_px='280'><div class='container av-section-cont-open' style='height:280px'><main  role=\"main\" itemprop=\"mainContentOfPage\"  class='template-page content  av-content-full alpha units'><div class='post-entry post-entry-type-page post-entry-11720'><div class='entry-content-wrapper clearfix'>\n\n<style type=\"text\/css\" data-created_by=\"avia_inline_auto\" id=\"style-css-av-5jrw7g6-6fe4f2d670c1f7d7bfa74b163390e4df\">\n#top .av_textblock_section.av-5jrw7g6-6fe4f2d670c1f7d7bfa74b163390e4df .avia_textblock{\ncolor:#ffffff;\n}\n<\/style>\n<section  class='av_textblock_section av-5jrw7g6-6fe4f2d670c1f7d7bfa74b163390e4df'  itemscope=\"itemscope\" itemtype=\"https:\/\/schema.org\/CreativeWork\" ><div class='avia_textblock av_inherit_color'  itemprop=\"text\" ><h2 style=\"text-align: right;\"><span style=\"color: #ffffff;\">PRENSA<\/span><\/h2>\n<\/div><\/section>\n<\/div><\/div><\/main><!-- close content main element --><\/div><\/div><div id='after_section_1'  class='main_color av_default_container_wrap container_wrap fullsize'  ><div class='container av-section-cont-open' ><div class='template-page content  av-content-full alpha units'><div class='post-entry post-entry-type-page post-entry-11720'><div class='entry-content-wrapper clearfix'>\n\n<style type=\"text\/css\" data-created_by=\"avia_inline_auto\" id=\"style-css-av-jtffqco-d772c42f87d4057cfd556095b358da49\">\n.flex_column.av-jtffqco-d772c42f87d4057cfd556095b358da49{\nborder-width:1px;\nborder-color:#ff6f00;\nborder-style:solid;\n-webkit-border-radius:0px 0px 0px 0px;\n-moz-border-radius:0px 0px 0px 0px;\nborder-radius:0px 0px 0px 0px;\npadding:20px 20px 20px 20px;\nbackground-color:rgba(99,99,99,0.01);\n}\n<\/style>\n<div class='flex_column av-jtffqco-d772c42f87d4057cfd556095b358da49 av_one_half  avia-builder-el-2  el_after_av_section  el_before_av_one_half  avia-builder-el-first  first flex_column_div '     ><section  class='av_textblock_section av-i5k04zs-83088f1b1a03acaeabc505b0a8a7123d'  itemscope=\"itemscope\" itemtype=\"https:\/\/schema.org\/CreativeWork\" ><div class='avia_textblock'  itemprop=\"text\" ><p style=\"text-align: center;\"><span style=\"color: #ffffff;\">Programa L.E.V. Matadero<\/span><\/p>\n<\/div><\/section><br \/>\n<div  class='avia-button-wrap av-hohed7s-8a39721b29101d56a9aff46dbdeb6eab-wrap avia-button-center  avia-builder-el-4  el_after_av_textblock  avia-builder-el-last '>\n<style type=\"text\/css\" data-created_by=\"avia_inline_auto\" id=\"style-css-av-hohed7s-8a39721b29101d56a9aff46dbdeb6eab\">\n#top #wrap_all .avia-button.av-hohed7s-8a39721b29101d56a9aff46dbdeb6eab{\nbackground-color:#ff6f00;\nborder-color:#ff6f00;\ncolor:#ffffff;\n-webkit-transition:all 0.4s ease-in-out;\n-moz-transition:all 0.4s ease-in-out;\n-ms-transition:all 0.4s ease-in-out;\n-o-transition:all 0.4s ease-in-out;\ntransition:all 0.4s ease-in-out;\n}\n<\/style>\n<a href='https:\/\/levfestival.com\/20\/wp-content\/uploads\/2020\/09\/LEV-MATADERO-2020-PROGRAMA-2.pdf'  class='avia-button av-hohed7s-8a39721b29101d56a9aff46dbdeb6eab avia-icon_select-no avia-size-medium avia-position-center'  target=\"_blank\"  rel=\"noopener noreferrer\" ><span class='avia_iconbox_title' >DESCARGAR<\/span><\/a><\/div><\/p><\/div>\n\n<style type=\"text\/css\" data-created_by=\"avia_inline_auto\" id=\"style-css-av-jtffqco-c2968e382ac8e7e2e0af3c8b4a0f21cc\">\n.flex_column.av-jtffqco-c2968e382ac8e7e2e0af3c8b4a0f21cc{\nborder-width:1px;\nborder-color:#ff6f00;\nborder-style:solid;\n-webkit-border-radius:0px 0px 0px 0px;\n-moz-border-radius:0px 0px 0px 0px;\nborder-radius:0px 0px 0px 0px;\npadding:20px 20px 20px 20px;\nbackground-color:rgba(99,99,99,0.01);\n}\n<\/style>\n<div class='flex_column av-jtffqco-c2968e382ac8e7e2e0af3c8b4a0f21cc av_one_half  avia-builder-el-5  el_after_av_one_half  el_before_av_one_full  flex_column_div '     ><section  class='av_textblock_section av-i5k04zs-83088f1b1a03acaeabc505b0a8a7123d'  itemscope=\"itemscope\" itemtype=\"https:\/\/schema.org\/CreativeWork\" ><div class='avia_textblock'  itemprop=\"text\" ><p style=\"text-align: center;\"><span style=\"color: #ffffff;\">Cartel L.E.V. Matadero<\/span><\/p>\n<\/div><\/section><br \/>\n<div  class='avia-button-wrap av-hohed7s-71a635f39816201bbb5d7226c1b75c1e-wrap avia-button-center  avia-builder-el-7  el_after_av_textblock  avia-builder-el-last '>\n<style type=\"text\/css\" data-created_by=\"avia_inline_auto\" id=\"style-css-av-hohed7s-71a635f39816201bbb5d7226c1b75c1e\">\n#top #wrap_all .avia-button.av-hohed7s-71a635f39816201bbb5d7226c1b75c1e{\nbackground-color:#ff6f00;\nborder-color:#ff6f00;\ncolor:#ffffff;\n-webkit-transition:all 0.4s ease-in-out;\n-moz-transition:all 0.4s ease-in-out;\n-ms-transition:all 0.4s ease-in-out;\n-o-transition:all 0.4s ease-in-out;\ntransition:all 0.4s ease-in-out;\n}\n<\/style>\n<a href='https:\/\/levfestival.com\/20\/wp-content\/uploads\/2020\/09\/LEV-MATADERO-web.pdf'  class='avia-button av-hohed7s-71a635f39816201bbb5d7226c1b75c1e avia-icon_select-no avia-size-medium avia-position-center'  target=\"_blank\"  rel=\"noopener noreferrer\" ><span class='avia_iconbox_title' >DESCARGAR<\/span><\/a><\/div><\/p><\/div>\n\n<style type=\"text\/css\" data-created_by=\"avia_inline_auto\" id=\"style-css-av-k63jaka4-1a773400c28469027cad46571976ceec\">\n.flex_column.av-k63jaka4-1a773400c28469027cad46571976ceec{\n-webkit-border-radius:0px 0px 0px 0px;\n-moz-border-radius:0px 0px 0px 0px;\nborder-radius:0px 0px 0px 0px;\npadding:0px 10% 0px 10%;\n}\n<\/style>\n<div class='flex_column av-k63jaka4-1a773400c28469027cad46571976ceec av_one_full  avia-builder-el-8  el_after_av_one_half  avia-builder-el-last  first flex_column_div column-top-margin'     ><section  class='av_textblock_section av-gzfn8dk-bfe87f1fc0e1806b9d7ca59907dd00a2'  itemscope=\"itemscope\" itemtype=\"https:\/\/schema.org\/CreativeWork\" ><div class='avia_textblock'  itemprop=\"text\" ><p class=\"p1\">Los\u00a0<span class=\"s1\"><b>medios de comunicaci\u00f3n<\/b><\/span>\u00a0que deseen ampliar informaci\u00f3n sobre el festival o concertar entrevistas deber\u00e1n ponerse en contacto con nuestro\u00a0<span class=\"s1\"><b>departamento de prensa <\/b><\/span>a trav\u00e9s del correo:<span class=\"s1\"><b>\u00a0<\/b><a href=\"mailto:prensa@levfestival.org\"><span class=\"s2\"><b>prensa@levfestival.org<\/b><\/span><\/a><\/span><\/p>\n<p class=\"p1\">As\u00ed mismo, aquellos medios de comunicaci\u00f3n que deseen\u00a0<span class=\"s1\"><b>solicitar acreditaciones<\/b><\/span>\u00a0para cubrir el evento podr\u00e1n hacerlo en la misma direcci\u00f3n de correo\u00a0<a href=\"mailto:prensa@levfestival.org\"><span class=\"s3\"><b>prensa@levfestival.org<\/b><\/span><\/a><span class=\"s1\"><b>\u00a0<\/b><\/span>a trav\u00e9s de la cual se les indicar\u00e1n los requisitos para obtenerla.<\/p>\n<p class=\"p1\">El plazo de recepci\u00f3n de acreditaciones termina el lunes\u00a0<span class=\"s1\"><b>22 de septiembre<\/b><\/span>, as\u00ed que no ser\u00e1n atendidas aquellas solicitudes que sean presentadas a partir de esta fecha.<\/p>\n<p class=\"p3\"><b>Los interesados deber\u00e1n cumplir los siguientes requisitos:<\/b><\/p>\n<ul class=\"ul1\">\n<li class=\"li4\">COBERTURA PREVIA. Seguimiento de noticias o publicaci\u00f3n de reportaje previo sobre el festival en el caso de medios escritos (prensa e internet), o emisi\u00f3n de informaci\u00f3n previa al festival en el caso de emisoras de radio o TV.<\/li>\n<li class=\"li4\">COBERTURA POSTERIOR<i>. <\/i>Realizaci\u00f3n de un reportaje o cr\u00f3nica que cubra el desarrollo del festival o alguna de sus actividades. Se solicitar\u00e1 el env\u00edo de esta informaci\u00f3n al departamento de prensa del festival as\u00ed como los plazos y el calendario en los que se har\u00eda p\u00fablica.<\/li>\n<\/ul>\n<p class=\"p3\"><b>El n\u00famero de medios acreditados para festival es limitado.<\/b><\/p>\n<p class=\"p3\"><b>Los medios interesados en recibir las acreditaciones deber\u00e1n enviar la siguiente informaci\u00f3n:<\/b><\/p>\n<\/div><\/section><br \/>\n\n<style type=\"text\/css\" data-created_by=\"avia_inline_auto\" id=\"style-css-av-g7hn3ig-b7906ce1f99d80871e75e4aecd6d63f3\">\n#top .hr.hr-invisible.av-g7hn3ig-b7906ce1f99d80871e75e4aecd6d63f3{\nheight:50px;\n}\n<\/style>\n<div  class='hr av-g7hn3ig-b7906ce1f99d80871e75e4aecd6d63f3 hr-invisible  avia-builder-el-10  el_after_av_textblock  el_before_av_contact '><span class='hr-inner '><span class=\"hr-inner-style\"><\/span><\/span><\/div><br \/>\n<form action=\"https:\/\/levfestival.com\/20\/prensa-lev-matadero\/\" method=\"post\"  class=\"avia_ajax_form av-form-labels-visible   avia-builder-el-11  el_after_av_hr  el_before_av_hr   \" data-avia-form-id=\"1\" data-avia-redirect='' ><h3 class=''>FORMULARIO PARA PRENSA<\/h3><fieldset><p class='  first_form  form_element form_fullwidth' id='element_avia_1_1'><label for=\"avia_1_1\">Nombre <abbr class=\"required\" title=\"requerido\">*<\/abbr><\/label> <input name=\"avia_1_1\" class=\"text_input is_empty\" type=\"text\" id=\"avia_1_1\" value=\"\" \/><\/p><p class='  first_form  form_element form_fullwidth' id='element_avia_2_1'><label for=\"avia_2_1\">Apellidos <abbr class=\"required\" title=\"requerido\">*<\/abbr><\/label> <input name=\"avia_2_1\" class=\"text_input is_empty\" type=\"text\" id=\"avia_2_1\" value=\"\" \/><\/p><p class='  first_form  form_element form_fullwidth' id='element_avia_3_1'><label for=\"avia_3_1\">DNI <abbr class=\"required\" title=\"requerido\">*<\/abbr><\/label> <input name=\"avia_3_1\" class=\"text_input is_empty\" type=\"text\" id=\"avia_3_1\" value=\"\" \/><\/p><p class='  first_form  form_element form_fullwidth' id='element_avia_4_1'><label for=\"avia_4_1\">Correo electr\u00f3nico <abbr class=\"required\" title=\"requerido\">*<\/abbr><\/label> <input name=\"avia_4_1\" class=\"text_input is_email\" type=\"text\" id=\"avia_4_1\" value=\"\" \/><\/p><p class='  first_form  form_element form_fullwidth' id='element_avia_5_1'><label for=\"avia_5_1\">N\u00ba de Tel\u00e9fono <abbr class=\"required\" title=\"requerido\">*<\/abbr><\/label> <input name=\"avia_5_1\" class=\"text_input is_empty\" type=\"text\" id=\"avia_5_1\" value=\"\" \/><\/p><p class='  first_form  form_element form_fullwidth' id='element_avia_6_1'><label for=\"avia_6_1\">Nombre del medio <abbr class=\"required\" title=\"requerido\">*<\/abbr><\/label> <input name=\"avia_6_1\" class=\"text_input is_empty\" type=\"text\" id=\"avia_6_1\" value=\"\" \/><\/p><p class='  first_form  form_element form_fullwidth' id='element_avia_7_1'><label for=\"avia_7_1\">Cargo en el medio <abbr class=\"required\" title=\"requerido\">*<\/abbr><\/label> <input name=\"avia_7_1\" class=\"text_input is_empty\" type=\"text\" id=\"avia_7_1\" value=\"\" \/><\/p><p class='  first_form  form_element form_fullwidth' id='element_avia_8_1'><label for=\"avia_8_1\">Responsable del medio <abbr class=\"required\" title=\"requerido\">*<\/abbr><\/label> <input name=\"avia_8_1\" class=\"text_input is_empty\" type=\"text\" id=\"avia_8_1\" value=\"\" \/><\/p><p class='  first_form  form_element form_fullwidth' id='element_avia_9_1'><label for=\"avia_9_1\">Direcci\u00f3n de contacto del medio <abbr class=\"required\" title=\"requerido\">*<\/abbr><\/label> <input name=\"avia_9_1\" class=\"text_input is_empty\" type=\"text\" id=\"avia_9_1\" value=\"\" \/><\/p><p class='  first_form  form_element form_fullwidth' id='element_avia_10_1'><label for=\"avia_10_1\">Reportaje previo <abbr class=\"required\" title=\"requerido\">*<\/abbr><\/label> <input name=\"avia_10_1\" class=\"text_input is_empty\" type=\"text\" id=\"avia_10_1\" value=\"\" \/><\/p><p class='  first_form  form_element form_fullwidth' id='element_avia_11_1'><label for=\"avia_11_1\">Asunto <abbr class=\"required\" title=\"requerido\">*<\/abbr><\/label> <input name=\"avia_11_1\" class=\"text_input is_empty\" type=\"text\" id=\"avia_11_1\" value=\"\" \/><\/p><p class='  first_form  form_element form_fullwidth av-last-visible-form-element' id='element_avia_12_1'><label for=\"avia_12_1\" class=\"textare_label hidden textare_label_avia_12_1\">Mensaje <abbr class=\"required\" title=\"requerido\">*<\/abbr><\/label><textarea  name=\"avia_12_1\" class=\"text_area is_empty\" cols=\"40\" rows=\"7\" id=\"avia_12_1\" ><\/textarea><\/p><p class=\"hidden\"><input type=\"text\" name=\"avia_13_1\" class=\"hidden \" id=\"avia_13_1\" value=\"\" \/><\/p><p class=\"form_element \"><input type=\"hidden\" value=\"1\" name=\"avia_generated_form1\" \/><input type=\"submit\" value=\"ENVIAR\" class=\"button\"  data-sending-label=\"Enviando\"\/><\/p><\/fieldset><\/form><div id=\"ajaxresponse_1\" class=\"ajaxresponse ajaxresponse_1 hidden\"><\/div><br \/>\n<div  class='hr av-a02shk8-7202193d809faba334bfdca5b4e299b6 hr-default  avia-builder-el-12  el_after_av_contact  el_before_av_textblock '><span class='hr-inner '><span class=\"hr-inner-style\"><\/span><\/span><\/div><br \/>\n<section  class='av_textblock_section av-9iya4nc-9332212d1597c8576a727a1110f77a0a'  itemscope=\"itemscope\" itemtype=\"https:\/\/schema.org\/CreativeWork\" ><div class='avia_textblock'  itemprop=\"text\" ><p>ARCHIVO DE PRENSA<\/p>\n<\/div><\/section><br \/>\n<div  class='avia-icon-list-container av-x1119k-f915e34a66e7f2466623c3d97c983919  avia-builder-el-14  el_after_av_textblock  avia-builder-el-last '><ul class='avia-icon-list avia_animate_when_almost_visible avia-icon-list-left av-iconlist-small av-x1119k-f915e34a66e7f2466623c3d97c983919 avia-iconlist-animate'>\n<li><div class='iconlist_icon av-8lu1lrc-ca87714f84df80acefdcc9a84310d1ae avia-font-entypo-fontello'><span class='iconlist-char' aria-hidden='true' data-av_icon='\ue822' data-av_iconfont='entypo-fontello'><\/span><\/div><article class=\"article-icon-entry \"  itemscope=\"itemscope\" itemtype=\"https:\/\/schema.org\/CreativeWork\" ><div class=\"iconlist_content_wrap\"><header class=\"entry-content-header\"><div class='av_iconlist_title iconlist_title_small  '  itemprop=\"headline\" ><a href='https:\/\/levfestival.com\/18\/l-e-v-2018-desvela-los-primeros-nombres\/' title='LEV 2018_nota de prensa n\u00ba1: L.E.V. 2018 desvela los primeros nombres de la und\u00e9cima edici\u00f3n del Laboratorio de Electr\u00f3nica Visual.' target=\"_blank\" rel=\"noopener noreferrer\">LEV 2018_nota de prensa n\u00ba1: L.E.V. 2018 desvela los primeros nombres de la und\u00e9cima edici\u00f3n del Laboratorio de Electr\u00f3nica Visual.<\/a><\/div><\/header><div class='iconlist_content '  itemprop=\"text\" ><p>30.01.2018<\/p>\n<\/div><\/div><footer class=\"entry-footer\"><\/footer><\/article><div class=\"iconlist-timeline\"><\/div><\/li>\n<\/ul><\/div><\/p><\/div>\n","protected":false},"excerpt":{"rendered":"","protected":false},"author":1,"featured_media":0,"parent":0,"menu_order":0,"comment_status":"closed","ping_status":"closed","template":"","meta":{"footnotes":""},"class_list":["post-11720","page","type-page","status-publish","hentry"],"yoast_head":"<!-- This site is optimized with the Yoast SEO plugin v20.7 - https:\/\/yoast.com\/wordpress\/plugins\/seo\/ -->\n<title>Prensa LEV Matadero - LEV Festival 2020<\/title>\n<meta name=\"robots\" content=\"index, follow, max-snippet:-1, max-image-preview:large, max-video-preview:-1\" \/>\n<link rel=\"canonical\" href=\"https:\/\/levfestival.com\/20\/prensa-lev-matadero\/\" \/>\n<meta property=\"og:locale\" content=\"es_ES\" \/>\n<meta property=\"og:type\" content=\"article\" \/>\n<meta property=\"og:title\" content=\"LEV Matadero. Festival de Electr\u00f3nica Visual y Experiencias Inmersivas\" \/>\n<meta property=\"og:url\" content=\"https:\/\/levfestival.com\/20\/prensa-lev-matadero\/\" \/>\n<meta property=\"og:site_name\" content=\"LEV Festival 2020\" \/>\n<meta property=\"article:modified_time\" content=\"2023-08-28T10:04:55+00:00\" \/>\n<meta property=\"og:image\" content=\"https:\/\/levfestival.com\/20\/wp-content\/uploads\/sites\/13\/2020\/09\/lev-matadero-fb1200.jpg\" \/>\n\t<meta property=\"og:image:width\" content=\"1200\" \/>\n\t<meta property=\"og:image:height\" content=\"630\" \/>\n\t<meta property=\"og:image:type\" content=\"image\/jpeg\" \/>\n<meta name=\"twitter:card\" content=\"summary_large_image\" \/>\n<meta name=\"twitter:title\" content=\"LEV Matadero. Festival de Electr\u00f3nica Visual y Experiencias Inmersivas\" \/>\n<meta name=\"twitter:image\" content=\"https:\/\/levfestival.com\/20\/wp-content\/uploads\/sites\/13\/2020\/09\/lev-matadero-tw1024.jpg\" \/>\n<meta name=\"twitter:label1\" content=\"Tiempo de lectura\" \/>\n\t<meta name=\"twitter:data1\" content=\"5 minutos\" \/>\n<script type=\"application\/ld+json\" class=\"yoast-schema-graph\">{\"@context\":\"https:\/\/schema.org\",\"@graph\":[{\"@type\":\"WebPage\",\"@id\":\"https:\/\/levfestival.com\/20\/prensa-lev-matadero\/\",\"url\":\"https:\/\/levfestival.com\/20\/prensa-lev-matadero\/\",\"name\":\"Prensa LEV Matadero - LEV Festival 2020\",\"isPartOf\":{\"@id\":\"https:\/\/levfestival.com\/20\/#website\"},\"datePublished\":\"2019-08-05T06:45:52+00:00\",\"dateModified\":\"2023-08-28T10:04:55+00:00\",\"breadcrumb\":{\"@id\":\"https:\/\/levfestival.com\/20\/prensa-lev-matadero\/#breadcrumb\"},\"inLanguage\":\"es\",\"potentialAction\":[{\"@type\":\"ReadAction\",\"target\":[\"https:\/\/levfestival.com\/20\/prensa-lev-matadero\/\"]}]},{\"@type\":\"BreadcrumbList\",\"@id\":\"https:\/\/levfestival.com\/20\/prensa-lev-matadero\/#breadcrumb\",\"itemListElement\":[{\"@type\":\"ListItem\",\"position\":1,\"name\":\"Portada\",\"item\":\"https:\/\/levfestival.com\/20\/lev-general\/\"},{\"@type\":\"ListItem\",\"position\":2,\"name\":\"Prensa LEV Matadero\"}]},{\"@type\":\"WebSite\",\"@id\":\"https:\/\/levfestival.com\/20\/#website\",\"url\":\"https:\/\/levfestival.com\/20\/\",\"name\":\"LEV Festival 2020\",\"description\":\"\",\"potentialAction\":[{\"@type\":\"SearchAction\",\"target\":{\"@type\":\"EntryPoint\",\"urlTemplate\":\"https:\/\/levfestival.com\/20\/?s={search_term_string}\"},\"query-input\":\"required name=search_term_string\"}],\"inLanguage\":\"es\"}]}<\/script>\n<!-- \/ Yoast SEO plugin. -->","yoast_head_json":{"title":"Prensa LEV Matadero - LEV Festival 2020","robots":{"index":"index","follow":"follow","max-snippet":"max-snippet:-1","max-image-preview":"max-image-preview:large","max-video-preview":"max-video-preview:-1"},"canonical":"https:\/\/levfestival.com\/20\/prensa-lev-matadero\/","og_locale":"es_ES","og_type":"article","og_title":"LEV Matadero. Festival de Electr\u00f3nica Visual y Experiencias Inmersivas","og_url":"https:\/\/levfestival.com\/20\/prensa-lev-matadero\/","og_site_name":"LEV Festival 2020","article_modified_time":"2023-08-28T10:04:55+00:00","og_image":[{"width":1200,"height":630,"url":"https:\/\/levfestival.com\/20\/wp-content\/uploads\/sites\/13\/2020\/09\/lev-matadero-fb1200.jpg","type":"image\/jpeg"}],"twitter_card":"summary_large_image","twitter_title":"LEV Matadero. Festival de Electr\u00f3nica Visual y Experiencias Inmersivas","twitter_image":"https:\/\/levfestival.com\/20\/wp-content\/uploads\/sites\/13\/2020\/09\/lev-matadero-tw1024.jpg","twitter_misc":{"Tiempo de lectura":"5 minutos"},"schema":{"@context":"https:\/\/schema.org","@graph":[{"@type":"WebPage","@id":"https:\/\/levfestival.com\/20\/prensa-lev-matadero\/","url":"https:\/\/levfestival.com\/20\/prensa-lev-matadero\/","name":"Prensa LEV Matadero - LEV Festival 2020","isPartOf":{"@id":"https:\/\/levfestival.com\/20\/#website"},"datePublished":"2019-08-05T06:45:52+00:00","dateModified":"2023-08-28T10:04:55+00:00","breadcrumb":{"@id":"https:\/\/levfestival.com\/20\/prensa-lev-matadero\/#breadcrumb"},"inLanguage":"es","potentialAction":[{"@type":"ReadAction","target":["https:\/\/levfestival.com\/20\/prensa-lev-matadero\/"]}]},{"@type":"BreadcrumbList","@id":"https:\/\/levfestival.com\/20\/prensa-lev-matadero\/#breadcrumb","itemListElement":[{"@type":"ListItem","position":1,"name":"Portada","item":"https:\/\/levfestival.com\/20\/lev-general\/"},{"@type":"ListItem","position":2,"name":"Prensa LEV Matadero"}]},{"@type":"WebSite","@id":"https:\/\/levfestival.com\/20\/#website","url":"https:\/\/levfestival.com\/20\/","name":"LEV Festival 2020","description":"","potentialAction":[{"@type":"SearchAction","target":{"@type":"EntryPoint","urlTemplate":"https:\/\/levfestival.com\/20\/?s={search_term_string}"},"query-input":"required name=search_term_string"}],"inLanguage":"es"}]}},"_links":{"self":[{"href":"https:\/\/levfestival.com\/20\/wp-json\/wp\/v2\/pages\/11720","targetHints":{"allow":["GET"]}}],"collection":[{"href":"https:\/\/levfestival.com\/20\/wp-json\/wp\/v2\/pages"}],"about":[{"href":"https:\/\/levfestival.com\/20\/wp-json\/wp\/v2\/types\/page"}],"author":[{"embeddable":true,"href":"https:\/\/levfestival.com\/20\/wp-json\/wp\/v2\/users\/1"}],"replies":[{"embeddable":true,"href":"https:\/\/levfestival.com\/20\/wp-json\/wp\/v2\/comments?post=11720"}],"version-history":[{"count":3,"href":"https:\/\/levfestival.com\/20\/wp-json\/wp\/v2\/pages\/11720\/revisions"}],"predecessor-version":[{"id":32990,"href":"https:\/\/levfestival.com\/20\/wp-json\/wp\/v2\/pages\/11720\/revisions\/32990"}],"wp:attachment":[{"href":"https:\/\/levfestival.com\/20\/wp-json\/wp\/v2\/media?parent=11720"}],"curies":[{"name":"wp","href":"https:\/\/api.w.org\/{rel}","templated":true}]}}