{"id":12579,"date":"2019-01-14T12:06:33","date_gmt":"2019-01-14T12:06:33","guid":{"rendered":"https:\/\/levfestival.com\/19\/?page_id=12579"},"modified":"2019-01-14T12:06:33","modified_gmt":"2019-01-14T12:06:33","slug":"prensa-gijon","status":"publish","type":"page","link":"https:\/\/levfestival.com\/20\/prensa-gijon\/","title":{"rendered":"Prensa Gij\u00f3n"},"content":{"rendered":"\n<style type=\"text\/css\" data-created_by=\"avia_inline_auto\" id=\"style-css-av-k376mqq2-4893bb9c661e141e21e606dc17f1cc8c\">\n.avia-section.av-k376mqq2-4893bb9c661e141e21e606dc17f1cc8c{\nbackground-color:#000000;\nbackground-image:unset;\n}\n<\/style>\n<div id='av_section_1'  class='avia-section av-k376mqq2-4893bb9c661e141e21e606dc17f1cc8c main_color avia-section-default avia-no-border-styling  avia-builder-el-0  el_before_av_one_full  avia-builder-el-first  avia-bg-style-scroll av-minimum-height av-minimum-height-custom  container_wrap fullsize'   data-av_minimum_height_px='280'><div class='container av-section-cont-open' style='height:280px'><main  role=\"main\" itemprop=\"mainContentOfPage\"  class='template-page content  av-content-full alpha units'><div class='post-entry post-entry-type-page post-entry-12579'><div class='entry-content-wrapper clearfix'>\n\n<style type=\"text\/css\" data-created_by=\"avia_inline_auto\" id=\"style-css-av-5jrw7g6-8074d45f84cd1038ea724631f8991f97\">\n#top .av_textblock_section.av-5jrw7g6-8074d45f84cd1038ea724631f8991f97 .avia_textblock{\ncolor:#ffffff;\n}\n<\/style>\n<section  class='av_textblock_section av-5jrw7g6-8074d45f84cd1038ea724631f8991f97'  itemscope=\"itemscope\" itemtype=\"https:\/\/schema.org\/CreativeWork\" ><div class='avia_textblock av_inherit_color'  itemprop=\"text\" ><h2 style=\"text-align: center\"><span style=\"color: #ffffff\">PRENSA<\/span><\/h2>\n<\/div><\/section>\n<\/div><\/div><\/main><!-- close content main element --><\/div><\/div><div id='after_section_1'  class='main_color av_default_container_wrap container_wrap fullsize'  ><div class='container av-section-cont-open' ><div class='template-page content  av-content-full alpha units'><div class='post-entry post-entry-type-page post-entry-12579'><div class='entry-content-wrapper clearfix'>\n\n<style type=\"text\/css\" data-created_by=\"avia_inline_auto\" id=\"style-css-av-63hixm-4339fe7d134c3982f2dd437069447380\">\n.flex_column.av-63hixm-4339fe7d134c3982f2dd437069447380{\n-webkit-border-radius:0px 0px 0px 0px;\n-moz-border-radius:0px 0px 0px 0px;\nborder-radius:0px 0px 0px 0px;\npadding:0px 0px 0px 10%;\n}\n<\/style>\n<div class='flex_column av-63hixm-4339fe7d134c3982f2dd437069447380 av_one_full  avia-builder-el-2  el_after_av_section  el_before_av_one_full  avia-builder-el-first  first flex_column_div '     ><div  class='avia-testimonial-wrapper av-jqsmh40t-ede22fec8913040dea8b588a9b79aceb avia-grid-testimonials avia-grid-2-testimonials avia_animate_when_almost_visible Downloables av-minimal-grid-style av-boxed-grid-style' >\n<section class=\"avia-testimonial-row\"><div class='avia-testimonial av-av_testimonial_single-e15d22f87524ba84b7b6b15ff65fd055 avia-testimonial-row-1 avia-first-testimonial flex_column no_margin av_one_half'><div class='avia-testimonial_inner'  itemscope=\"itemscope\" itemtype=\"https:\/\/schema.org\/CreativeWork\" ><div class='avia-testimonial-content '><div class='avia-testimonial-markup-entry-content'  itemprop=\"text\" ><p style=\"text-align: center\">Cartel 2020 L.E.V. Festival<\/p>\n<p class=\"p1\"><span class=\"s1\"><div  class='avia-button-wrap av-2p5l9m-6490ebbd9af1bdb32082230cfb94edf6-wrap avia-button-center  avia-builder-el-4  el_before_av_button  avia-builder-el-first '><a href=' ' class='avia-button av-2p5l9m-6490ebbd9af1bdb32082230cfb94edf6 avia-icon_select-no avia-size-medium avia-position-center avia-color-theme-color' target=\"_blank\" rel=\"noopener noreferrer\"><span class='avia_iconbox_title' >DESCARGAR<\/span><\/a><\/div><\/span><\/p>\n<\/div><\/div><div class=\"avia-testimonial-meta\"><div class=\"avia-testimonial-arrow-wrap\"><div class=\"avia-arrow\"><\/div><\/div><div class='avia-testimonial-meta-mini'  itemprop=\"author\" itemscope=\"itemscope\" itemtype=\"https:\/\/schema.org\/Person\" ><\/div><\/div><\/div><\/div>\n<div class='avia-testimonial av-av_testimonial_single-e15d22f87524ba84b7b6b15ff65fd055 avia-testimonial-row-1 avia-last-testimonial flex_column no_margin av_one_half'><div class='avia-testimonial_inner'  itemscope=\"itemscope\" itemtype=\"https:\/\/schema.org\/CreativeWork\" ><div class='avia-testimonial-content '><div class='avia-testimonial-markup-entry-content'  itemprop=\"text\" ><p style=\"text-align: center\">Logo LEV Festival<\/p>\n<div  class='avia-button-wrap av-2p5l9m-6490ebbd9af1bdb32082230cfb94edf6-wrap avia-button-center  avia-builder-el-5  el_after_av_button  avia-builder-el-last '><a href=' ' class='avia-button av-2p5l9m-6490ebbd9af1bdb32082230cfb94edf6 avia-icon_select-no avia-size-medium avia-position-center avia-color-theme-color' target=\"_blank\" rel=\"noopener noreferrer\"><span class='avia_iconbox_title' >DESCARGAR<\/span><\/a><\/div>\n<\/div><\/div><div class=\"avia-testimonial-meta\"><div class=\"avia-testimonial-arrow-wrap\"><div class=\"avia-arrow\"><\/div><\/div><div class='avia-testimonial-meta-mini'  itemprop=\"author\" itemscope=\"itemscope\" itemtype=\"https:\/\/schema.org\/Person\" ><\/div><\/div><\/div><\/div><\/section>\n<\/div><\/div>\n\n<style type=\"text\/css\" data-created_by=\"avia_inline_auto\" id=\"style-css-av-jqsn2ce4-dfd44020c93cea317b6b6b2390e70f0e\">\n.flex_column.av-jqsn2ce4-dfd44020c93cea317b6b6b2390e70f0e{\n-webkit-border-radius:0px 0px 0px 0px;\n-moz-border-radius:0px 0px 0px 0px;\nborder-radius:0px 0px 0px 0px;\npadding:0px 0px 0px 10%;\n}\n<\/style>\n<div class='flex_column av-jqsn2ce4-dfd44020c93cea317b6b6b2390e70f0e av_one_full  avia-builder-el-6  el_after_av_one_full  avia-builder-el-last  first flex_column_div column-top-margin'     ><section  class='av_textblock_section av-1ogk4oa-6f72a2dbdf8860e4dea0f88a85930a5c'  itemscope=\"itemscope\" itemtype=\"https:\/\/schema.org\/CreativeWork\" ><div class='avia_textblock'  itemprop=\"text\" ><p class=\"p1\">Los\u00a0<span class=\"s1\"><b>medios de comunicaci\u00f3n<\/b><\/span>\u00a0que deseen ampliar informaci\u00f3n sobre el festival o concertar entrevistas deber\u00e1n ponerse en contacto con nuestro\u00a0<span class=\"s1\"><b>departamento de prensa <\/b><\/span>a trav\u00e9s del correo:<span class=\"s1\"><b>\u00a0<\/b><a href=\"mailto:prensa@levfestival.org\"><span class=\"s2\"><b>prensa@levfestival.org<\/b><\/span><\/a><\/span><\/p>\n<p class=\"p1\">As\u00ed mismo, aquellos medios de comunicaci\u00f3n que deseen\u00a0<span class=\"s1\"><b>solicitar acreditaciones<\/b><\/span>\u00a0para cubrir el evento podr\u00e1n hacerlo en la misma direcci\u00f3n de correo\u00a0<a href=\"mailto:prensa@levfestival.org\"><span class=\"s3\"><b>prensa@levfestival.org<\/b><\/span><\/a><span class=\"s1\"><b>\u00a0<\/b><\/span>a trav\u00e9s de la cual se les indicar\u00e1n los requisitos para obtenerla.<\/p>\n<p class=\"p1\">El plazo de recepci\u00f3n de acreditaciones termina el mi\u00e9rcoles <span class=\"s1\"><b>20 de agosto<\/b><\/span>, as\u00ed que no ser\u00e1n atendidas aquellas solicitudes que sean presentadas a partir de esta fecha.<\/p>\n<p class=\"p3\"><b>Los interesados deber\u00e1n cumplir los siguientes requisitos:<\/b><\/p>\n<ul class=\"ul1\">\n<li class=\"li4\">COBERTURA PREVIA. Seguimiento de noticias o publicaci\u00f3n de reportaje previo sobre el festival en el caso de medios escritos (prensa e internet), o emisi\u00f3n de informaci\u00f3n previa al festival en el caso de emisoras de radio o TV.<\/li>\n<li class=\"li4\">COBERTURA POSTERIOR<i>. <\/i>Realizaci\u00f3n de un reportaje o cr\u00f3nica que cubra el desarrollo del festival o alguna de sus actividades. Se solicitar\u00e1 el env\u00edo de esta informaci\u00f3n al departamento de prensa del festival as\u00ed como los plazos y el calendario en los que se har\u00eda p\u00fablica.<\/li>\n<\/ul>\n<p class=\"p3\"><b>El n\u00famero de medios acreditados para festival es limitado.<\/b><\/p>\n<p class=\"p3\"><b>Los medios interesados en recibir las acreditaciones deber\u00e1n enviar la siguiente informaci\u00f3n:<\/b><\/p>\n<\/div><\/section><br \/>\n\n<style type=\"text\/css\" data-created_by=\"avia_inline_auto\" id=\"style-css-av-1nfbw7u-6a098661584fe113d83535d325e7ac94\">\n#top .hr.hr-invisible.av-1nfbw7u-6a098661584fe113d83535d325e7ac94{\nheight:50px;\n}\n<\/style>\n<div  class='hr av-1nfbw7u-6a098661584fe113d83535d325e7ac94 hr-invisible  avia-builder-el-8  el_after_av_textblock  el_before_av_textblock '><span class='hr-inner '><span class=\"hr-inner-style\"><\/span><\/span><\/div><br \/>\n\n<style type=\"text\/css\" data-created_by=\"avia_inline_auto\" id=\"style-css-av-223hyd9-69205c0f1e2d25127a1f010da544502e\">\n#top .av_textblock_section.av-223hyd9-69205c0f1e2d25127a1f010da544502e .avia_textblock{\nfont-size:30px;\ncolor:#ffffff;\n}\n<\/style>\n<section  class='av_textblock_section av-223hyd9-69205c0f1e2d25127a1f010da544502e'  itemscope=\"itemscope\" itemtype=\"https:\/\/schema.org\/CreativeWork\" ><div class='avia_textblock av_inherit_color'  itemprop=\"text\" ><h2><span style=\"color: #ffffff\">FORMULARIO PARA PRENSA<\/span><\/h2>\n<\/div><\/section><br \/>\n<form action=\"https:\/\/levfestival.com\/20\/prensa-gijon\/\" method=\"post\"  class=\"avia_ajax_form av-form-labels-visible   avia-builder-el-10  el_after_av_textblock  el_before_av_hr   \" data-avia-form-id=\"1\" data-avia-redirect='' ><fieldset><p class='  first_form  form_element form_fullwidth' id='element_avia_1_1'><label for=\"avia_1_1\">Nombre <abbr class=\"required\" title=\"requerido\">*<\/abbr><\/label> <input name=\"avia_1_1\" class=\"text_input is_empty\" type=\"text\" id=\"avia_1_1\" value=\"\" \/><\/p><p class='  first_form  form_element form_fullwidth' id='element_avia_2_1'><label for=\"avia_2_1\">Apellidos <abbr class=\"required\" title=\"requerido\">*<\/abbr><\/label> <input name=\"avia_2_1\" class=\"text_input is_empty\" type=\"text\" id=\"avia_2_1\" value=\"\" \/><\/p><p class='  first_form  form_element form_fullwidth' id='element_avia_3_1'><label for=\"avia_3_1\">DNI <abbr class=\"required\" title=\"requerido\">*<\/abbr><\/label> <input name=\"avia_3_1\" class=\"text_input is_empty\" type=\"text\" id=\"avia_3_1\" value=\"\" \/><\/p><p class='  first_form  form_element form_fullwidth' id='element_avia_4_1'><label for=\"avia_4_1\">Correo electr\u00f3nico <abbr class=\"required\" title=\"requerido\">*<\/abbr><\/label> <input name=\"avia_4_1\" class=\"text_input is_email\" type=\"text\" id=\"avia_4_1\" value=\"\" \/><\/p><p class='  first_form  form_element form_fullwidth' id='element_avia_5_1'><label for=\"avia_5_1\">N\u00ba de Tel\u00e9fono <abbr class=\"required\" title=\"requerido\">*<\/abbr><\/label> <input name=\"avia_5_1\" class=\"text_input is_empty\" type=\"text\" id=\"avia_5_1\" value=\"\" \/><\/p><p class='  first_form  form_element form_fullwidth' id='element_avia_6_1'><label for=\"avia_6_1\">Nombre del medio <abbr class=\"required\" title=\"requerido\">*<\/abbr><\/label> <input name=\"avia_6_1\" class=\"text_input is_empty\" type=\"text\" id=\"avia_6_1\" value=\"\" \/><\/p><p class='  first_form  form_element form_fullwidth' id='element_avia_7_1'><label for=\"avia_7_1\">Cargo en el medio <abbr class=\"required\" title=\"requerido\">*<\/abbr><\/label> <input name=\"avia_7_1\" class=\"text_input is_empty\" type=\"text\" id=\"avia_7_1\" value=\"\" \/><\/p><p class='  first_form  form_element form_fullwidth' id='element_avia_8_1'><label for=\"avia_8_1\">Responsable del medio <abbr class=\"required\" title=\"requerido\">*<\/abbr><\/label> <input name=\"avia_8_1\" class=\"text_input is_empty\" type=\"text\" id=\"avia_8_1\" value=\"\" \/><\/p><p class='  first_form  form_element form_fullwidth' id='element_avia_9_1'><label for=\"avia_9_1\">Direcci\u00f3n de contacto del medio <abbr class=\"required\" title=\"requerido\">*<\/abbr><\/label> <input name=\"avia_9_1\" class=\"text_input is_empty\" type=\"text\" id=\"avia_9_1\" value=\"\" \/><\/p><p class='  first_form  form_element form_fullwidth' id='element_avia_10_1'><label for=\"avia_10_1\">Reportaje previo <abbr class=\"required\" title=\"requerido\">*<\/abbr><\/label> <input name=\"avia_10_1\" class=\"text_input is_empty\" type=\"text\" id=\"avia_10_1\" value=\"\" \/><\/p><p class='  first_form  form_element form_fullwidth' id='element_avia_11_1'><label for=\"avia_11_1\">Asunto <abbr class=\"required\" title=\"requerido\">*<\/abbr><\/label> <input name=\"avia_11_1\" class=\"text_input is_empty\" type=\"text\" id=\"avia_11_1\" value=\"\" \/><\/p><p class='  first_form  form_element form_fullwidth av-last-visible-form-element' id='element_avia_12_1'><label for=\"avia_12_1\" class=\"textare_label hidden textare_label_avia_12_1\">Mensaje <abbr class=\"required\" title=\"requerido\">*<\/abbr><\/label><textarea  name=\"avia_12_1\" class=\"text_area is_empty\" cols=\"40\" rows=\"7\" id=\"avia_12_1\" ><\/textarea><\/p><p class=\"hidden\"><input type=\"text\" name=\"avia_13_1\" class=\"hidden \" id=\"avia_13_1\" value=\"\" \/><\/p><p class=\"form_element \"><input type=\"hidden\" value=\"1\" name=\"avia_generated_form1\" \/><input type=\"submit\" value=\"ENVIAR\" class=\"button\"  data-sending-label=\"Enviando\"\/><\/p><\/fieldset><\/form><div id=\"ajaxresponse_1\" class=\"ajaxresponse ajaxresponse_1 hidden\"><\/div><br \/>\n<div  class='hr av-z5kryi-a292dc208c5439610a427e44c008b6b8 hr-default  avia-builder-el-11  el_after_av_contact  el_before_av_textblock '><span class='hr-inner '><span class=\"hr-inner-style\"><\/span><\/span><\/div><br \/>\n\n<style type=\"text\/css\" data-created_by=\"avia_inline_auto\" id=\"style-css-av-223hyd9-03d26f02d16a7466779d305faa67bf30\">\n#top .av_textblock_section.av-223hyd9-03d26f02d16a7466779d305faa67bf30 .avia_textblock{\nfont-size:30px;\n}\n<\/style>\n<section  class='av_textblock_section av-223hyd9-03d26f02d16a7466779d305faa67bf30'  itemscope=\"itemscope\" itemtype=\"https:\/\/schema.org\/CreativeWork\" ><div class='avia_textblock'  itemprop=\"text\" ><h2><span style=\"color: #ffffff\">ARCHIVO DE PRENSA<\/span><\/h2>\n<\/div><\/section><br \/>\n<div  class='avia-icon-list-container av-wixxcq-e58b7436721013ae557d3e4d5764d258  avia-builder-el-13  el_after_av_textblock  avia-builder-el-last '><ul class='avia-icon-list avia_animate_when_almost_visible avia-icon-list-left av-iconlist-small av-wixxcq-e58b7436721013ae557d3e4d5764d258 avia-iconlist-animate'>\n<li><div class='iconlist_icon av-av_iconlist_item-7830783563c29384b30803cf26d65a1b avia-font-entypo-fontello'><span class='iconlist-char' aria-hidden='true' data-av_icon='\ue822' data-av_iconfont='entypo-fontello'><\/span><\/div><article class=\"article-icon-entry \"  itemscope=\"itemscope\" itemtype=\"https:\/\/schema.org\/CreativeWork\" ><div class=\"iconlist_content_wrap\"><header class=\"entry-content-header\"><div class='av_iconlist_title iconlist_title_small  '  itemprop=\"headline\" ><a href='https:\/\/levfestival.com\/20\/l-e-v-festival-anuncia-nuevas-fechas-para-gijon-y-avanza-tres-de-los-nombres-que-compondran-el-cartel-de-esta-edicion-2\/' title='LEV 2020_nota de prensa n\u00ba1: L.E.V. Festival anuncia nuevas fechas para Gij\u00f3n y avanza tres de los nombres del cartel de esta edici\u00f3n' target=\"_blank\"  rel=\"noopener noreferrer\">LEV 2020_nota de prensa n\u00ba1: L.E.V. Festival anuncia nuevas fechas para Gij\u00f3n y avanza tres de los nombres del cartel de esta edici\u00f3n<\/a><\/div><\/header><div class='iconlist_content '  itemprop=\"text\" ><p>15.01.2020<\/p>\n<\/div><\/div><footer class=\"entry-footer\"><\/footer><\/article><div class=\"iconlist-timeline\"><\/div><\/li>\n<li><div class='iconlist_icon av-av_iconlist_item-c5303d7cd3bc2633eeb647306c73c0d7 avia-font-entypo-fontello'><span class='iconlist-char' aria-hidden='true' data-av_icon='\ue822' data-av_iconfont='entypo-fontello'><\/span><\/div><article class=\"article-icon-entry \"  itemscope=\"itemscope\" itemtype=\"https:\/\/schema.org\/CreativeWork\" ><div class=\"iconlist_content_wrap\"><header class=\"entry-content-header\"><div class='av_iconlist_title iconlist_title_small  '  itemprop=\"headline\" ><a href='https:\/\/levfestival.com\/20\/nuevos-nombres-para-la-edicion-14-del-l-e-v-festival\/' title='LEV 2020_nota de prensa n\u00ba2: Nuevos nombres para la edici\u00f3n 14 del L.E.V. Festival'>LEV 2020_nota de prensa n\u00ba2: Nuevos nombres para la edici\u00f3n 14 del L.E.V. Festival<\/a><\/div><\/header><div class='iconlist_content '  itemprop=\"text\" ><p>14.02.2020<\/p>\n<\/div><\/div><footer class=\"entry-footer\"><\/footer><\/article><div class=\"iconlist-timeline\"><\/div><\/li>\n<\/ul><\/div><\/p><\/div>\n","protected":false},"excerpt":{"rendered":"","protected":false},"author":1,"featured_media":0,"parent":0,"menu_order":0,"comment_status":"closed","ping_status":"closed","template":"","meta":{"footnotes":""},"class_list":["post-12579","page","type-page","status-publish","hentry"],"yoast_head":"<!-- This site is optimized with the Yoast SEO plugin v20.7 - https:\/\/yoast.com\/wordpress\/plugins\/seo\/ -->\n<title>Prensa Gij\u00f3n - LEV Festival 2020<\/title>\n<meta name=\"robots\" content=\"index, follow, max-snippet:-1, max-image-preview:large, max-video-preview:-1\" \/>\n<link rel=\"canonical\" href=\"https:\/\/levfestival.com\/20\/prensa-gijon\/\" \/>\n<meta property=\"og:locale\" content=\"es_ES\" \/>\n<meta property=\"og:type\" content=\"article\" \/>\n<meta property=\"og:title\" content=\"LEV Festival 2020\" \/>\n<meta property=\"og:description\" content=\"L.E.V. (Laboratorio de Electr\u00f3nica Visual) es un festival centrado en la sinergia entre la imagen y el sonido mediante la creaci\u00f3n sonora electr\u00f3nica y las nuevas tendencias art\u00edsticas.\" \/>\n<meta property=\"og:url\" content=\"https:\/\/levfestival.com\/20\/prensa-gijon\/\" \/>\n<meta property=\"og:site_name\" content=\"LEV Festival 2020\" \/>\n<meta property=\"og:image\" content=\"https:\/\/levfestival.com\/20\/wp-content\/uploads\/sites\/13\/2020\/05\/cabecera_1200x630.jpg\" \/>\n\t<meta property=\"og:image:width\" content=\"1200\" \/>\n\t<meta property=\"og:image:height\" content=\"630\" \/>\n\t<meta property=\"og:image:type\" content=\"image\/jpeg\" \/>\n<meta name=\"twitter:card\" content=\"summary_large_image\" \/>\n<meta name=\"twitter:title\" content=\"LEV Festival 2020\" \/>\n<meta name=\"twitter:description\" content=\"L.E.V. (Laboratorio de Electr\u00f3nica Visual) es un festival centrado en la sinergia entre la imagen y el sonido mediante la creaci\u00f3n sonora electr\u00f3nica y las nuevas tendencias art\u00edsticas.\" \/>\n<meta name=\"twitter:image\" content=\"https:\/\/levfestival.com\/20\/wp-content\/uploads\/sites\/13\/2020\/05\/cabecera_1024x512.jpg\" \/>\n<meta name=\"twitter:label1\" content=\"Tiempo de lectura\" \/>\n\t<meta name=\"twitter:data1\" content=\"8 minutos\" \/>\n<script type=\"application\/ld+json\" class=\"yoast-schema-graph\">{\"@context\":\"https:\/\/schema.org\",\"@graph\":[{\"@type\":\"WebPage\",\"@id\":\"https:\/\/levfestival.com\/20\/prensa-gijon\/\",\"url\":\"https:\/\/levfestival.com\/20\/prensa-gijon\/\",\"name\":\"Prensa Gij\u00f3n - LEV Festival 2020\",\"isPartOf\":{\"@id\":\"https:\/\/levfestival.com\/20\/#website\"},\"datePublished\":\"2019-01-14T12:06:33+00:00\",\"dateModified\":\"2019-01-14T12:06:33+00:00\",\"breadcrumb\":{\"@id\":\"https:\/\/levfestival.com\/20\/prensa-gijon\/#breadcrumb\"},\"inLanguage\":\"es\",\"potentialAction\":[{\"@type\":\"ReadAction\",\"target\":[\"https:\/\/levfestival.com\/20\/prensa-gijon\/\"]}]},{\"@type\":\"BreadcrumbList\",\"@id\":\"https:\/\/levfestival.com\/20\/prensa-gijon\/#breadcrumb\",\"itemListElement\":[{\"@type\":\"ListItem\",\"position\":1,\"name\":\"Portada\",\"item\":\"https:\/\/levfestival.com\/20\/lev-general\/\"},{\"@type\":\"ListItem\",\"position\":2,\"name\":\"Prensa Gij\u00f3n\"}]},{\"@type\":\"WebSite\",\"@id\":\"https:\/\/levfestival.com\/20\/#website\",\"url\":\"https:\/\/levfestival.com\/20\/\",\"name\":\"LEV Festival 2020\",\"description\":\"\",\"potentialAction\":[{\"@type\":\"SearchAction\",\"target\":{\"@type\":\"EntryPoint\",\"urlTemplate\":\"https:\/\/levfestival.com\/20\/?s={search_term_string}\"},\"query-input\":\"required name=search_term_string\"}],\"inLanguage\":\"es\"}]}<\/script>\n<!-- \/ Yoast SEO plugin. -->","yoast_head_json":{"title":"Prensa Gij\u00f3n - LEV Festival 2020","robots":{"index":"index","follow":"follow","max-snippet":"max-snippet:-1","max-image-preview":"max-image-preview:large","max-video-preview":"max-video-preview:-1"},"canonical":"https:\/\/levfestival.com\/20\/prensa-gijon\/","og_locale":"es_ES","og_type":"article","og_title":"LEV Festival 2020","og_description":"L.E.V. (Laboratorio de Electr\u00f3nica Visual) es un festival centrado en la sinergia entre la imagen y el sonido mediante la creaci\u00f3n sonora electr\u00f3nica y las nuevas tendencias art\u00edsticas.","og_url":"https:\/\/levfestival.com\/20\/prensa-gijon\/","og_site_name":"LEV Festival 2020","og_image":[{"width":1200,"height":630,"url":"https:\/\/levfestival.com\/20\/wp-content\/uploads\/sites\/13\/2020\/05\/cabecera_1200x630.jpg","type":"image\/jpeg"}],"twitter_card":"summary_large_image","twitter_title":"LEV Festival 2020","twitter_description":"L.E.V. (Laboratorio de Electr\u00f3nica Visual) es un festival centrado en la sinergia entre la imagen y el sonido mediante la creaci\u00f3n sonora electr\u00f3nica y las nuevas tendencias art\u00edsticas.","twitter_image":"https:\/\/levfestival.com\/20\/wp-content\/uploads\/sites\/13\/2020\/05\/cabecera_1024x512.jpg","twitter_misc":{"Tiempo de lectura":"8 minutos"},"schema":{"@context":"https:\/\/schema.org","@graph":[{"@type":"WebPage","@id":"https:\/\/levfestival.com\/20\/prensa-gijon\/","url":"https:\/\/levfestival.com\/20\/prensa-gijon\/","name":"Prensa Gij\u00f3n - LEV Festival 2020","isPartOf":{"@id":"https:\/\/levfestival.com\/20\/#website"},"datePublished":"2019-01-14T12:06:33+00:00","dateModified":"2019-01-14T12:06:33+00:00","breadcrumb":{"@id":"https:\/\/levfestival.com\/20\/prensa-gijon\/#breadcrumb"},"inLanguage":"es","potentialAction":[{"@type":"ReadAction","target":["https:\/\/levfestival.com\/20\/prensa-gijon\/"]}]},{"@type":"BreadcrumbList","@id":"https:\/\/levfestival.com\/20\/prensa-gijon\/#breadcrumb","itemListElement":[{"@type":"ListItem","position":1,"name":"Portada","item":"https:\/\/levfestival.com\/20\/lev-general\/"},{"@type":"ListItem","position":2,"name":"Prensa Gij\u00f3n"}]},{"@type":"WebSite","@id":"https:\/\/levfestival.com\/20\/#website","url":"https:\/\/levfestival.com\/20\/","name":"LEV Festival 2020","description":"","potentialAction":[{"@type":"SearchAction","target":{"@type":"EntryPoint","urlTemplate":"https:\/\/levfestival.com\/20\/?s={search_term_string}"},"query-input":"required name=search_term_string"}],"inLanguage":"es"}]}},"_links":{"self":[{"href":"https:\/\/levfestival.com\/20\/wp-json\/wp\/v2\/pages\/12579","targetHints":{"allow":["GET"]}}],"collection":[{"href":"https:\/\/levfestival.com\/20\/wp-json\/wp\/v2\/pages"}],"about":[{"href":"https:\/\/levfestival.com\/20\/wp-json\/wp\/v2\/types\/page"}],"author":[{"embeddable":true,"href":"https:\/\/levfestival.com\/20\/wp-json\/wp\/v2\/users\/1"}],"replies":[{"embeddable":true,"href":"https:\/\/levfestival.com\/20\/wp-json\/wp\/v2\/comments?post=12579"}],"version-history":[{"count":0,"href":"https:\/\/levfestival.com\/20\/wp-json\/wp\/v2\/pages\/12579\/revisions"}],"wp:attachment":[{"href":"https:\/\/levfestival.com\/20\/wp-json\/wp\/v2\/media?parent=12579"}],"curies":[{"name":"wp","href":"https:\/\/api.w.org\/{rel}","templated":true}]}}