{"id":3573,"date":"2016-12-08T12:04:41","date_gmt":"2016-12-08T12:04:41","guid":{"rendered":"https:\/\/www.levfestival.com\/17\/?page_id=3573"},"modified":"2016-12-08T12:04:41","modified_gmt":"2016-12-08T12:04:41","slug":"como-llegar-gijon","status":"publish","type":"page","link":"https:\/\/levfestival.com\/20\/como-llegar-gijon\/","title":{"rendered":"Como llegar Gij\u00f3n"},"content":{"rendered":"\n<style type=\"text\/css\" data-created_by=\"avia_inline_auto\" id=\"style-css-av-k376mqq2-4893bb9c661e141e21e606dc17f1cc8c\">\n.avia-section.av-k376mqq2-4893bb9c661e141e21e606dc17f1cc8c{\nbackground-color:#000000;\nbackground-image:unset;\n}\n<\/style>\n<div id='av_section_1'  class='avia-section av-k376mqq2-4893bb9c661e141e21e606dc17f1cc8c main_color avia-section-default avia-no-border-styling  avia-builder-el-0  el_before_av_section  avia-builder-el-first  avia-bg-style-scroll av-minimum-height av-minimum-height-custom  container_wrap fullsize'   data-av_minimum_height_px='280'><div class='container av-section-cont-open' style='height:280px'><main  role=\"main\" itemprop=\"mainContentOfPage\"  class='template-page content  av-content-full alpha units'><div class='post-entry post-entry-type-page post-entry-3573'><div class='entry-content-wrapper clearfix'>\n\n<style type=\"text\/css\" data-created_by=\"avia_inline_auto\" id=\"style-css-av-5jrw7g6-6fe4f2d670c1f7d7bfa74b163390e4df\">\n#top .av_textblock_section.av-5jrw7g6-6fe4f2d670c1f7d7bfa74b163390e4df .avia_textblock{\ncolor:#ffffff;\n}\n<\/style>\n<section  class='av_textblock_section av-5jrw7g6-6fe4f2d670c1f7d7bfa74b163390e4df'  itemscope=\"itemscope\" itemtype=\"https:\/\/schema.org\/CreativeWork\" ><div class='avia_textblock av_inherit_color'  itemprop=\"text\" ><h2><span style=\"color: #ffffff\">C\u00d3MO LLEGAR<\/span><\/h2>\n<\/div><\/section>\n\n<\/div><\/div><\/main><!-- close content main element --><\/div><\/div><div id='av_section_2'  class='avia-section av-k6jtupnr-7bde9ac2d05e4a62ca882fe4e334e050 main_color avia-section-default avia-no-border-styling  avia-builder-el-2  el_after_av_section  el_before_av_one_full  mapa-div avia-bg-style-scroll container_wrap fullsize'  ><div class='container av-section-cont-open' ><div class='template-page content  av-content-full alpha units'><div class='post-entry post-entry-type-page post-entry-3573'><div class='entry-content-wrapper clearfix'>\n\n<\/div><\/div><\/div><!-- close content main div --><\/div><\/div><div id='after_section_2'  class='main_color av_default_container_wrap container_wrap fullsize'  ><div class='container av-section-cont-open' ><div class='template-page content  av-content-full alpha units'><div class='post-entry post-entry-type-page post-entry-3573'><div class='entry-content-wrapper clearfix'>\n\n<style type=\"text\/css\" data-created_by=\"avia_inline_auto\" id=\"style-css-av-jqs4huis-fb80e84b549f25b6f922c2de7c64027a\">\n.flex_column.av-jqs4huis-fb80e84b549f25b6f922c2de7c64027a{\n-webkit-border-radius:0px 0px 0px 0px;\n-moz-border-radius:0px 0px 0px 0px;\nborder-radius:0px 0px 0px 0px;\npadding:0px 0px 0px 10%;\n}\n<\/style>\n<div class='flex_column av-jqs4huis-fb80e84b549f25b6f922c2de7c64027a av_one_full  avia-builder-el-4  el_after_av_section  avia-builder-el-no-sibling  first flex_column_div '     ><p><section  class='av_textblock_section av-28c3et-f23d31619cef6a64a2f510c08d393f61'  itemscope=\"itemscope\" itemtype=\"https:\/\/schema.org\/CreativeWork\" ><div class='avia_textblock'  itemprop=\"text\" ><p><span style=\"color: #636363\"><strong>L.E.V.\u00a0<\/strong>se celebra en la ciudad de <strong>Gij\u00f3n<\/strong>. Desde sus inicios el L.E.V. se ha desarrollado en un edificio hist\u00f3rico muy vinculado a la memoria de nuestro pa\u00eds como es la antigua <strong>Universidad Laboral<\/strong>, ahora transformado en\u00a0<strong>Laboral Ciudad de la Cultura.<\/strong><\/span><\/p>\n<p><span style=\"color: #636363\">El Laboratorio de Electr\u00f3nica Visual reparte sus actividades en diferentes espacios de la Ciudad de la Cultura como son\u00a0el\u00a0<strong>Teatro de la Laboral,\u00a0LABoral Centro de Arte, La Sala de Pinturas o la Antigua Cocina<\/strong>, adem\u00e1s de en el\u00a0<strong>Jard\u00edn Bot\u00e1nico Atl\u00e1ntico<\/strong> y de espacios p\u00fablicos y culturales del centro urbano como el <strong>Centro de Cultura Antiguo Instituto o el\u00a0Mus\u00e9u del Pueblu d\u2019Asturies.<\/strong><\/span><\/p>\n<div class=\"page\" title=\"Page 3\"><\/div>\n<\/div><\/section><br \/>\n\n<style type=\"text\/css\" data-created_by=\"avia_inline_auto\" id=\"style-css-av-k6kwx4q2-0fb45f1e6cd61f98929d77b7eaa63b3d\">\n#top .hr.av-k6kwx4q2-0fb45f1e6cd61f98929d77b7eaa63b3d{\nmargin-top:20px;\nmargin-bottom:20px;\n}\n.hr.av-k6kwx4q2-0fb45f1e6cd61f98929d77b7eaa63b3d .hr-inner{\nwidth:100%;\nborder-color:#5fdd49;\n}\n<\/style>\n<div  class='hr av-k6kwx4q2-0fb45f1e6cd61f98929d77b7eaa63b3d hr-custom  avia-builder-el-6  el_after_av_textblock  el_before_av_textblock  hr-center hr-icon-no'><span class='hr-inner inner-border-av-border-thin'><span class=\"hr-inner-style\"><\/span><\/span><\/div><br \/>\n<section  class='av_textblock_section av-28c3et-3d7aae3ac4b4ba23c89badd54b6e9894'  itemscope=\"itemscope\" itemtype=\"https:\/\/schema.org\/CreativeWork\" ><div class='avia_textblock'  itemprop=\"text\" ><h2><span style=\"color: #ffffff\">Accesos<\/span><\/h2>\n<p><span style=\"color: #60dd49\"><strong>Servicios especiales de autob\u00fas\u00a0durante el festival,<\/strong>\u00a0horario al terminar el festival:<\/span><\/p>\n<p><span style=\"color: #60dd49\">\u2013 Viernes 1 de Mayo: Horario por confirmar<\/span><\/p>\n<p><span style=\"color: #60dd49\">\u2013 S\u00e1bado 2 de Mayo: Horario por confirmar<\/span><\/p>\n<p><span style=\"color: #60dd49\">Precio del billete: 1,25\u20ac<\/span><\/p>\n<h4><span style=\"color: #636363\"><strong>AUTOB\u00daS<\/strong><\/span><\/h4>\n<p><span style=\"color: #636363\">L\u00edneas\u00a0<strong><a style=\"color: #636363\" href=\"https:\/\/levfestival.com\/18\/wp-content\/uploads\/2018\/04\/Linea-1.pdf\">L1<\/a>, <a style=\"color: #636363\" href=\"https:\/\/levfestival.com\/18\/wp-content\/uploads\/2018\/04\/Linea-2.pdf\">L2<\/a>, <a style=\"color: #636363\" href=\"https:\/\/levfestival.com\/18\/wp-content\/uploads\/2018\/04\/Linea-10.pdf\">L10<\/a> y <a style=\"color: #636363\" href=\"https:\/\/levfestival.com\/18\/wp-content\/uploads\/2018\/04\/Linea-18.pdf\">L18<\/a><\/strong>.<\/span><\/p>\n<p><span style=\"color: #636363\">Desc\u00e1rgate la<strong> APLICACI\u00d3N M\u00d3VIL<\/strong> oficial de EMTUSA <a style=\"color: #636363\" href=\"https:\/\/bus.gijon.es\/page\/18440-consulta-de-tiempos-online\">AQU\u00cd\u00a0<\/a>para tus desplazamientos en autob\u00fas por la ciudad.<\/span><\/p>\n<h4><span style=\"color: #636363\"><strong>EN COCHE DESDE LA AUTOPISTA Y AEROPUERTO<\/strong><\/span><\/h4>\n<p><span style=\"color: #636363\">Tomar la autopista A8 en direcci\u00f3n a Gij\u00f3n.<\/span><\/p>\n<p><span style=\"color: #636363\">Llegando a Gij\u00f3n tomar la Ronda.<\/span><\/p>\n<p><span style=\"color: #636363\">Tomar la salida km.385 en direcci\u00f3n a Viesques.<\/span><\/p>\n<p><span style=\"color: #636363\">Seguir indicaciones a Hospital Cabue\u00f1es.<\/span><\/p>\n<p><span style=\"color: #636363\">En la tercera glorieta tomar la tercera salida.<\/span><\/p>\n<p><span style=\"color: #636363\"><strong>Laboral Ciudad de la Cultura<\/strong> cuenta con un aparcamiento p\u00fablico.<\/span><\/p>\n<\/div><\/section><br \/>\n\n<style type=\"text\/css\" data-created_by=\"avia_inline_auto\" id=\"style-css-av-k6kwx4q2-0fb45f1e6cd61f98929d77b7eaa63b3d\">\n#top .hr.av-k6kwx4q2-0fb45f1e6cd61f98929d77b7eaa63b3d{\nmargin-top:20px;\nmargin-bottom:20px;\n}\n.hr.av-k6kwx4q2-0fb45f1e6cd61f98929d77b7eaa63b3d .hr-inner{\nwidth:100%;\nborder-color:#5fdd49;\n}\n<\/style>\n<div  class='hr av-k6kwx4q2-0fb45f1e6cd61f98929d77b7eaa63b3d hr-custom  avia-builder-el-8  el_after_av_textblock  el_before_av_textblock  hr-center hr-icon-no'><span class='hr-inner inner-border-av-border-thin'><span class=\"hr-inner-style\"><\/span><\/span><\/div><br \/>\n<section  class='av_textblock_section av-28c3et-f23d31619cef6a64a2f510c08d393f61'  itemscope=\"itemscope\" itemtype=\"https:\/\/schema.org\/CreativeWork\" ><div class='avia_textblock'  itemprop=\"text\" ><h2><span style=\"color: #ffffff\">D\u00f3nde dormir<\/span><\/h2>\n<p><span style=\"color: #636363\">El municipio de <strong>Gij\u00f3n<\/strong> dispone adem\u00e1s de un amplio n\u00famero de alojamientos, desde <a style=\"color: #636363\" href=\"https:\/\/www.gijon.info\/page\/7118-hoteles\" target=\"_blank\" rel=\"noopener noreferrer\">hoteles<\/a>\u00a0y\u00a0<a style=\"color: #636363\" href=\"https:\/\/www.gijon.info\/page\/5091-pensiones\" target=\"_blank\" rel=\"noopener noreferrer\">pensiones<\/a>\u00a0hasta\u00a0<a style=\"color: #636363\" href=\"https:\/\/www.gijon.info\/page\/5093-camping\" target=\"_blank\" rel=\"noopener noreferrer\">campings<\/a>, pasando por\u00a0<a style=\"color: #636363\" href=\"https:\/\/www.gijon.info\/page\/5090-hostales\" target=\"_blank\" rel=\"noopener noreferrer\">hostales<\/a>\u00a0y\u00a0<a style=\"color: #636363\" href=\"https:\/\/www.gijon.info\/page\/5095-casas-de-aldea\" target=\"_blank\" rel=\"noopener noreferrer\">casas de aldea<\/a>. Toda la informaci\u00f3n acerca de direcciones, tarifas, disponibilidad e instalaciones puede consultarse en:<\/span><\/p>\n<p><span style=\"color: #636363\"><a style=\"color: #636363\" href=\"http:\/\/www.gijon.info\" target=\"_blank\" rel=\"noopener noreferrer\">www.gijon.info<\/a><\/span><\/p>\n<\/div><\/section><\/p><\/div>\n","protected":false},"excerpt":{"rendered":"","protected":false},"author":1,"featured_media":0,"parent":0,"menu_order":0,"comment_status":"closed","ping_status":"closed","template":"","meta":{"footnotes":""},"class_list":["post-3573","page","type-page","status-publish","hentry"],"yoast_head":"<!-- This site is optimized with the Yoast SEO plugin v20.7 - https:\/\/yoast.com\/wordpress\/plugins\/seo\/ -->\n<title>Como llegar Gij\u00f3n - LEV Festival 2020<\/title>\n<meta name=\"robots\" content=\"index, follow, max-snippet:-1, max-image-preview:large, max-video-preview:-1\" \/>\n<link rel=\"canonical\" href=\"https:\/\/levfestival.com\/20\/como-llegar-gijon\/\" \/>\n<meta property=\"og:locale\" content=\"es_ES\" \/>\n<meta property=\"og:type\" content=\"article\" \/>\n<meta property=\"og:title\" content=\"L.E.V. Festival 2020_C\u00f3mo llegar\" \/>\n<meta property=\"og:description\" content=\"L.E.V. (Laboratorio de Electr\u00f3nica Visual) es un festival centrado en la sinergia entre la imagen y el sonido mediante la creaci\u00f3n sonora electr\u00f3nica y las nuevas tendencias art\u00edsticas.\" \/>\n<meta property=\"og:url\" content=\"https:\/\/levfestival.com\/20\/como-llegar-gijon\/\" \/>\n<meta property=\"og:site_name\" content=\"LEV Festival 2020\" \/>\n<meta property=\"og:image\" content=\"https:\/\/levfestival.com\/20\/wp-content\/uploads\/sites\/13\/2020\/05\/cabecera_1200x630.jpg\" \/>\n\t<meta property=\"og:image:width\" content=\"1200\" \/>\n\t<meta property=\"og:image:height\" content=\"630\" \/>\n\t<meta property=\"og:image:type\" content=\"image\/jpeg\" \/>\n<meta name=\"twitter:card\" content=\"summary_large_image\" \/>\n<meta name=\"twitter:title\" content=\"L.E.V. Festival 2020_C\u00f3mo llegar\" \/>\n<meta name=\"twitter:image\" content=\"https:\/\/levfestival.com\/20\/wp-content\/uploads\/sites\/13\/2020\/05\/cabecera_1024x512.jpg\" \/>\n<meta name=\"twitter:label1\" content=\"Tiempo de lectura\" \/>\n\t<meta name=\"twitter:data1\" content=\"5 minutos\" \/>\n<script type=\"application\/ld+json\" class=\"yoast-schema-graph\">{\"@context\":\"https:\/\/schema.org\",\"@graph\":[{\"@type\":\"WebPage\",\"@id\":\"https:\/\/levfestival.com\/20\/como-llegar-gijon\/\",\"url\":\"https:\/\/levfestival.com\/20\/como-llegar-gijon\/\",\"name\":\"Como llegar Gij\u00f3n - LEV Festival 2020\",\"isPartOf\":{\"@id\":\"https:\/\/levfestival.com\/20\/#website\"},\"datePublished\":\"2016-12-08T12:04:41+00:00\",\"dateModified\":\"2016-12-08T12:04:41+00:00\",\"breadcrumb\":{\"@id\":\"https:\/\/levfestival.com\/20\/como-llegar-gijon\/#breadcrumb\"},\"inLanguage\":\"es\",\"potentialAction\":[{\"@type\":\"ReadAction\",\"target\":[\"https:\/\/levfestival.com\/20\/como-llegar-gijon\/\"]}]},{\"@type\":\"BreadcrumbList\",\"@id\":\"https:\/\/levfestival.com\/20\/como-llegar-gijon\/#breadcrumb\",\"itemListElement\":[{\"@type\":\"ListItem\",\"position\":1,\"name\":\"Portada\",\"item\":\"https:\/\/levfestival.com\/20\/lev-general\/\"},{\"@type\":\"ListItem\",\"position\":2,\"name\":\"Como llegar Gij\u00f3n\"}]},{\"@type\":\"WebSite\",\"@id\":\"https:\/\/levfestival.com\/20\/#website\",\"url\":\"https:\/\/levfestival.com\/20\/\",\"name\":\"LEV Festival 2020\",\"description\":\"\",\"potentialAction\":[{\"@type\":\"SearchAction\",\"target\":{\"@type\":\"EntryPoint\",\"urlTemplate\":\"https:\/\/levfestival.com\/20\/?s={search_term_string}\"},\"query-input\":\"required name=search_term_string\"}],\"inLanguage\":\"es\"}]}<\/script>\n<!-- \/ Yoast SEO plugin. -->","yoast_head_json":{"title":"Como llegar Gij\u00f3n - LEV Festival 2020","robots":{"index":"index","follow":"follow","max-snippet":"max-snippet:-1","max-image-preview":"max-image-preview:large","max-video-preview":"max-video-preview:-1"},"canonical":"https:\/\/levfestival.com\/20\/como-llegar-gijon\/","og_locale":"es_ES","og_type":"article","og_title":"L.E.V. Festival 2020_C\u00f3mo llegar","og_description":"L.E.V. (Laboratorio de Electr\u00f3nica Visual) es un festival centrado en la sinergia entre la imagen y el sonido mediante la creaci\u00f3n sonora electr\u00f3nica y las nuevas tendencias art\u00edsticas.","og_url":"https:\/\/levfestival.com\/20\/como-llegar-gijon\/","og_site_name":"LEV Festival 2020","og_image":[{"width":1200,"height":630,"url":"https:\/\/levfestival.com\/20\/wp-content\/uploads\/sites\/13\/2020\/05\/cabecera_1200x630.jpg","type":"image\/jpeg"}],"twitter_card":"summary_large_image","twitter_title":"L.E.V. Festival 2020_C\u00f3mo llegar","twitter_image":"https:\/\/levfestival.com\/20\/wp-content\/uploads\/sites\/13\/2020\/05\/cabecera_1024x512.jpg","twitter_misc":{"Tiempo de lectura":"5 minutos"},"schema":{"@context":"https:\/\/schema.org","@graph":[{"@type":"WebPage","@id":"https:\/\/levfestival.com\/20\/como-llegar-gijon\/","url":"https:\/\/levfestival.com\/20\/como-llegar-gijon\/","name":"Como llegar Gij\u00f3n - LEV Festival 2020","isPartOf":{"@id":"https:\/\/levfestival.com\/20\/#website"},"datePublished":"2016-12-08T12:04:41+00:00","dateModified":"2016-12-08T12:04:41+00:00","breadcrumb":{"@id":"https:\/\/levfestival.com\/20\/como-llegar-gijon\/#breadcrumb"},"inLanguage":"es","potentialAction":[{"@type":"ReadAction","target":["https:\/\/levfestival.com\/20\/como-llegar-gijon\/"]}]},{"@type":"BreadcrumbList","@id":"https:\/\/levfestival.com\/20\/como-llegar-gijon\/#breadcrumb","itemListElement":[{"@type":"ListItem","position":1,"name":"Portada","item":"https:\/\/levfestival.com\/20\/lev-general\/"},{"@type":"ListItem","position":2,"name":"Como llegar Gij\u00f3n"}]},{"@type":"WebSite","@id":"https:\/\/levfestival.com\/20\/#website","url":"https:\/\/levfestival.com\/20\/","name":"LEV Festival 2020","description":"","potentialAction":[{"@type":"SearchAction","target":{"@type":"EntryPoint","urlTemplate":"https:\/\/levfestival.com\/20\/?s={search_term_string}"},"query-input":"required name=search_term_string"}],"inLanguage":"es"}]}},"_links":{"self":[{"href":"https:\/\/levfestival.com\/20\/wp-json\/wp\/v2\/pages\/3573","targetHints":{"allow":["GET"]}}],"collection":[{"href":"https:\/\/levfestival.com\/20\/wp-json\/wp\/v2\/pages"}],"about":[{"href":"https:\/\/levfestival.com\/20\/wp-json\/wp\/v2\/types\/page"}],"author":[{"embeddable":true,"href":"https:\/\/levfestival.com\/20\/wp-json\/wp\/v2\/users\/1"}],"replies":[{"embeddable":true,"href":"https:\/\/levfestival.com\/20\/wp-json\/wp\/v2\/comments?post=3573"}],"version-history":[{"count":0,"href":"https:\/\/levfestival.com\/20\/wp-json\/wp\/v2\/pages\/3573\/revisions"}],"wp:attachment":[{"href":"https:\/\/levfestival.com\/20\/wp-json\/wp\/v2\/media?parent=3573"}],"curies":[{"name":"wp","href":"https:\/\/api.w.org\/{rel}","templated":true}]}}