{"id":8707,"date":"2017-12-12T10:27:47","date_gmt":"2017-12-12T10:27:47","guid":{"rendered":"https:\/\/levfestival.com\/18\/?page_id=8707"},"modified":"2017-12-12T10:27:47","modified_gmt":"2017-12-12T10:27:47","slug":"condiciones-legales","status":"publish","type":"page","link":"https:\/\/levfestival.com\/20\/condiciones-legales\/","title":{"rendered":"Condiciones legales"},"content":{"rendered":"<div id='full_slider_1'  class='avia-fullwidth-slider main_color avia-shadow   avia-builder-el-0  el_before_av_section  avia-builder-el-first   container_wrap fullsize'  ><div  class='avia-slideshow av-jn1jqkpe-27ef20b5d439f6df5c70aabdcb5cdea1 avia-slideshow-no scaling av_slideshow_full avia-slide-slider av-slideshow-ui av-control-default av-slideshow-manual av-loop-once av-loop-manual-endless   avia-slideshow-1' data-slideshow-options=\"{&quot;animation&quot;:&quot;slide&quot;,&quot;autoplay&quot;:false,&quot;loop_autoplay&quot;:&quot;once&quot;,&quot;interval&quot;:5,&quot;loop_manual&quot;:&quot;manual-endless&quot;,&quot;autoplay_stopper&quot;:false,&quot;noNavigation&quot;:false,&quot;bg_slider&quot;:false,&quot;keep_padding&quot;:false,&quot;hoverpause&quot;:false,&quot;show_slide_delay&quot;:0}\"  itemprop=\"image\" itemscope=\"itemscope\" itemtype=\"https:\/\/schema.org\/ImageObject\" ><ul class='avia-slideshow-inner ' ><\/ul><\/div><\/div>\n\n<style type=\"text\/css\" data-created_by=\"avia_inline_auto\" id=\"style-css-av-11loxi3-0197e5ea785e07593c9801eeb6f99718\">\n.avia-section.av-11loxi3-0197e5ea785e07593c9801eeb6f99718 .av-section-color-overlay{\nopacity:0.9;\nbackground-color:#000000;\n}\n<\/style>\n<div id='borde-gijon'  class='avia-section av-11loxi3-0197e5ea785e07593c9801eeb6f99718 main_color avia-section-no-padding avia-no-shadow  avia-builder-el-1  el_after_av_slideshow_full  el_before_av_one_full  avia-bg-style-parallax av-section-color-overlay-active av-minimum-height av-minimum-height-custom  container_wrap fullsize'   data-av_minimum_height_px='110'><div class=\"av-section-color-overlay-wrap\"><div class=\"av-section-color-overlay\"><\/div><div class='container av-section-cont-open' style='height:110px'><div class='template-page content  av-content-full alpha units'><div class='post-entry post-entry-type-page post-entry-8707'><div class='entry-content-wrapper clearfix'>\n\n<style type=\"text\/css\" data-created_by=\"avia_inline_auto\" id=\"style-css-av-zq65sb-082b365a3ce741d8022a6645feba6698\">\n#top .av_textblock_section.av-zq65sb-082b365a3ce741d8022a6645feba6698 .avia_textblock{\ncolor:#ffffff;\n}\n<\/style>\n<section  class='av_textblock_section av-zq65sb-082b365a3ce741d8022a6645feba6698'  itemscope=\"itemscope\" itemtype=\"https:\/\/schema.org\/CreativeWork\" ><div class='avia_textblock av_inherit_color'  itemprop=\"text\" ><h2 style=\"text-align: center\">CONDICIONES LEGALES<\/h2>\n<\/div><\/section>\n<\/div><\/div><\/div><!-- close content main div --><\/div><\/div><\/div><div id='after_section_1'  class='main_color av_default_container_wrap container_wrap fullsize'  ><div class='container av-section-cont-open' ><div class='template-page content  av-content-full alpha units'><div class='post-entry post-entry-type-page post-entry-8707'><div class='entry-content-wrapper clearfix'>\n\n<style type=\"text\/css\" data-created_by=\"avia_inline_auto\" id=\"style-css-av-jqs5gbx2-f41e8067b4bc0baeebd1fb22c43b3a85\">\n.flex_column.av-jqs5gbx2-f41e8067b4bc0baeebd1fb22c43b3a85{\n-webkit-border-radius:0px 0px 0px 0px;\n-moz-border-radius:0px 0px 0px 0px;\nborder-radius:0px 0px 0px 0px;\npadding:0px 10% 0px 10%;\n}\n<\/style>\n<div class='flex_column av-jqs5gbx2-f41e8067b4bc0baeebd1fb22c43b3a85 av_one_full  avia-builder-el-3  el_after_av_section  avia-builder-el-no-sibling  first flex_column_div '     ><style type=\"text\/css\" data-created_by=\"avia_inline_auto\" id=\"style-css-av-jqs5duha-33d8137ef406f8ced2387a48376947dc\">\n#top .av_textblock_section.av-jqs5duha-33d8137ef406f8ced2387a48376947dc .avia_textblock{\ncolor:#222222;\n}\n<\/style>\n<section  class='av_textblock_section av-jqs5duha-33d8137ef406f8ced2387a48376947dc'  itemscope=\"itemscope\" itemtype=\"https:\/\/schema.org\/CreativeWork\" ><div class='avia_textblock av_inherit_color'  itemprop=\"text\" ><p><strong>AVISO LEGAL<\/strong><\/p>\n<p>Denominaci\u00f3n Social:\u00a0DATATRON FIUM, S.L.<br \/>\nInscrita en el Registro Mercatil de Asturias<br \/>\nDomicilio Social: C\/ Manuel Junquera n\u00ba 27 \u2013 Bajo \u2013 33204 Gij\u00f3n &#8211; Asturias<br \/>\nCIF: B52558475<br \/>\nTel\u00e9fono: 985 095 257<br \/>\ne-Mail:info@levfestival.com<br \/>\nNombre de dominio: www.levfestival.com<\/p>\n<p><strong>OBJETO<\/strong><\/p>\n<p>El prestador, responsable del sitio web, pone a disposici\u00f3n de los usuarios el presente documento con el que pretende dar cumplimiento a las obligaciones dispuestas en la Ley 34\/2002, de Servicios de la Sociedad de la Informaci\u00f3n y del Comercio Electr\u00f3nico (LSSI-CE), as\u00ed como informar a todos los usuarios del sitio web respecto a cu\u00e1les son las condiciones de uso del sitio web.<\/p>\n<p>Toda persona que acceda a este sitio web asume el papel de usuario, comprometi\u00e9ndose a la observancia y cumplimiento riguroso de las disposiciones aqu\u00ed dispuestas, as\u00ed como a cualesquiera otra disposici\u00f3n legal que fuera de aplicaci\u00f3n.<\/p>\n<p>El prestador se reserva el derecho a modificar cualquier tipo de informaci\u00f3n que pudiera aparecer en el sitio web, sin que exista obligaci\u00f3n de preavisar o poner en conocimiento de los usuarios dichas obligaciones, entendi\u00e9ndose como suficiente con la publicaci\u00f3n en el sitio web del prestador.<\/p>\n<p><strong>RESPONSABILIDAD<\/strong><\/p>\n<p>El prestador se exime de cualquier tipo de responsabilidad derivada de la informaci\u00f3n publicada en su sitio web, siempre que esta informaci\u00f3n haya sido manipulada o introducida por un tercero ajeno al mismo.<br \/>\nDesde el sitio web del cliente es posible que se redirija a contenidos de terceros sitios web. Dado que el prestador no puede controlar siempre los contenidos introducidos por los terceros en sus sitios web, \u00e9ste no asume ning\u00fan tipo de responsabilidad respecto a dichos contenidos. En todo caso, el prestador manifiesta que proceder\u00e1 a la retirada inmediata de cualquier contenido que pudiera contravenir la legislaci\u00f3n nacional o internacional, la moral o el orden p\u00fablico, procediendo a la retirada inmediata de la redirecci\u00f3n a dicho sitio web, poniendo en conocimiento de las autoridades competentes el contenido en cuesti\u00f3n.<\/p>\n<p>El prestador no se hace responsable de la informaci\u00f3n y contenidos almacenados, a t\u00edtulo enunciativo pero no limitativo, en foros, chat\u00b4s, generadores de blogs, comentarios, redes sociales o cualesquiera otro medio que permita a terceros publicar contenidos de forma independiente en la p\u00e1gina web del prestador. No obstante y en cumplimiento de lo dispuesto en el art. 11 y 16 de la LSSI-CE, el prestador se pone a disposici\u00f3n de todos los usuarios, autoridades y fuerzas de seguridad, y colaborando de forma activa en la retirada o en su caso bloqueo de todos aquellos contenidos que pudieran afectar o contravenir la legislaci\u00f3n nacional, o internacional, derechos de terceros o la moral y el orden p\u00fablico. En caso de que el usuario considere que existe en el sitio web alg\u00fan contenido que pudiera ser susceptible de esta clasificaci\u00f3n, se ruega lo notifique de forma inmediata al administrador del sitio web.<\/p>\n<p>Este sitio web ha sido revisado y probado para que funcione correctamente. En principio, puede garantizarse el correcto funcionamiento los 365 d\u00edas del a\u00f1o, 24 horas al d\u00eda. No obstante, el prestador no descarta la posibilidad de que existan ciertos errores de programaci\u00f3n, o que acontezcan causas de fuerza mayor, cat\u00e1strofes naturales, huelgas, o circunstancias semejantes que hagan imposible el acceso a la p\u00e1gina web.<\/p>\n<p><strong>PROTECCI\u00d3N DE DATOS PERSONALES<\/strong><\/p>\n<p>El prestador se encuentra profundamente comprometido con el cumplimiento de la normativa espa\u00f1ola de protecci\u00f3n de datos de car\u00e1cter personal, y garantiza el cumplimiento \u00edntegro de las obligaciones dispuestas, as\u00ed como la implementaci\u00f3n de las medidas de seguridad dispuestas en el art. 9 de la Ley 15\/1999, de Protecci\u00f3n de Datos de Car\u00e1cter Personal (LOPD) y en el Reglamento de Desarrollo de la LOPD.<\/p>\n<p><strong>PROPIEDAD INTELECTUAL E INDUSTRIAL<\/strong><\/p>\n<p>El sitio web, incluyendo a t\u00edtulo enunciativo pero no limitativo su programaci\u00f3n, edici\u00f3n, compilaci\u00f3n y dem\u00e1s elementos necesarios para su funcionamiento, los dise\u00f1os, logotipos, texto y\/o gr\u00e1ficos son propiedad del prestador o en su caso dispone de licencia o autorizaci\u00f3n expresa por parte de los autores. Todos los contenidos del sitio web se encuentran debidamente protegidos por la normativa de propiedad intelectual e industrial.<\/p>\n<p>Independientemente de la finalidad para la que fueran destinados, la reproducci\u00f3n total o parcial, uso, explotaci\u00f3n, distribuci\u00f3n y comercializaci\u00f3n, requiere en todo caso de la autorizaci\u00f3n escrita previa por parte del prestador. Cualquier uso no autorizado previamente por parte del prestador ser\u00e1 considerado un incumplimiento grave de los derechos de propiedad intelectual o industrial del autor.<\/p>\n<p><strong>POL\u00cdTICA DE PRIVACIDAD<\/strong><\/p>\n<ol>\n<li>Pol\u00edtica de privacidad<\/li>\n<\/ol>\n<p>DATATRON Fium, S.L. informa a los usuarios del sitio web sobre su pol\u00edtica respecto del tratamiento y protecci\u00f3n de los datos de car\u00e1cter personal de los usuarios y clientes que puedan ser recabados por la navegaci\u00f3n o contrataci\u00f3n de servicios a trav\u00e9s de su sitio web.<br \/>\nEn este sentido, DATATRON Fium, S.L. garantiza el cumplimiento de la normativa vigente en materia de protecci\u00f3n de datos personales, reflejada en la Ley Org\u00e1nica 15\/1999 de 13 de diciembre, de Protecci\u00f3n de Datos de Car\u00e1cter Personal y en el Real Decreto 1720\/2007, de 21 diciembre, por el que se aprueba el Reglamento de Desarrollo de la LOPD.<br \/>\nEl uso de esta web implica la aceptaci\u00f3n de esta pol\u00edtica de privacidad.<\/p>\n<ol start=\"2\">\n<li>Recogida, finalidad y tratamientos de datos<\/li>\n<\/ol>\n<p>DATATRON Fium, S.L. tiene el deber de informar a los usuarios de su sitio web acerca de la recogida de datos de car\u00e1cter personal que pueden llevarse a cabo, bien sea mediante el env\u00edo de correo electr\u00f3nico o al cumplimentar los formularios incluidos en el sitio web. En este sentido, DATATRON Fium, S.L. ser\u00e1 considerada como responsable de los datos recabados mediante los medios anteriormente descritos.<\/p>\n<p>Igualmente informa a los usuarios de que la finalidad del tratamiento de los datos recabados contempla, la atenci\u00f3n de solicitudes realizadas por los usuarios, la inclusi\u00f3n en la agenda de contactos, as\u00ed como la prestaci\u00f3n de servicios de informaci\u00f3n y noticias relacionada con la p\u00e1gina web.<\/p>\n<p>Las operaciones, gestiones y procedimientos t\u00e9cnicos que se realicen de forma automatizada o no automatizada y que posibiliten la recogida, el almacenamiento, la modificaci\u00f3n, la transferencia y otras acciones sobre datos de car\u00e1cter personal, tienen la consideraci\u00f3n de tratamiento de datos personales.<\/p>\n<p>Todos los datos personales, que sean recogidos a trav\u00e9s del sitio web de DATATRON Fium, S.L. y por tanto tenga la consideraci\u00f3n de tratamiento de datos de car\u00e1cter personal, ser\u00e1n incorporados en los ficheros declarados ante la Agencia Espa\u00f1ola de Protecci\u00f3n de Datos por DATATRON Fium, S.L.<\/p>\n<ol start=\"3\">\n<li>Comunicaci\u00f3n de informaci\u00f3n a terceros<\/li>\n<\/ol>\n<p>DATATRON Fium, S.L. informa a los usuarios de que sus datos personales no ser\u00e1n cedidos a terceras organizaciones, con la salvedad de que dicha cesi\u00f3n de datos este amparada en una obligaci\u00f3n legal o cuando la prestaci\u00f3n de un servicio implique la necesidad de una relaci\u00f3n contractual con un encargado de tratamiento. En este \u00faltimo caso, solo se llevar\u00e1 a cabo la cesi\u00f3n de datos al tercero cuando DATATRON Fium, S.L. disponga del consentimiento expreso del usuario.<\/p>\n<ol start=\"4\">\n<li>Derechos de los usuarios<\/li>\n<\/ol>\n<p>La Ley Org\u00e1nica 15\/1999, de 13 de diciembre, de Protecci\u00f3n de Datos de Car\u00e1cter Personal concede a los interesados la posibilidad de ejercer una serie de derechos relacionados con el tratamiento de sus datos personales.<\/p>\n<p>En tanto en cuanto los datos del usuario son objeto de tratamiento por parte de DATATRON Fium, S.L., los usuarios podr\u00e1n ejercer los derechos de acceso, rectificaci\u00f3n, cancelaci\u00f3n y oposici\u00f3n de acuerdo con lo previsto en la normativa legal vigente en materia de protecci\u00f3n de datos personales.<\/p>\n<p>Para hacer uso del ejercicio de estos derechos, el usuario deber\u00e1 dirigirse mediante comunicaci\u00f3n escrita, aportando documentaci\u00f3n que acredite su identidad (DNI o pasaporte), a la siguiente direcci\u00f3n: DATATRON Fium, S.L. \u2013 Calle Manuel Junquera n\u00ba 27 \u2013 Bj; 33204 Gij\u00f3n, Asturias o v\u00eda mail a info@levfestival.com. Dicha comunicaci\u00f3n deber\u00e1 reflejar la siguiente informaci\u00f3n: Nombre y apellidos del usuario, la petici\u00f3n de solicitud, el domicilio y los datos acreditativos. El ejercicio de derechos deber\u00e1 ser realizado por el propio usuario. No obstante, podr\u00e1n ser ejecutados por una persona autorizada como representante legal, aportando la documentaci\u00f3n que acredite dicha representaci\u00f3n.\u201d<\/p>\n<\/div><\/section><\/div>\n","protected":false},"excerpt":{"rendered":"","protected":false},"author":1,"featured_media":0,"parent":0,"menu_order":0,"comment_status":"closed","ping_status":"closed","template":"","meta":{"footnotes":""},"class_list":["post-8707","page","type-page","status-publish","hentry"],"yoast_head":"<!-- This site is optimized with the Yoast SEO plugin v20.7 - https:\/\/yoast.com\/wordpress\/plugins\/seo\/ -->\n<title>Condiciones legales - LEV Festival 2020<\/title>\n<meta name=\"robots\" content=\"index, follow, max-snippet:-1, max-image-preview:large, max-video-preview:-1\" \/>\n<link rel=\"canonical\" href=\"https:\/\/levfestival.com\/20\/condiciones-legales\/\" \/>\n<meta property=\"og:locale\" content=\"es_ES\" \/>\n<meta property=\"og:type\" content=\"article\" \/>\n<meta property=\"og:title\" content=\"L.E.V. Festival\" \/>\n<meta property=\"og:description\" content=\"[Laboratorio de Electr\u00f3nica Visual] 2019\" \/>\n<meta property=\"og:url\" content=\"https:\/\/levfestival.com\/20\/condiciones-legales\/\" \/>\n<meta property=\"og:site_name\" content=\"LEV Festival 2020\" \/>\n<meta name=\"twitter:card\" content=\"summary_large_image\" \/>\n<meta name=\"twitter:title\" content=\"L.E.V. Festival\" \/>\n<meta name=\"twitter:description\" content=\"[Laboratorio de Electr\u00f3nica Visual] 2019\" \/>\n<meta name=\"twitter:label1\" content=\"Tiempo de lectura\" \/>\n\t<meta name=\"twitter:data1\" content=\"9 minutos\" \/>\n<script type=\"application\/ld+json\" class=\"yoast-schema-graph\">{\"@context\":\"https:\/\/schema.org\",\"@graph\":[{\"@type\":\"WebPage\",\"@id\":\"https:\/\/levfestival.com\/20\/condiciones-legales\/\",\"url\":\"https:\/\/levfestival.com\/20\/condiciones-legales\/\",\"name\":\"Condiciones legales - LEV Festival 2020\",\"isPartOf\":{\"@id\":\"https:\/\/levfestival.com\/20\/#website\"},\"datePublished\":\"2017-12-12T10:27:47+00:00\",\"dateModified\":\"2017-12-12T10:27:47+00:00\",\"breadcrumb\":{\"@id\":\"https:\/\/levfestival.com\/20\/condiciones-legales\/#breadcrumb\"},\"inLanguage\":\"es\",\"potentialAction\":[{\"@type\":\"ReadAction\",\"target\":[\"https:\/\/levfestival.com\/20\/condiciones-legales\/\"]}]},{\"@type\":\"BreadcrumbList\",\"@id\":\"https:\/\/levfestival.com\/20\/condiciones-legales\/#breadcrumb\",\"itemListElement\":[{\"@type\":\"ListItem\",\"position\":1,\"name\":\"Portada\",\"item\":\"https:\/\/levfestival.com\/20\/lev-general\/\"},{\"@type\":\"ListItem\",\"position\":2,\"name\":\"Condiciones legales\"}]},{\"@type\":\"WebSite\",\"@id\":\"https:\/\/levfestival.com\/20\/#website\",\"url\":\"https:\/\/levfestival.com\/20\/\",\"name\":\"LEV Festival 2020\",\"description\":\"\",\"potentialAction\":[{\"@type\":\"SearchAction\",\"target\":{\"@type\":\"EntryPoint\",\"urlTemplate\":\"https:\/\/levfestival.com\/20\/?s={search_term_string}\"},\"query-input\":\"required name=search_term_string\"}],\"inLanguage\":\"es\"}]}<\/script>\n<!-- \/ Yoast SEO plugin. -->","yoast_head_json":{"title":"Condiciones legales - LEV Festival 2020","robots":{"index":"index","follow":"follow","max-snippet":"max-snippet:-1","max-image-preview":"max-image-preview:large","max-video-preview":"max-video-preview:-1"},"canonical":"https:\/\/levfestival.com\/20\/condiciones-legales\/","og_locale":"es_ES","og_type":"article","og_title":"L.E.V. Festival","og_description":"[Laboratorio de Electr\u00f3nica Visual] 2019","og_url":"https:\/\/levfestival.com\/20\/condiciones-legales\/","og_site_name":"LEV Festival 2020","twitter_card":"summary_large_image","twitter_title":"L.E.V. Festival","twitter_description":"[Laboratorio de Electr\u00f3nica Visual] 2019","twitter_misc":{"Tiempo de lectura":"9 minutos"},"schema":{"@context":"https:\/\/schema.org","@graph":[{"@type":"WebPage","@id":"https:\/\/levfestival.com\/20\/condiciones-legales\/","url":"https:\/\/levfestival.com\/20\/condiciones-legales\/","name":"Condiciones legales - LEV Festival 2020","isPartOf":{"@id":"https:\/\/levfestival.com\/20\/#website"},"datePublished":"2017-12-12T10:27:47+00:00","dateModified":"2017-12-12T10:27:47+00:00","breadcrumb":{"@id":"https:\/\/levfestival.com\/20\/condiciones-legales\/#breadcrumb"},"inLanguage":"es","potentialAction":[{"@type":"ReadAction","target":["https:\/\/levfestival.com\/20\/condiciones-legales\/"]}]},{"@type":"BreadcrumbList","@id":"https:\/\/levfestival.com\/20\/condiciones-legales\/#breadcrumb","itemListElement":[{"@type":"ListItem","position":1,"name":"Portada","item":"https:\/\/levfestival.com\/20\/lev-general\/"},{"@type":"ListItem","position":2,"name":"Condiciones legales"}]},{"@type":"WebSite","@id":"https:\/\/levfestival.com\/20\/#website","url":"https:\/\/levfestival.com\/20\/","name":"LEV Festival 2020","description":"","potentialAction":[{"@type":"SearchAction","target":{"@type":"EntryPoint","urlTemplate":"https:\/\/levfestival.com\/20\/?s={search_term_string}"},"query-input":"required name=search_term_string"}],"inLanguage":"es"}]}},"_links":{"self":[{"href":"https:\/\/levfestival.com\/20\/wp-json\/wp\/v2\/pages\/8707","targetHints":{"allow":["GET"]}}],"collection":[{"href":"https:\/\/levfestival.com\/20\/wp-json\/wp\/v2\/pages"}],"about":[{"href":"https:\/\/levfestival.com\/20\/wp-json\/wp\/v2\/types\/page"}],"author":[{"embeddable":true,"href":"https:\/\/levfestival.com\/20\/wp-json\/wp\/v2\/users\/1"}],"replies":[{"embeddable":true,"href":"https:\/\/levfestival.com\/20\/wp-json\/wp\/v2\/comments?post=8707"}],"version-history":[{"count":0,"href":"https:\/\/levfestival.com\/20\/wp-json\/wp\/v2\/pages\/8707\/revisions"}],"wp:attachment":[{"href":"https:\/\/levfestival.com\/20\/wp-json\/wp\/v2\/media?parent=8707"}],"curies":[{"name":"wp","href":"https:\/\/api.w.org\/{rel}","templated":true}]}}