{"id":1989,"date":"2021-08-31T20:08:44","date_gmt":"2021-08-31T20:08:44","guid":{"rendered":"https:\/\/antiguo.levfestival.com\/21\/?page_id=1989"},"modified":"2023-06-01T11:35:29","modified_gmt":"2023-06-01T09:35:29","slug":"timetable-lev-matadero-2021","status":"publish","type":"page","link":"https:\/\/levfestival.com\/21\/en\/timetable-lev-matadero-2021\/","title":{"rendered":"Timetable LEV Matadero 2021"},"content":{"rendered":"\n<p><\/p>\n\n\n\n<style type=\"text\/css\" data-created_by=\"avia_inline_auto\" id=\"style-css-av-crolzp-2e850177da729839c83dbedc71abba1b\">\n.avia-section.av-crolzp-2e850177da729839c83dbedc71abba1b{\nbackground-color:#000000;\nbackground-image:unset;\n}\n<\/style>\n<div id='av_section_1'  class='avia-section av-crolzp-2e850177da729839c83dbedc71abba1b main_color avia-section-default avia-no-border-styling  avia-builder-el-0  avia-builder-el-no-sibling  avia-bg-style-scroll container_wrap fullsize'  ><div class='container av-section-cont-open' ><main  role=\"main\" itemprop=\"mainContentOfPage\"  class='template-page content  av-content-full alpha units'><div class='post-entry post-entry-type-page post-entry-1989'><div class='entry-content-wrapper clearfix'>\n\n<style type=\"text\/css\" data-created_by=\"avia_inline_auto\" id=\"style-css-av-b8qaut-3b9eed69d6e732f42eb9c580ed193dd3\">\n#top .hr.hr-invisible.av-b8qaut-3b9eed69d6e732f42eb9c580ed193dd3{\nheight:50px;\n}\n<\/style>\n<div  class='hr av-b8qaut-3b9eed69d6e732f42eb9c580ed193dd3 hr-invisible  avia-builder-el-1  el_before_av_textblock  avia-builder-el-first '><span class='hr-inner '><span class=\"hr-inner-style\"><\/span><\/span><\/div>\n\n<style type=\"text\/css\" data-created_by=\"avia_inline_auto\" id=\"style-css-av-kt0iamyo-005a322df4741ede07406f5a3d48158c\">\n#top .av_textblock_section.av-kt0iamyo-005a322df4741ede07406f5a3d48158c .avia_textblock{\ncolor:#ffffff;\n}\n<\/style>\n<section  class='av_textblock_section av-kt0iamyo-005a322df4741ede07406f5a3d48158c'  itemscope=\"itemscope\" itemtype=\"https:\/\/schema.org\/CreativeWork\" ><div class='avia_textblock av_inherit_color'  itemprop=\"text\" ><h2 style=\"text-align: center;\">TIMETABLE<\/h2>\n<\/div><\/section>\n\n<style type=\"text\/css\" data-created_by=\"avia_inline_auto\" id=\"style-css-av-8wxyw5-1416292362883abf3c181fa9ab2d33ef\">\n#top .hr.hr-invisible.av-8wxyw5-1416292362883abf3c181fa9ab2d33ef{\nheight:50px;\n}\n<\/style>\n<div  class='hr av-8wxyw5-1416292362883abf3c181fa9ab2d33ef hr-invisible  avia-builder-el-3  el_after_av_textblock  el_before_av_tab_container '><span class='hr-inner '><span class=\"hr-inner-style\"><\/span><\/span><\/div>\n<div  id=\"horarios-matadero\"  class='tabcontainer av-kt0inl9h-73746faa6e172e70f7f16b4aefe55216 top_tab  avia-builder-el-4  el_after_av_hr  el_before_av_hr  horarios-gijon21' role='tablist'>\n<section class='av_tab_section av_tab_section av-4dqmjp-c66f2a62527b92d0cb509c5d8ef257af'  itemscope=\"itemscope\" itemtype=\"https:\/\/schema.org\/CreativeWork\" ><div class='tab active_tab' role='tab' tabindex='0' data-fake-id='#domingo-25' aria-controls='domingo-25-content'  itemprop=\"headline\" >UNTIL JANUARY 6TH<\/div><div id='domingo-25-content' class='tab_content active_tab_content' aria-hidden=\"false\"><div class='tab_inner_content invers-color'  itemprop=\"text\" ><p class=\"titulo-horarios\">Augmented Reality Experience<\/p>\n<p>9 am &#8211; 10 pm<br \/>\nPlacita.<\/p>\n<h2><a href=\"https:\/\/antiguo.levfestival.com\/21\/en\/lev-madrid\/tundra-row-signals-for-space\/\">Adrien M &#038; Claire B x Brest Brest Brest: <em>Fauna<\/em><\/a><\/h2>\n<p>Free activity<\/p>\n<\/div><\/div><\/section>\n<section class='av_tab_section av_tab_section av-kt0inj6z-db4442e64efe8cd390ecc3a23322eaa2'  itemscope=\"itemscope\" itemtype=\"https:\/\/schema.org\/CreativeWork\" ><div class='tab' role='tab' tabindex='0' data-fake-id='#jueves-22' aria-controls='jueves-22-content'  itemprop=\"headline\" >THURSDAY 23<\/div><div id='jueves-22-content' class='tab_content' aria-hidden=\"true\"><div class='tab_inner_content invers-color'  itemprop=\"text\" ><p class=\"titulo-horarios\" style=\"text-transform: uppercase;\">Live Audiovisual Performance<\/p>\n<p>6 pm &#038; 10 pm<br \/>\nSala Azcona, Cineteca.<\/p>\n<h2><a href=\"https:\/\/antiguo.levfestival.com\/21\/en\/lev-madrid\/cruhda-judith-adataberna\/\">Cruhda + Judith Adataberna<\/a><\/h2>\n<h2><a href=\"https:\/\/antiguo.levfestival.com\/21\/en\/lev-madrid\/scanner-mass-observation-live-av\/\">Scanner. <em>Mass Observation<\/em> Live Av<\/a><\/h2>\n<p class=\"titulo-horarios\" style=\"text-transform: uppercase;\">Audiovisual Installation<\/p>\n<p>11 am \/ 12.30 am \/ 3 pm \/ 4.30 pm \/ 6 pm \/ 7.30 pm<br \/>\nPlat\u00f3 &#038; Archivo, Cineteca. Sala de Hormig\u00f3n &#038; Sala de Madera, Naves del Espa\u00f1ol.<\/p>\n<h2><a href=\"https:\/\/antiguo.levfestival.com\/21\/en\/lev-madrid\/martin-messier-impulse\/\">Martin Messier: <em>Impulse<\/em><\/a><\/h2>\n<h2><a href=\"https:\/\/antiguo.levfestival.com\/21\/en\/lev-madrid\/adrien-m-claire-b-acqua-alta-crossing-the-mirror\/\">Adrien M &#038; Claire B: <em>Acqua Alta. Crossing the mirror<\/em><\/a><\/h2>\n<h2><a href=\"https:\/\/antiguo.levfestival.com\/21\/en\/lev-madrid\/tundra-row-signals-for-space\/\">Tundra. <em>ROW: Signals for Space<\/em><\/a><\/h2>\n<h2><a href=\"https:\/\/antiguo.levfestival.com\/21\/en\/lev-madrid\/total-refusal\/\">Total Refusal<\/a><\/h2>\n<p class=\"titulo-horarios\" style=\"text-transform: uppercase;\">VORTEX. Virtual Reality<\/p>\n<p>10 am \/ 12 am \/ 3 pm \/ 5pm \/ 7 pm<br \/>\nNave 0.<\/p>\n<h2><a href=\"https:\/\/antiguo.levfestival.com\/21\/en\/lev-madrid\/jakob-kudsk-steensen-aquaphobia\/\">Jakob Kudsk Steensen: <em>Aquaphobia<\/em><\/a><\/h2>\n<h2><a href=\"https:\/\/antiguo.levfestival.com\/21\/en\/lev-madrid\/jeanne-susplugas-i-will-sleep-when-im-dead\/\">Jeanne Susplugas:<em> I will sleep when I\u2019m dead<\/em><\/a><\/h2>\n<h2><a href=\"https:\/\/antiguo.levfestival.com\/21\/en\/lev-madrid\/lauren-moffatt-of-hybrids-and-strings\/\">Lauren Moffatt: <em>Of Hybrids and Strings<\/em><\/a><\/h2>\n<h2><a href=\"https:\/\/antiguo.levfestival.com\/21\/en\/lev-madrid\/francois-vautier-recoding-entropia\/\">Fran\u00e7ois Vautier: <em>Recoding Entropia<\/em><\/a><\/h2>\n<h2><a href=\"https:\/\/antiguo.levfestival.com\/21\/en\/lev-madrid\/d-fuse-endeka-360-intersection-w-observatory\/\">D-Fuse: <em>Endeka 360 + Intersection<\/em> (w\/ Observatory)<\/a><\/h2>\n<h2><a href=\"https:\/\/antiguo.levfestival.com\/21\/en\/lev-madrid\/hyphen-labs-neurospeculative-afrofeminism-nsaf\/\">Hyphen-Labs: <em>NeuroSpeculative AfroFeminism (NSAF)<\/em><\/a><\/h2>\n<h2><a href=\"https:\/\/antiguo.levfestival.com\/21\/en\/lev-madrid\/fabito-rychter-amir-admoni-gravity-vr\/\">Fabito Rychter &#038; Amir Admoni: <em>Gravity VR<\/em><\/a><\/h2>\n<h2><a href=\"https:\/\/antiguo.levfestival.com\/21\/en\/lev-madrid\/carlos-martorell-shoeg-ecosystems-orbit\/\">Carlos Martorell (Shoeg): <em>Ecosystems @ ORBIT<\/em><\/a><\/h2>\n<h2><a href=\"https:\/\/antiguo.levfestival.com\/21\/en\/lev-madrid\/boris-labbe-la-chute\/\">Boris Labb\u00e9: <em>La Chute<\/em><\/a><\/h2>\n<p class=\"titulo-horarios\" style=\"text-transform: uppercase;\">Augmented Reality Experience<\/p>\n<p>9 am &#8211; 10 pm<br \/>\nPlacita.<\/p>\n<h2><a href=\"https:\/\/antiguo.levfestival.com\/21\/en\/lev-madrid\/tundra-row-signals-for-space\/\">Adrien M &#038; Claire B x Brest Brest Brest: <em>Fauna<\/em><\/a><\/h2>\n<p>Free activity<\/p>\n<\/div><\/div><\/section>\n<section class='av_tab_section av_tab_section av-7wdix1-bbf5a1e1f9fb6a42d924a06ab798de51'  itemscope=\"itemscope\" itemtype=\"https:\/\/schema.org\/CreativeWork\" ><div class='tab' role='tab' tabindex='0' data-fake-id='#viernes-23' aria-controls='viernes-23-content'  itemprop=\"headline\" >FRIDAY 24<\/div><div id='viernes-23-content' class='tab_content' aria-hidden=\"true\"><div class='tab_inner_content invers-color'  itemprop=\"text\" ><p class=\"titulo-horarios\" style=\"text-transform: uppercase;\">Live Audiovisual Performance<\/p>\n<p>6 pm &#038; 10 pm<br \/>\nSala Azcona, Cineteca.<\/p>\n<h2><a href=\"https:\/\/antiguo.levfestival.com\/21\/en\/lev-madrid\/ivankova-alvaro-chior\/\"> Ivankov\u00e0 + \u00c1lvaro Chior<\/a><\/h2>\n<h2><a href=\"https:\/\/antiguo.levfestival.com\/21\/en\/lev-madrid\/grischa-lichtenberger-kamilhan-il-y-a-peril-en-la-demeure\/\">Grischa Lichtenberger: <em>Kamilhan; Il y a p\u00e9ril en la demeure<\/em><\/a><\/h2>\n<p class=\"titulo-horarios\" style=\"text-transform: uppercase;\">Audiovisual Installation<\/p>\n<p>11 am \/ 12.30 am \/ 3 pm \/ 4.30 pm \/ 6 pm \/ 7.30 pm \/ 9 pm<br \/>\nPlat\u00f3 &#038; Archivo, Cineteca. Sala de Hormig\u00f3n &#038; Sala de Madera, Naves del Espa\u00f1ol.<\/p>\n<h2><a href=\"https:\/\/antiguo.levfestival.com\/21\/en\/lev-madrid\/martin-messier-impulse\/\">Martin Messier: <em>Impulse<\/em><\/a><\/h2>\n<h2><a href=\"https:\/\/antiguo.levfestival.com\/21\/en\/lev-madrid\/adrien-m-claire-b-acqua-alta-crossing-the-mirror\/\">Adrien M &#038; Claire B: <em>Acqua Alta. Crossing the mirror<\/em><\/a><\/h2>\n<h2><a href=\"https:\/\/antiguo.levfestival.com\/21\/en\/lev-madrid\/tundra-row-signals-for-space\/\">Tundra. <em>ROW: Signals for Space<\/em><\/a><\/h2>\n<h2><a href=\"https:\/\/antiguo.levfestival.com\/21\/en\/lev-madrid\/total-refusal\/\">Total Refusal<\/a><\/h2>\n<p class=\"titulo-horarios\" style=\"text-transform: uppercase;\">VORTEX. Virtual Reality<\/p>\n<p>10 am \/ 12 am \/ 3 pm \/ 5 pm \/ 7 pm \/ 9 pm<br \/>\nNave 0.<\/p>\n<h2><a href=\"https:\/\/antiguo.levfestival.com\/21\/en\/lev-madrid\/jakob-kudsk-steensen-aquaphobia\/\">Jakob Kudsk Steensen: <em>Aquaphobia<\/em><\/a><\/h2>\n<h2><a href=\"https:\/\/antiguo.levfestival.com\/21\/en\/lev-madrid\/jeanne-susplugas-i-will-sleep-when-im-dead\/\">Jeanne Susplugas:<em> I will sleep when I\u2019m dead<\/em><\/a><\/h2>\n<h2><a href=\"https:\/\/antiguo.levfestival.com\/21\/en\/lev-madrid\/lauren-moffatt-of-hybrids-and-strings\/\">Lauren Moffatt: <em>Of Hybrids and Strings<\/em><\/a><\/h2>\n<h2><a href=\"https:\/\/antiguo.levfestival.com\/21\/en\/lev-madrid\/francois-vautier-recoding-entropia\/\">Fran\u00e7ois Vautier: <em>Recoding Entropia<\/em><\/a><\/h2>\n<h2><a href=\"https:\/\/antiguo.levfestival.com\/21\/en\/lev-madrid\/d-fuse-endeka-360-intersection-w-observatory\/\">D-Fuse: <em>Endeka 360 + Intersection<\/em> (w\/ Observatory)<\/a><\/h2>\n<h2><a href=\"https:\/\/antiguo.levfestival.com\/21\/en\/lev-madrid\/hyphen-labs-neurospeculative-afrofeminism-nsaf\/\">Hyphen-Labs: <em>NeuroSpeculative AfroFeminism (NSAF)<\/em><\/a><\/h2>\n<h2><a href=\"https:\/\/antiguo.levfestival.com\/21\/en\/lev-madrid\/fabito-rychter-amir-admoni-gravity-vr\/\">Fabito Rychter &#038; Amir Admoni: <em>Gravity VR<\/em><\/a><\/h2>\n<h2><a href=\"https:\/\/antiguo.levfestival.com\/21\/en\/lev-madrid\/carlos-martorell-shoeg-ecosystems-orbit\/\">Carlos Martorell (Shoeg): <em>Ecosystems @ ORBIT<\/em><\/a><\/h2>\n<h2><a href=\"https:\/\/antiguo.levfestival.com\/21\/en\/lev-madrid\/boris-labbe-la-chute\/\">Boris Labb\u00e9: <em>La Chute<\/em><\/a><\/h2>\n<p class=\"titulo-horarios\" style=\"text-transform: uppercase;\">Augmented Reality Experience<\/p>\n<p>9 am &#8211; 10 pm<br \/>\nPlacita.<\/p>\n<h2><a href=\"https:\/\/antiguo.levfestival.com\/21\/en\/lev-madrid\/tundra-row-signals-for-space\/\">Adrien M &#038; Claire B x Brest Brest Brest: <em>Fauna<\/em><\/a><\/h2>\n<p>Free activity<\/p>\n<\/div><\/div><\/section>\n<section class='av_tab_section av_tab_section av-5ddmth-39ebcf710f358e53924c403564df67af'  itemscope=\"itemscope\" itemtype=\"https:\/\/schema.org\/CreativeWork\" ><div class='tab' role='tab' tabindex='0' data-fake-id='#sabado-24' aria-controls='sabado-24-content'  itemprop=\"headline\" >SATURDAY 25<\/div><div id='sabado-24-content' class='tab_content' aria-hidden=\"true\"><div class='tab_inner_content invers-color'  itemprop=\"text\" ><p class=\"titulo-horarios\" style=\"text-transform: uppercase;\">Live Audiovisual Performance<\/p>\n<p>6 pm &#038; 10 pm<br \/>\nSala Azcona, Cineteca.<\/p>\n<h2><a href=\"https:\/\/antiguo.levfestival.com\/21\/en\/lev-madrid\/zoe-mc-pherson-alessandra-leone-string-figures\/\">Zo\u00eb Mc Pherson &#038; Alessandra Leone: <em>String Figures<\/em><\/a><\/h2>\n<h2><a href=\"https:\/\/antiguo.levfestival.com\/21\/en\/lev-madrid\/lee-gamble-clifford-sage\/\">Lee Gamble + Clifford Sage<\/a><\/h2>\n<p class=\"titulo-horarios\" style=\"text-transform: uppercase;\">Audiovisual Installation<\/p>\n<p>11 am \/ 12.30 am \/ 3 pm \/ 4.30 pm \/ 6 pm \/ 7.30 pm \/ 9 pm<br \/>\nPlat\u00f3 &#038; Archivo, Cineteca. Sala de Hormig\u00f3n &#038; Sala de Madera, Naves del Espa\u00f1ol.<\/p>\n<h2><a href=\"https:\/\/antiguo.levfestival.com\/21\/en\/lev-madrid\/martin-messier-impulse\/\">Martin Messier: <em>Impulse<\/em><\/a><\/h2>\n<h2><a href=\"https:\/\/antiguo.levfestival.com\/21\/en\/lev-madrid\/adrien-m-claire-b-acqua-alta-crossing-the-mirror\/\">Adrien M &#038; Claire B: <em>Acqua Alta. Crossing the mirror<\/em><\/a><\/h2>\n<h2><a href=\"https:\/\/antiguo.levfestival.com\/21\/en\/lev-madrid\/tundra-row-signals-for-space\/\">Tundra. <em>ROW: Signals for Space<\/em><\/a><\/h2>\n<h2><a href=\"https:\/\/antiguo.levfestival.com\/21\/en\/lev-madrid\/total-refusal\/\">Total Refusal<\/a><\/h2>\n<p class=\"titulo-horarios\" style=\"text-transform: uppercase;\">VORTEX. Virtual Reality<\/p>\n<p>10 am \/ 12 am \/ 3 pm \/ 5 pm \/ 7 pm \/ 9 pm<br \/>\nNave 0.<\/p>\n<h2><a href=\"https:\/\/antiguo.levfestival.com\/21\/en\/lev-madrid\/jakob-kudsk-steensen-aquaphobia\/\">Jakob Kudsk Steensen: <em>Aquaphobia<\/em><\/a><\/h2>\n<h2><a href=\"https:\/\/antiguo.levfestival.com\/21\/en\/lev-madrid\/jeanne-susplugas-i-will-sleep-when-im-dead\/\">Jeanne Susplugas:<em> I will sleep when I\u2019m dead<\/em><\/a><\/h2>\n<h2><a href=\"https:\/\/antiguo.levfestival.com\/21\/en\/lev-madrid\/lauren-moffatt-of-hybrids-and-strings\/\">Lauren Moffatt: <em>Of Hybrids and Strings<\/em><\/a><\/h2>\n<h2><a href=\"https:\/\/antiguo.levfestival.com\/21\/en\/lev-madrid\/francois-vautier-recoding-entropia\/\">Fran\u00e7ois Vautier: <em>Recoding Entropia<\/em><\/a><\/h2>\n<h2><a href=\"https:\/\/antiguo.levfestival.com\/21\/en\/lev-madrid\/d-fuse-endeka-360-intersection-w-observatory\/\">D-Fuse: <em>Endeka 360 + Intersection<\/em> (w\/ Observatory)<\/a><\/h2>\n<h2><a href=\"https:\/\/antiguo.levfestival.com\/21\/en\/lev-madrid\/hyphen-labs-neurospeculative-afrofeminism-nsaf\/\">Hyphen-Labs: <em>NeuroSpeculative AfroFeminism (NSAF)<\/em><\/a><\/h2>\n<h2><a href=\"https:\/\/antiguo.levfestival.com\/21\/en\/lev-madrid\/fabito-rychter-amir-admoni-gravity-vr\/\">Fabito Rychter &#038; Amir Admoni: <em>Gravity VR<\/em><\/a><\/h2>\n<h2><a href=\"https:\/\/antiguo.levfestival.com\/21\/en\/lev-madrid\/carlos-martorell-shoeg-ecosystems-orbit\/\">Carlos Martorell (Shoeg): <em>Ecosystems @ ORBIT<\/em><\/a><\/h2>\n<h2><a href=\"https:\/\/antiguo.levfestival.com\/21\/en\/lev-madrid\/boris-labbe-la-chute\/\">Boris Labb\u00e9: <em>La Chute<\/em><\/a><\/h2>\n<p class=\"titulo-horarios\" style=\"text-transform: uppercase;\">Augmented Reality Experience<\/p>\n<p>9 am &#8211; 10 pm<br \/>\nPlacita.<\/p>\n<h2><a href=\"https:\/\/antiguo.levfestival.com\/21\/en\/lev-madrid\/tundra-row-signals-for-space\/\">Adrien M &#038; Claire B x Brest Brest Brest: <em>Fauna<\/em><\/a><\/h2>\n<p>Free activity<\/p>\n<\/div><\/div><\/section>\n<section class='av_tab_section av_tab_section av-4dqmjp-9cd9240d589d309dcdaf899af3c6ef2f'  itemscope=\"itemscope\" itemtype=\"https:\/\/schema.org\/CreativeWork\" ><div class='tab' role='tab' tabindex='0' data-fake-id='#domingo-25' aria-controls='domingo-25-content'  itemprop=\"headline\" >SUNDAY 26<\/div><div id='domingo-25-content' class='tab_content' aria-hidden=\"true\"><div class='tab_inner_content invers-color'  itemprop=\"text\" ><p class=\"titulo-horarios\">Live Audiovisual Performance<\/p>\n<p>6 pm &#038; 10 pm<br \/>\nSala Azcona, Cineteca.<\/p>\n<h2><a href=\"https:\/\/antiguo.levfestival.com\/21\/en\/lev-madrid\/bromo-no-signal\/\"> Bromo: <em>No Signal<\/em><\/a><\/h2>\n<h2><a href=\"https:\/\/antiguo.levfestival.com\/21\/en\/lev-madrid\/varg2tm-croatian-amor\/\"> Varg\u00b2\u2122 &#038; Croatian Amor<\/a><\/h2>\n<p class=\"titulo-horarios\">Audiovisual Installation<\/p>\n<p>11 am \/ 12.30 am \/ 3 pm \/ 4.30 pm \/ 6 pm \/ 7.30 pm<br \/>\nPlat\u00f3 &#038; Archivo, Cineteca. Sala de Hormig\u00f3n &#038; Sala de Madera, Naves del Espa\u00f1ol.<\/p>\n<h2><a href=\"https:\/\/antiguo.levfestival.com\/21\/en\/lev-madrid\/martin-messier-impulse\/\">Martin Messier: <em>Impulse<\/em><\/a><\/h2>\n<h2><a href=\"https:\/\/antiguo.levfestival.com\/21\/en\/lev-madrid\/adrien-m-claire-b-acqua-alta-crossing-the-mirror\/\">Adrien M &#038; Claire B: <em>Acqua Alta. Crossing the mirror<\/em><\/a><\/h2>\n<h2><a href=\"https:\/\/antiguo.levfestival.com\/21\/en\/lev-madrid\/tundra-row-signals-for-space\/\">Tundra. <em>ROW: Signals for Space<\/em><\/a><\/h2>\n<h2><a href=\"https:\/\/antiguo.levfestival.com\/21\/en\/lev-madrid\/total-refusal\/\">Total Refusal<\/a><\/h2>\n<p class=\"titulo-horarios\">VORTEX. Virtual Reality<\/p>\n<p>10 am \/ 12 am \/ 3 pm \/ 5pm \/ 7 pm<br \/>\nNave 0.<\/p>\n<h2><a href=\"https:\/\/antiguo.levfestival.com\/21\/en\/lev-madrid\/jakob-kudsk-steensen-aquaphobia\/\">Jakob Kudsk Steensen: <em>Aquaphobia<\/em><\/a><\/h2>\n<h2><a href=\"https:\/\/antiguo.levfestival.com\/21\/en\/lev-madrid\/jeanne-susplugas-i-will-sleep-when-im-dead\/\">Jeanne Susplugas:<em> I will sleep when I\u2019m dead<\/em><\/a><\/h2>\n<h2><a href=\"https:\/\/antiguo.levfestival.com\/21\/en\/lev-madrid\/lauren-moffatt-of-hybrids-and-strings\/\">Lauren Moffatt: <em>Of Hybrids and Strings<\/em><\/a><\/h2>\n<h2><a href=\"https:\/\/antiguo.levfestival.com\/21\/en\/lev-madrid\/francois-vautier-recoding-entropia\/\">Fran\u00e7ois Vautier: <em>Recoding Entropia<\/em><\/a><\/h2>\n<h2><a href=\"https:\/\/antiguo.levfestival.com\/21\/en\/lev-madrid\/d-fuse-endeka-360-intersection-w-observatory\/\">D-Fuse: <em>Endeka 360 + Intersection<\/em> (w\/ Observatory)<\/a><\/h2>\n<h2><a href=\"https:\/\/antiguo.levfestival.com\/21\/en\/lev-madrid\/hyphen-labs-neurospeculative-afrofeminism-nsaf\/\">Hyphen-Labs: <em>NeuroSpeculative AfroFeminism (NSAF)<\/em><\/a><\/h2>\n<h2><a href=\"https:\/\/antiguo.levfestival.com\/21\/en\/lev-madrid\/fabito-rychter-amir-admoni-gravity-vr\/\">Fabito Rychter &#038; Amir Admoni: <em>Gravity VR<\/em><\/a><\/h2>\n<h2><a href=\"https:\/\/antiguo.levfestival.com\/21\/en\/lev-madrid\/carlos-martorell-shoeg-ecosystems-orbit\/\">Carlos Martorell (Shoeg): <em>Ecosystems @ ORBIT<\/em><\/a><\/h2>\n<h2><a href=\"https:\/\/antiguo.levfestival.com\/21\/en\/lev-madrid\/boris-labbe-la-chute\/\">Boris Labb\u00e9: <em>La Chute<\/em><\/a><\/h2>\n<p class=\"titulo-horarios\">Augmented Reality Experience<\/p>\n<p>9 am &#8211; 10 pm<br \/>\nPlacita.<\/p>\n<h2><a href=\"https:\/\/antiguo.levfestival.com\/21\/en\/lev-madrid\/tundra-row-signals-for-space\/\">Adrien M &#038; Claire B x Brest Brest Brest: <em>Fauna<\/em><\/a><\/h2>\n<p>Free activity<\/p>\n<\/div><\/div><\/section>\n<\/div>\n\n<style type=\"text\/css\" data-created_by=\"avia_inline_auto\" id=\"style-css-av-2ilcxx-ccb648ccdd1025555cd029b95bce8d09\">\n#top .hr.hr-invisible.av-2ilcxx-ccb648ccdd1025555cd029b95bce8d09{\nheight:50px;\n}\n<\/style>\n<div  class='hr av-2ilcxx-ccb648ccdd1025555cd029b95bce8d09 hr-invisible  avia-builder-el-5  el_after_av_tab_container  avia-builder-el-last '><span class='hr-inner '><span class=\"hr-inner-style\"><\/span><\/span><\/div>\n\n","protected":false},"excerpt":{"rendered":"","protected":false},"author":1,"featured_media":0,"parent":0,"menu_order":0,"comment_status":"closed","ping_status":"closed","template":"","meta":{"footnotes":""},"class_list":["post-1989","page","type-page","status-publish","hentry"],"yoast_head":"<!-- This site is optimized with the Yoast SEO plugin v20.7 - https:\/\/yoast.com\/wordpress\/plugins\/seo\/ -->\n<title>Timetable LEV Matadero 2021 - LEV Festival 2021<\/title>\n<meta name=\"robots\" content=\"noindex, follow, max-snippet:-1, max-image-preview:large, max-video-preview:-1\" \/>\n<meta property=\"og:locale\" content=\"en_US\" \/>\n<meta property=\"og:type\" content=\"article\" \/>\n<meta property=\"og:title\" content=\"L.E.V. Festival | Timetable\" \/>\n<meta property=\"og:description\" content=\"Laboratorio de Electr\u00f3nica Visual. Matadero Madrid, 2021\" \/>\n<meta property=\"og:url\" content=\"https:\/\/levfestival.com\/21\/en\/timetable-lev-matadero-2021\/\" \/>\n<meta property=\"og:site_name\" content=\"LEV Festival 2021\" \/>\n<meta property=\"article:modified_time\" content=\"2023-06-01T09:35:29+00:00\" \/>\n<meta name=\"twitter:card\" content=\"summary_large_image\" \/>\n<meta name=\"twitter:title\" content=\"L.E.V. Festival | Timetable\" \/>\n<meta name=\"twitter:description\" content=\"Laboratorio de Electr\u00f3nica Visual. Matadero Madrid, 2021\" \/>\n<meta name=\"twitter:label1\" content=\"Est. reading time\" \/>\n\t<meta name=\"twitter:data1\" content=\"4 minutes\" \/>\n<script type=\"application\/ld+json\" class=\"yoast-schema-graph\">{\"@context\":\"https:\/\/schema.org\",\"@graph\":[{\"@type\":\"WebPage\",\"@id\":\"https:\/\/levfestival.com\/21\/en\/timetable-lev-matadero-2021\/\",\"url\":\"https:\/\/levfestival.com\/21\/en\/timetable-lev-matadero-2021\/\",\"name\":\"Timetable LEV Matadero 2021 - LEV Festival 2021\",\"isPartOf\":{\"@id\":\"https:\/\/levfestival.com\/21\/#website\"},\"datePublished\":\"2021-08-31T20:08:44+00:00\",\"dateModified\":\"2023-06-01T09:35:29+00:00\",\"breadcrumb\":{\"@id\":\"https:\/\/levfestival.com\/21\/en\/timetable-lev-matadero-2021\/#breadcrumb\"},\"inLanguage\":\"en-US\",\"potentialAction\":[{\"@type\":\"ReadAction\",\"target\":[\"https:\/\/levfestival.com\/21\/en\/timetable-lev-matadero-2021\/\"]}]},{\"@type\":\"BreadcrumbList\",\"@id\":\"https:\/\/levfestival.com\/21\/en\/timetable-lev-matadero-2021\/#breadcrumb\",\"itemListElement\":[{\"@type\":\"ListItem\",\"position\":1,\"name\":\"Portada\",\"item\":\"https:\/\/levfestival.com\/21\/\"},{\"@type\":\"ListItem\",\"position\":2,\"name\":\"Timetable LEV Matadero 2021\"}]},{\"@type\":\"WebSite\",\"@id\":\"https:\/\/levfestival.com\/21\/#website\",\"url\":\"https:\/\/levfestival.com\/21\/\",\"name\":\"LEV Festival 2021\",\"description\":\"LEV Festival Multisite Edici\u00f3n 2020\",\"publisher\":{\"@id\":\"https:\/\/levfestival.com\/21\/#organization\"},\"potentialAction\":[{\"@type\":\"SearchAction\",\"target\":{\"@type\":\"EntryPoint\",\"urlTemplate\":\"https:\/\/levfestival.com\/21\/?s={search_term_string}\"},\"query-input\":\"required name=search_term_string\"}],\"inLanguage\":\"en-US\"},{\"@type\":\"Organization\",\"@id\":\"https:\/\/levfestival.com\/21\/#organization\",\"name\":\"LEV Festival 2021\",\"url\":\"https:\/\/levfestival.com\/21\/\",\"logo\":{\"@type\":\"ImageObject\",\"inLanguage\":\"en-US\",\"@id\":\"https:\/\/levfestival.com\/21\/#\/schema\/logo\/image\/\",\"url\":\"https:\/\/levfestival.com\/21\/wp-content\/uploads\/sites\/12\/2023\/05\/logo-lev-general-ene22-tenis.png\",\"contentUrl\":\"https:\/\/levfestival.com\/21\/wp-content\/uploads\/sites\/12\/2023\/05\/logo-lev-general-ene22-tenis.png\",\"width\":610,\"height\":189,\"caption\":\"LEV Festival 2021\"},\"image\":{\"@id\":\"https:\/\/levfestival.com\/21\/#\/schema\/logo\/image\/\"}}]}<\/script>\n<!-- \/ Yoast SEO plugin. -->","yoast_head_json":{"title":"Timetable LEV Matadero 2021 - LEV Festival 2021","robots":{"index":"noindex","follow":"follow","max-snippet":"max-snippet:-1","max-image-preview":"max-image-preview:large","max-video-preview":"max-video-preview:-1"},"og_locale":"en_US","og_type":"article","og_title":"L.E.V. Festival | Timetable","og_description":"Laboratorio de Electr\u00f3nica Visual. Matadero Madrid, 2021","og_url":"https:\/\/levfestival.com\/21\/en\/timetable-lev-matadero-2021\/","og_site_name":"LEV Festival 2021","article_modified_time":"2023-06-01T09:35:29+00:00","twitter_card":"summary_large_image","twitter_title":"L.E.V. Festival | Timetable","twitter_description":"Laboratorio de Electr\u00f3nica Visual. Matadero Madrid, 2021","twitter_misc":{"Est. reading time":"4 minutes"},"schema":{"@context":"https:\/\/schema.org","@graph":[{"@type":"WebPage","@id":"https:\/\/levfestival.com\/21\/en\/timetable-lev-matadero-2021\/","url":"https:\/\/levfestival.com\/21\/en\/timetable-lev-matadero-2021\/","name":"Timetable LEV Matadero 2021 - LEV Festival 2021","isPartOf":{"@id":"https:\/\/levfestival.com\/21\/#website"},"datePublished":"2021-08-31T20:08:44+00:00","dateModified":"2023-06-01T09:35:29+00:00","breadcrumb":{"@id":"https:\/\/levfestival.com\/21\/en\/timetable-lev-matadero-2021\/#breadcrumb"},"inLanguage":"en-US","potentialAction":[{"@type":"ReadAction","target":["https:\/\/levfestival.com\/21\/en\/timetable-lev-matadero-2021\/"]}]},{"@type":"BreadcrumbList","@id":"https:\/\/levfestival.com\/21\/en\/timetable-lev-matadero-2021\/#breadcrumb","itemListElement":[{"@type":"ListItem","position":1,"name":"Portada","item":"https:\/\/levfestival.com\/21\/"},{"@type":"ListItem","position":2,"name":"Timetable LEV Matadero 2021"}]},{"@type":"WebSite","@id":"https:\/\/levfestival.com\/21\/#website","url":"https:\/\/levfestival.com\/21\/","name":"LEV Festival 2021","description":"LEV Festival Multisite Edici\u00f3n 2020","publisher":{"@id":"https:\/\/levfestival.com\/21\/#organization"},"potentialAction":[{"@type":"SearchAction","target":{"@type":"EntryPoint","urlTemplate":"https:\/\/levfestival.com\/21\/?s={search_term_string}"},"query-input":"required name=search_term_string"}],"inLanguage":"en-US"},{"@type":"Organization","@id":"https:\/\/levfestival.com\/21\/#organization","name":"LEV Festival 2021","url":"https:\/\/levfestival.com\/21\/","logo":{"@type":"ImageObject","inLanguage":"en-US","@id":"https:\/\/levfestival.com\/21\/#\/schema\/logo\/image\/","url":"https:\/\/levfestival.com\/21\/wp-content\/uploads\/sites\/12\/2023\/05\/logo-lev-general-ene22-tenis.png","contentUrl":"https:\/\/levfestival.com\/21\/wp-content\/uploads\/sites\/12\/2023\/05\/logo-lev-general-ene22-tenis.png","width":610,"height":189,"caption":"LEV Festival 2021"},"image":{"@id":"https:\/\/levfestival.com\/21\/#\/schema\/logo\/image\/"}}]}},"_links":{"self":[{"href":"https:\/\/levfestival.com\/21\/en\/wp-json\/wp\/v2\/pages\/1989","targetHints":{"allow":["GET"]}}],"collection":[{"href":"https:\/\/levfestival.com\/21\/en\/wp-json\/wp\/v2\/pages"}],"about":[{"href":"https:\/\/levfestival.com\/21\/en\/wp-json\/wp\/v2\/types\/page"}],"author":[{"embeddable":true,"href":"https:\/\/levfestival.com\/21\/en\/wp-json\/wp\/v2\/users\/1"}],"replies":[{"embeddable":true,"href":"https:\/\/levfestival.com\/21\/en\/wp-json\/wp\/v2\/comments?post=1989"}],"version-history":[{"count":1,"href":"https:\/\/levfestival.com\/21\/en\/wp-json\/wp\/v2\/pages\/1989\/revisions"}],"predecessor-version":[{"id":3585,"href":"https:\/\/levfestival.com\/21\/en\/wp-json\/wp\/v2\/pages\/1989\/revisions\/3585"}],"wp:attachment":[{"href":"https:\/\/levfestival.com\/21\/en\/wp-json\/wp\/v2\/media?parent=1989"}],"curies":[{"name":"wp","href":"https:\/\/api.w.org\/{rel}","templated":true}]}}