{"id":2001,"date":"2021-09-01T08:58:58","date_gmt":"2021-09-01T08:58:58","guid":{"rendered":"https:\/\/antiguo.levfestival.com\/21\/?page_id=2001"},"modified":"2023-06-01T11:28:22","modified_gmt":"2023-06-01T09:28:22","slug":"how-to-get-the-venue-matadero-2021","status":"publish","type":"page","link":"https:\/\/levfestival.com\/21\/en\/how-to-get-the-venue-matadero-2021\/","title":{"rendered":"How to get the venue Matadero 2021"},"content":{"rendered":"\n<p><\/p>\n\n\n\n<style type=\"text\/css\" data-created_by=\"avia_inline_auto\" id=\"style-css-av-bk4jdt-209cb16005f7d273409beb19bd860720\">\n.avia-section.av-bk4jdt-209cb16005f7d273409beb19bd860720{\nbackground-color:#000000;\nbackground-image:unset;\n}\n<\/style>\n<div id='av_section_1'  class='avia-section av-bk4jdt-209cb16005f7d273409beb19bd860720 main_color avia-section-default avia-no-border-styling  avia-builder-el-0  avia-builder-el-no-sibling  avia-bg-style-scroll av-minimum-height av-minimum-height-custom  container_wrap fullsize'   data-av_minimum_height_px='280'><div class='container av-section-cont-open' style='height:280px'><main  role=\"main\" itemprop=\"mainContentOfPage\"  class='template-page content  av-content-full alpha units'><div class='post-entry post-entry-type-page post-entry-2001'><div class='entry-content-wrapper clearfix'>\n\n<style type=\"text\/css\" data-created_by=\"avia_inline_auto\" id=\"style-css-av-96vh9t-0940e012a592909ce0ab642d0cc61f13\">\n.avia-image-container.av-96vh9t-0940e012a592909ce0ab642d0cc61f13 img.avia_image{\nbox-shadow:none;\n}\n.avia-image-container.av-96vh9t-0940e012a592909ce0ab642d0cc61f13 .av-image-caption-overlay-center{\ncolor:#ffffff;\n}\n<\/style>\n<div  class='avia-image-container av-96vh9t-0940e012a592909ce0ab642d0cc61f13 av-styling- avia-align-center  avia-builder-el-1  el_before_av_one_full  avia-builder-el-first '   itemprop=\"image\" itemscope=\"itemscope\" itemtype=\"https:\/\/schema.org\/ImageObject\" ><div class=\"avia-image-container-inner\"><div class=\"avia-image-overlay-wrap\"><img decoding=\"async\" class='wp-image-3463 avia-img-lazy-loading-not-3463 avia_image ' src=\"https:\/\/levfestival.com\/21\/wp-content\/uploads\/sites\/12\/2021\/08\/LEV2019Matadero_Deposito.jpg\" alt='' title='LEV2019Matadero_Dep\u00f3sito'  height=\"600\" width=\"1200\"  itemprop=\"thumbnailUrl\" srcset=\"https:\/\/levfestival.com\/21\/wp-content\/uploads\/sites\/12\/2021\/08\/LEV2019Matadero_Deposito.jpg 1200w, https:\/\/levfestival.com\/21\/wp-content\/uploads\/sites\/12\/2021\/08\/LEV2019Matadero_Deposito-300x150.jpg 300w, https:\/\/levfestival.com\/21\/wp-content\/uploads\/sites\/12\/2021\/08\/LEV2019Matadero_Deposito-1030x515.jpg 1030w, https:\/\/levfestival.com\/21\/wp-content\/uploads\/sites\/12\/2021\/08\/LEV2019Matadero_Deposito-768x384.jpg 768w, https:\/\/levfestival.com\/21\/wp-content\/uploads\/sites\/12\/2021\/08\/LEV2019Matadero_Deposito-705x353.jpg 705w\" sizes=\"(max-width: 1200px) 100vw, 1200px\" \/><\/div><\/div><\/div>\n\n<style type=\"text\/css\" data-created_by=\"avia_inline_auto\" id=\"style-css-av-7r79oh-2a0ed1267db29ab829f1364b175e4e45\">\n.flex_column.av-7r79oh-2a0ed1267db29ab829f1364b175e4e45{\n-webkit-border-radius:0px 0px 0px 0px;\n-moz-border-radius:0px 0px 0px 0px;\nborder-radius:0px 0px 0px 0px;\npadding:0px 0px 0px 0px;\n}\n<\/style>\n<div class='flex_column av-7r79oh-2a0ed1267db29ab829f1364b175e4e45 av_one_full  avia-builder-el-2  el_after_av_image  el_before_av_hr  first flex_column_div av-zero-column-padding '     ><style type=\"text\/css\" data-created_by=\"avia_inline_auto\" id=\"style-css-av-kt19njdv-38f1ffb5347afe8bcd77c5a53dfe0239\">\n#top .av_textblock_section.av-kt19njdv-38f1ffb5347afe8bcd77c5a53dfe0239 .avia_textblock{\ncolor:#ffffff;\n}\n<\/style>\n<section  class='av_textblock_section av-kt19njdv-38f1ffb5347afe8bcd77c5a53dfe0239'  itemscope=\"itemscope\" itemtype=\"https:\/\/schema.org\/CreativeWork\" ><div class='avia_textblock av_inherit_color'  itemprop=\"text\" ><p><strong>L.E.V. Matadero will take place at the Center of Contemporary Creations <a href=\"https:\/\/www.mataderomadrid.org\" target=\"_blank\" rel=\"noopener\">Matadero Madrid<\/a><\/strong>. Sponsored by the Government Culture and Sports Area of Madrid City Council, Matadero was opened to the public in 2007. Located in the city\u2019s old slaughterhouse and cattle market, it is a space with a great heritage and architectural value, with a strong personality and a landmark for all the citizens.<\/p>\n<p>Matadero Madrid is a center for cultural creation and production, open to all kinds of artistic expression and research: visual, scenic and performative arts, design, literature, digital culture, architecture and many other creative practices. The more than 3700 activities programmed every year are articulated through a programming central unit, Intermediae programs and the Center of Artist Residencies; two public centers: Cineteca Madrid and Naves Matadero; plus some private partners which contribute to a broad, diverse and multidisciplinary global scheduling: Central de Dise\u00f1o, Extensi\u00f3n AVAM, Casa del Lector and Factor\u00eda Cultural.<\/p>\n<\/div><\/section><\/div>\n<style type=\"text\/css\" data-created_by=\"avia_inline_auto\" id=\"style-css-av-54kui9-2804b4d864cc9aba2a88a46aaa95a296\">\n#top .hr.hr-invisible.av-54kui9-2804b4d864cc9aba2a88a46aaa95a296{\nheight:50px;\n}\n<\/style>\n<div  class='hr av-54kui9-2804b4d864cc9aba2a88a46aaa95a296 hr-invisible  avia-builder-el-4  el_after_av_one_full  el_before_av_textblock '><span class='hr-inner '><span class=\"hr-inner-style\"><\/span><\/span><\/div>\n\n<style type=\"text\/css\" data-created_by=\"avia_inline_auto\" id=\"style-css-av-kt19m3aa-6f969fc58b30e7e1b72ea3d919a045ee\">\n#top .av_textblock_section.av-kt19m3aa-6f969fc58b30e7e1b72ea3d919a045ee .avia_textblock{\ncolor:#ffffff;\n}\n<\/style>\n<section  class='av_textblock_section av-kt19m3aa-6f969fc58b30e7e1b72ea3d919a045ee'  itemscope=\"itemscope\" itemtype=\"https:\/\/schema.org\/CreativeWork\" ><div class='avia_textblock av_inherit_color'  itemprop=\"text\" ><h2 style=\"text-align: center;\"><span style=\"color: #ffffff;\">HOW TO GET THE VENUE<\/span><\/h2>\n<\/div><\/section>\n\n<style type=\"text\/css\" data-created_by=\"avia_inline_auto\" id=\"style-css-av-4um9k1-5b98b4ec2ffd9bd4da3915e3b2aa41c3\">\n.flex_column.av-4um9k1-5b98b4ec2ffd9bd4da3915e3b2aa41c3{\n-webkit-border-radius:0px 0px 0px 0px;\n-moz-border-radius:0px 0px 0px 0px;\nborder-radius:0px 0px 0px 0px;\npadding:0px 0px 0px 0px;\n}\n<\/style>\n<div class='flex_column av-4um9k1-5b98b4ec2ffd9bd4da3915e3b2aa41c3 av_one_full  avia-builder-el-6  el_after_av_textblock  el_before_av_hr  first flex_column_div av-zero-column-padding column-top-margin'     ><style type=\"text\/css\" data-created_by=\"avia_inline_auto\" id=\"style-css-av-kt19ld8r-897b2794fc0b6a489524cf72c94521ed\">\n#top .av_textblock_section.av-kt19ld8r-897b2794fc0b6a489524cf72c94521ed .avia_textblock{\ncolor:#ffffff;\n}\n<\/style>\n<section  class='av_textblock_section av-kt19ld8r-897b2794fc0b6a489524cf72c94521ed'  itemscope=\"itemscope\" itemtype=\"https:\/\/schema.org\/CreativeWork\" ><div class='avia_textblock av_inherit_color'  itemprop=\"text\" ><p><strong>ACCESS<\/strong><\/p>\n<p><strong>Matadero Madrid. Centro de Creaci\u00f3n Contempor\u00e1nea<br \/>\n<\/strong>Paseo de la Chopera 14 \/ Plaza de Legazpi 8<br \/>\nMetro: Legazpi (l\u00edneas 3 y 6)<br \/>\nEMT Buses: 6, 8, 18, 19, 45, 78 y 148<br \/>\nSuburban trains: Embajadores (m\u00e1s cercano a 1,3 kil\u00f3metros) y Pir\u00e1mides.<\/p>\n<\/div><\/section><\/div>\n<style type=\"text\/css\" data-created_by=\"avia_inline_auto\" id=\"style-css-av-3apg4x-657f2548eab3295aa4efbfa39c310615\">\n#top .hr.hr-invisible.av-3apg4x-657f2548eab3295aa4efbfa39c310615{\nheight:50px;\n}\n<\/style>\n<div  class='hr av-3apg4x-657f2548eab3295aa4efbfa39c310615 hr-invisible  avia-builder-el-8  el_after_av_one_full  avia-builder-el-last '><span class='hr-inner '><span class=\"hr-inner-style\"><\/span><\/span><\/div>\n\n","protected":false},"excerpt":{"rendered":"","protected":false},"author":1,"featured_media":0,"parent":0,"menu_order":0,"comment_status":"closed","ping_status":"closed","template":"","meta":{"footnotes":""},"class_list":["post-2001","page","type-page","status-publish","hentry"],"yoast_head":"<!-- This site is optimized with the Yoast SEO plugin v20.7 - https:\/\/yoast.com\/wordpress\/plugins\/seo\/ -->\n<title>How to get the venue Matadero 2021 - LEV Festival 2021<\/title>\n<meta name=\"robots\" content=\"noindex, follow, max-snippet:-1, max-image-preview:large, max-video-preview:-1\" \/>\n<meta property=\"og:locale\" content=\"en_US\" \/>\n<meta property=\"og:type\" content=\"article\" \/>\n<meta property=\"og:title\" content=\"L.E.V. Festival | How to get the venue\" \/>\n<meta property=\"og:description\" content=\"Laboratorio de Electr\u00f3nica Visual. Matadero Madrid, 2021\" \/>\n<meta property=\"og:url\" content=\"https:\/\/levfestival.com\/21\/en\/how-to-get-the-venue-matadero-2021\/\" \/>\n<meta property=\"og:site_name\" content=\"LEV Festival 2021\" \/>\n<meta property=\"article:modified_time\" content=\"2023-06-01T09:28:22+00:00\" \/>\n<meta name=\"twitter:card\" content=\"summary_large_image\" \/>\n<meta name=\"twitter:title\" content=\"L.E.V. Festival | How to get the venue\" \/>\n<meta name=\"twitter:description\" content=\"Laboratorio de Electr\u00f3nica Visual. Matadero Madrid, 2021\" \/>\n<meta name=\"twitter:label1\" content=\"Est. reading time\" \/>\n\t<meta name=\"twitter:data1\" content=\"2 minutes\" \/>\n<script type=\"application\/ld+json\" class=\"yoast-schema-graph\">{\"@context\":\"https:\/\/schema.org\",\"@graph\":[{\"@type\":\"WebPage\",\"@id\":\"https:\/\/levfestival.com\/21\/en\/how-to-get-the-venue-matadero-2021\/\",\"url\":\"https:\/\/levfestival.com\/21\/en\/how-to-get-the-venue-matadero-2021\/\",\"name\":\"How to get the venue Matadero 2021 - LEV Festival 2021\",\"isPartOf\":{\"@id\":\"https:\/\/levfestival.com\/21\/#website\"},\"datePublished\":\"2021-09-01T08:58:58+00:00\",\"dateModified\":\"2023-06-01T09:28:22+00:00\",\"breadcrumb\":{\"@id\":\"https:\/\/levfestival.com\/21\/en\/how-to-get-the-venue-matadero-2021\/#breadcrumb\"},\"inLanguage\":\"en-US\",\"potentialAction\":[{\"@type\":\"ReadAction\",\"target\":[\"https:\/\/levfestival.com\/21\/en\/how-to-get-the-venue-matadero-2021\/\"]}]},{\"@type\":\"BreadcrumbList\",\"@id\":\"https:\/\/levfestival.com\/21\/en\/how-to-get-the-venue-matadero-2021\/#breadcrumb\",\"itemListElement\":[{\"@type\":\"ListItem\",\"position\":1,\"name\":\"Portada\",\"item\":\"https:\/\/levfestival.com\/21\/\"},{\"@type\":\"ListItem\",\"position\":2,\"name\":\"How to get the venue Matadero 2021\"}]},{\"@type\":\"WebSite\",\"@id\":\"https:\/\/levfestival.com\/21\/#website\",\"url\":\"https:\/\/levfestival.com\/21\/\",\"name\":\"LEV Festival 2021\",\"description\":\"LEV Festival Multisite Edici\u00f3n 2020\",\"publisher\":{\"@id\":\"https:\/\/levfestival.com\/21\/#organization\"},\"potentialAction\":[{\"@type\":\"SearchAction\",\"target\":{\"@type\":\"EntryPoint\",\"urlTemplate\":\"https:\/\/levfestival.com\/21\/?s={search_term_string}\"},\"query-input\":\"required name=search_term_string\"}],\"inLanguage\":\"en-US\"},{\"@type\":\"Organization\",\"@id\":\"https:\/\/levfestival.com\/21\/#organization\",\"name\":\"LEV Festival 2021\",\"url\":\"https:\/\/levfestival.com\/21\/\",\"logo\":{\"@type\":\"ImageObject\",\"inLanguage\":\"en-US\",\"@id\":\"https:\/\/levfestival.com\/21\/#\/schema\/logo\/image\/\",\"url\":\"https:\/\/levfestival.com\/21\/wp-content\/uploads\/sites\/12\/2023\/05\/logo-lev-general-ene22-tenis.png\",\"contentUrl\":\"https:\/\/levfestival.com\/21\/wp-content\/uploads\/sites\/12\/2023\/05\/logo-lev-general-ene22-tenis.png\",\"width\":610,\"height\":189,\"caption\":\"LEV Festival 2021\"},\"image\":{\"@id\":\"https:\/\/levfestival.com\/21\/#\/schema\/logo\/image\/\"}}]}<\/script>\n<!-- \/ Yoast SEO plugin. -->","yoast_head_json":{"title":"How to get the venue Matadero 2021 - LEV Festival 2021","robots":{"index":"noindex","follow":"follow","max-snippet":"max-snippet:-1","max-image-preview":"max-image-preview:large","max-video-preview":"max-video-preview:-1"},"og_locale":"en_US","og_type":"article","og_title":"L.E.V. Festival | How to get the venue","og_description":"Laboratorio de Electr\u00f3nica Visual. Matadero Madrid, 2021","og_url":"https:\/\/levfestival.com\/21\/en\/how-to-get-the-venue-matadero-2021\/","og_site_name":"LEV Festival 2021","article_modified_time":"2023-06-01T09:28:22+00:00","twitter_card":"summary_large_image","twitter_title":"L.E.V. Festival | How to get the venue","twitter_description":"Laboratorio de Electr\u00f3nica Visual. Matadero Madrid, 2021","twitter_misc":{"Est. reading time":"2 minutes"},"schema":{"@context":"https:\/\/schema.org","@graph":[{"@type":"WebPage","@id":"https:\/\/levfestival.com\/21\/en\/how-to-get-the-venue-matadero-2021\/","url":"https:\/\/levfestival.com\/21\/en\/how-to-get-the-venue-matadero-2021\/","name":"How to get the venue Matadero 2021 - LEV Festival 2021","isPartOf":{"@id":"https:\/\/levfestival.com\/21\/#website"},"datePublished":"2021-09-01T08:58:58+00:00","dateModified":"2023-06-01T09:28:22+00:00","breadcrumb":{"@id":"https:\/\/levfestival.com\/21\/en\/how-to-get-the-venue-matadero-2021\/#breadcrumb"},"inLanguage":"en-US","potentialAction":[{"@type":"ReadAction","target":["https:\/\/levfestival.com\/21\/en\/how-to-get-the-venue-matadero-2021\/"]}]},{"@type":"BreadcrumbList","@id":"https:\/\/levfestival.com\/21\/en\/how-to-get-the-venue-matadero-2021\/#breadcrumb","itemListElement":[{"@type":"ListItem","position":1,"name":"Portada","item":"https:\/\/levfestival.com\/21\/"},{"@type":"ListItem","position":2,"name":"How to get the venue Matadero 2021"}]},{"@type":"WebSite","@id":"https:\/\/levfestival.com\/21\/#website","url":"https:\/\/levfestival.com\/21\/","name":"LEV Festival 2021","description":"LEV Festival Multisite Edici\u00f3n 2020","publisher":{"@id":"https:\/\/levfestival.com\/21\/#organization"},"potentialAction":[{"@type":"SearchAction","target":{"@type":"EntryPoint","urlTemplate":"https:\/\/levfestival.com\/21\/?s={search_term_string}"},"query-input":"required name=search_term_string"}],"inLanguage":"en-US"},{"@type":"Organization","@id":"https:\/\/levfestival.com\/21\/#organization","name":"LEV Festival 2021","url":"https:\/\/levfestival.com\/21\/","logo":{"@type":"ImageObject","inLanguage":"en-US","@id":"https:\/\/levfestival.com\/21\/#\/schema\/logo\/image\/","url":"https:\/\/levfestival.com\/21\/wp-content\/uploads\/sites\/12\/2023\/05\/logo-lev-general-ene22-tenis.png","contentUrl":"https:\/\/levfestival.com\/21\/wp-content\/uploads\/sites\/12\/2023\/05\/logo-lev-general-ene22-tenis.png","width":610,"height":189,"caption":"LEV Festival 2021"},"image":{"@id":"https:\/\/levfestival.com\/21\/#\/schema\/logo\/image\/"}}]}},"_links":{"self":[{"href":"https:\/\/levfestival.com\/21\/en\/wp-json\/wp\/v2\/pages\/2001","targetHints":{"allow":["GET"]}}],"collection":[{"href":"https:\/\/levfestival.com\/21\/en\/wp-json\/wp\/v2\/pages"}],"about":[{"href":"https:\/\/levfestival.com\/21\/en\/wp-json\/wp\/v2\/types\/page"}],"author":[{"embeddable":true,"href":"https:\/\/levfestival.com\/21\/en\/wp-json\/wp\/v2\/users\/1"}],"replies":[{"embeddable":true,"href":"https:\/\/levfestival.com\/21\/en\/wp-json\/wp\/v2\/comments?post=2001"}],"version-history":[{"count":1,"href":"https:\/\/levfestival.com\/21\/en\/wp-json\/wp\/v2\/pages\/2001\/revisions"}],"predecessor-version":[{"id":3583,"href":"https:\/\/levfestival.com\/21\/en\/wp-json\/wp\/v2\/pages\/2001\/revisions\/3583"}],"wp:attachment":[{"href":"https:\/\/levfestival.com\/21\/en\/wp-json\/wp\/v2\/media?parent=2001"}],"curies":[{"name":"wp","href":"https:\/\/api.w.org\/{rel}","templated":true}]}}