{"id":2000,"date":"2021-08-19T09:39:13","date_gmt":"2021-08-19T09:39:13","guid":{"rendered":"https:\/\/antiguo.levfestival.com\/21\/?page_id=2000"},"modified":"2021-08-19T09:39:13","modified_gmt":"2021-08-19T09:39:13","slug":"mapa-y-espacios-lev-matadero-2021","status":"publish","type":"page","link":"https:\/\/levfestival.com\/21\/mapa-y-espacios-lev-matadero-2021\/","title":{"rendered":"Mapa y espacios LEV Matadero 2021"},"content":{"rendered":"<\/p>\n\n<style type=\"text\/css\" data-created_by=\"avia_inline_auto\" id=\"style-css-av-k376mqq2-4893bb9c661e141e21e606dc17f1cc8c\">\n.avia-section.av-k376mqq2-4893bb9c661e141e21e606dc17f1cc8c{\nbackground-color:#000000;\nbackground-image:unset;\n}\n<\/style>\n<div id='av_section_1'  class='avia-section av-k376mqq2-4893bb9c661e141e21e606dc17f1cc8c main_color avia-section-default avia-no-border-styling  avia-builder-el-0  avia-builder-el-no-sibling  avia-bg-style-scroll av-minimum-height av-minimum-height-custom  container_wrap fullsize'   data-av_minimum_height_px='280'><div class='container av-section-cont-open' style='height:280px'><main  role=\"main\" itemprop=\"mainContentOfPage\"  class='template-page content  av-content-full alpha units'><div class='post-entry post-entry-type-page post-entry-2000'><div class='entry-content-wrapper clearfix'>\n\n<style type=\"text\/css\" data-created_by=\"avia_inline_auto\" id=\"style-css-av-ksiqiw1r-7488c951673a7d786cdf64dfb52d7732\">\n.avia-image-container.av-ksiqiw1r-7488c951673a7d786cdf64dfb52d7732 img.avia_image{\nbox-shadow:none;\n}\n.avia-image-container.av-ksiqiw1r-7488c951673a7d786cdf64dfb52d7732 .av-image-caption-overlay-center{\ncolor:#ffffff;\n}\n<\/style>\n<div  class='avia-image-container av-ksiqiw1r-7488c951673a7d786cdf64dfb52d7732 av-styling- avia-align-center  avia-builder-el-1  el_before_av_one_full  avia-builder-el-first '   itemprop=\"image\" itemscope=\"itemscope\" itemtype=\"https:\/\/schema.org\/ImageObject\" ><div class=\"avia-image-container-inner\"><div class=\"avia-image-overlay-wrap\"><img decoding=\"async\" class='wp-image-2005 avia-img-lazy-loading-not-2005 avia_image ' src=\"https:\/\/levfestival.com\/21\/wp-content\/uploads\/sites\/12\/2021\/08\/LEV2019Matadero_Deposito.jpg\" alt='' title='LEV2019Matadero_Dep\u00f3sito'  height=\"600\" width=\"1200\"  itemprop=\"thumbnailUrl\" srcset=\"https:\/\/levfestival.com\/21\/wp-content\/uploads\/sites\/12\/2021\/08\/LEV2019Matadero_Deposito.jpg 1200w, https:\/\/levfestival.com\/21\/wp-content\/uploads\/sites\/12\/2021\/08\/LEV2019Matadero_Deposito-300x150.jpg 300w, https:\/\/levfestival.com\/21\/wp-content\/uploads\/sites\/12\/2021\/08\/LEV2019Matadero_Deposito-1030x515.jpg 1030w, https:\/\/levfestival.com\/21\/wp-content\/uploads\/sites\/12\/2021\/08\/LEV2019Matadero_Deposito-768x384.jpg 768w, https:\/\/levfestival.com\/21\/wp-content\/uploads\/sites\/12\/2021\/08\/LEV2019Matadero_Deposito-705x353.jpg 705w\" sizes=\"(max-width: 1200px) 100vw, 1200px\" \/><\/div><\/div><\/div>\n\n<style type=\"text\/css\" data-created_by=\"avia_inline_auto\" id=\"style-css-av-5gizu-67324a0bccc0a106248bc5dbc1f0ba69\">\n.flex_column.av-5gizu-67324a0bccc0a106248bc5dbc1f0ba69{\n-webkit-border-radius:0px 0px 0px 0px;\n-moz-border-radius:0px 0px 0px 0px;\nborder-radius:0px 0px 0px 0px;\npadding:0px 0px 0px 0px;\n}\n<\/style>\n<div class='flex_column av-5gizu-67324a0bccc0a106248bc5dbc1f0ba69 av_one_full  avia-builder-el-2  el_after_av_image  el_before_av_hr  first flex_column_div av-zero-column-padding '     ><style type=\"text\/css\" data-created_by=\"avia_inline_auto\" id=\"style-css-av-28c3et-10aaf4ba9f928d1c41f822d73520f28e\">\n#top .av_textblock_section.av-28c3et-10aaf4ba9f928d1c41f822d73520f28e .avia_textblock{\ncolor:#ffffff;\n}\n<\/style>\n<section  class='av_textblock_section av-28c3et-10aaf4ba9f928d1c41f822d73520f28e'  itemscope=\"itemscope\" itemtype=\"https:\/\/schema.org\/CreativeWork\" ><div class='avia_textblock av_inherit_color'  itemprop=\"text\" ><p><strong>L.E.V. Matadero<\/strong> tiene lugar en el centro de <strong>creaci\u00f3n contempor\u00e1nea <a href=\"https:\/\/www.mataderomadrid.org\" target=\"_blank\" rel=\"noopener\">Matadero Madrid<\/a><\/strong>. Promovido por el \u00c1rea de Gobierno de Cultura y Deportes del Ayuntamiento de Madrid, Matadero abri\u00f3 sus puertas al p\u00fablico en 2007. Situado en el antiguo matadero y mercado de ganados de la ciudad, es un recinto de gran valor patrimonial y arquitect\u00f3nico, de enorme personalidad y referente ciudadano.<\/p>\n<p><strong>Matadero Madrid<\/strong> es un centro para la creaci\u00f3n y producci\u00f3n cultural en el que se dan cita todas las formas de investigaci\u00f3n y expresi\u00f3n art\u00edsticas contempor\u00e1neas: las artes visuales, esc\u00e9nicas y performativas, el dise\u00f1o, la literatura, la cultura digital, la arquitectura, y otras muchas pr\u00e1cticas creativas.<\/p>\n<\/div><\/section><\/div>\n<style type=\"text\/css\" data-created_by=\"avia_inline_auto\" id=\"style-css-av-677n6-e6d5ab83d9c0c94425dc1a58183673eb\">\n#top .hr.hr-invisible.av-677n6-e6d5ab83d9c0c94425dc1a58183673eb{\nheight:50px;\n}\n<\/style>\n<div  class='hr av-677n6-e6d5ab83d9c0c94425dc1a58183673eb hr-invisible  avia-builder-el-4  el_after_av_one_full  el_before_av_textblock '><span class='hr-inner '><span class=\"hr-inner-style\"><\/span><\/span><\/div>\n\n<style type=\"text\/css\" data-created_by=\"avia_inline_auto\" id=\"style-css-av-kpsraopi-21f31dd811830046303f930265727c86\">\n#top .av_textblock_section.av-kpsraopi-21f31dd811830046303f930265727c86 .avia_textblock{\ncolor:#ffffff;\n}\n<\/style>\n<section  class='av_textblock_section av-kpsraopi-21f31dd811830046303f930265727c86'  itemscope=\"itemscope\" itemtype=\"https:\/\/schema.org\/CreativeWork\" ><div class='avia_textblock av_inherit_color'  itemprop=\"text\" ><h2 style=\"text-align: center\"><span style=\"color: #ffffff\">C\u00d3MO LLEGAR<\/span><\/h2>\n<\/div><\/section>\n\n<style type=\"text\/css\" data-created_by=\"avia_inline_auto\" id=\"style-css-av-2qrn34-d0e33b30fe6a87c13c931912e5bf3947\">\n.flex_column.av-2qrn34-d0e33b30fe6a87c13c931912e5bf3947{\n-webkit-border-radius:0px 0px 0px 0px;\n-moz-border-radius:0px 0px 0px 0px;\nborder-radius:0px 0px 0px 0px;\npadding:0px 0px 0px 0px;\n}\n<\/style>\n<div class='flex_column av-2qrn34-d0e33b30fe6a87c13c931912e5bf3947 av_one_full  avia-builder-el-6  el_after_av_textblock  el_before_av_hr  first flex_column_div av-zero-column-padding column-top-margin'     ><style type=\"text\/css\" data-created_by=\"avia_inline_auto\" id=\"style-css-av-ksiqmo9z-eb281e7e67cfeb307bee37360f9b2bdc\">\n#top .av_textblock_section.av-ksiqmo9z-eb281e7e67cfeb307bee37360f9b2bdc .avia_textblock{\ncolor:#ffffff;\n}\n<\/style>\n<section  class='av_textblock_section av-ksiqmo9z-eb281e7e67cfeb307bee37360f9b2bdc'  itemscope=\"itemscope\" itemtype=\"https:\/\/schema.org\/CreativeWork\" ><div class='avia_textblock av_inherit_color'  itemprop=\"text\" ><p><strong>ACCESOS<\/strong><\/p>\n<p><strong>Matadero Madrid. Centro de Creaci\u00f3n Contempor\u00e1nea<br \/>\n<\/strong>Paseo de la Chopera 14 \/ Plaza de Legazpi 8<br \/>\nMetro: Legazpi (l\u00edneas 3 y 6)<br \/>\nAutobuses EMT: 6, 8, 18, 19, 45, 78 y 148<br \/>\nCercan\u00edas: Embajadores (m\u00e1s cercano a 1,3 kil\u00f3metros) y Pir\u00e1mides.<\/p>\n<\/div><\/section><\/div>\n<style type=\"text\/css\" data-created_by=\"avia_inline_auto\" id=\"style-css-av-3d7q-2058bc4722cdd5c46abcca8089cd2b63\">\n#top .hr.hr-invisible.av-3d7q-2058bc4722cdd5c46abcca8089cd2b63{\nheight:50px;\n}\n<\/style>\n<div  class='hr av-3d7q-2058bc4722cdd5c46abcca8089cd2b63 hr-invisible  avia-builder-el-8  el_after_av_one_full  avia-builder-el-last '><span class='hr-inner '><span class=\"hr-inner-style\"><\/span><\/span><\/div>\n\n","protected":false},"excerpt":{"rendered":"","protected":false},"author":1,"featured_media":0,"parent":0,"menu_order":0,"comment_status":"closed","ping_status":"closed","template":"","meta":{"footnotes":""},"class_list":["post-2000","page","type-page","status-publish","hentry"],"yoast_head":"<!-- This site is optimized with the Yoast SEO plugin v20.7 - https:\/\/yoast.com\/wordpress\/plugins\/seo\/ -->\n<title>Mapa y espacios LEV Matadero 2021 - LEV Festival 2021<\/title>\n<meta name=\"robots\" content=\"noindex, follow, max-snippet:-1, max-image-preview:large, max-video-preview:-1\" \/>\n<meta property=\"og:locale\" content=\"es_ES\" \/>\n<meta property=\"og:type\" content=\"article\" \/>\n<meta property=\"og:title\" content=\"L.E.V. Festival | C\u00f3mo llegar \u2013 Espacios\" \/>\n<meta property=\"og:description\" content=\"Laboratorio de Electr\u00f3nica Visual. Matadero Madrid, 2021\" \/>\n<meta property=\"og:url\" content=\"https:\/\/levfestival.com\/21\/mapa-y-espacios-lev-matadero-2021\/\" \/>\n<meta property=\"og:site_name\" content=\"LEV Festival 2021\" \/>\n<meta property=\"og:image\" content=\"https:\/\/levfestival.com\/21\/wp-content\/uploads\/sites\/12\/2021\/08\/SEO_11200x630.jpg\" \/>\n\t<meta property=\"og:image:width\" content=\"1200\" \/>\n\t<meta property=\"og:image:height\" content=\"630\" \/>\n\t<meta property=\"og:image:type\" content=\"image\/jpeg\" \/>\n<meta name=\"twitter:card\" content=\"summary_large_image\" \/>\n<meta name=\"twitter:title\" content=\"L.E.V. Festival | C\u00f3mo llegar \u2013 Espacios\" \/>\n<meta name=\"twitter:description\" content=\"Laboratorio de Electr\u00f3nica Visual. Matadero Madrid, 2021\" \/>\n<meta name=\"twitter:image\" content=\"https:\/\/levfestival.com\/21\/wp-content\/uploads\/sites\/12\/2021\/08\/SEO_1024x512.jpg\" \/>\n<meta name=\"twitter:label1\" content=\"Tiempo de lectura\" \/>\n\t<meta name=\"twitter:data1\" content=\"2 minutos\" \/>\n<script type=\"application\/ld+json\" class=\"yoast-schema-graph\">{\"@context\":\"https:\/\/schema.org\",\"@graph\":[{\"@type\":\"WebPage\",\"@id\":\"https:\/\/levfestival.com\/21\/mapa-y-espacios-lev-matadero-2021\/\",\"url\":\"https:\/\/levfestival.com\/21\/mapa-y-espacios-lev-matadero-2021\/\",\"name\":\"Mapa y espacios LEV Matadero 2021 - LEV Festival 2021\",\"isPartOf\":{\"@id\":\"https:\/\/levfestival.com\/21\/#website\"},\"datePublished\":\"2021-08-19T09:39:13+00:00\",\"dateModified\":\"2021-08-19T09:39:13+00:00\",\"breadcrumb\":{\"@id\":\"https:\/\/levfestival.com\/21\/mapa-y-espacios-lev-matadero-2021\/#breadcrumb\"},\"inLanguage\":\"es\",\"potentialAction\":[{\"@type\":\"ReadAction\",\"target\":[\"https:\/\/levfestival.com\/21\/mapa-y-espacios-lev-matadero-2021\/\"]}]},{\"@type\":\"BreadcrumbList\",\"@id\":\"https:\/\/levfestival.com\/21\/mapa-y-espacios-lev-matadero-2021\/#breadcrumb\",\"itemListElement\":[{\"@type\":\"ListItem\",\"position\":1,\"name\":\"Portada\",\"item\":\"https:\/\/levfestival.com\/21\/landing-lev\/\"},{\"@type\":\"ListItem\",\"position\":2,\"name\":\"Mapa y espacios LEV Matadero 2021\"}]},{\"@type\":\"WebSite\",\"@id\":\"https:\/\/levfestival.com\/21\/#website\",\"url\":\"https:\/\/levfestival.com\/21\/\",\"name\":\"LEV Festival 2021\",\"description\":\"LEV Festival Multisite Edici\u00f3n 2020\",\"publisher\":{\"@id\":\"https:\/\/levfestival.com\/21\/#organization\"},\"potentialAction\":[{\"@type\":\"SearchAction\",\"target\":{\"@type\":\"EntryPoint\",\"urlTemplate\":\"https:\/\/levfestival.com\/21\/?s={search_term_string}\"},\"query-input\":\"required name=search_term_string\"}],\"inLanguage\":\"es\"},{\"@type\":\"Organization\",\"@id\":\"https:\/\/levfestival.com\/21\/#organization\",\"name\":\"LEV Festival 2021\",\"url\":\"https:\/\/levfestival.com\/21\/\",\"logo\":{\"@type\":\"ImageObject\",\"inLanguage\":\"es\",\"@id\":\"https:\/\/levfestival.com\/21\/#\/schema\/logo\/image\/\",\"url\":\"https:\/\/levfestival.com\/21\/wp-content\/uploads\/sites\/12\/2023\/05\/logo-lev-general-ene22-tenis.png\",\"contentUrl\":\"https:\/\/levfestival.com\/21\/wp-content\/uploads\/sites\/12\/2023\/05\/logo-lev-general-ene22-tenis.png\",\"width\":610,\"height\":189,\"caption\":\"LEV Festival 2021\"},\"image\":{\"@id\":\"https:\/\/levfestival.com\/21\/#\/schema\/logo\/image\/\"}}]}<\/script>\n<!-- \/ Yoast SEO plugin. -->","yoast_head_json":{"title":"Mapa y espacios LEV Matadero 2021 - LEV Festival 2021","robots":{"index":"noindex","follow":"follow","max-snippet":"max-snippet:-1","max-image-preview":"max-image-preview:large","max-video-preview":"max-video-preview:-1"},"og_locale":"es_ES","og_type":"article","og_title":"L.E.V. Festival | C\u00f3mo llegar \u2013 Espacios","og_description":"Laboratorio de Electr\u00f3nica Visual. Matadero Madrid, 2021","og_url":"https:\/\/levfestival.com\/21\/mapa-y-espacios-lev-matadero-2021\/","og_site_name":"LEV Festival 2021","og_image":[{"width":1200,"height":630,"url":"https:\/\/levfestival.com\/21\/wp-content\/uploads\/sites\/12\/2021\/08\/SEO_11200x630.jpg","type":"image\/jpeg"}],"twitter_card":"summary_large_image","twitter_title":"L.E.V. Festival | C\u00f3mo llegar \u2013 Espacios","twitter_description":"Laboratorio de Electr\u00f3nica Visual. Matadero Madrid, 2021","twitter_image":"https:\/\/levfestival.com\/21\/wp-content\/uploads\/sites\/12\/2021\/08\/SEO_1024x512.jpg","twitter_misc":{"Tiempo de lectura":"2 minutos"},"schema":{"@context":"https:\/\/schema.org","@graph":[{"@type":"WebPage","@id":"https:\/\/levfestival.com\/21\/mapa-y-espacios-lev-matadero-2021\/","url":"https:\/\/levfestival.com\/21\/mapa-y-espacios-lev-matadero-2021\/","name":"Mapa y espacios LEV Matadero 2021 - LEV Festival 2021","isPartOf":{"@id":"https:\/\/levfestival.com\/21\/#website"},"datePublished":"2021-08-19T09:39:13+00:00","dateModified":"2021-08-19T09:39:13+00:00","breadcrumb":{"@id":"https:\/\/levfestival.com\/21\/mapa-y-espacios-lev-matadero-2021\/#breadcrumb"},"inLanguage":"es","potentialAction":[{"@type":"ReadAction","target":["https:\/\/levfestival.com\/21\/mapa-y-espacios-lev-matadero-2021\/"]}]},{"@type":"BreadcrumbList","@id":"https:\/\/levfestival.com\/21\/mapa-y-espacios-lev-matadero-2021\/#breadcrumb","itemListElement":[{"@type":"ListItem","position":1,"name":"Portada","item":"https:\/\/levfestival.com\/21\/landing-lev\/"},{"@type":"ListItem","position":2,"name":"Mapa y espacios LEV Matadero 2021"}]},{"@type":"WebSite","@id":"https:\/\/levfestival.com\/21\/#website","url":"https:\/\/levfestival.com\/21\/","name":"LEV Festival 2021","description":"LEV Festival Multisite Edici\u00f3n 2020","publisher":{"@id":"https:\/\/levfestival.com\/21\/#organization"},"potentialAction":[{"@type":"SearchAction","target":{"@type":"EntryPoint","urlTemplate":"https:\/\/levfestival.com\/21\/?s={search_term_string}"},"query-input":"required name=search_term_string"}],"inLanguage":"es"},{"@type":"Organization","@id":"https:\/\/levfestival.com\/21\/#organization","name":"LEV Festival 2021","url":"https:\/\/levfestival.com\/21\/","logo":{"@type":"ImageObject","inLanguage":"es","@id":"https:\/\/levfestival.com\/21\/#\/schema\/logo\/image\/","url":"https:\/\/levfestival.com\/21\/wp-content\/uploads\/sites\/12\/2023\/05\/logo-lev-general-ene22-tenis.png","contentUrl":"https:\/\/levfestival.com\/21\/wp-content\/uploads\/sites\/12\/2023\/05\/logo-lev-general-ene22-tenis.png","width":610,"height":189,"caption":"LEV Festival 2021"},"image":{"@id":"https:\/\/levfestival.com\/21\/#\/schema\/logo\/image\/"}}]}},"_links":{"self":[{"href":"https:\/\/levfestival.com\/21\/wp-json\/wp\/v2\/pages\/2000","targetHints":{"allow":["GET"]}}],"collection":[{"href":"https:\/\/levfestival.com\/21\/wp-json\/wp\/v2\/pages"}],"about":[{"href":"https:\/\/levfestival.com\/21\/wp-json\/wp\/v2\/types\/page"}],"author":[{"embeddable":true,"href":"https:\/\/levfestival.com\/21\/wp-json\/wp\/v2\/users\/1"}],"replies":[{"embeddable":true,"href":"https:\/\/levfestival.com\/21\/wp-json\/wp\/v2\/comments?post=2000"}],"version-history":[{"count":0,"href":"https:\/\/levfestival.com\/21\/wp-json\/wp\/v2\/pages\/2000\/revisions"}],"wp:attachment":[{"href":"https:\/\/levfestival.com\/21\/wp-json\/wp\/v2\/media?parent=2000"}],"curies":[{"name":"wp","href":"https:\/\/api.w.org\/{rel}","templated":true}]}}