{"id":3134,"date":"2022-06-24T06:57:21","date_gmt":"2022-06-24T06:57:21","guid":{"rendered":"https:\/\/levfestival.com\/22\/como-llegar-l-e-v-matadero-2022\/"},"modified":"2023-02-24T09:59:15","modified_gmt":"2023-02-24T09:59:15","slug":"how-to-get-the-venue-l-e-v-matadero-2022","status":"publish","type":"page","link":"https:\/\/levfestival.com\/22\/en\/how-to-get-the-venue-l-e-v-matadero-2022\/","title":{"rendered":"How to get the venue \u2013 L.E.V. Matadero 2022"},"content":{"rendered":"\n<p><\/p>\n\n\n\n<style type=\"text\/css\" data-created_by=\"avia_inline_auto\" id=\"style-css-av-l4v6mtz1-033d698cf8bef655545f307ed500c7e6\">\n.avia-section.av-l4v6mtz1-033d698cf8bef655545f307ed500c7e6{\nbackground-color:#1d1d1b;\nbackground-image:unset;\n}\n<\/style>\n<div id='av_section_1'  class='avia-section av-l4v6mtz1-033d698cf8bef655545f307ed500c7e6 main_color avia-section-default avia-no-border-styling  avia-builder-el-0  avia-builder-el-no-sibling  avia-bg-style-scroll av-minimum-height av-minimum-height-custom  container_wrap fullsize'   data-av_minimum_height_px='280'><div class='container av-section-cont-open' style='height:280px'><main  role=\"main\" itemprop=\"mainContentOfPage\"  class='template-page content  av-content-full alpha units'><div class='post-entry post-entry-type-page post-entry-3134'><div class='entry-content-wrapper clearfix'>\n\n<style type=\"text\/css\" data-created_by=\"avia_inline_auto\" id=\"style-css-av-l4v6kmmm-9cb25c7c56b9654c0b3dea03c076d881\">\n.avia-image-container.av-l4v6kmmm-9cb25c7c56b9654c0b3dea03c076d881 img.avia_image{\nbox-shadow:none;\n}\n.avia-image-container.av-l4v6kmmm-9cb25c7c56b9654c0b3dea03c076d881 .av-image-caption-overlay-center{\ncolor:#ffffff;\n}\n<\/style>\n<div  class='avia-image-container av-l4v6kmmm-9cb25c7c56b9654c0b3dea03c076d881 av-styling- avia-align-center  avia-builder-el-1  el_before_av_hr  avia-builder-el-first '   itemprop=\"image\" itemscope=\"itemscope\" itemtype=\"https:\/\/schema.org\/ImageObject\" ><div class=\"avia-image-container-inner\"><div class=\"avia-image-overlay-wrap\"><img decoding=\"async\" class='wp-image-4557 avia-img-lazy-loading-not-4557 avia_image ' src=\"https:\/\/levfestival.com\/22\/wp-content\/uploads\/sites\/11\/2022\/06\/LEV2019Matadero_Deposito.jpg\" alt='' title='LEV2019Matadero_Deposito'  height=\"600\" width=\"1200\"  itemprop=\"thumbnailUrl\" srcset=\"https:\/\/levfestival.com\/22\/wp-content\/uploads\/sites\/11\/2022\/06\/LEV2019Matadero_Deposito.jpg 1200w, https:\/\/levfestival.com\/22\/wp-content\/uploads\/sites\/11\/2022\/06\/LEV2019Matadero_Deposito-300x150.jpg 300w, https:\/\/levfestival.com\/22\/wp-content\/uploads\/sites\/11\/2022\/06\/LEV2019Matadero_Deposito-1024x512.jpg 1024w, https:\/\/levfestival.com\/22\/wp-content\/uploads\/sites\/11\/2022\/06\/LEV2019Matadero_Deposito-768x384.jpg 768w\" sizes=\"(max-width: 1200px) 100vw, 1200px\" \/><\/div><\/div><\/div>\n\n<style type=\"text\/css\" data-created_by=\"avia_inline_auto\" id=\"style-css-av-l58asvt4-86fa01dffa6c22117ff662a6b9a3a73c\">\n#top .hr.hr-invisible.av-l58asvt4-86fa01dffa6c22117ff662a6b9a3a73c{\nheight:10px;\n}\n<\/style>\n<div  class='hr av-l58asvt4-86fa01dffa6c22117ff662a6b9a3a73c hr-invisible  avia-builder-el-2  el_after_av_image  el_before_av_one_half '><span class='hr-inner '><span class=\"hr-inner-style\"><\/span><\/span><\/div>\n\n<style type=\"text\/css\" data-created_by=\"avia_inline_auto\" id=\"style-css-av-coldpy-8597f4b487306bdc4431db65823f89b9\">\n.flex_column.av-coldpy-8597f4b487306bdc4431db65823f89b9{\nwidth:47.5%;\n-webkit-border-radius:0px 0px 0px 0px;\n-moz-border-radius:0px 0px 0px 0px;\nborder-radius:0px 0px 0px 0px;\npadding:0px 0px 0px 0px;\n}\n<\/style>\n<div class='flex_column av-coldpy-8597f4b487306bdc4431db65823f89b9 av_one_half  avia-builder-el-3  el_after_av_hr  el_before_av_one_half  first flex_column_div av-zero-column-padding '     ><style type=\"text\/css\" data-created_by=\"avia_inline_auto\" id=\"style-css-av-bk99hi-fa0e5a5347f8c7c58c6ae09dc1512417\">\n#top .av_textblock_section.av-bk99hi-fa0e5a5347f8c7c58c6ae09dc1512417 .avia_textblock{\ncolor:#ffffff;\n}\n<\/style>\n<section  class='av_textblock_section av-bk99hi-fa0e5a5347f8c7c58c6ae09dc1512417'  itemscope=\"itemscope\" itemtype=\"https:\/\/schema.org\/CreativeWork\" ><div class='avia_textblock av_inherit_color'  itemprop=\"text\" ><p><strong>L.E.V. Matadero will take place at the Center of Contemporary Creations <a href=\"https:\/\/www.mataderomadrid.org\" target=\"_blank\" rel=\"noopener\">Matadero Madrid<\/a><\/strong>. Sponsored by the Government Culture and Sports Area of Madrid City Council, Matadero was opened to the public in 2007. Located in the city\u2019s old slaughterhouse and cattle market, it is a space with a great heritage and architectural value, with a strong personality and a landmark for all the citizens.<\/p>\n<\/div><\/section><\/div>\n<style type=\"text\/css\" data-created_by=\"avia_inline_auto\" id=\"style-css-av-23aram-417fc1b17a70b97495a145441d2079f3\">\n.flex_column.av-23aram-417fc1b17a70b97495a145441d2079f3{\nwidth:47.5%;\nmargin-left:5%;\n-webkit-border-radius:0px 0px 0px 0px;\n-moz-border-radius:0px 0px 0px 0px;\nborder-radius:0px 0px 0px 0px;\npadding:0px 0px 0px 0px;\n}\n<\/style>\n<div class='flex_column av-23aram-417fc1b17a70b97495a145441d2079f3 av_one_half  avia-builder-el-5  el_after_av_one_half  el_before_av_hr  flex_column_div av-zero-column-padding '     ><style type=\"text\/css\" data-created_by=\"avia_inline_auto\" id=\"style-css-av-l58aoorm-cc7d6e41cbd946294d793b6d8c3b0efe\">\n#top .av_textblock_section.av-l58aoorm-cc7d6e41cbd946294d793b6d8c3b0efe .avia_textblock{\ncolor:#ffffff;\n}\n<\/style>\n<section  class='av_textblock_section av-l58aoorm-cc7d6e41cbd946294d793b6d8c3b0efe'  itemscope=\"itemscope\" itemtype=\"https:\/\/schema.org\/CreativeWork\" ><div class='avia_textblock av_inherit_color'  itemprop=\"text\" ><p><strong>Matadero Madrid<\/strong> is a center for cultural creation and production, open to all kinds of artistic expression and research: visual, scenic and performative arts, design, literature, digital culture, architecture and many other creative practices. The more than 3700 activities programmed every year are articulated through a programming central unit, Intermediae programs and the Center of Artist Residencies; two public centers: Cineteca Madrid and Naves Matadero; plus some private partners which contribute to a broad, diverse and multidisciplinary global scheduling: Central de Dise\u00f1o, Extensi\u00f3n AVAM, Casa del Lector and Factor\u00eda Cultural.<\/p>\n<\/div><\/section><\/div>\n<style type=\"text\/css\" data-created_by=\"avia_inline_auto\" id=\"style-css-av-8yizpy-60ef5985f5f7c73455829a97ba0e8067\">\n#top .hr.hr-invisible.av-8yizpy-60ef5985f5f7c73455829a97ba0e8067{\nheight:50px;\n}\n<\/style>\n<div  class='hr av-8yizpy-60ef5985f5f7c73455829a97ba0e8067 hr-invisible  avia-builder-el-7  el_after_av_one_half  el_before_av_textblock '><span class='hr-inner '><span class=\"hr-inner-style\"><\/span><\/span><\/div>\n\n<style type=\"text\/css\" data-created_by=\"avia_inline_auto\" id=\"style-css-av-86qh7a-ec8b311f9b9ac63a20ecdb1dd29719f8\">\n#top .av_textblock_section.av-86qh7a-ec8b311f9b9ac63a20ecdb1dd29719f8 .avia_textblock{\ncolor:#ffffff;\n}\n<\/style>\n<section  class='av_textblock_section av-86qh7a-ec8b311f9b9ac63a20ecdb1dd29719f8'  itemscope=\"itemscope\" itemtype=\"https:\/\/schema.org\/CreativeWork\" ><div class='avia_textblock av_inherit_color'  itemprop=\"text\" ><h2 style=\"text-align: center;\"><span style=\"color: #ffffff;\">HOW TO GET THE VENUE<\/span><\/h2>\n<\/div><\/section>\n\n<style type=\"text\/css\" data-created_by=\"avia_inline_auto\" id=\"style-css-av-5jwrom-81432f39fb066518f5090df34a0ebd62\">\n.flex_column.av-5jwrom-81432f39fb066518f5090df34a0ebd62{\n-webkit-border-radius:0px 0px 0px 0px;\n-moz-border-radius:0px 0px 0px 0px;\nborder-radius:0px 0px 0px 0px;\npadding:0px 0px 0px 0px;\n}\n<\/style>\n<div class='flex_column av-5jwrom-81432f39fb066518f5090df34a0ebd62 av_two_fifth  avia-builder-el-9  el_after_av_textblock  el_before_av_three_fifth  first flex_column_div av-zero-column-padding column-top-margin'     ><style type=\"text\/css\" data-created_by=\"avia_inline_auto\" id=\"style-css-av-3t0bme-f0a48cd0457739d0de39842daa533dbe\">\n#top .av_textblock_section.av-3t0bme-f0a48cd0457739d0de39842daa533dbe .avia_textblock{\ncolor:#ffffff;\n}\n<\/style>\n<section  class='av_textblock_section av-3t0bme-f0a48cd0457739d0de39842daa533dbe'  itemscope=\"itemscope\" itemtype=\"https:\/\/schema.org\/CreativeWork\" ><div class='avia_textblock av_inherit_color'  itemprop=\"text\" ><p><strong>ACCESS<\/strong><\/p>\n<p><strong>Matadero Madrid. Centro de Creaci\u00f3n Contempor\u00e1nea<br \/>\n<\/strong>Paseo de la Chopera 14 \/ Plaza de Legazpi 8<br \/>\nMetro: Legazpi (l\u00edneas 3 y 6)<br \/>\nEMT Buses: 6, 8, 18, 19, 45, 78 y 148<br \/>\nSuburban trains: Embajadores (m\u00e1s cercano a 1,3 kil\u00f3metros) y Pir\u00e1mides.<\/p>\n<\/div><\/section><\/div>\n<style type=\"text\/css\" data-created_by=\"avia_inline_auto\" id=\"style-css-av-26teye-2b0ff3aaa537f758faea9bca15b74db6\">\n.flex_column.av-26teye-2b0ff3aaa537f758faea9bca15b74db6{\n-webkit-border-radius:0px 0px 0px 0px;\n-moz-border-radius:0px 0px 0px 0px;\nborder-radius:0px 0px 0px 0px;\npadding:0px 0px 0px 0px;\n}\n<\/style>\n<div class='flex_column av-26teye-2b0ff3aaa537f758faea9bca15b74db6 av_three_fifth  avia-builder-el-11  el_after_av_two_fifth  el_before_av_hr  flex_column_div av-zero-column-padding column-top-margin'     ><p><br \/>\n\n<style type=\"text\/css\" data-created_by=\"avia_inline_auto\" id=\"style-css-sub-av-l4vjtwnr-2cbdc7f657e6a925b8515b82343aa289\">\n.av-hotspot-image-container .av-image-hotspot.av-l4vjts8x-56e43f5aa1e2eb778ccc7c1bf1cdf286{\ntop:16.8%;\nleft:73.1%;\n}\n.av-hotspot-image-container .av-image-hotspot.av-l4vjts8x-56e43f5aa1e2eb778ccc7c1bf1cdf286 .av-image-hotspot_inner{\nbackground-color:#f919a3;\ncolor:#888888;\n}\n.av-hotspot-image-container .av-image-hotspot.av-l4vjts8x-56e43f5aa1e2eb778ccc7c1bf1cdf286 .av-image-hotspot-pulse{\nbackground-color:#ffffff;\n}\n.av-hotspot-image-container .av-image-hotspot.av-l4vjts8x-2-37ac2fb1b773b604fba59e04b074d06c{\ntop:51.7%;\nleft:71.9%;\n}\n.av-hotspot-image-container .av-image-hotspot.av-l4vjts8x-2-37ac2fb1b773b604fba59e04b074d06c .av-image-hotspot_inner{\nbackground-color:#f919a3;\ncolor:#888888;\n}\n.av-hotspot-image-container .av-image-hotspot.av-l4vjts8x-2-37ac2fb1b773b604fba59e04b074d06c .av-image-hotspot-pulse{\nbackground-color:#ffffff;\n}\n<\/style>\n<div  class='av-hotspot-image-container av-l4vjtwnr-2cbdc7f657e6a925b8515b82343aa289  avia-builder-el-13  el_after_av_codeblock  avia-builder-el-last  av-desktop-hide av-medium-hide av-small-hide av-mini-hide av-hotspot-numbered av-mobile-fallback-active  av-non-fullwidth-hotspot-image'  itemprop=\"image\" itemscope=\"itemscope\" itemtype=\"https:\/\/schema.org\/ImageObject\" ><div class='av-hotspot-container'><div class='av-hotspot-container-inner-cell'><div class='av-hotspot-container-inner-wrap'><div class='av-image-hotspot av-l4vjts8x-56e43f5aa1e2eb778ccc7c1bf1cdf286 av-image-hotspot-1 ' data-avia-tooltip-position='top' data-avia-tooltip-alignment='left' data-avia-tooltip-class='av-tt-default-width av-tt-pos-above av-tt-align-left  av-mobile-fallback-active  main_color av-tooltip-shadow av-tt-hotspot' data-avia-tooltip='&lt;p&gt;Nave 16&lt;\/p&gt;\n'><div class='av-image-hotspot_inner'>1<\/div><div class='av-image-hotspot-pulse'><\/div><\/div><div class='av-image-hotspot av-l4vjts8x-2-37ac2fb1b773b604fba59e04b074d06c av-image-hotspot-2 ' data-avia-tooltip-position='top' data-avia-tooltip-alignment='left' data-avia-tooltip-class='av-tt-default-width av-tt-pos-above av-tt-align-left  av-mobile-fallback-active  main_color av-tooltip-shadow av-tt-hotspot' data-avia-tooltip='&lt;p&gt;Plaza Matadero&lt;\/p&gt;\n'><div class='av-image-hotspot_inner'>2<\/div><div class='av-image-hotspot-pulse'><\/div><\/div><img decoding=\"async\" class='wp-image-4571 avia-img-lazy-loading-not-4571 avia_image' src=\"https:\/\/levfestival.com\/22\/wp-content\/uploads\/sites\/11\/2022\/06\/mapa-matadero.png\" alt='' title='mapa-matadero'  height=\"602\" width=\"864\"  itemprop=\"thumbnailUrl\" srcset=\"https:\/\/levfestival.com\/22\/wp-content\/uploads\/sites\/11\/2022\/06\/mapa-matadero.png 864w, https:\/\/levfestival.com\/22\/wp-content\/uploads\/sites\/11\/2022\/06\/mapa-matadero-300x209.png 300w, https:\/\/levfestival.com\/22\/wp-content\/uploads\/sites\/11\/2022\/06\/mapa-matadero-768x535.png 768w\" sizes=\"(max-width: 864px) 100vw, 864px\" \/><\/div><\/div><\/div><div class='av-hotspot-fallback-tooltip av-image-hotspot-1 '><div class=\"av-hotspot-fallback-tooltip-count\">1<div class=\"avia-arrow\"><\/div><\/div><div class=\"av-hotspot-fallback-tooltip-inner clearfix\"><p>\nNave 16<\/p>\n<\/div><\/div><div class='av-hotspot-fallback-tooltip av-image-hotspot-2 '><div class=\"av-hotspot-fallback-tooltip-count\">2<div class=\"avia-arrow\"><\/div><\/div><div class=\"av-hotspot-fallback-tooltip-inner clearfix\"><p>\nPlaza Matadero<\/p>\n<\/div><\/div><\/div><\/p><\/div>\n<style type=\"text\/css\" data-created_by=\"avia_inline_auto\" id=\"style-css-av-2ft26u-3d7e54868bb75d86bcbd82b03c3a8cd5\">\n#top .hr.hr-invisible.av-2ft26u-3d7e54868bb75d86bcbd82b03c3a8cd5{\nheight:50px;\n}\n<\/style>\n<div  class='hr av-2ft26u-3d7e54868bb75d86bcbd82b03c3a8cd5 hr-invisible  avia-builder-el-14  el_after_av_three_fifth  avia-builder-el-last '><span class='hr-inner '><span class=\"hr-inner-style\"><\/span><\/span><\/div>\n\n","protected":false},"excerpt":{"rendered":"","protected":false},"author":1,"featured_media":0,"parent":0,"menu_order":0,"comment_status":"closed","ping_status":"closed","template":"","meta":{"footnotes":""},"class_list":["post-3134","page","type-page","status-publish","hentry"],"yoast_head":"<!-- This site is optimized with the Yoast SEO plugin v20.7 - https:\/\/yoast.com\/wordpress\/plugins\/seo\/ -->\n<title>How to get the venue \u2013 L.E.V. Matadero 2022 - LEV Festival 2022<\/title>\n<meta name=\"robots\" content=\"index, follow, max-snippet:-1, max-image-preview:large, max-video-preview:-1\" \/>\n<link rel=\"canonical\" href=\"https:\/\/levfestival.com\/22\/en\/how-to-get-the-venue-l-e-v-matadero-2022\/\" \/>\n<meta property=\"og:locale\" content=\"en_US\" \/>\n<meta property=\"og:type\" content=\"article\" \/>\n<meta property=\"og:title\" content=\"How to get the venue \u2013 L.E.V. Matadero 2022 - LEV Festival 2022\" \/>\n<meta property=\"og:url\" content=\"https:\/\/levfestival.com\/22\/en\/how-to-get-the-venue-l-e-v-matadero-2022\/\" \/>\n<meta property=\"og:site_name\" content=\"LEV Festival 2022\" \/>\n<meta property=\"article:modified_time\" content=\"2023-02-24T09:59:15+00:00\" \/>\n<meta name=\"twitter:card\" content=\"summary_large_image\" \/>\n<meta name=\"twitter:label1\" content=\"Est. reading time\" \/>\n\t<meta name=\"twitter:data1\" content=\"4 minutes\" \/>\n<script type=\"application\/ld+json\" class=\"yoast-schema-graph\">{\"@context\":\"https:\/\/schema.org\",\"@graph\":[{\"@type\":\"WebPage\",\"@id\":\"https:\/\/levfestival.com\/22\/en\/how-to-get-the-venue-l-e-v-matadero-2022\/\",\"url\":\"https:\/\/levfestival.com\/22\/en\/how-to-get-the-venue-l-e-v-matadero-2022\/\",\"name\":\"How to get the venue \u2013 L.E.V. Matadero 2022 - LEV Festival 2022\",\"isPartOf\":{\"@id\":\"https:\/\/levfestival.com\/22\/#website\"},\"datePublished\":\"2022-06-24T06:57:21+00:00\",\"dateModified\":\"2023-02-24T09:59:15+00:00\",\"inLanguage\":\"en-US\",\"potentialAction\":[{\"@type\":\"ReadAction\",\"target\":[\"https:\/\/levfestival.com\/22\/en\/how-to-get-the-venue-l-e-v-matadero-2022\/\"]}]},{\"@type\":\"WebSite\",\"@id\":\"https:\/\/levfestival.com\/22\/#website\",\"url\":\"https:\/\/levfestival.com\/22\/\",\"name\":\"LEV Festival 2022\",\"description\":\"\",\"potentialAction\":[{\"@type\":\"SearchAction\",\"target\":{\"@type\":\"EntryPoint\",\"urlTemplate\":\"https:\/\/levfestival.com\/22\/?s={search_term_string}\"},\"query-input\":\"required name=search_term_string\"}],\"inLanguage\":\"en-US\"}]}<\/script>\n<!-- \/ Yoast SEO plugin. -->","yoast_head_json":{"title":"How to get the venue \u2013 L.E.V. Matadero 2022 - LEV Festival 2022","robots":{"index":"index","follow":"follow","max-snippet":"max-snippet:-1","max-image-preview":"max-image-preview:large","max-video-preview":"max-video-preview:-1"},"canonical":"https:\/\/levfestival.com\/22\/en\/how-to-get-the-venue-l-e-v-matadero-2022\/","og_locale":"en_US","og_type":"article","og_title":"How to get the venue \u2013 L.E.V. Matadero 2022 - LEV Festival 2022","og_url":"https:\/\/levfestival.com\/22\/en\/how-to-get-the-venue-l-e-v-matadero-2022\/","og_site_name":"LEV Festival 2022","article_modified_time":"2023-02-24T09:59:15+00:00","twitter_card":"summary_large_image","twitter_misc":{"Est. reading time":"4 minutes"},"schema":{"@context":"https:\/\/schema.org","@graph":[{"@type":"WebPage","@id":"https:\/\/levfestival.com\/22\/en\/how-to-get-the-venue-l-e-v-matadero-2022\/","url":"https:\/\/levfestival.com\/22\/en\/how-to-get-the-venue-l-e-v-matadero-2022\/","name":"How to get the venue \u2013 L.E.V. Matadero 2022 - LEV Festival 2022","isPartOf":{"@id":"https:\/\/levfestival.com\/22\/#website"},"datePublished":"2022-06-24T06:57:21+00:00","dateModified":"2023-02-24T09:59:15+00:00","inLanguage":"en-US","potentialAction":[{"@type":"ReadAction","target":["https:\/\/levfestival.com\/22\/en\/how-to-get-the-venue-l-e-v-matadero-2022\/"]}]},{"@type":"WebSite","@id":"https:\/\/levfestival.com\/22\/#website","url":"https:\/\/levfestival.com\/22\/","name":"LEV Festival 2022","description":"","potentialAction":[{"@type":"SearchAction","target":{"@type":"EntryPoint","urlTemplate":"https:\/\/levfestival.com\/22\/?s={search_term_string}"},"query-input":"required name=search_term_string"}],"inLanguage":"en-US"}]}},"_links":{"self":[{"href":"https:\/\/levfestival.com\/22\/en\/wp-json\/wp\/v2\/pages\/3134","targetHints":{"allow":["GET"]}}],"collection":[{"href":"https:\/\/levfestival.com\/22\/en\/wp-json\/wp\/v2\/pages"}],"about":[{"href":"https:\/\/levfestival.com\/22\/en\/wp-json\/wp\/v2\/types\/page"}],"author":[{"embeddable":true,"href":"https:\/\/levfestival.com\/22\/en\/wp-json\/wp\/v2\/users\/1"}],"replies":[{"embeddable":true,"href":"https:\/\/levfestival.com\/22\/en\/wp-json\/wp\/v2\/comments?post=3134"}],"version-history":[{"count":1,"href":"https:\/\/levfestival.com\/22\/en\/wp-json\/wp\/v2\/pages\/3134\/revisions"}],"predecessor-version":[{"id":4842,"href":"https:\/\/levfestival.com\/22\/en\/wp-json\/wp\/v2\/pages\/3134\/revisions\/4842"}],"wp:attachment":[{"href":"https:\/\/levfestival.com\/22\/en\/wp-json\/wp\/v2\/media?parent=3134"}],"curies":[{"name":"wp","href":"https:\/\/api.w.org\/{rel}","templated":true}]}}