{"id":1374,"date":"2023-04-04T13:16:07","date_gmt":"2023-04-04T13:16:07","guid":{"rendered":"https:\/\/levfestival.com\/23-gijon\/horarios\/"},"modified":"2023-05-03T14:34:15","modified_gmt":"2023-05-03T14:34:15","slug":"horarios","status":"publish","type":"page","link":"https:\/\/levfestival.com\/23-gijon\/en\/horarios\/","title":{"rendered":"Timetable"},"content":{"rendered":"\n<style type=\"text\/css\" data-created_by=\"avia_inline_auto\" id=\"style-css-av-lg2b5xky-473aefb6c371dec46c7c8c8571939226\">\n.avia-section.av-lg2b5xky-473aefb6c371dec46c7c8c8571939226{\nbackground-color:#000000;\nbackground-image:unset;\n}\n<\/style>\n<div id='av_section_1'  class='avia-section av-lg2b5xky-473aefb6c371dec46c7c8c8571939226 header_color avia-section-default avia-no-border-styling  avia-builder-el-0  el_before_av_tab_container  avia-builder-el-first  avia-bg-style-scroll container_wrap fullsize'  ><div class='container av-section-cont-open' ><main  role=\"main\" itemprop=\"mainContentOfPage\"  class='template-page content  av-content-full alpha units'><div class='post-entry post-entry-type-page post-entry-1374'><div class='entry-content-wrapper clearfix'>\n\n<style type=\"text\/css\" data-created_by=\"avia_inline_auto\" id=\"style-css-av-lg2aax7z-5a6ea6baba32bd700389f02ee0c87cf6\">\n#top .av-special-heading.av-lg2aax7z-5a6ea6baba32bd700389f02ee0c87cf6{\npadding-bottom:10px;\ncolor:#ffffff;\n}\nbody .av-special-heading.av-lg2aax7z-5a6ea6baba32bd700389f02ee0c87cf6 .av-special-heading-tag .heading-char{\nfont-size:25px;\n}\n.av-special-heading.av-lg2aax7z-5a6ea6baba32bd700389f02ee0c87cf6 .special-heading-inner-border{\nborder-color:#ffffff;\n}\n.av-special-heading.av-lg2aax7z-5a6ea6baba32bd700389f02ee0c87cf6 .av-subheading{\nfont-size:15px;\n}\n<\/style>\n<div  class='av-special-heading av-lg2aax7z-5a6ea6baba32bd700389f02ee0c87cf6 av-special-heading-h1 custom-color-heading blockquote modern-quote  avia-builder-el-1  avia-builder-el-no-sibling '><h1 class='av-special-heading-tag'  itemprop=\"headline\"  >TIMETABLE<\/h1><div class=\"special-heading-border\"><div class=\"special-heading-inner-border\"><\/div><\/div><\/div>\n<\/div><\/div><\/main><!-- close content main element --><\/div><\/div><div id='after_section_1'  class='main_color av_default_container_wrap container_wrap fullsize'  ><div class='container av-section-cont-open' ><div class='template-page content  av-content-full alpha units'><div class='post-entry post-entry-type-page post-entry-1374'><div class='entry-content-wrapper clearfix'>\n<div  id=\"horarios-gijon23\"  class='tabcontainer av-lg2afsrs-b9c5fbca01741851c9a4e6362ced97ce top_tab  avia-builder-el-2  el_after_av_section  avia-builder-el-no-sibling ' role='tablist'>\n<section class='av_tab_section av_tab_section av-lg2aej8d-1-a6352fac3ce4c5197d57f8d293d39a10'  itemscope=\"itemscope\" itemtype=\"https:\/\/schema.org\/CreativeWork\" ><div class='tab active_tab' role='tab' tabindex='0' data-fake-id='#sunday-30' aria-controls='sunday-30-content'  itemprop=\"headline\" >OTHER DATES<\/div><div id='sunday-30-content' class='tab_content active_tab_content' aria-hidden=\"false\"><div class='tab_inner_content invers-color'  itemprop=\"text\" ><p class=\"titulo-horarios\">Centro de Cultura Antiguo Instituto<\/p>\n<p>Monday to Friday 17:30 to 20:30 h.<br \/>\nSaturday 12:00 to 14:00 h &amp; 17:30 to 20:30 h.<br \/>\nSunday 12:00 to 14:00 h.<\/p>\n<h2><a href=\"https:\/\/levfestival.com\/23-gijon\/en\/lev-gijon\/iregular-faces\/\">IREGULAR | FACES<\/a><\/h2>\n<p class=\"subtitulo-horarios\">AV Installation<\/p>\n<p>Until May 21<\/p>\n<p class=\"titulo-horarios\">LABoral Centro de Arte<\/p>\n<p>Wednesday to Friday 10:00 to 19:00 h.<br \/>\nSaturday 12:00 to 19:00 h.<\/p>\n<h2><a href=\"https:\/\/levfestival.com\/23-gijon\/en\/lev-gijon\/total-refusal\/\">TOTAL REFUSAL | HARDLY WORKING<\/a><\/h2>\n<p class=\"subtitulo-horarios\">AV Installation<\/p>\n<p>Until June 24<\/p>\n<\/div><\/div><\/section>\n<section class='av_tab_section av_tab_section av-lg2ae3u7-c2fd397b345f72d3a75cfa78dd944496'  itemscope=\"itemscope\" itemtype=\"https:\/\/schema.org\/CreativeWork\" ><div class='tab' role='tab' tabindex='0' data-fake-id='#thursday-27' aria-controls='thursday-27-content'  itemprop=\"headline\" >THURSDAY 27_APRIL<\/div><div id='thursday-27-content' class='tab_content' aria-hidden=\"true\"><div class='tab_inner_content invers-color'  itemprop=\"text\" ><p class=\"titulo-horarios\">LABoral Centro de Arte<\/p>\n<p>10:00\u201319:00 h.<\/p>\n<h2><a href=\"https:\/\/levfestival.com\/23-gijon\/en\/lev-gijon\/total-refusal\/\">TOTAL REFUSAL | HARDLY WORKING<\/a><\/h2>\n<h2><a href=\"https:\/\/levfestival.com\/23-gijon\/en\/lev-gijon\/maxime-corbeil-perron\/\">MAXIME CORBEIL-PERRON | OPTX.DRIPS<\/a><\/h2>\n<p class=\"subtitulo-horarios\">AV Installation<\/p>\n<p class=\"titulo-horarios\">Centro de Cultura Antiguo Instituto<\/p>\n<p>16:00\u201320:30 h.<\/p>\n<h2><a href=\"https:\/\/levfestival.com\/23-gijon\/en\/lev-gijon\/iregular-faces\/\">IREGULAR | FACES<\/a><\/h2>\n<p class=\"subtitulo-horarios\">AV Installation<\/p>\n<p class=\"titulo-horarios\">Escuela de Comercio<\/p>\n<p>16:00\u201321:00 h.<\/p>\n<h2><a href=\"https:\/\/levfestival.com\/23-gijon\/en\/lev-gijon\/pedro-harres\/\">FROM THE MAIN SQUARE<\/a><\/h2>\n<h2><a href=\"https:\/\/levfestival.com\/23-gijon\/en\/lev-gijon\/barry-gene-murphy-may-abdalla\/\">GOLIATH: PLAYING WITH REALITY<\/a><\/h2>\n<p class=\"subtitulo-horarios\">VR Experience<\/p>\n<\/div><\/div><\/section>\n<section class='av_tab_section av_tab_section av-lg2aej8d-2ade401c7bd24a4301fde43dd4fe33dd'  itemscope=\"itemscope\" itemtype=\"https:\/\/schema.org\/CreativeWork\" ><div class='tab' role='tab' tabindex='0' data-fake-id='#friday-28' aria-controls='friday-28-content'  itemprop=\"headline\" >FRIDAY 28_APRIL<\/div><div id='friday-28-content' class='tab_content' aria-hidden=\"true\"><div class='tab_inner_content invers-color'  itemprop=\"text\" ><p class=\"titulo-horarios\">LABoral Centro de Arte. Plat0<\/p>\n<p>20:00 h.<\/p>\n<h2><a href=\"https:\/\/levfestival.com\/23-gijon\/en\/lev-gijon\/charla-con-kathy-hinde\/\">Talk with Kathy Hinde<\/a><\/h2>\n<p class=\"titulo-horarios\">Teatro de la Laboral<\/p>\n<p>21:30 h.<\/p>\n<p style=\"color: #fff;\">Doors<\/p>\n<p>22:00 h.<\/p>\n<h2><a href=\"https:\/\/levfestival.com\/23-gijon\/en\/lev-gijon\/grand-river-all-above\/\">GRAND RIVER<\/a><\/h2>\n<p>23.30 h.<\/p>\n<h2><a href=\"https:\/\/levfestival.com\/23-gijon\/en\/lev-gijon\/robert-henke-cbm-8023-av\/\">ROBERT HENKE<\/a><\/h2>\n<p>01:00 h.<\/p>\n<h2><a href=\"https:\/\/levfestival.com\/23-gijon\/en\/lev-gijon\/annabelle-playe-alexandra-radulescu-krasis\/\">ANNABELLE PLAYE &#038; ALEXANDRA R\u0102DULESCU<\/a><\/h2>\n<p>02:10 h.<\/p>\n<h2><a href=\"https:\/\/levfestival.com\/23-gijon\/en\/lev-gijon\/franck-vigroux-antoine-schmitt\/\">FRANCK VIGROUX &#038; ANTOINE SCHMITT<\/a><\/h2>\n<p>*03.30 h.<\/p>\n<p style=\"color: #fff;\">Special bus service to the city center.<\/p>\n<p class=\"titulo-horarios\">LABoral Centro de Arte<\/p>\n<p>10:00\u201320:30 h.<\/p>\n<h2><a href=\"https:\/\/levfestival.com\/23-gijon\/en\/lev-gijon\/total-refusal\/\">TOTAL REFUSAL | HARDLY WORKING<\/a><\/h2>\n<h2><a href=\"https:\/\/levfestival.com\/23-gijon\/en\/lev-gijon\/maxime-corbeil-perron\/\">MAXIME CORBEIL-PERRON | OPTX.DRIPS<\/a><\/h2>\n<p class=\"subtitulo-horarios\">AV Installation<\/p>\n<p class=\"titulo-horarios\">Centro de Cultura Antiguo Instituto<\/p>\n<p>16:00\u201320:30 h.<\/p>\n<h2><a href=\"https:\/\/levfestival.com\/23-gijon\/en\/lev-gijon\/iregular-faces\/\">IREGULAR | FACES<\/a><\/h2>\n<p class=\"subtitulo-horarios\">AV Installation<\/p>\n<p class=\"titulo-horarios\">Escuela de Comercio<\/p>\n<p>11:00\u201314:00 &#038; 16:00\u201321:00 h.<\/p>\n<h2><a href=\"https:\/\/levfestival.com\/23-gijon\/en\/lev-gijon\/pedro-harres\/\">FROM THE MAIN SQUARE<\/a><\/h2>\n<h2><a href=\"https:\/\/levfestival.com\/23-gijon\/en\/lev-gijon\/barry-gene-murphy-may-abdalla\/\">GOLIATH: PLAYING WITH REALITY<\/a><\/h2>\n<p class=\"subtitulo-horarios\">VR Experience<\/p>\n<\/div><\/div><\/section>\n<section class='av_tab_section av_tab_section av-lg2aej8d-2-dec97d46fb6751dc15f33b5dd53f90c8'  itemscope=\"itemscope\" itemtype=\"https:\/\/schema.org\/CreativeWork\" ><div class='tab' role='tab' tabindex='0' data-fake-id='#saturday-29' aria-controls='saturday-29-content'  itemprop=\"headline\" >SATURDAY 29_APRIL<\/div><div id='saturday-29-content' class='tab_content' aria-hidden=\"true\"><div class='tab_inner_content invers-color'  itemprop=\"text\" ><p class=\"titulo-horarios\">Mus\u00e9u del Pueblu d\u2019Asturies<\/p>\n<p>12:30 h.<\/p>\n<p style=\"color: #fff;\">Doors<\/p>\n<p>13:00 h.<\/p>\n<h2><a href=\"https:\/\/levfestival.com\/23-gijon\/en\/lev-gijon\/komatssu\/\">KOMATSSU<\/a><\/h2>\n<p>14:00 h.<\/p>\n<h2><a href=\"https:\/\/levfestival.com\/23-gijon\/en\/lev-gijon\/ikonika-bubble-up-live\/\">IKONIKA<\/a><\/h2>\n<p>15:10 h.<\/p>\n<h2><a href=\"https:\/\/levfestival.com\/23-gijon\/en\/lev-gijon\/waqwaq-kingdom\/\">WAQWAQ KINGDOM<\/a><\/h2>\n<p>16:10 h.<\/p>\n<h2><a href=\"https:\/\/levfestival.com\/23-gijon\/en\/lev-gijon\/james-shinra\/\">JAMES SHINRA<\/a><\/h2>\n<p>17:20 h.<\/p>\n<h2><a href=\"https:\/\/levfestival.com\/23-gijon\/en\/lev-gijon\/jailed-jamie-ft-helios-amor-gimme-something-to-break\/\">JAILED JAMIE ft. HELIOS AMOR<\/a><\/h2>\n<p class=\"titulo-horarios\">Teatro de la Laboral<\/p>\n<p>19:30 h.<\/p>\n<p style=\"color: #fff;\">Doors<\/p>\n<p>20:00 h.<\/p>\n<h2><a href=\"https:\/\/levfestival.com\/23-gijon\/en\/lev-gijon\/kathy-hinde-twittering-machines\/\">KATHY HINDE<\/a><\/h2>\n<p>20:45 h.<\/p>\n<h2><a href=\"https:\/\/levfestival.com\/23-gijon\/en\/lev-gijon\/helene-vogelsinger-metaphysical-alteration\/\">H\u00c9L\u00c8NE VOGELSINGER<\/a><\/h2>\n<p>22:10 h.<\/p>\n<h2><a href=\"https:\/\/levfestival.com\/23-gijon\/en\/lev-gijon\/claraguilar-mystery-is-all\/\">CLARAGUILAR<\/a><\/h2>\n<p class=\"titulo-horarios\">Nave. LABoral Centro de Arte<\/p>\n<p>23:00 h.<\/p>\n<p style=\"color: #fff;\">Doors<\/p>\n<p>00:00 h.<\/p>\n<h2><a href=\"https:\/\/levfestival.com\/23-gijon\/en\/lev-gijon\/enxin-onyx\/\">ENXIN\/ONYX<\/a><\/h2>\n<p>00:55 h.<\/p>\n<h2><a href=\"https:\/\/levfestival.com\/23-gijon\/en\/lev-gijon\/kai-whiston\/\">KAI WHISTON<\/a><\/h2>\n<p>02:05 h.<\/p>\n<h2><a href=\"https:\/\/levfestival.com\/23-gijon\/en\/lev-gijon\/throwing-snow-dragons-av\/\">THROWING SNOW<\/a><\/h2>\n<p>03:05 h.<\/p>\n<h2><a href=\"https:\/\/levfestival.com\/23-gijon\/en\/lev-gijon\/zoe-mc-pherson-alessandra-leone-pitch-blender-live-av\/\">ZO\u00cb MC PHERSON &#038; ALESSANDRA LEONE<\/a><\/h2>\n<p>04:15 h.<\/p>\n<h2><a href=\"https:\/\/levfestival.com\/23-gijon\/en\/lev-gijon\/ninos-du-brasil\/\">NINOS DU BRASIL<\/a><\/h2>\n<p>*05.45 h.<\/p>\n<p style=\"color: #fff;\">Special bus service to the city center.<\/p>\n<p class=\"titulo-horarios\">LABoral Centro de Arte<\/p>\n<p>12:00\u201319:00 h.<\/p>\n<h2><a href=\"https:\/\/levfestival.com\/23-gijon\/en\/lev-gijon\/total-refusal\/\">TOTAL REFUSAL | HARDLY WORKING<\/a><\/h2>\n<h2><a href=\"https:\/\/levfestival.com\/23-gijon\/en\/lev-gijon\/maxime-corbeil-perron\/\">MAXIME CORBEIL-PERRON | OPTX.DRIPS<\/a><\/h2>\n<p class=\"subtitulo-horarios\">AV Installation<\/p>\n<p class=\"titulo-horarios\">Centro de Cultura Antiguo Instituto<\/p>\n<p>12:00\u201314:00 &#038; 16:00\u201320:30 h.<\/p>\n<h2><a href=\"https:\/\/levfestival.com\/23-gijon\/en\/lev-gijon\/iregular-faces\/\">IREGULAR | FACES<\/a><\/h2>\n<p class=\"subtitulo-horarios\">AV Installation<\/p>\n<p class=\"titulo-horarios\">Escuela de Comercio<\/p>\n<p>11:00\u201314:00 &#038; 16:00\u201321:00 h.<\/p>\n<h2><a href=\"https:\/\/levfestival.com\/23-gijon\/en\/lev-gijon\/pedro-harres\/\">FROM THE MAIN SQUARE<\/a><\/h2>\n<h2><a href=\"https:\/\/levfestival.com\/23-gijon\/en\/lev-gijon\/barry-gene-murphy-may-abdalla\/\">GOLIATH: PLAYING WITH REALITY<\/a><\/h2>\n<p class=\"subtitulo-horarios\">VR Experience<\/p>\n<\/div><\/div><\/section>\n<section class='av_tab_section av_tab_section av-lg2aej8d-1-2303cf55e623b623ebf4ea8c50fac7f4'  itemscope=\"itemscope\" itemtype=\"https:\/\/schema.org\/CreativeWork\" ><div class='tab' role='tab' tabindex='0' data-fake-id='#sunday-30' aria-controls='sunday-30-content'  itemprop=\"headline\" >SUNDAY 30_APRIL<\/div><div id='sunday-30-content' class='tab_content' aria-hidden=\"true\"><div class='tab_inner_content invers-color'  itemprop=\"text\" ><p class=\"titulo-horarios\">Jard\u00edn Bot\u00e1nico Atl\u00e1ntico<\/p>\n<p>13:00 h.<\/p>\n<p style=\"color: #fff;\">Doors<\/p>\n<p>14:00 h.<\/p>\n<h2><a href=\"https:\/\/levfestival.com\/23-gijon\/en\/lev-gijon\/astrid-sonne\/\">ASTRID SONNE<\/a><\/h2>\n<p>15:00 h.<\/p>\n<h2><a href=\"https:\/\/levfestival.com\/23-gijon\/en\/lev-gijon\/samuel-organ\/\">SAMUEL ORGAN<\/a><\/h2>\n<p class=\"titulo-horarios\">Teatro Jovellanos<\/p>\n<p>20:00 h.<\/p>\n<p style=\"color: #fff;\">Doors<\/p>\n<p>20:30 h.<\/p>\n<h2><a href=\"https:\/\/levfestival.com\/23-gijon\/en\/lev-gijon\/fuse-dokk\/\">FUSE* | D\u00d6KK<\/a><\/h2>\n<p class=\"titulo-horarios\">Escuela de Comercio<\/p>\n<p>11:00\u201314:00 h.<\/p>\n<h2><a href=\"https:\/\/levfestival.com\/23-gijon\/en\/lev-gijon\/pedro-harres\/\">FROM THE MAIN SQUARE<\/a><\/h2>\n<h2><a href=\"https:\/\/levfestival.com\/23-gijon\/en\/lev-gijon\/barry-gene-murphy-may-abdalla\/\">GOLIATH: PLAYING WITH REALITY<\/a><\/h2>\n<p class=\"subtitulo-horarios\">VR Experience<\/p>\n<p class=\"titulo-horarios\">Centro de Cultura Antiguo Instituto<\/p>\n<p>12:00\u201314:00 &#038; 16:00\u201320:30 h.<\/p>\n<h2><a href=\"https:\/\/levfestival.com\/23-gijon\/en\/lev-gijon\/iregular-faces\/\">IREGULAR | FACES<\/a><\/h2>\n<p class=\"subtitulo-horarios\">AV Installation<\/p>\n<p class=\"titulo-horarios\">LABoral Centro de Arte<\/p>\n<p>12:00\u201319:00 h.<\/p>\n<h2><a href=\"https:\/\/levfestival.com\/23-gijon\/en\/lev-gijon\/total-refusal\/\">TOTAL REFUSAL | HARDLY WORKING<\/a><\/h2>\n<h2><a href=\"https:\/\/levfestival.com\/23-gijon\/en\/lev-gijon\/maxime-corbeil-perron\/\">MAXIME CORBEIL-PERRON | OPTX.DRIPS<\/a><\/h2>\n<p class=\"subtitulo-horarios\">AV Installation<\/p>\n<\/div><\/div><\/section>\n<\/div>\n","protected":false},"excerpt":{"rendered":"","protected":false},"author":1,"featured_media":0,"parent":0,"menu_order":0,"comment_status":"closed","ping_status":"closed","template":"","meta":{"footnotes":""},"class_list":["post-1374","page","type-page","status-publish","hentry"],"yoast_head":"<!-- This site is optimized with the Yoast SEO plugin v20.7 - https:\/\/yoast.com\/wordpress\/plugins\/seo\/ -->\n<title>Timetable - L.E.V. Gij\u00f3n 2023 - L.E.V. Festival 2023<\/title>\n<meta name=\"robots\" content=\"index, follow, max-snippet:-1, max-image-preview:large, max-video-preview:-1\" \/>\n<link rel=\"canonical\" href=\"https:\/\/levfestival.com\/23-gijon\/en\/horarios\/\" \/>\n<meta property=\"og:locale\" content=\"en_US\" \/>\n<meta property=\"og:type\" content=\"article\" \/>\n<meta property=\"og:title\" content=\"Timetable - L.E.V. Gij\u00f3n 2023 - L.E.V. Festival 2023\" \/>\n<meta property=\"og:url\" content=\"https:\/\/levfestival.com\/23-gijon\/en\/horarios\/\" \/>\n<meta property=\"og:site_name\" content=\"L.E.V. Gij\u00f3n 2023 - L.E.V. Festival 2023\" \/>\n<meta property=\"article:modified_time\" content=\"2023-05-03T14:34:15+00:00\" \/>\n<meta name=\"twitter:card\" content=\"summary_large_image\" \/>\n<meta name=\"twitter:label1\" content=\"Est. reading time\" \/>\n\t<meta name=\"twitter:data1\" content=\"3 minutes\" \/>\n<script type=\"application\/ld+json\" class=\"yoast-schema-graph\">{\"@context\":\"https:\/\/schema.org\",\"@graph\":[{\"@type\":\"WebPage\",\"@id\":\"https:\/\/levfestival.com\/23-gijon\/en\/horarios\/\",\"url\":\"https:\/\/levfestival.com\/23-gijon\/en\/horarios\/\",\"name\":\"Timetable - L.E.V. Gij\u00f3n 2023 - L.E.V. Festival 2023\",\"isPartOf\":{\"@id\":\"https:\/\/levfestival.com\/23-gijon\/#website\"},\"datePublished\":\"2023-04-04T13:16:07+00:00\",\"dateModified\":\"2023-05-03T14:34:15+00:00\",\"inLanguage\":\"en-US\",\"potentialAction\":[{\"@type\":\"ReadAction\",\"target\":[\"https:\/\/levfestival.com\/23-gijon\/en\/horarios\/\"]}]},{\"@type\":\"WebSite\",\"@id\":\"https:\/\/levfestival.com\/23-gijon\/#website\",\"url\":\"https:\/\/levfestival.com\/23-gijon\/\",\"name\":\"L.E.V. Gij\u00f3n 2023 - L.E.V. Festival 2023\",\"description\":\"\",\"potentialAction\":[{\"@type\":\"SearchAction\",\"target\":{\"@type\":\"EntryPoint\",\"urlTemplate\":\"https:\/\/levfestival.com\/23-gijon\/?s={search_term_string}\"},\"query-input\":\"required name=search_term_string\"}],\"inLanguage\":\"en-US\"}]}<\/script>\n<!-- \/ Yoast SEO plugin. -->","yoast_head_json":{"title":"Timetable - L.E.V. Gij\u00f3n 2023 - L.E.V. Festival 2023","robots":{"index":"index","follow":"follow","max-snippet":"max-snippet:-1","max-image-preview":"max-image-preview:large","max-video-preview":"max-video-preview:-1"},"canonical":"https:\/\/levfestival.com\/23-gijon\/en\/horarios\/","og_locale":"en_US","og_type":"article","og_title":"Timetable - L.E.V. Gij\u00f3n 2023 - L.E.V. Festival 2023","og_url":"https:\/\/levfestival.com\/23-gijon\/en\/horarios\/","og_site_name":"L.E.V. Gij\u00f3n 2023 - L.E.V. Festival 2023","article_modified_time":"2023-05-03T14:34:15+00:00","twitter_card":"summary_large_image","twitter_misc":{"Est. reading time":"3 minutes"},"schema":{"@context":"https:\/\/schema.org","@graph":[{"@type":"WebPage","@id":"https:\/\/levfestival.com\/23-gijon\/en\/horarios\/","url":"https:\/\/levfestival.com\/23-gijon\/en\/horarios\/","name":"Timetable - L.E.V. Gij\u00f3n 2023 - L.E.V. Festival 2023","isPartOf":{"@id":"https:\/\/levfestival.com\/23-gijon\/#website"},"datePublished":"2023-04-04T13:16:07+00:00","dateModified":"2023-05-03T14:34:15+00:00","inLanguage":"en-US","potentialAction":[{"@type":"ReadAction","target":["https:\/\/levfestival.com\/23-gijon\/en\/horarios\/"]}]},{"@type":"WebSite","@id":"https:\/\/levfestival.com\/23-gijon\/#website","url":"https:\/\/levfestival.com\/23-gijon\/","name":"L.E.V. Gij\u00f3n 2023 - L.E.V. Festival 2023","description":"","potentialAction":[{"@type":"SearchAction","target":{"@type":"EntryPoint","urlTemplate":"https:\/\/levfestival.com\/23-gijon\/?s={search_term_string}"},"query-input":"required name=search_term_string"}],"inLanguage":"en-US"}]}},"_links":{"self":[{"href":"https:\/\/levfestival.com\/23-gijon\/en\/wp-json\/wp\/v2\/pages\/1374","targetHints":{"allow":["GET"]}}],"collection":[{"href":"https:\/\/levfestival.com\/23-gijon\/en\/wp-json\/wp\/v2\/pages"}],"about":[{"href":"https:\/\/levfestival.com\/23-gijon\/en\/wp-json\/wp\/v2\/types\/page"}],"author":[{"embeddable":true,"href":"https:\/\/levfestival.com\/23-gijon\/en\/wp-json\/wp\/v2\/users\/1"}],"replies":[{"embeddable":true,"href":"https:\/\/levfestival.com\/23-gijon\/en\/wp-json\/wp\/v2\/comments?post=1374"}],"version-history":[{"count":8,"href":"https:\/\/levfestival.com\/23-gijon\/en\/wp-json\/wp\/v2\/pages\/1374\/revisions"}],"predecessor-version":[{"id":1491,"href":"https:\/\/levfestival.com\/23-gijon\/en\/wp-json\/wp\/v2\/pages\/1374\/revisions\/1491"}],"wp:attachment":[{"href":"https:\/\/levfestival.com\/23-gijon\/en\/wp-json\/wp\/v2\/media?parent=1374"}],"curies":[{"name":"wp","href":"https:\/\/api.w.org\/{rel}","templated":true}]}}