{"id":1340,"date":"2023-04-04T13:16:07","date_gmt":"2023-04-04T13:16:07","guid":{"rendered":"https:\/\/levfestival.com\/23-gijon\/?page_id=1340"},"modified":"2023-05-03T13:43:40","modified_gmt":"2023-05-03T13:43:40","slug":"horarios","status":"publish","type":"page","link":"https:\/\/levfestival.com\/23-gijon\/horarios\/","title":{"rendered":"Horarios"},"content":{"rendered":"\n<style type=\"text\/css\" data-created_by=\"avia_inline_auto\" id=\"style-css-av-lg2b5xky-473aefb6c371dec46c7c8c8571939226\">\n.avia-section.av-lg2b5xky-473aefb6c371dec46c7c8c8571939226{\nbackground-color:#000000;\nbackground-image:unset;\n}\n<\/style>\n<div id='av_section_1'  class='avia-section av-lg2b5xky-473aefb6c371dec46c7c8c8571939226 header_color avia-section-default avia-no-border-styling  avia-builder-el-0  el_before_av_tab_container  avia-builder-el-first  avia-bg-style-scroll container_wrap fullsize'  ><div class='container av-section-cont-open' ><main  role=\"main\" itemprop=\"mainContentOfPage\"  class='template-page content  av-content-full alpha units'><div class='post-entry post-entry-type-page post-entry-1340'><div class='entry-content-wrapper clearfix'>\n\n<style type=\"text\/css\" data-created_by=\"avia_inline_auto\" id=\"style-css-av-lg2aax7z-45a660070f65b4e508a580777e0a83ab\">\n#top .av-special-heading.av-lg2aax7z-45a660070f65b4e508a580777e0a83ab{\npadding-bottom:10px;\ncolor:#ffffff;\n}\nbody .av-special-heading.av-lg2aax7z-45a660070f65b4e508a580777e0a83ab .av-special-heading-tag .heading-char{\nfont-size:25px;\n}\n.av-special-heading.av-lg2aax7z-45a660070f65b4e508a580777e0a83ab .special-heading-inner-border{\nborder-color:#ffffff;\n}\n.av-special-heading.av-lg2aax7z-45a660070f65b4e508a580777e0a83ab .av-subheading{\nfont-size:15px;\n}\n<\/style>\n<div  class='av-special-heading av-lg2aax7z-45a660070f65b4e508a580777e0a83ab av-special-heading-h1 custom-color-heading blockquote modern-quote  avia-builder-el-1  avia-builder-el-no-sibling '><h1 class='av-special-heading-tag'  itemprop=\"headline\"  >HORARIOS<\/h1><div class=\"special-heading-border\"><div class=\"special-heading-inner-border\"><\/div><\/div><\/div>\n<\/div><\/div><\/main><!-- close content main element --><\/div><\/div><div id='after_section_1'  class='main_color av_default_container_wrap container_wrap fullsize'  ><div class='container av-section-cont-open' ><div class='template-page content  av-content-full alpha units'><div class='post-entry post-entry-type-page post-entry-1340'><div class='entry-content-wrapper clearfix'>\n<div  id=\"horarios-gijon23\"  class='tabcontainer av-lg2afsrs-b9c5fbca01741851c9a4e6362ced97ce top_tab  avia-builder-el-2  el_after_av_section  avia-builder-el-no-sibling ' role='tablist'>\n<section class='av_tab_section av_tab_section av-lg2aej8d-1-5d4b9e39dc041b8b6d04dd17aa9947e7'  itemscope=\"itemscope\" itemtype=\"https:\/\/schema.org\/CreativeWork\" ><div class='tab active_tab' role='tab' tabindex='0' data-fake-id='#domingo-30' aria-controls='domingo-30-content'  itemprop=\"headline\" >OTRAS FECHAS<\/div><div id='domingo-30-content' class='tab_content active_tab_content' aria-hidden=\"false\"><div class='tab_inner_content invers-color'  itemprop=\"text\" ><p class=\"titulo-horarios\">Centro de Cultura Antiguo Instituto<\/p>\n<p>Lunes a viernes de 17:30 a 20:30 h.<br \/>\nS\u00e1bados de 12:00 a 14:00 h y de 17:30 a 20:30 h.<br \/>\nDomingo de 12:00 a 14:00 h.<\/p>\n<h2><a href=\"https:\/\/levfestival.com\/23-gijon\/lev-gijon\/iregular-faces\/\">IREGULAR | FACES<\/a><\/h2>\n<p class=\"subtitulo-horarios\">Instalaci\u00f3n AV<\/p>\n<p>Hasta el 21 de mayo<\/p>\n<p class=\"titulo-horarios\">LABoral Centro de Arte<\/p>\n<p>Mi\u00e9rcoles a viernes de 10:00 a 19:00 h.<br \/>\nS\u00e1bado de 12:00 a 19:00 h.<\/p>\n<h2><a href=\"https:\/\/levfestival.com\/23-gijon\/lev-gijon\/total-refusal\/\">TOTAL REFUSAL | HARDLY WORKING<\/a><\/h2>\n<p class=\"subtitulo-horarios\">Instalaciones AV<\/p>\n<p>Hasta el 24 de junio<\/p>\n<\/div><\/div><\/section>\n<section class='av_tab_section av_tab_section av-lg2ae3u7-b8bcd994e556fbb8f6aa234da866aff9'  itemscope=\"itemscope\" itemtype=\"https:\/\/schema.org\/CreativeWork\" ><div class='tab' role='tab' tabindex='0' data-fake-id='#jueves-27' aria-controls='jueves-27-content'  itemprop=\"headline\" >JUEVES 27_ABRIL<\/div><div id='jueves-27-content' class='tab_content' aria-hidden=\"true\"><div class='tab_inner_content invers-color'  itemprop=\"text\" ><p class=\"titulo-horarios\">LABoral Centro de Arte<\/p>\n<p>10:00\u201319:00 h.<\/p>\n<h2><a href=\"https:\/\/levfestival.com\/23-gijon\/lev-gijon\/total-refusal\/\">TOTAL REFUSAL | HARDLY WORKING<\/a><\/h2>\n<h2><a href=\"https:\/\/levfestival.com\/23-gijon\/lev-gijon\/maxime-corbeil-perron\/\">MAXIME CORBEIL-PERRON | OPTX.DRIPS<\/a><\/h2>\n<p class=\"subtitulo-horarios\">Instalaciones AV<\/p>\n<p class=\"titulo-horarios\">Centro de Cultura Antiguo Instituto<\/p>\n<p>16:00\u201320:30 h.<\/p>\n<h2><a href=\"https:\/\/levfestival.com\/23-gijon\/lev-gijon\/iregular-faces\/\">IREGULAR | FACES<\/a><\/h2>\n<p class=\"subtitulo-horarios\">Instalaci\u00f3n AV<\/p>\n<p class=\"titulo-horarios\">Escuela de Comercio<\/p>\n<p>16:00\u201321:00 h.<\/p>\n<h2><a href=\"https:\/\/levfestival.com\/23-gijon\/lev-gijon\/pedro-harres\/\">FROM THE MAIN SQUARE<\/a><\/h2>\n<h2><a href=\"https:\/\/levfestival.com\/23-gijon\/lev-gijon\/barry-gene-murphy-may-abdalla\/\">GOLIATH: PLAYING WITH REALITY<\/a><\/h2>\n<p class=\"subtitulo-horarios\">Experiencias VR<\/p>\n<\/div><\/div><\/section>\n<section class='av_tab_section av_tab_section av-lg2aej8d-e431178865030543cb9c332c841997b3'  itemscope=\"itemscope\" itemtype=\"https:\/\/schema.org\/CreativeWork\" ><div class='tab' role='tab' tabindex='0' data-fake-id='#viernes-28' aria-controls='viernes-28-content'  itemprop=\"headline\" >VIERNES 28_ABRIL<\/div><div id='viernes-28-content' class='tab_content' aria-hidden=\"true\"><div class='tab_inner_content invers-color'  itemprop=\"text\" ><p class=\"titulo-horarios\">LABoral Centro de Arte. Plat0<\/p>\n<p>20:00 h.<\/p>\n<h2><a href=\"https:\/\/levfestival.com\/23-gijon\/lev-gijon\/charla-con-kathy-hinde\/\">Charla con Kathy Hinde<\/a><\/h2>\n<p class=\"titulo-horarios\">Teatro de la Laboral<\/p>\n<p>21:30 h.<\/p>\n<p style=\"color: #fff;\">Apertura de puertas<\/p>\n<p>22:00 h.<\/p>\n<h2><a href=\"https:\/\/levfestival.com\/23-gijon\/lev-gijon\/grand-river-all-above\/\">GRAND RIVER<\/a><\/h2>\n<p>23.30 h.<\/p>\n<h2><a href=\"https:\/\/levfestival.com\/23-gijon\/lev-gijon\/robert-henke-cbm-8023-av\/\">ROBERT HENKE<\/a><\/h2>\n<p>01:00 h.<\/p>\n<h2><a href=\"https:\/\/levfestival.com\/23-gijon\/lev-gijon\/annabelle-playe-alexandra-radulescu-krasis\/\">ANNABELLE PLAYE &#038; ALEXANDRA R\u0102DULESCU<\/a><\/h2>\n<p>02:10 h.<\/p>\n<h2><a href=\"https:\/\/levfestival.com\/23-gijon\/lev-gijon\/franck-vigroux-antoine-schmitt\/\">FRANCK VIGROUX &#038; ANTOINE SCHMITT<\/a><\/h2>\n<p>*03.30 h.<\/p>\n<p style=\"color: #fff;\">Servicio especial de autob\u00fas al centro de Gij\u00f3n.<\/p>\n<p class=\"titulo-horarios\">LABoral Centro de Arte<\/p>\n<p>10:00\u201320:30 h.<\/p>\n<h2><a href=\"https:\/\/levfestival.com\/23-gijon\/lev-gijon\/total-refusal\/\">TOTAL REFUSAL | HARDLY WORKING<\/a><\/h2>\n<h2><a href=\"https:\/\/levfestival.com\/23-gijon\/lev-gijon\/maxime-corbeil-perron\/\">MAXIME CORBEIL-PERRON | OPTX.DRIPS<\/a><\/h2>\n<p class=\"subtitulo-horarios\">Instalaciones AV<\/p>\n<p class=\"titulo-horarios\">Centro de Cultura Antiguo Instituto<\/p>\n<p>16:00\u201320:30 h.<\/p>\n<h2><a href=\"https:\/\/levfestival.com\/23-gijon\/lev-gijon\/iregular-faces\/\">IREGULAR | FACES<\/a><\/h2>\n<p class=\"subtitulo-horarios\">Instalaci\u00f3n AV<\/p>\n<p class=\"titulo-horarios\">Escuela de Comercio<\/p>\n<p>11:00\u201314:00 &#038; 16:00\u201321:00 h.<\/p>\n<h2><a href=\"https:\/\/levfestival.com\/23-gijon\/lev-gijon\/pedro-harres\/\">FROM THE MAIN SQUARE<\/a><\/h2>\n<h2><a href=\"https:\/\/levfestival.com\/23-gijon\/lev-gijon\/barry-gene-murphy-may-abdalla\/\">GOLIATH: PLAYING WITH REALITY<\/a><\/h2>\n<p class=\"subtitulo-horarios\">Experiencias VR<\/p>\n<\/div><\/div><\/section>\n<section class='av_tab_section av_tab_section av-lg2aej8d-2-058d5a60d49211d49efcaa38d81f8b7b'  itemscope=\"itemscope\" itemtype=\"https:\/\/schema.org\/CreativeWork\" ><div class='tab' role='tab' tabindex='0' data-fake-id='#sabado-29' aria-controls='sabado-29-content'  itemprop=\"headline\" >S\u00c1BADO 29_ABRIL<\/div><div id='sabado-29-content' class='tab_content' aria-hidden=\"true\"><div class='tab_inner_content invers-color'  itemprop=\"text\" ><p class=\"titulo-horarios\">Mus\u00e9u del Pueblu d\u2019Asturies<\/p>\n<p>12:30 h.<\/p>\n<p style=\"color: #fff;\">Apertura de puertas<\/p>\n<p>13:00 h.<\/p>\n<h2><a href=\"https:\/\/levfestival.com\/23-gijon\/lev-gijon\/komatssu\/\">KOMATSSU<\/a><\/h2>\n<p>14:00 h.<\/p>\n<h2><a href=\"https:\/\/levfestival.com\/23-gijon\/lev-gijon\/ikonika-bubble-up-live\/\">IKONIKA<\/a><\/h2>\n<p>15:10 h.<\/p>\n<h2><a href=\"https:\/\/levfestival.com\/23-gijon\/lev-gijon\/waqwaq-kingdom\/\">WAQWAQ KINGDOM<\/a><\/h2>\n<p>16:10 h.<\/p>\n<h2><a href=\"https:\/\/levfestival.com\/23-gijon\/lev-gijon\/james-shinra\/\">JAMES SHINRA<\/a><\/h2>\n<p>17:20 h.<\/p>\n<h2><a href=\"https:\/\/levfestival.com\/23-gijon\/lev-gijon\/jailed-jamie-ft-helios-amor-gimme-something-to-break\/\">JAILED JAMIE ft. HELIOS AMOR<\/a><\/h2>\n<p class=\"titulo-horarios\">Teatro de la Laboral<\/p>\n<p>19:30 h.<\/p>\n<p style=\"color: #fff;\">Apertura de puertas<\/p>\n<p>20:00 h.<\/p>\n<h2><a href=\"https:\/\/levfestival.com\/23-gijon\/lev-gijon\/kathy-hinde-twittering-machines\/\">KATHY HINDE<\/a><\/h2>\n<p>20:45 h.<\/p>\n<h2><a href=\"https:\/\/levfestival.com\/23-gijon\/lev-gijon\/helene-vogelsinger-metaphysical-alteration\/\">H\u00c9L\u00c8NE VOGELSINGER<\/a><\/h2>\n<p>22:10 h.<\/p>\n<h2><a href=\"https:\/\/levfestival.com\/23-gijon\/lev-gijon\/claraguilar-mystery-is-all\/\">CLARAGUILAR<\/a><\/h2>\n<p class=\"titulo-horarios\">Nave. LABoral Centro de Arte<\/p>\n<p>23:00 h.<\/p>\n<p style=\"color: #fff;\">Apertura de puertas<\/p>\n<p>00:00 h.<\/p>\n<h2><a href=\"https:\/\/levfestival.com\/23-gijon\/lev-gijon\/enxin-onyx\/\">ENXIN\/ONYX<\/a><\/h2>\n<p>00:55 h.<\/p>\n<h2><a href=\"https:\/\/levfestival.com\/23-gijon\/lev-gijon\/kai-whiston\/\">KAI WHISTON<\/a><\/h2>\n<p>02:05 h.<\/p>\n<h2><a href=\"https:\/\/levfestival.com\/23-gijon\/lev-gijon\/throwing-snow-dragons-av\/\">THROWING SNOW<\/a><\/h2>\n<p>03:05 h.<\/p>\n<h2><a href=\"https:\/\/levfestival.com\/23-gijon\/lev-gijon\/zoe-mc-pherson-alessandra-leone-pitch-blender-live-av\/\">ZO\u00cb MC PHERSON &#038; ALESSANDRA LEONE<\/a><\/h2>\n<p>04:15 h.<\/p>\n<h2><a href=\"https:\/\/levfestival.com\/23-gijon\/lev-gijon\/ninos-du-brasil\/\">NINOS DU BRASIL<\/a><\/h2>\n<p>*05.45 h.<\/p>\n<p style=\"color: #fff;\">Servicio especial de autob\u00fas al centro de Gij\u00f3n.<\/p>\n<p class=\"titulo-horarios\">LABoral Centro de Arte<\/p>\n<p>12:00\u201319:00 h.<\/p>\n<h2><a href=\"https:\/\/levfestival.com\/23-gijon\/lev-gijon\/total-refusal\/\">TOTAL REFUSAL | HARDLY WORKING<\/a><\/h2>\n<h2><a href=\"https:\/\/levfestival.com\/23-gijon\/lev-gijon\/maxime-corbeil-perron\/\">MAXIME CORBEIL-PERRON | OPTX.DRIPS<\/a><\/h2>\n<p class=\"subtitulo-horarios\">Instalaciones AV<\/p>\n<p class=\"titulo-horarios\">Centro de Cultura Antiguo Instituto<\/p>\n<p>12:00\u201314:00 &#038; 16:00\u201320:30 h.<\/p>\n<h2><a href=\"https:\/\/levfestival.com\/23-gijon\/lev-gijon\/iregular-faces\/\">IREGULAR | FACES<\/a><\/h2>\n<p class=\"subtitulo-horarios\">Instalaci\u00f3n AV<\/p>\n<p class=\"titulo-horarios\">Escuela de Comercio<\/p>\n<p>11:00\u201314:00 &#038; 16:00\u201321:00 h.<\/p>\n<h2><a href=\"https:\/\/levfestival.com\/23-gijon\/lev-gijon\/pedro-harres\/\">FROM THE MAIN SQUARE<\/a><\/h2>\n<h2><a href=\"https:\/\/levfestival.com\/23-gijon\/lev-gijon\/barry-gene-murphy-may-abdalla\/\">GOLIATH: PLAYING WITH REALITY<\/a><\/h2>\n<p class=\"subtitulo-horarios\">Experiencias VR<\/p>\n<\/div><\/div><\/section>\n<section class='av_tab_section av_tab_section av-lg2aej8d-1-f682e519b2ec6be0a657c2def8094965'  itemscope=\"itemscope\" itemtype=\"https:\/\/schema.org\/CreativeWork\" ><div class='tab' role='tab' tabindex='0' data-fake-id='#domingo-30' aria-controls='domingo-30-content'  itemprop=\"headline\" >DOMINGO 30_ABRIL<\/div><div id='domingo-30-content' class='tab_content' aria-hidden=\"true\"><div class='tab_inner_content invers-color'  itemprop=\"text\" ><p class=\"titulo-horarios\">Jard\u00edn Bot\u00e1nico Atl\u00e1ntico<\/p>\n<p>13:00 h.<\/p>\n<p style=\"color: #fff;\">Apertura de puertas<\/p>\n<p>14:00 h.<\/p>\n<h2><a href=\"https:\/\/levfestival.com\/23-gijon\/lev-gijon\/astrid-sonne\/\">ASTRID SONNE<\/a><\/h2>\n<p>15:00 h.<\/p>\n<h2><a href=\"https:\/\/levfestival.com\/23-gijon\/lev-gijon\/samuel-organ\/\">SAMUEL ORGAN<\/a><\/h2>\n<p class=\"titulo-horarios\">Teatro Jovellanos<\/p>\n<p>20:00 h.<\/p>\n<p style=\"color: #fff;\">Apertura de puertas<\/p>\n<p>20:30 h.<\/p>\n<h2><a href=\"https:\/\/levfestival.com\/23-gijon\/lev-gijon\/fuse-dokk\/\">FUSE* | D\u00d6KK<\/a><\/h2>\n<p class=\"titulo-horarios\">Escuela de Comercio<\/p>\n<p>11:00\u201314:00 h.<\/p>\n<h2><a href=\"https:\/\/levfestival.com\/23-gijon\/lev-gijon\/pedro-harres\/\">FROM THE MAIN SQUARE<\/a><\/h2>\n<h2><a href=\"https:\/\/levfestival.com\/23-gijon\/lev-gijon\/barry-gene-murphy-may-abdalla\/\">GOLIATH: PLAYING WITH REALITY<\/a><\/h2>\n<p class=\"subtitulo-horarios\">Experiencias VR<\/p>\n<p class=\"titulo-horarios\">Centro de Cultura Antiguo Instituto<\/p>\n<p>12:00\u201314:00 &#038; 16:00\u201320:30 h.<\/p>\n<h2><a href=\"https:\/\/levfestival.com\/23-gijon\/lev-gijon\/iregular-faces\/\">IREGULAR | FACES<\/a><\/h2>\n<p class=\"subtitulo-horarios\">Instalaci\u00f3n AV<\/p>\n<p class=\"titulo-horarios\">LABoral Centro de Arte<\/p>\n<p>12:00\u201319:00 h.<\/p>\n<h2><a href=\"https:\/\/levfestival.com\/23-gijon\/lev-gijon\/total-refusal\/\">TOTAL REFUSAL | HARDLY WORKING<\/a><\/h2>\n<h2><a href=\"https:\/\/levfestival.com\/23-gijon\/lev-gijon\/maxime-corbeil-perron\/\">MAXIME CORBEIL-PERRON | OPTX.DRIPS<\/a><\/h2>\n<p class=\"subtitulo-horarios\">Instalaciones AV<\/p>\n<\/div><\/div><\/section>\n<\/div>\n","protected":false},"excerpt":{"rendered":"","protected":false},"author":1,"featured_media":0,"parent":0,"menu_order":0,"comment_status":"closed","ping_status":"closed","template":"","meta":{"footnotes":""},"class_list":["post-1340","page","type-page","status-publish","hentry"],"yoast_head":"<!-- This site is optimized with the Yoast SEO plugin v20.7 - https:\/\/yoast.com\/wordpress\/plugins\/seo\/ -->\n<title>Horarios - L.E.V. Gij\u00f3n 2023 - L.E.V. Festival 2023<\/title>\n<meta name=\"robots\" content=\"index, follow, max-snippet:-1, max-image-preview:large, max-video-preview:-1\" \/>\n<link rel=\"canonical\" href=\"https:\/\/levfestival.com\/23-gijon\/horarios\/\" \/>\n<meta property=\"og:locale\" content=\"es_ES\" \/>\n<meta property=\"og:type\" content=\"article\" \/>\n<meta property=\"og:title\" content=\"Horarios - L.E.V. Gij\u00f3n 2023 - L.E.V. Festival 2023\" \/>\n<meta property=\"og:url\" content=\"https:\/\/levfestival.com\/23-gijon\/horarios\/\" \/>\n<meta property=\"og:site_name\" content=\"L.E.V. Gij\u00f3n 2023 - L.E.V. Festival 2023\" \/>\n<meta property=\"article:modified_time\" content=\"2023-05-03T13:43:40+00:00\" \/>\n<meta name=\"twitter:card\" content=\"summary_large_image\" \/>\n<meta name=\"twitter:label1\" content=\"Tiempo de lectura\" \/>\n\t<meta name=\"twitter:data1\" content=\"3 minutos\" \/>\n<script type=\"application\/ld+json\" class=\"yoast-schema-graph\">{\"@context\":\"https:\/\/schema.org\",\"@graph\":[{\"@type\":\"WebPage\",\"@id\":\"https:\/\/levfestival.com\/23-gijon\/horarios\/\",\"url\":\"https:\/\/levfestival.com\/23-gijon\/horarios\/\",\"name\":\"Horarios - L.E.V. Gij\u00f3n 2023 - L.E.V. Festival 2023\",\"isPartOf\":{\"@id\":\"https:\/\/levfestival.com\/23-gijon\/#website\"},\"datePublished\":\"2023-04-04T13:16:07+00:00\",\"dateModified\":\"2023-05-03T13:43:40+00:00\",\"inLanguage\":\"es\",\"potentialAction\":[{\"@type\":\"ReadAction\",\"target\":[\"https:\/\/levfestival.com\/23-gijon\/horarios\/\"]}]},{\"@type\":\"WebSite\",\"@id\":\"https:\/\/levfestival.com\/23-gijon\/#website\",\"url\":\"https:\/\/levfestival.com\/23-gijon\/\",\"name\":\"L.E.V. Gij\u00f3n 2023 - L.E.V. Festival 2023\",\"description\":\"\",\"potentialAction\":[{\"@type\":\"SearchAction\",\"target\":{\"@type\":\"EntryPoint\",\"urlTemplate\":\"https:\/\/levfestival.com\/23-gijon\/?s={search_term_string}\"},\"query-input\":\"required name=search_term_string\"}],\"inLanguage\":\"es\"}]}<\/script>\n<!-- \/ Yoast SEO plugin. -->","yoast_head_json":{"title":"Horarios - L.E.V. Gij\u00f3n 2023 - L.E.V. Festival 2023","robots":{"index":"index","follow":"follow","max-snippet":"max-snippet:-1","max-image-preview":"max-image-preview:large","max-video-preview":"max-video-preview:-1"},"canonical":"https:\/\/levfestival.com\/23-gijon\/horarios\/","og_locale":"es_ES","og_type":"article","og_title":"Horarios - L.E.V. Gij\u00f3n 2023 - L.E.V. Festival 2023","og_url":"https:\/\/levfestival.com\/23-gijon\/horarios\/","og_site_name":"L.E.V. Gij\u00f3n 2023 - L.E.V. Festival 2023","article_modified_time":"2023-05-03T13:43:40+00:00","twitter_card":"summary_large_image","twitter_misc":{"Tiempo de lectura":"3 minutos"},"schema":{"@context":"https:\/\/schema.org","@graph":[{"@type":"WebPage","@id":"https:\/\/levfestival.com\/23-gijon\/horarios\/","url":"https:\/\/levfestival.com\/23-gijon\/horarios\/","name":"Horarios - L.E.V. Gij\u00f3n 2023 - L.E.V. Festival 2023","isPartOf":{"@id":"https:\/\/levfestival.com\/23-gijon\/#website"},"datePublished":"2023-04-04T13:16:07+00:00","dateModified":"2023-05-03T13:43:40+00:00","inLanguage":"es","potentialAction":[{"@type":"ReadAction","target":["https:\/\/levfestival.com\/23-gijon\/horarios\/"]}]},{"@type":"WebSite","@id":"https:\/\/levfestival.com\/23-gijon\/#website","url":"https:\/\/levfestival.com\/23-gijon\/","name":"L.E.V. Gij\u00f3n 2023 - L.E.V. Festival 2023","description":"","potentialAction":[{"@type":"SearchAction","target":{"@type":"EntryPoint","urlTemplate":"https:\/\/levfestival.com\/23-gijon\/?s={search_term_string}"},"query-input":"required name=search_term_string"}],"inLanguage":"es"}]}},"_links":{"self":[{"href":"https:\/\/levfestival.com\/23-gijon\/wp-json\/wp\/v2\/pages\/1340","targetHints":{"allow":["GET"]}}],"collection":[{"href":"https:\/\/levfestival.com\/23-gijon\/wp-json\/wp\/v2\/pages"}],"about":[{"href":"https:\/\/levfestival.com\/23-gijon\/wp-json\/wp\/v2\/types\/page"}],"author":[{"embeddable":true,"href":"https:\/\/levfestival.com\/23-gijon\/wp-json\/wp\/v2\/users\/1"}],"replies":[{"embeddable":true,"href":"https:\/\/levfestival.com\/23-gijon\/wp-json\/wp\/v2\/comments?post=1340"}],"version-history":[{"count":30,"href":"https:\/\/levfestival.com\/23-gijon\/wp-json\/wp\/v2\/pages\/1340\/revisions"}],"predecessor-version":[{"id":1488,"href":"https:\/\/levfestival.com\/23-gijon\/wp-json\/wp\/v2\/pages\/1340\/revisions\/1488"}],"wp:attachment":[{"href":"https:\/\/levfestival.com\/23-gijon\/wp-json\/wp\/v2\/media?parent=1340"}],"curies":[{"name":"wp","href":"https:\/\/api.w.org\/{rel}","templated":true}]}}