{"id":406,"date":"2023-07-25T11:28:31","date_gmt":"2023-07-25T11:28:31","guid":{"rendered":"https:\/\/levfestival.com\/23-matadero\/como-llegar\/"},"modified":"2024-02-02T14:49:02","modified_gmt":"2024-02-02T14:49:02","slug":"como-llegar","status":"publish","type":"page","link":"https:\/\/levfestival.com\/23-matadero\/en\/como-llegar\/","title":{"rendered":"How to get the venue"},"content":{"rendered":"\n<style type=\"text\/css\" data-created_by=\"avia_inline_auto\" id=\"style-css-av-l4v6mtz1-033d698cf8bef655545f307ed500c7e6\">\n.avia-section.av-l4v6mtz1-033d698cf8bef655545f307ed500c7e6{\nbackground-color:#1d1d1b;\nbackground-image:unset;\n}\n<\/style>\n<div id='av_section_1'  class='avia-section av-l4v6mtz1-033d698cf8bef655545f307ed500c7e6 main_color avia-section-default avia-no-border-styling  avia-builder-el-0  el_before_av_section  avia-builder-el-first  avia-bg-style-scroll av-minimum-height av-minimum-height-custom  container_wrap fullsize'   data-av_minimum_height_px='280'><div class='container av-section-cont-open' style='height:280px'><main  role=\"main\" itemprop=\"mainContentOfPage\"  class='template-page content  av-content-full alpha units'><div class='post-entry post-entry-type-page post-entry-406'><div class='entry-content-wrapper clearfix'>\n<div  class='avia-slideshow av-lki80zbp-83b190bdd943b355635da238863caaa6 avia-slideshow-no scaling av_slideshow avia-slide-slider  avia-builder-el-1  el_before_av_one_half  avia-builder-el-first  av-slideshow-ui av-control-default av-slideshow-manual av-loop-once av-loop-manual-endless av-default-height-applied avia-slideshow-1' data-slideshow-options=\"{&quot;animation&quot;:&quot;slide&quot;,&quot;autoplay&quot;:false,&quot;loop_autoplay&quot;:&quot;once&quot;,&quot;interval&quot;:5,&quot;loop_manual&quot;:&quot;manual-endless&quot;,&quot;autoplay_stopper&quot;:false,&quot;noNavigation&quot;:false,&quot;bg_slider&quot;:false,&quot;keep_padding&quot;:false,&quot;hoverpause&quot;:false,&quot;show_slide_delay&quot;:0}\"  itemprop=\"image\" itemscope=\"itemscope\" itemtype=\"https:\/\/schema.org\/ImageObject\" ><ul class='avia-slideshow-inner ' style='padding-bottom: 50%;'><li  class='avia-slideshow-slide av-lki80zbp-83b190bdd943b355635da238863caaa6__0  av-single-slide slide-1 slide-odd'><div data-rel='slideshow-1' class='avia-slide-wrap '   ><img decoding=\"async\" class=\"wp-image-276 avia-img-lazy-loading-not-276\"  src=\"https:\/\/levfestival.com\/23-matadero\/wp-content\/uploads\/sites\/10\/2023\/07\/LEV2019Matadero_Deposito.jpg\" width=\"1200\" height=\"600\" title='LEV2019Matadero_Deposito' alt=''  itemprop=\"thumbnailUrl\" srcset=\"https:\/\/levfestival.com\/23-matadero\/wp-content\/uploads\/sites\/10\/2023\/07\/LEV2019Matadero_Deposito.jpg 1200w, https:\/\/levfestival.com\/23-matadero\/wp-content\/uploads\/sites\/10\/2023\/07\/LEV2019Matadero_Deposito-300x150.jpg 300w, https:\/\/levfestival.com\/23-matadero\/wp-content\/uploads\/sites\/10\/2023\/07\/LEV2019Matadero_Deposito-1030x515.jpg 1030w, https:\/\/levfestival.com\/23-matadero\/wp-content\/uploads\/sites\/10\/2023\/07\/LEV2019Matadero_Deposito-768x384.jpg 768w, https:\/\/levfestival.com\/23-matadero\/wp-content\/uploads\/sites\/10\/2023\/07\/LEV2019Matadero_Deposito-705x353.jpg 705w\" sizes=\"(max-width: 1200px) 100vw, 1200px\" \/><\/div><\/li><\/ul><\/div>\n\n<style type=\"text\/css\" data-created_by=\"avia_inline_auto\" id=\"style-css-av-coldpy-8597f4b487306bdc4431db65823f89b9\">\n.flex_column.av-coldpy-8597f4b487306bdc4431db65823f89b9{\nwidth:47.5%;\n-webkit-border-radius:0px 0px 0px 0px;\n-moz-border-radius:0px 0px 0px 0px;\nborder-radius:0px 0px 0px 0px;\npadding:0px 0px 0px 0px;\n}\n<\/style>\n<div class='flex_column av-coldpy-8597f4b487306bdc4431db65823f89b9 av_one_half  avia-builder-el-2  el_after_av_slideshow  el_before_av_one_half  first flex_column_div av-zero-column-padding '     ><style type=\"text\/css\" data-created_by=\"avia_inline_auto\" id=\"style-css-av-bk99hi-e9fa05f48f2b61886d7e761676b40d59\">\n#top .av_textblock_section.av-bk99hi-e9fa05f48f2b61886d7e761676b40d59 .avia_textblock{\ncolor:#ffffff;\n}\n<\/style>\n<section  class='av_textblock_section av-bk99hi-e9fa05f48f2b61886d7e761676b40d59'  itemscope=\"itemscope\" itemtype=\"https:\/\/schema.org\/CreativeWork\" ><div class='avia_textblock av_inherit_color'  itemprop=\"text\" ><p style=\"text-align: justify;\"><strong>L.E.V. Matadero will take place at the Center of Contemporary Creations <a href=\"https:\/\/www.mataderomadrid.org\" target=\"_blank\" rel=\"noopener\">Matadero Madrid<\/a><\/strong>. Sponsored by the Government Culture and Sports Area of Madrid City Council, Matadero was opened to the public in 2007. Located in the city\u2019s old slaughterhouse and cattle market, it is a space with a great heritage and architectural value, with a strong personality and a landmark for all the citizens.<\/p>\n<\/div><\/section><\/div>\n<style type=\"text\/css\" data-created_by=\"avia_inline_auto\" id=\"style-css-av-212kyu-2095ae20ebf03f2e8f21874fe62ff7f3\">\n.flex_column.av-212kyu-2095ae20ebf03f2e8f21874fe62ff7f3{\nwidth:47.5%;\nmargin-left:5%;\n-webkit-border-radius:0px 0px 0px 0px;\n-moz-border-radius:0px 0px 0px 0px;\nborder-radius:0px 0px 0px 0px;\npadding:0px 0px 0px 0px;\n}\n<\/style>\n<div class='flex_column av-212kyu-2095ae20ebf03f2e8f21874fe62ff7f3 av_one_half  avia-builder-el-4  el_after_av_one_half  el_before_av_hr  flex_column_div av-zero-column-padding '     ><style type=\"text\/css\" data-created_by=\"avia_inline_auto\" id=\"style-css-av-l58aoorm-e371cb4e93afd28a5c446d429b7000cd\">\n#top .av_textblock_section.av-l58aoorm-e371cb4e93afd28a5c446d429b7000cd .avia_textblock{\ncolor:#ffffff;\n}\n<\/style>\n<section  class='av_textblock_section av-l58aoorm-e371cb4e93afd28a5c446d429b7000cd'  itemscope=\"itemscope\" itemtype=\"https:\/\/schema.org\/CreativeWork\" ><div class='avia_textblock av_inherit_color'  itemprop=\"text\" ><p style=\"text-align: justify;\"><strong title=\"\">Matadero Madrid<\/strong> is a center for cultural creation and production, open to all kinds of artistic expression and research: visual, scenic and performative arts, design, literature, digital culture, architecture and many other creative practices.<\/p>\n<\/div><\/section><\/div>\n<style type=\"text\/css\" data-created_by=\"avia_inline_auto\" id=\"style-css-av-7c5gw-3f71272163fe2cd65c9d583d4f358c64\">\n#top .hr.hr-invisible.av-7c5gw-3f71272163fe2cd65c9d583d4f358c64{\nheight:50px;\n}\n<\/style>\n<div  class='hr av-7c5gw-3f71272163fe2cd65c9d583d4f358c64 hr-invisible  avia-builder-el-6  el_after_av_one_half  el_before_av_heading '><span class='hr-inner '><span class=\"hr-inner-style\"><\/span><\/span><\/div>\n\n<style type=\"text\/css\" data-created_by=\"avia_inline_auto\" id=\"style-css-av-lki86kb3-a5458f09fb16eef23fd0c88b61bed164\">\n#top .av-special-heading.av-lki86kb3-a5458f09fb16eef23fd0c88b61bed164{\npadding-bottom:10px;\ncolor:#ffffff;\n}\nbody .av-special-heading.av-lki86kb3-a5458f09fb16eef23fd0c88b61bed164 .av-special-heading-tag .heading-char{\nfont-size:25px;\n}\n.av-special-heading.av-lki86kb3-a5458f09fb16eef23fd0c88b61bed164 .special-heading-inner-border{\nborder-color:#ffffff;\n}\n.av-special-heading.av-lki86kb3-a5458f09fb16eef23fd0c88b61bed164 .av-subheading{\nfont-size:15px;\n}\n<\/style>\n<div  class='av-special-heading av-lki86kb3-a5458f09fb16eef23fd0c88b61bed164 av-special-heading-h1 custom-color-heading blockquote modern-quote  avia-builder-el-7  el_after_av_hr  el_before_av_hr '><h1 class='av-special-heading-tag'  itemprop=\"headline\"  >How to get the venue<\/h1><div class=\"special-heading-border\"><div class=\"special-heading-inner-border\"><\/div><\/div><\/div>\n\n<style type=\"text\/css\" data-created_by=\"avia_inline_auto\" id=\"style-css-av-8yizpy-60ef5985f5f7c73455829a97ba0e8067\">\n#top .hr.hr-invisible.av-8yizpy-60ef5985f5f7c73455829a97ba0e8067{\nheight:50px;\n}\n<\/style>\n<div  class='hr av-8yizpy-60ef5985f5f7c73455829a97ba0e8067 hr-invisible  avia-builder-el-8  el_after_av_heading  el_before_av_one_half '><span class='hr-inner '><span class=\"hr-inner-style\"><\/span><\/span><\/div>\n\n<style type=\"text\/css\" data-created_by=\"avia_inline_auto\" id=\"style-css-av-5jwrom-81432f39fb066518f5090df34a0ebd62\">\n.flex_column.av-5jwrom-81432f39fb066518f5090df34a0ebd62{\n-webkit-border-radius:0px 0px 0px 0px;\n-moz-border-radius:0px 0px 0px 0px;\nborder-radius:0px 0px 0px 0px;\npadding:0px 0px 0px 0px;\n}\n<\/style>\n<div class='flex_column av-5jwrom-81432f39fb066518f5090df34a0ebd62 av_one_half  avia-builder-el-9  el_after_av_hr  el_before_av_one_half  first flex_column_div av-zero-column-padding '     ><style type=\"text\/css\" data-created_by=\"avia_inline_auto\" id=\"style-css-av-3t0bme-e6b4a2db27cace246e7dff9cd9aa7b1d\">\n#top .av_textblock_section.av-3t0bme-e6b4a2db27cace246e7dff9cd9aa7b1d .avia_textblock{\ncolor:#ffffff;\n}\n<\/style>\n<section  class='av_textblock_section av-3t0bme-e6b4a2db27cace246e7dff9cd9aa7b1d'  itemscope=\"itemscope\" itemtype=\"https:\/\/schema.org\/CreativeWork\" ><div class='avia_textblock av_inherit_color'  itemprop=\"text\" ><p><strong title=\"\">ACCESS<\/strong><\/p>\n<p><strong>Matadero Madrid. Centro de Creaci\u00f3n Contempor\u00e1nea<br \/>\n<\/strong>Paseo de la Chopera 14 \/ Plaza de Legazpi 8<br \/>\nMetro: Legazpi (l\u00edneas 3 y 6)<br \/>\nEMT Buses: 6, 8, 18, 19, 45, 78 and 148<br \/>\nSuburban trains: Embajadores (m\u00e1s cercano a 1,3 kil\u00f3metros) y Pir\u00e1mides.<\/p>\n<\/div><\/section><\/div>\n<style type=\"text\/css\" data-created_by=\"avia_inline_auto\" id=\"style-css-av-26teye-2b0ff3aaa537f758faea9bca15b74db6\">\n.flex_column.av-26teye-2b0ff3aaa537f758faea9bca15b74db6{\n-webkit-border-radius:0px 0px 0px 0px;\n-moz-border-radius:0px 0px 0px 0px;\nborder-radius:0px 0px 0px 0px;\npadding:0px 0px 0px 0px;\n}\n<\/style>\n<div class='flex_column av-26teye-2b0ff3aaa537f758faea9bca15b74db6 av_one_half  avia-builder-el-11  el_after_av_one_half  el_before_av_hr  flex_column_div av-zero-column-padding '     ><\/div>\n<style type=\"text\/css\" data-created_by=\"avia_inline_auto\" id=\"style-css-av-2ft26u-3d7e54868bb75d86bcbd82b03c3a8cd5\">\n#top .hr.hr-invisible.av-2ft26u-3d7e54868bb75d86bcbd82b03c3a8cd5{\nheight:50px;\n}\n<\/style>\n<div  class='hr av-2ft26u-3d7e54868bb75d86bcbd82b03c3a8cd5 hr-invisible  avia-builder-el-12  el_after_av_one_half  avia-builder-el-last '><span class='hr-inner '><span class=\"hr-inner-style\"><\/span><\/span><\/div>\n<\/div><\/div><\/main><!-- close content main element --><\/div><\/div>\n<style type=\"text\/css\" data-created_by=\"avia_inline_auto\" id=\"style-css-av-av_section-844d08a48c46c01552d3bdbd708b7d08\">\n.avia-section.av-av_section-844d08a48c46c01552d3bdbd708b7d08{\nbackground-color:#1d1d1b;\nbackground-image:unset;\n}\n<\/style>\n<div id='av_section_2'  class='avia-section av-av_section-844d08a48c46c01552d3bdbd708b7d08 main_color avia-section-default avia-no-border-styling  avia-builder-el-13  el_after_av_section  avia-builder-el-last  avia-bg-style-scroll av-minimum-height av-minimum-height-custom  container_wrap fullsize'   data-av_minimum_height_px='280'><div class='container av-section-cont-open' style='height:280px'><div class='template-page content  av-content-full alpha units'><div class='post-entry post-entry-type-page post-entry-406'><div class='entry-content-wrapper clearfix'>\n<div class='flex_column av-av_one_half-7714eba142aeda1f8b5272a3c372b279 av_one_half  avia-builder-el-14  el_before_av_hr  avia-builder-el-first  first flex_column_div '     ><style type=\"text\/css\" data-created_by=\"avia_inline_auto\" id=\"style-css-av-lmt6p7fi-8362606b8c470d169c8918e2eb552eb8\">\n#top .av-special-heading.av-lmt6p7fi-8362606b8c470d169c8918e2eb552eb8{\npadding-bottom:10px;\ncolor:#ffffff;\n}\nbody .av-special-heading.av-lmt6p7fi-8362606b8c470d169c8918e2eb552eb8 .av-special-heading-tag .heading-char{\nfont-size:25px;\n}\n.av-special-heading.av-lmt6p7fi-8362606b8c470d169c8918e2eb552eb8 .special-heading-inner-border{\nborder-color:#ffffff;\n}\n.av-special-heading.av-lmt6p7fi-8362606b8c470d169c8918e2eb552eb8 .av-subheading{\nfont-size:15px;\n}\n<\/style>\n<div  class='av-special-heading av-lmt6p7fi-8362606b8c470d169c8918e2eb552eb8 av-special-heading-h1 custom-color-heading blockquote modern-quote  avia-builder-el-15  avia-builder-el-no-sibling '><h1 class='av-special-heading-tag'  itemprop=\"headline\"  >L.E.V. Matadero Venues map<\/h1><div class=\"special-heading-border\"><div class=\"special-heading-inner-border\"><\/div><\/div><\/div><\/div>\n<style type=\"text\/css\" data-created_by=\"avia_inline_auto\" id=\"style-css-av-av_hr-3a876428eececa9d35452247ddb053af\">\n#top .hr.hr-invisible.av-av_hr-3a876428eececa9d35452247ddb053af{\nheight:50px;\n}\n<\/style>\n<div  class='hr av-av_hr-3a876428eececa9d35452247ddb053af hr-invisible  avia-builder-el-16  el_after_av_one_half  el_before_av_one_half '><span class='hr-inner '><span class=\"hr-inner-style\"><\/span><\/span><\/div>\n<div class='flex_column_table av-av_one_half-4acc58eb5ef3f716e02195c947a6fef9 sc-av_one_half av-equal-height-column-flextable'>\n<style type=\"text\/css\" data-created_by=\"avia_inline_auto\" id=\"style-css-av-av_one_half-4acc58eb5ef3f716e02195c947a6fef9\">\n.flex_column.av-av_one_half-4acc58eb5ef3f716e02195c947a6fef9{\n-webkit-border-radius:0px 0px 0px 0px;\n-moz-border-radius:0px 0px 0px 0px;\nborder-radius:0px 0px 0px 0px;\npadding:0px 0px 0px 0px;\n}\n<\/style>\n<div class='flex_column av-av_one_half-4acc58eb5ef3f716e02195c947a6fef9 av_one_half  avia-builder-el-17  el_after_av_hr  el_before_av_one_half  first flex_column_table_cell av-equal-height-column av-align-middle av-zero-column-padding '     ><div  class='av-hotspot-image-container av-av_image_hotspot-950880798862f0a1429070b28bfa60f6  avia-builder-el-18  avia-builder-el-no-sibling  av-hotspot-numbered av-close-on-click-tooltip avia_animated_image avia_animate_when_almost_visible fade-in  av-non-fullwidth-hotspot-image'  itemprop=\"image\" itemscope=\"itemscope\" itemtype=\"https:\/\/schema.org\/ImageObject\" ><div class='av-hotspot-container'><div class='av-hotspot-container-inner-cell'><div class='av-hotspot-container-inner-wrap'><img decoding=\"async\" class='wp-image-1038 avia-img-lazy-loading-not-1038 avia_image' src=\"https:\/\/levfestival.com\/23-matadero\/wp-content\/uploads\/sites\/10\/2023\/09\/Plano-General-LEV_MATADERO_2023.jpg\" alt='' title='Plano General LEV_MATADERO_2023'  height=\"699\" width=\"963\"  itemprop=\"thumbnailUrl\" srcset=\"https:\/\/levfestival.com\/23-matadero\/wp-content\/uploads\/sites\/10\/2023\/09\/Plano-General-LEV_MATADERO_2023.jpg 963w, https:\/\/levfestival.com\/23-matadero\/wp-content\/uploads\/sites\/10\/2023\/09\/Plano-General-LEV_MATADERO_2023-300x218.jpg 300w, https:\/\/levfestival.com\/23-matadero\/wp-content\/uploads\/sites\/10\/2023\/09\/Plano-General-LEV_MATADERO_2023-768x557.jpg 768w, https:\/\/levfestival.com\/23-matadero\/wp-content\/uploads\/sites\/10\/2023\/09\/Plano-General-LEV_MATADERO_2023-705x512.jpg 705w\" sizes=\"(max-width: 963px) 100vw, 963px\" \/><\/div><\/div><\/div><\/div><\/div><div class='av-flex-placeholder'><\/div>\n<style type=\"text\/css\" data-created_by=\"avia_inline_auto\" id=\"style-css-av-av_one_half-7984035d50f0055e2d8c0f71fa3ebd04\">\n.flex_column.av-av_one_half-7984035d50f0055e2d8c0f71fa3ebd04{\n-webkit-border-radius:0px 0px 0px 0px;\n-moz-border-radius:0px 0px 0px 0px;\nborder-radius:0px 0px 0px 0px;\npadding:0px 0px 0px 0px;\n}\n<\/style>\n<div class='flex_column av-av_one_half-7984035d50f0055e2d8c0f71fa3ebd04 av_one_half  avia-builder-el-19  el_after_av_one_half  el_before_av_hr  flex_column_table_cell av-equal-height-column av-align-middle av-zero-column-padding '     ><style type=\"text\/css\" data-created_by=\"avia_inline_auto\" id=\"style-css-av-lmt6l6fe-5ed5e6318c14054106efc755571a40a5\">\n#top .av_textblock_section.av-lmt6l6fe-5ed5e6318c14054106efc755571a40a5 .avia_textblock{\ncolor:#ffffff;\n}\n<\/style>\n<section  class='av_textblock_section av-lmt6l6fe-5ed5e6318c14054106efc755571a40a5'  itemscope=\"itemscope\" itemtype=\"https:\/\/schema.org\/CreativeWork\" ><div class='avia_textblock av_inherit_color'  itemprop=\"text\" ><p>[<span style=\"color: white; font-size: 30px; line-height: 30px !important; vertical-align: middle !important;\">\u2022<\/span>] Information point<br \/>\n[<span style=\"color: red; font-size: 30px; line-height: 30px !important; vertical-align: middle !important;\">\u2022<\/span>] Ticket booth<br \/>\n[<span style=\"color: yellow; font-size: 30px; line-height: 30px !important; vertical-align: middle !important;\">\u2022<\/span>] Access points<br \/>\n[<span style=\"font-size: 18px; line-height: 30px !important; vertical-align: middle !important;\">1<\/span>] VORTEX. Nave 0<br \/>\n[<span style=\"font-size: 18px; line-height: 30px !important; vertical-align: middle !important;\">2<\/span>] Audiovisual Performance. Central de Dise\u00f1o<br \/>\n[<span style=\"font-size: 18px; line-height: 30px !important; vertical-align: middle !important;\">3<\/span>] Audiovisual Performance. Auditorio Casa del Lector<br \/>\n[<span style=\"font-size: 18px; line-height: 30px !important; vertical-align: middle !important;\">4<\/span>] AV Installation. Sala Plat\u00f3, Cineteca<br \/>\n[<span style=\"font-size: 18px; line-height: 30px !important; vertical-align: middle !important;\">5<\/span>] Augmented City. Placita<br \/>\n[<span style=\"font-size: 18px; line-height: 30px !important; vertical-align: middle !important;\">6<\/span>] Installation Performance. Plaza Matadero<br \/>\n[<span style=\"font-size: 18px; line-height: 30px !important; vertical-align: middle !important;\">7<\/span>] Interactive Installation. MAD, Nave 16<\/p>\n<\/div><\/section><\/div><\/div><!--close column table wrapper. Autoclose: 1 -->\n<style type=\"text\/css\" data-created_by=\"avia_inline_auto\" id=\"style-css-av-av_hr-3a876428eececa9d35452247ddb053af\">\n#top .hr.hr-invisible.av-av_hr-3a876428eececa9d35452247ddb053af{\nheight:50px;\n}\n<\/style>\n<div  class='hr av-av_hr-3a876428eececa9d35452247ddb053af hr-invisible  avia-builder-el-21  el_after_av_one_half  avia-builder-el-last '><span class='hr-inner '><span class=\"hr-inner-style\"><\/span><\/span><\/div>\n<\/p>\n","protected":false},"excerpt":{"rendered":"","protected":false},"author":1,"featured_media":0,"parent":0,"menu_order":0,"comment_status":"closed","ping_status":"closed","template":"","meta":{"footnotes":""},"class_list":["post-406","page","type-page","status-publish","hentry"],"yoast_head":"<!-- This site is optimized with the Yoast SEO plugin v20.7 - https:\/\/yoast.com\/wordpress\/plugins\/seo\/ -->\n<title>How to get the venue - L.E.V. Matadero 2023 - L.E.V. Festival 2023<\/title>\n<meta name=\"robots\" content=\"index, follow, max-snippet:-1, max-image-preview:large, max-video-preview:-1\" \/>\n<link rel=\"canonical\" href=\"https:\/\/levfestival.com\/23-matadero\/en\/como-llegar\/\" \/>\n<meta property=\"og:locale\" content=\"en_US\" \/>\n<meta property=\"og:type\" content=\"article\" \/>\n<meta property=\"og:title\" content=\"How to get the venue - L.E.V. Matadero 2023 - L.E.V. Festival 2023\" \/>\n<meta property=\"og:url\" content=\"https:\/\/levfestival.com\/23-matadero\/en\/como-llegar\/\" \/>\n<meta property=\"og:site_name\" content=\"L.E.V. Matadero 2023 - L.E.V. Festival 2023\" \/>\n<meta property=\"article:modified_time\" content=\"2024-02-02T14:49:02+00:00\" \/>\n<meta name=\"twitter:card\" content=\"summary_large_image\" \/>\n<meta name=\"twitter:label1\" content=\"Est. reading time\" \/>\n\t<meta name=\"twitter:data1\" content=\"6 minutes\" \/>\n<script type=\"application\/ld+json\" class=\"yoast-schema-graph\">{\"@context\":\"https:\/\/schema.org\",\"@graph\":[{\"@type\":\"WebPage\",\"@id\":\"https:\/\/levfestival.com\/23-matadero\/en\/como-llegar\/\",\"url\":\"https:\/\/levfestival.com\/23-matadero\/en\/como-llegar\/\",\"name\":\"How to get the venue - L.E.V. Matadero 2023 - L.E.V. Festival 2023\",\"isPartOf\":{\"@id\":\"https:\/\/levfestival.com\/23-matadero\/#website\"},\"datePublished\":\"2023-07-25T11:28:31+00:00\",\"dateModified\":\"2024-02-02T14:49:02+00:00\",\"breadcrumb\":{\"@id\":\"https:\/\/levfestival.com\/23-matadero\/en\/como-llegar\/#breadcrumb\"},\"inLanguage\":\"en-US\",\"potentialAction\":[{\"@type\":\"ReadAction\",\"target\":[\"https:\/\/levfestival.com\/23-matadero\/en\/como-llegar\/\"]}]},{\"@type\":\"BreadcrumbList\",\"@id\":\"https:\/\/levfestival.com\/23-matadero\/en\/como-llegar\/#breadcrumb\",\"itemListElement\":[{\"@type\":\"ListItem\",\"position\":1,\"name\":\"Portada\",\"item\":\"https:\/\/levfestival.com\/23-matadero\/en\/home\/\"},{\"@type\":\"ListItem\",\"position\":2,\"name\":\"How to get the venue\"}]},{\"@type\":\"WebSite\",\"@id\":\"https:\/\/levfestival.com\/23-matadero\/#website\",\"url\":\"https:\/\/levfestival.com\/23-matadero\/\",\"name\":\"L.E.V. Matadero 2023 - L.E.V. Festival 2023\",\"description\":\"\",\"potentialAction\":[{\"@type\":\"SearchAction\",\"target\":{\"@type\":\"EntryPoint\",\"urlTemplate\":\"https:\/\/levfestival.com\/23-matadero\/?s={search_term_string}\"},\"query-input\":\"required name=search_term_string\"}],\"inLanguage\":\"en-US\"}]}<\/script>\n<!-- \/ Yoast SEO plugin. -->","yoast_head_json":{"title":"How to get the venue - L.E.V. Matadero 2023 - L.E.V. Festival 2023","robots":{"index":"index","follow":"follow","max-snippet":"max-snippet:-1","max-image-preview":"max-image-preview:large","max-video-preview":"max-video-preview:-1"},"canonical":"https:\/\/levfestival.com\/23-matadero\/en\/como-llegar\/","og_locale":"en_US","og_type":"article","og_title":"How to get the venue - L.E.V. Matadero 2023 - L.E.V. Festival 2023","og_url":"https:\/\/levfestival.com\/23-matadero\/en\/como-llegar\/","og_site_name":"L.E.V. Matadero 2023 - L.E.V. Festival 2023","article_modified_time":"2024-02-02T14:49:02+00:00","twitter_card":"summary_large_image","twitter_misc":{"Est. reading time":"6 minutes"},"schema":{"@context":"https:\/\/schema.org","@graph":[{"@type":"WebPage","@id":"https:\/\/levfestival.com\/23-matadero\/en\/como-llegar\/","url":"https:\/\/levfestival.com\/23-matadero\/en\/como-llegar\/","name":"How to get the venue - L.E.V. Matadero 2023 - L.E.V. Festival 2023","isPartOf":{"@id":"https:\/\/levfestival.com\/23-matadero\/#website"},"datePublished":"2023-07-25T11:28:31+00:00","dateModified":"2024-02-02T14:49:02+00:00","breadcrumb":{"@id":"https:\/\/levfestival.com\/23-matadero\/en\/como-llegar\/#breadcrumb"},"inLanguage":"en-US","potentialAction":[{"@type":"ReadAction","target":["https:\/\/levfestival.com\/23-matadero\/en\/como-llegar\/"]}]},{"@type":"BreadcrumbList","@id":"https:\/\/levfestival.com\/23-matadero\/en\/como-llegar\/#breadcrumb","itemListElement":[{"@type":"ListItem","position":1,"name":"Portada","item":"https:\/\/levfestival.com\/23-matadero\/en\/home\/"},{"@type":"ListItem","position":2,"name":"How to get the venue"}]},{"@type":"WebSite","@id":"https:\/\/levfestival.com\/23-matadero\/#website","url":"https:\/\/levfestival.com\/23-matadero\/","name":"L.E.V. Matadero 2023 - L.E.V. Festival 2023","description":"","potentialAction":[{"@type":"SearchAction","target":{"@type":"EntryPoint","urlTemplate":"https:\/\/levfestival.com\/23-matadero\/?s={search_term_string}"},"query-input":"required name=search_term_string"}],"inLanguage":"en-US"}]}},"_links":{"self":[{"href":"https:\/\/levfestival.com\/23-matadero\/en\/wp-json\/wp\/v2\/pages\/406","targetHints":{"allow":["GET"]}}],"collection":[{"href":"https:\/\/levfestival.com\/23-matadero\/en\/wp-json\/wp\/v2\/pages"}],"about":[{"href":"https:\/\/levfestival.com\/23-matadero\/en\/wp-json\/wp\/v2\/types\/page"}],"author":[{"embeddable":true,"href":"https:\/\/levfestival.com\/23-matadero\/en\/wp-json\/wp\/v2\/users\/1"}],"replies":[{"embeddable":true,"href":"https:\/\/levfestival.com\/23-matadero\/en\/wp-json\/wp\/v2\/comments?post=406"}],"version-history":[{"count":8,"href":"https:\/\/levfestival.com\/23-matadero\/en\/wp-json\/wp\/v2\/pages\/406\/revisions"}],"predecessor-version":[{"id":1241,"href":"https:\/\/levfestival.com\/23-matadero\/en\/wp-json\/wp\/v2\/pages\/406\/revisions\/1241"}],"wp:attachment":[{"href":"https:\/\/levfestival.com\/23-matadero\/en\/wp-json\/wp\/v2\/media?parent=406"}],"curies":[{"name":"wp","href":"https:\/\/api.w.org\/{rel}","templated":true}]}}