{"id":294,"date":"2023-07-25T12:45:23","date_gmt":"2023-07-25T12:45:23","guid":{"rendered":"https:\/\/levfestival.com\/23-matadero\/?page_id=294"},"modified":"2023-09-20T09:53:53","modified_gmt":"2023-09-20T09:53:53","slug":"faqs","status":"publish","type":"page","link":"https:\/\/levfestival.com\/23-matadero\/faqs\/","title":{"rendered":"FAQs"},"content":{"rendered":"<div id='av_section_1'  class='avia-section av-lf9vdlhp-313ffed65335086cbb8e82c8f20bbcc8 main_color avia-section-default avia-no-border-styling  avia-builder-el-0  avia-builder-el-no-sibling  avia-bg-style-scroll container_wrap fullsize'  ><div class='container av-section-cont-open' ><main  role=\"main\" itemprop=\"mainContentOfPage\"  class='template-page content  av-content-full alpha units'><div class='post-entry post-entry-type-page post-entry-294'><div class='entry-content-wrapper clearfix'>\n\n<style type=\"text\/css\" data-created_by=\"avia_inline_auto\" id=\"style-css-av-lf9siz53-de5618f136fdfe35739f3d3d4078ae04\">\n#top .av-special-heading.av-lf9siz53-de5618f136fdfe35739f3d3d4078ae04{\npadding-bottom:10px;\ncolor:#ffffff;\n}\nbody .av-special-heading.av-lf9siz53-de5618f136fdfe35739f3d3d4078ae04 .av-special-heading-tag .heading-char{\nfont-size:25px;\n}\n.av-special-heading.av-lf9siz53-de5618f136fdfe35739f3d3d4078ae04 .special-heading-inner-border{\nborder-color:#ffffff;\n}\n.av-special-heading.av-lf9siz53-de5618f136fdfe35739f3d3d4078ae04 .av-subheading{\nfont-size:15px;\n}\n<\/style>\n<div  class='av-special-heading av-lf9siz53-de5618f136fdfe35739f3d3d4078ae04 av-special-heading-h1 custom-color-heading blockquote modern-quote  avia-builder-el-1  el_before_av_hr  avia-builder-el-first '><h1 class='av-special-heading-tag'  itemprop=\"headline\"  >FAQs<\/h1><div class=\"special-heading-border\"><div class=\"special-heading-inner-border\"><\/div><\/div><\/div>\n\n<style type=\"text\/css\" data-created_by=\"avia_inline_auto\" id=\"style-css-av-lf9t1y0i-c57d484d490b6f245ecbb118811153fe\">\n#top .hr.hr-invisible.av-lf9t1y0i-c57d484d490b6f245ecbb118811153fe{\nheight:50px;\n}\n<\/style>\n<div  class='hr av-lf9t1y0i-c57d484d490b6f245ecbb118811153fe hr-invisible  avia-builder-el-2  el_after_av_heading  el_before_av_two_third '><span class='hr-inner '><span class=\"hr-inner-style\"><\/span><\/span><\/div>\n<div class='flex_column av-3sbymh-8b67811e2b7860760f47aeac83e5964f av_two_third  avia-builder-el-3  el_after_av_hr  el_before_av_one_third  first flex_column_div '     ><p>\n<style type=\"text\/css\" data-created_by=\"avia_inline_auto\" id=\"style-css-av-lf9vysle-30383e65a77a7e8e8a5323f6df88fd61\">\n#top .togglecontainer.av-lf9vysle-30383e65a77a7e8e8a5323f6df88fd61 p.toggler{\nfont-size:24px;\ncolor:#ffffff;\nbackground-color:#000000;\nborder-color:#0003e9;\n}\n#top .togglecontainer.av-lf9vysle-30383e65a77a7e8e8a5323f6df88fd61 p.toggler .toggle_icon{\ncolor:#0003e9;\nborder-color:#0003e9;\n}\n#top .togglecontainer.av-lf9vysle-30383e65a77a7e8e8a5323f6df88fd61 p.toggler .toggle_icon > span{\ncolor:#0003e9;\nborder-color:#0003e9;\n}\n#top .togglecontainer.av-lf9vysle-30383e65a77a7e8e8a5323f6df88fd61 .toggle_wrap .toggle_content{\nfont-size:19px;\ncolor:#ffffff;\nbackground-color:#000000;\nborder-color:#0003e9;\n}\n<\/style>\n<div  class='togglecontainer av-lf9vysle-30383e65a77a7e8e8a5323f6df88fd61 av-minimal-toggle  avia-builder-el-4  el_before_av_hr  avia-builder-el-first  faqs-acordeon toggle_close_all'  itemscope=\"itemscope\" itemtype=\"https:\/\/schema.org\/FAQPage\" >\n<section class='av_toggle_section av-9uqq9-b411754dc1a93f815fdf5d610be0af2e'  itemscope=\"itemscope\" itemprop=\"mainEntity\" itemtype=\"https:\/\/schema.org\/Question\" ><div role=\"tablist\" class=\"single_toggle\" data-tags=\"{Todo} \"  ><p data-fake-id='#toggle-id-1' class='toggler   av-inherit-border-color'  itemprop=\"name\"  role='tab' tabindex='0' aria-controls='toggle-id-1'>\u00bfExiste un abono para acceder a todos los espect\u00e1culos en directo?<span class=\"toggle_icon\"><span class=\"vert_icon\"><\/span><span class=\"hor_icon\"><\/span><\/span><\/p><div id='toggle-id-1' class='toggle_wrap  '   itemscope=\"itemscope\" itemprop=\"acceptedAnswer\" itemtype=\"https:\/\/schema.org\/Answer\" ><div class='toggle_content invers-color av-inherit-border-color'  itemprop=\"text\" ><p><span style=\"font-weight: 400;\">Este a\u00f1o, al aumentar el n\u00famero de conciertos programados y celebrarse en espacios con diferentes aforos, no existe un abono que permita acceder a todos ellos. Puedes comprar tus entradas por sesiones en este <\/span><a href=\"https:\/\/levfestival.com\/23-matadero\/entradas\/\"><span style=\"font-weight: 400;\">enlace<\/span><\/a><span style=\"font-weight: 400;\">. Recuerda revisar bien los horarios de cada sesi\u00f3n para asegurarte de que no se solapan entre s\u00ed.<\/span><\/p>\n<\/div><\/div><\/div><\/section>\n<section class='av_toggle_section av-2mge8x-3b8c2814e4b0921e57552580f5a1584a'  itemscope=\"itemscope\" itemprop=\"mainEntity\" itemtype=\"https:\/\/schema.org\/Question\" ><div role=\"tablist\" class=\"single_toggle\" data-tags=\"{Todo} \"  ><p data-fake-id='#toggle-id-2' class='toggler   av-inherit-border-color'  itemprop=\"name\"  role='tab' tabindex='0' aria-controls='toggle-id-2'>\u00bfD\u00f3nde puedo consultar los horarios del festival?<span class=\"toggle_icon\"><span class=\"vert_icon\"><\/span><span class=\"hor_icon\"><\/span><\/span><\/p><div id='toggle-id-2' class='toggle_wrap  '   itemscope=\"itemscope\" itemprop=\"acceptedAnswer\" itemtype=\"https:\/\/schema.org\/Answer\" ><div class='toggle_content invers-color av-inherit-border-color'  itemprop=\"text\" ><p>Los horarios de la programaci\u00f3n completa de L.E.V. Matadero 2023 est\u00e1n disponibles en <a href=\"https:\/\/levfestival.com\/23-matadero\/horarios\/\">este enlace<\/span><\/a><\/p>\n<\/div><\/div><\/div><\/section>\n<section class='av_toggle_section av-2fm6tl-1815fd3def5ec2d01886198506f74479'  itemscope=\"itemscope\" itemprop=\"mainEntity\" itemtype=\"https:\/\/schema.org\/Question\" ><div role=\"tablist\" class=\"single_toggle\" data-tags=\"{Todo} \"  ><p data-fake-id='#toggle-id-3' class='toggler   av-inherit-border-color'  itemprop=\"name\"  role='tab' tabindex='0' aria-controls='toggle-id-3'>\u00bfQu\u00e9 hago si tengo un problema en el proceso de compra de mis entradas?<span class=\"toggle_icon\"><span class=\"vert_icon\"><\/span><span class=\"hor_icon\"><\/span><\/span><\/p><div id='toggle-id-3' class='toggle_wrap  '   itemscope=\"itemscope\" itemprop=\"acceptedAnswer\" itemtype=\"https:\/\/schema.org\/Answer\" ><div class='toggle_content invers-color av-inherit-border-color'  itemprop=\"text\" ><p><span style=\"font-weight: 400;\">Para incidencias en compra de entradas, puedes escribir un email a <\/span><a href=\"mailto:entradas@madrid-destino.com\"><span style=\"font-weight: 400;\">entradas@madrid-destino.com<\/span><\/a><span style=\"font-weight: 400;\"> o llamar al tel\u00e9fono de atenci\u00f3n al espectador 91 318 47 00 en horario de martes a domingo de 10:30 a 14:30 h y de 16:30 a 20:30 h.<\/span><\/p>\n<\/div><\/div><\/div><\/section>\n<section class='av_toggle_section av-26oru1-f6826d77090e752649c4a6172e9535aa'  itemscope=\"itemscope\" itemprop=\"mainEntity\" itemtype=\"https:\/\/schema.org\/Question\" ><div role=\"tablist\" class=\"single_toggle\" data-tags=\"{Todo} \"  ><p data-fake-id='#toggle-id-4' class='toggler   av-inherit-border-color'  itemprop=\"name\"  role='tab' tabindex='0' aria-controls='toggle-id-4'>\u00bfLas entradas son nominales?<span class=\"toggle_icon\"><span class=\"vert_icon\"><\/span><span class=\"hor_icon\"><\/span><\/span><\/p><div id='toggle-id-4' class='toggle_wrap  '   itemscope=\"itemscope\" itemprop=\"acceptedAnswer\" itemtype=\"https:\/\/schema.org\/Answer\" ><div class='toggle_content invers-color av-inherit-border-color'  itemprop=\"text\" ><p><span style=\"font-weight: 400;\">No, proporcionar los datos del asistente a la hora de comprar la entrada es opcional.<\/span><\/p>\n<\/div><\/div><\/div><\/section>\n<section class='av_toggle_section av-26oru1-1-24310b78d2218e1e6ddfac4aa1334591'  itemscope=\"itemscope\" itemprop=\"mainEntity\" itemtype=\"https:\/\/schema.org\/Question\" ><div role=\"tablist\" class=\"single_toggle\" data-tags=\"{Todo} \"  ><p data-fake-id='#toggle-id-5' class='toggler   av-inherit-border-color'  itemprop=\"name\"  role='tab' tabindex='0' aria-controls='toggle-id-5'>\u00bfEst\u00e1 permitida la entrada de menores de edad a los espect\u00e1culos en directo?<span class=\"toggle_icon\"><span class=\"vert_icon\"><\/span><span class=\"hor_icon\"><\/span><\/span><\/p><div id='toggle-id-5' class='toggle_wrap  '   itemscope=\"itemscope\" itemprop=\"acceptedAnswer\" itemtype=\"https:\/\/schema.org\/Answer\" ><div class='toggle_content invers-color av-inherit-border-color'  itemprop=\"text\" ><p><i>Estas actividades est\u00e1n recomendadas para mayores de 16 a\u00f1os. Si tienes 16 o 17 a\u00f1os y quieres asistir al festival por tu cuenta, escribe por favor a <u><a href=\"mailto:educacion@mataderomadrid.org\">educacion@mataderomadrid.org<\/a><\/u> despu\u00e9s de adquirir tus entradas.<\/i><\/p>\n<\/div><\/div><\/div><\/section>\n<section class='av_toggle_section av-26oru1-1-1-96ae9da7782da43d0c1976bd701ff754'  itemscope=\"itemscope\" itemprop=\"mainEntity\" itemtype=\"https:\/\/schema.org\/Question\" ><div role=\"tablist\" class=\"single_toggle\" data-tags=\"{Todo} \"  ><p data-fake-id='#toggle-id-6' class='toggler   av-inherit-border-color'  itemprop=\"name\"  role='tab' tabindex='0' aria-controls='toggle-id-6'>\u00bfHay actividades gratuitas?<span class=\"toggle_icon\"><span class=\"vert_icon\"><\/span><span class=\"hor_icon\"><\/span><\/span><\/p><div id='toggle-id-6' class='toggle_wrap  '   itemscope=\"itemscope\" itemprop=\"acceptedAnswer\" itemtype=\"https:\/\/schema.org\/Answer\" ><div class='toggle_content invers-color av-inherit-border-color'  itemprop=\"text\" ><p>En esta edici\u00f3n de L.E.V. Matadero, ofrecemos cuatro actividades de acceso gratuito: la instalaci\u00f3n performance <a href=\"https:\/\/levfestival.com\/23-matadero\/lev-madrid\/lawrence-malstaf\/\"><em>Shrink 01995<\/em><\/a> de Lawrence Malstaf, la v\u00eddeo instalaci\u00f3n interactiva <a href=\"https:\/\/levfestival.com\/23-matadero\/lev-madrid\/naxs-corp-id0\/\"><em>ID0<\/em><\/a> de NAXS\u00a0Corp, la instalaci\u00f3n audiovisual <a href=\"https:\/\/levfestival.com\/23-matadero\/lev-madrid\/andy-thomas-visual-bird-sounds\/\"><em>Visual Bird Sounds<\/em><\/a> de Andy Thomas y la experiencia de realidad aumentada <a href=\"https:\/\/levfestival.com\/23-matadero\/lev-madrid\/lauren-moffatt-compost-ar\/\"><em>Compost AR<\/em><\/a> de Lauren Moffatt.<\/p>\n<\/div><\/div><\/div><\/section>\n<\/div><br \/>\n<div  class='hr av-1u3hxl-a927eba45f18a32bd2810e7f1fb332b8 hr-default  avia-builder-el-5  el_after_av_toggle_container  el_before_av_textblock  line-blue'><span class='hr-inner '><span class=\"hr-inner-style\"><\/span><\/span><\/div><br \/>\n\n<style type=\"text\/css\" data-created_by=\"avia_inline_auto\" id=\"style-css-av-1qf59t-6cc885bd5eacc6b6965e375704bdf32d\">\n#top .av_textblock_section.av-1qf59t-6cc885bd5eacc6b6965e375704bdf32d .avia_textblock{\ncolor:#ffffff;\n}\n<\/style>\n<section  class='av_textblock_section av-1qf59t-6cc885bd5eacc6b6965e375704bdf32d'  itemscope=\"itemscope\" itemtype=\"https:\/\/schema.org\/CreativeWork\" ><div class='avia_textblock fin-faq av_inherit_color'  itemprop=\"text\" ><h3>\u00bfTIENES ALGUNA OTRA DUDA?<\/h3>\n<p>Puedes escribir al email <a href=\"mailto:info@levfestival.org\">info@levfestival.org<\/a> o contactarnos a trav\u00e9s de nuestras redes sociales, que encontrar\u00e1s al final de esta p\u00e1gina.<\/p>\n<\/div><\/section><br \/>\n\n<style type=\"text\/css\" data-created_by=\"avia_inline_auto\" id=\"style-css-av-ewfmh-68769c978148e1a30faac24e4ee522e8\">\n#top .hr.hr-invisible.av-ewfmh-68769c978148e1a30faac24e4ee522e8{\nheight:50px;\n}\n<\/style>\n<div  class='hr av-ewfmh-68769c978148e1a30faac24e4ee522e8 hr-invisible  avia-builder-el-7  el_after_av_textblock  avia-builder-el-last '><span class='hr-inner '><span class=\"hr-inner-style\"><\/span><\/span><\/div><\/p><\/div><div class='flex_column av-92k2h-eae77524995aaf225505614bc3e2da52 av_one_third  avia-builder-el-8  el_after_av_two_third  el_before_av_hr  flex_column_div '     ><\/div>\n<style type=\"text\/css\" data-created_by=\"avia_inline_auto\" id=\"style-css-av-lf9ud2ni-964f877cde38280a98c2c931adaadad2\">\n#top .hr.hr-invisible.av-lf9ud2ni-964f877cde38280a98c2c931adaadad2{\nheight:100px;\n}\n<\/style>\n<div  class='hr av-lf9ud2ni-964f877cde38280a98c2c931adaadad2 hr-invisible  avia-builder-el-9  el_after_av_one_third  avia-builder-el-last '><span class='hr-inner '><span class=\"hr-inner-style\"><\/span><\/span><\/div>\n\n","protected":false},"excerpt":{"rendered":"","protected":false},"author":1,"featured_media":0,"parent":0,"menu_order":0,"comment_status":"closed","ping_status":"closed","template":"","meta":{"footnotes":""},"class_list":["post-294","page","type-page","status-publish","hentry"],"yoast_head":"<!-- This site is optimized with the Yoast SEO plugin v20.7 - https:\/\/yoast.com\/wordpress\/plugins\/seo\/ -->\n<title>FAQs - L.E.V. Matadero 2023 - L.E.V. Festival 2023<\/title>\n<meta name=\"robots\" content=\"index, follow, max-snippet:-1, max-image-preview:large, max-video-preview:-1\" \/>\n<link rel=\"canonical\" href=\"https:\/\/levfestival.com\/23-matadero\/faqs\/\" \/>\n<meta property=\"og:locale\" content=\"es_ES\" \/>\n<meta property=\"og:type\" content=\"article\" \/>\n<meta property=\"og:title\" content=\"FAQs - L.E.V. Matadero 2023 - L.E.V. Festival 2023\" \/>\n<meta property=\"og:url\" content=\"https:\/\/levfestival.com\/23-matadero\/faqs\/\" \/>\n<meta property=\"og:site_name\" content=\"L.E.V. Matadero 2023 - L.E.V. Festival 2023\" \/>\n<meta property=\"article:modified_time\" content=\"2023-09-20T09:53:53+00:00\" \/>\n<meta name=\"twitter:card\" content=\"summary_large_image\" \/>\n<meta name=\"twitter:label1\" content=\"Tiempo de lectura\" \/>\n\t<meta name=\"twitter:data1\" content=\"4 minutos\" \/>\n<script type=\"application\/ld+json\" class=\"yoast-schema-graph\">{\"@context\":\"https:\/\/schema.org\",\"@graph\":[{\"@type\":\"WebPage\",\"@id\":\"https:\/\/levfestival.com\/23-matadero\/faqs\/\",\"url\":\"https:\/\/levfestival.com\/23-matadero\/faqs\/\",\"name\":\"FAQs - L.E.V. Matadero 2023 - L.E.V. Festival 2023\",\"isPartOf\":{\"@id\":\"https:\/\/levfestival.com\/23-matadero\/#website\"},\"datePublished\":\"2023-07-25T12:45:23+00:00\",\"dateModified\":\"2023-09-20T09:53:53+00:00\",\"breadcrumb\":{\"@id\":\"https:\/\/levfestival.com\/23-matadero\/faqs\/#breadcrumb\"},\"inLanguage\":\"es\",\"potentialAction\":[{\"@type\":\"ReadAction\",\"target\":[\"https:\/\/levfestival.com\/23-matadero\/faqs\/\"]}]},{\"@type\":\"BreadcrumbList\",\"@id\":\"https:\/\/levfestival.com\/23-matadero\/faqs\/#breadcrumb\",\"itemListElement\":[{\"@type\":\"ListItem\",\"position\":1,\"name\":\"Portada\",\"item\":\"https:\/\/levfestival.com\/23-matadero\/home\/\"},{\"@type\":\"ListItem\",\"position\":2,\"name\":\"FAQs\"}]},{\"@type\":\"WebSite\",\"@id\":\"https:\/\/levfestival.com\/23-matadero\/#website\",\"url\":\"https:\/\/levfestival.com\/23-matadero\/\",\"name\":\"L.E.V. Matadero 2023 - L.E.V. Festival 2023\",\"description\":\"\",\"potentialAction\":[{\"@type\":\"SearchAction\",\"target\":{\"@type\":\"EntryPoint\",\"urlTemplate\":\"https:\/\/levfestival.com\/23-matadero\/?s={search_term_string}\"},\"query-input\":\"required name=search_term_string\"}],\"inLanguage\":\"es\"}]}<\/script>\n<!-- \/ Yoast SEO plugin. -->","yoast_head_json":{"title":"FAQs - L.E.V. Matadero 2023 - L.E.V. Festival 2023","robots":{"index":"index","follow":"follow","max-snippet":"max-snippet:-1","max-image-preview":"max-image-preview:large","max-video-preview":"max-video-preview:-1"},"canonical":"https:\/\/levfestival.com\/23-matadero\/faqs\/","og_locale":"es_ES","og_type":"article","og_title":"FAQs - L.E.V. Matadero 2023 - L.E.V. Festival 2023","og_url":"https:\/\/levfestival.com\/23-matadero\/faqs\/","og_site_name":"L.E.V. Matadero 2023 - L.E.V. Festival 2023","article_modified_time":"2023-09-20T09:53:53+00:00","twitter_card":"summary_large_image","twitter_misc":{"Tiempo de lectura":"4 minutos"},"schema":{"@context":"https:\/\/schema.org","@graph":[{"@type":"WebPage","@id":"https:\/\/levfestival.com\/23-matadero\/faqs\/","url":"https:\/\/levfestival.com\/23-matadero\/faqs\/","name":"FAQs - L.E.V. Matadero 2023 - L.E.V. Festival 2023","isPartOf":{"@id":"https:\/\/levfestival.com\/23-matadero\/#website"},"datePublished":"2023-07-25T12:45:23+00:00","dateModified":"2023-09-20T09:53:53+00:00","breadcrumb":{"@id":"https:\/\/levfestival.com\/23-matadero\/faqs\/#breadcrumb"},"inLanguage":"es","potentialAction":[{"@type":"ReadAction","target":["https:\/\/levfestival.com\/23-matadero\/faqs\/"]}]},{"@type":"BreadcrumbList","@id":"https:\/\/levfestival.com\/23-matadero\/faqs\/#breadcrumb","itemListElement":[{"@type":"ListItem","position":1,"name":"Portada","item":"https:\/\/levfestival.com\/23-matadero\/home\/"},{"@type":"ListItem","position":2,"name":"FAQs"}]},{"@type":"WebSite","@id":"https:\/\/levfestival.com\/23-matadero\/#website","url":"https:\/\/levfestival.com\/23-matadero\/","name":"L.E.V. Matadero 2023 - L.E.V. Festival 2023","description":"","potentialAction":[{"@type":"SearchAction","target":{"@type":"EntryPoint","urlTemplate":"https:\/\/levfestival.com\/23-matadero\/?s={search_term_string}"},"query-input":"required name=search_term_string"}],"inLanguage":"es"}]}},"_links":{"self":[{"href":"https:\/\/levfestival.com\/23-matadero\/wp-json\/wp\/v2\/pages\/294","targetHints":{"allow":["GET"]}}],"collection":[{"href":"https:\/\/levfestival.com\/23-matadero\/wp-json\/wp\/v2\/pages"}],"about":[{"href":"https:\/\/levfestival.com\/23-matadero\/wp-json\/wp\/v2\/types\/page"}],"author":[{"embeddable":true,"href":"https:\/\/levfestival.com\/23-matadero\/wp-json\/wp\/v2\/users\/1"}],"replies":[{"embeddable":true,"href":"https:\/\/levfestival.com\/23-matadero\/wp-json\/wp\/v2\/comments?post=294"}],"version-history":[{"count":7,"href":"https:\/\/levfestival.com\/23-matadero\/wp-json\/wp\/v2\/pages\/294\/revisions"}],"predecessor-version":[{"id":1246,"href":"https:\/\/levfestival.com\/23-matadero\/wp-json\/wp\/v2\/pages\/294\/revisions\/1246"}],"wp:attachment":[{"href":"https:\/\/levfestival.com\/23-matadero\/wp-json\/wp\/v2\/media?parent=294"}],"curies":[{"name":"wp","href":"https:\/\/api.w.org\/{rel}","templated":true}]}}