{"id":1439,"date":"2024-04-15T21:48:58","date_gmt":"2024-04-15T19:48:58","guid":{"rendered":"https:\/\/levfestival.com\/24-gijon\/horarios\/"},"modified":"2024-05-06T12:04:54","modified_gmt":"2024-05-06T10:04:54","slug":"timetable","status":"publish","type":"page","link":"https:\/\/levfestival.com\/24-gijon\/en\/timetable\/","title":{"rendered":"Timetable"},"content":{"rendered":"\n<style type=\"text\/css\" data-created_by=\"avia_inline_auto\" id=\"style-css-av-lg2b5xky-473aefb6c371dec46c7c8c8571939226\">\n.avia-section.av-lg2b5xky-473aefb6c371dec46c7c8c8571939226{\nbackground-color:#000000;\nbackground-image:unset;\n}\n<\/style>\n<div id='av_section_1'  class='avia-section av-lg2b5xky-473aefb6c371dec46c7c8c8571939226 header_color avia-section-default avia-no-border-styling  avia-builder-el-0  avia-builder-el-no-sibling  avia-bg-style-scroll container_wrap fullsize'  ><div class='container av-section-cont-open' ><main  role=\"main\" itemprop=\"mainContentOfPage\"  class='template-page content  av-content-full alpha units'><div class='post-entry post-entry-type-page post-entry-1439'><div class='entry-content-wrapper clearfix'>\n\n<style type=\"text\/css\" data-created_by=\"avia_inline_auto\" id=\"style-css-av-lg2aax7z-5a6ea6baba32bd700389f02ee0c87cf6\">\n#top .av-special-heading.av-lg2aax7z-5a6ea6baba32bd700389f02ee0c87cf6{\npadding-bottom:10px;\ncolor:#ffffff;\n}\nbody .av-special-heading.av-lg2aax7z-5a6ea6baba32bd700389f02ee0c87cf6 .av-special-heading-tag .heading-char{\nfont-size:25px;\n}\n.av-special-heading.av-lg2aax7z-5a6ea6baba32bd700389f02ee0c87cf6 .special-heading-inner-border{\nborder-color:#ffffff;\n}\n.av-special-heading.av-lg2aax7z-5a6ea6baba32bd700389f02ee0c87cf6 .av-subheading{\nfont-size:15px;\n}\n<\/style>\n<div  class='av-special-heading av-lg2aax7z-5a6ea6baba32bd700389f02ee0c87cf6 av-special-heading-h1 custom-color-heading blockquote modern-quote  avia-builder-el-1  el_before_av_tab_container  avia-builder-el-first '><h1 class='av-special-heading-tag'  itemprop=\"headline\"  >TIMETABLE<\/h1><div class=\"special-heading-border\"><div class=\"special-heading-inner-border\"><\/div><\/div><\/div>\n<div  id=\"horarios-gijon23\"  class='tabcontainer av-lg2afsrs-b9c5fbca01741851c9a4e6362ced97ce top_tab  avia-builder-el-2  el_after_av_heading  avia-builder-el-last ' role='tablist'>\n<section class='av_tab_section av_tab_section av-lg2aej8d-1-1-1-39d4947b4c96d19b232a7d65f3a7474a'  itemscope=\"itemscope\" itemtype=\"https:\/\/schema.org\/CreativeWork\" ><div class='tab active_tab' role='tab' tabindex='0' data-fake-id='#other-dates' aria-controls='other-dates-content'  itemprop=\"headline\" >OTHER DATES<\/div><div id='other-dates-content' class='tab_content active_tab_content' aria-hidden=\"false\"><div class='tab_inner_content invers-color'  itemprop=\"text\" ><p class=\"titulo-horarios\">CENTRO DE CULTURA ANTIGUO INSTITUTO<\/p>\n<p class=\"subtitulo-horarios\">AV INSTALLATION<\/p>\n<p>From 6 to 12 May<br \/>\nMonday to Friday: 17.30 &#8211; 20.30 h. Saturdays: 12:00 &#8211; 14:00 \/ 17.30 &#8211; 20.30 h. Sundays: 12:00-14:00 h.<\/p>\n<h2><a href=\"https:\/\/levfestival.com\/24-gijon\/en\/lev-gijon\/guillaume-marmin-oh-lord\/\">GUILLAUME MARMIN. OH LORD<\/a><\/h2>\n<p>Free access<\/p>\n<p class=\"titulo-horarios\">ESCUELA DE COMERCIO &#8211; PLAZA DEL PARCH\u00cdS<\/p>\n<p class=\"subtitulo-horarios\">AR EXPERIENCE<\/p>\n<p>UNTIL MAY 19<br \/>\nContinuous hours<\/p>\n<h2><a href=\"https:\/\/levfestival.com\/24-gijon\/en\/lev-gijon\/slow-walker-peder-bjurman\/\">PEDER BJURMAN. SLOW WALKER<\/a><\/h2>\n<p>Free admission<\/p>\n<\/div><\/div><\/section>\n<section class='av_tab_section av_tab_section av-lg2ae3u7-16ec87d78ed6530606aa169350fe7f73'  itemscope=\"itemscope\" itemtype=\"https:\/\/schema.org\/CreativeWork\" ><div class='tab' role='tab' tabindex='0' data-fake-id='#wednesday-1' aria-controls='wednesday-1-content'  itemprop=\"headline\" >WEDNESDAY 1_MAY<\/div><div id='wednesday-1-content' class='tab_content' aria-hidden=\"true\"><div class='tab_inner_content invers-color'  itemprop=\"text\" ><p class=\"titulo-horarios\">CAJA ESC\u00c9NICA. TEATRO JOVELLANOS<\/p>\n<p class=\"subtitulo-horarios\">AV INSTALLATION<\/p>\n<p>Group passes every 45 minutes<br \/>\n11:00 \/ 11:45 \/ 12:30 \/ 13:15 \/ 14:00 \/\u00a0 \u00a0 \u00a016:00 \/ 16:45 \/ 17:30 \/ 18:15 \/ 19:00 \/ 19:45 \/ 20:30 \/ 21:15 \/ 22:00<\/p>\n<h2 style=\"margin-top: 25px;\"><a href=\"https:\/\/levfestival.com\/24-gijon\/en\/lev-gijon\/lorem-distrust-everything\/\">LOREM. DISTRUST EVERYTHING<\/a><\/h2>\n<p>Free access<\/p>\n<p class=\"titulo-horarios\">CAJA ESC\u00c9NICA. TEATRO DE LA LABORAL<\/p>\n<p class=\"subtitulo-horarios\">AV INSTALLATION<\/p>\n<p>Two passes: 18:00 \/ 20:00<\/p>\n<h2><a href=\"https:\/\/levfestival.com\/24-gijon\/en\/lev-gijon\/romeo-castellucci-scott-gibbons-the-third-reich\/\">ROMEO CASTELLUCCI &#038; SCOTT GIBBONS. THE THIRD REICH<\/a><\/h2>\n<\/div><\/div><\/section>\n<section class='av_tab_section av_tab_section av-lg2aej8d-6e23646852a5e55e9638514e5cd198db'  itemscope=\"itemscope\" itemtype=\"https:\/\/schema.org\/CreativeWork\" ><div class='tab' role='tab' tabindex='0' data-fake-id='#thursday-2' aria-controls='thursday-2-content'  itemprop=\"headline\" >THURSDAY 2_MAY<\/div><div id='thursday-2-content' class='tab_content' aria-hidden=\"true\"><div class='tab_inner_content invers-color'  itemprop=\"text\" ><p class=\"titulo-horarios\">ESCUELA DE COMERCIO<\/p>\n<p class=\"subtitulo-horarios\">VR EXPERIENCES<\/p>\n<p>11:00-14:00 \/ 16:00-21:00 h.<\/p>\n<h2><a href=\"https:\/\/levfestival.com\/24-gijon\/en\/lev-gijon\/red-tail-fish-wang\/\">FISH WANG. RED TAIL<\/a><\/h2>\n<h2><a href=\"https:\/\/levfestival.com\/24-gijon\/en\/lev-gijon\/uncanny-alley-rick-treweek\/\">RICK TREWEEK. UNCANNY ALLEY<\/a><\/h2>\n<p>Free access<\/p>\n<p class=\"titulo-horarios\">ESCUELA DE COMERCIO &#8211; PLAZA DEL PARCH\u00cdS<\/p>\n<p class=\"subtitulo-horarios\">AR EXPERIENCE<\/p>\n<p>Continuous hours<\/p>\n<h2><a href=\"https:\/\/levfestival.com\/24-gijon\/en\/lev-gijon\/slow-walker-peder-bjurman\/\">PEDER BJURMAN. SLOW WALKER<\/a><\/h2>\n<p>Free admission<\/p>\n<p class=\"titulo-horarios\">CAJA ESC\u00c9NICA. TEATRO JOVELLANOS<\/p>\n<p class=\"subtitulo-horarios\">AV INSTALLATION<\/p>\n<p>Group passes every 45 minutes<br \/>\n11:30 \/ 12:15 \/ 13:00 \/ 13:45 \/\u00a0 \u00a0 \u00a016:00 \/ 16:45 \/ 17:30 \/ 18:15 \/ 19:00 \/ 19:45 \/ 20:30 \/ 21:15 \/ 22:00<\/p>\n<h2 style=\"margin-top: 25px;\"><a href=\"https:\/\/levfestival.com\/24-gijon\/en\/lev-gijon\/lorem-distrust-everything\/\">LOREM. DISTRUST EVERYTHING<\/a><\/h2>\n<p>Free access<\/p>\n<p class=\"titulo-horarios\">CENTRO DE CULTURA ANTIGUO INSTITUTO<\/p>\n<p class=\"subtitulo-horarios\">AV INSTALLATION<\/p>\n<p>16:00 \u2013 20:30 h.<\/p>\n<h2><a href=\"https:\/\/levfestival.com\/24-gijon\/en\/lev-gijon\/guillaume-marmin-oh-lord\/\">GUILLAUME MARMIN. OH LORD<\/a><\/h2>\n<p>Free access<\/p>\n<p class=\"titulo-horarios\">CAJA ESC\u00c9NICA. TEATRO DE LA LABORAL<\/p>\n<p class=\"subtitulo-horarios\">AV INSTALLATION<\/p>\n<p>Three passes: 18:00 \/ 20:00 \/ 21:30 h.<\/p>\n<h2><a href=\"https:\/\/levfestival.com\/24-gijon\/en\/lev-gijon\/romeo-castellucci-scott-gibbons-the-third-reich\/\">ROMEO CASTELLUCCI &#038; SCOTT GIBBONS. THE THIRD REICH<\/a><\/h2>\n<\/div><\/div><\/section>\n<section class='av_tab_section av_tab_section av-lg2aej8d-1-65f4d1135faff12d683842c5267eba35'  itemscope=\"itemscope\" itemtype=\"https:\/\/schema.org\/CreativeWork\" ><div class='tab' role='tab' tabindex='0' data-fake-id='#friday-3' aria-controls='friday-3-content'  itemprop=\"headline\" >FRIDAY 3_MAY<\/div><div id='friday-3-content' class='tab_content' aria-hidden=\"true\"><div class='tab_inner_content invers-color'  itemprop=\"text\" ><p class=\"titulo-horarios\">ESCUELA DE COMERCIO<\/p>\n<p class=\"subtitulo-horarios\">VR EXPERIENCE<\/p>\n<p>11:00 &#8211; 14:00 \/ 16:00 &#8211; 21:00 h.<\/p>\n<h2><a href=\"https:\/\/levfestival.com\/24-gijon\/en\/lev-gijon\/red-tail-fish-wang\/\">FISH WANG. RED TAIL<\/a><\/h2>\n<h2><a href=\"https:\/\/levfestival.com\/24-gijon\/en\/lev-gijon\/uncanny-alley-rick-treweek\/\">RICK TREWEEK. UNCANNY ALLEY<\/a><\/h2>\n<p>Free access<\/p>\n<p class=\"titulo-horarios\">ESCUELA DE COMERCIO &#8211; PLAZA DEL PARCH\u00cdS<\/p>\n<p class=\"subtitulo-horarios\">AR EXPERIENCE<\/p>\n<p>Continuous hours<\/p>\n<h2><a href=\"https:\/\/levfestival.com\/24-gijon\/en\/lev-gijon\/slow-walker-peder-bjurman\/\">PEDER BJURMAN. SLOW WALKER<\/a><\/h2>\n<p>Free admission<\/p>\n<p class=\"titulo-horarios\">CAJA ESC\u00c9NICA. TEATRO JOVELLANOS<\/p>\n<p class=\"subtitulo-horarios\">AV INSTALLATION<\/p>\n<p>Group passes every 45 minutes<br \/>\n11:30 \/ 12:15 \/ 13:00 \/ 13:45 \/\u00a0 \u00a0 \u00a016:00 \/ 16:45 \/ 17:30 \/ 18:15 \/ 19:00 \/ 19:45 \/ 20:30 \/ 21:15 \/ 22:00<\/p>\n<h2 style=\"margin-top: 25px;\"><a href=\"https:\/\/levfestival.com\/24-gijon\/en\/lev-gijon\/lorem-distrust-everything\/\">LOREM. DISTRUST EVERYTHING<\/a><\/h2>\n<p>Free access<\/p>\n<p class=\"titulo-horarios\">CENTRO DE CULTURA ANTIGUO INSTITUTO<\/p>\n<p class=\"subtitulo-horarios\">AV INSTALLATION<\/p>\n<p>16:00 \u2013 20:30 h.<\/p>\n<h2><a href=\"https:\/\/levfestival.com\/24-gijon\/en\/lev-gijon\/guillaume-marmin-oh-lord\/\">GUILLAUME MARMIN. OH LORD<\/a><\/h2>\n<p>Free access<\/p>\n<p class=\"titulo-horarios\">TEATRO DE LA LABORAL<\/p>\n<p class=\"subtitulo-horarios\">CONCERTS &#038; AV PERFORMANCES<\/p>\n<p>19:00 h.<\/p>\n<p style=\"color: #fff;\">Bar opening in the inner patios of the Theatre<\/p>\n<p>20:30<\/p>\n<p style=\"color: #fff;\">Admission to the seating area<\/p>\n<p>21:00 h.<\/p>\n<h2><a href=\"https:\/\/levfestival.com\/24-gijon\/en\/lev-gijon\/bromo-crispr-the-pattern-of-life\/\">BROMO. CRISPR THE PATTERN OF LIFE<\/a><\/h2>\n<p>22:20 h.<\/p>\n<h2><a href=\"https:\/\/levfestival.com\/24-gijon\/en\/lev-gijon\/martin-messier-1-drop-1000-years\/\">MARTIN MESSIER. 1 DROP 1000 YEARS<\/a><\/h2>\n<p>23:30 h.<\/p>\n<h2><a href=\"https:\/\/levfestival.com\/24-gijon\/en\/lev-gijon\/riccardo-giovinetto-f-e-m-i-n-a\/\">RICCARDO GIOVINETTO. F E M I N A<\/a><\/h2>\n<p>00:50 h.<\/p>\n<h2><a href=\"https:\/\/levfestival.com\/24-gijon\/en\/lev-gijon\/aisha-devi\/\">A\u00cfSHA DEVI<\/a><\/h2>\n<p>2:50 h.<\/p>\n<p style=\"color: #fff;\">Special bus service<\/p>\n<\/div><\/div><\/section>\n<section class='av_tab_section av_tab_section av-lg2aej8d-2-4dde240ddadc3472dcf0d219abaa693d'  itemscope=\"itemscope\" itemtype=\"https:\/\/schema.org\/CreativeWork\" ><div class='tab' role='tab' tabindex='0' data-fake-id='#saturday-4' aria-controls='saturday-4-content'  itemprop=\"headline\" >SATURDAY 4_MAY<\/div><div id='saturday-4-content' class='tab_content' aria-hidden=\"true\"><div class='tab_inner_content invers-color'  itemprop=\"text\" ><p class=\"titulo-horarios\">ESCUELA DE COMERCIO<\/p>\n<p class=\"subtitulo-horarios\">VR EXPERIENCE<\/p>\n<p>11:00 &#8211; 14:00 \/ 16:00 &#8211; 21:00 h.<\/p>\n<h2><a href=\"https:\/\/levfestival.com\/24-gijon\/en\/lev-gijon\/red-tail-fish-wang\/\">FISH WANG. RED TAIL<\/a><\/h2>\n<h2><a href=\"https:\/\/levfestival.com\/24-gijon\/en\/lev-gijon\/uncanny-alley-rick-treweek\/\">RICK TREWEEK. UNCANNY ALLEY<\/a><\/h2>\n<p>Free access<\/p>\n<p class=\"titulo-horarios\">ESCUELA DE COMERCIO &#8211; PLAZA DEL PARCH\u00cdS<\/p>\n<p class=\"subtitulo-horarios\">AR EXPERIENCE<\/p>\n<p>Continuous hours<\/p>\n<h2><a href=\"https:\/\/levfestival.com\/24-gijon\/en\/lev-gijon\/slow-walker-peder-bjurman\/\">PEDER BJURMAN. SLOW WALKER<\/a><\/h2>\n<p>Free admission<\/p>\n<p class=\"titulo-horarios\">CENTRO DE CULTURA ANTIGUO INSTITUTO<\/p>\n<p class=\"subtitulo-horarios\">AV INSTALLATION<\/p>\n<p>12:00 \u2013 14:00 \/ 16:00 \u2013 20:30 h.<\/p>\n<h2><a href=\"https:\/\/levfestival.com\/24-gijon\/en\/lev-gijon\/guillaume-marmin-oh-lord\/\">GUILLAUME MARMIN. OH LORD<\/a><\/h2>\n<p>Free access<\/p>\n<p class=\"titulo-horarios\">MUS\u00c9U DEL PUEBLU D\u2019ASTURIES<\/p>\n<p class=\"subtitulo-horarios\">CONCERTS<\/p>\n<p>12:30 h.<\/p>\n<p style=\"color: #fff;\">Doors<\/p>\n<p>13:00 h.<\/p>\n<h2><a href=\"https:\/\/levfestival.com\/24-gijon\/en\/lev-gijon\/kessellkerqus\/\">KESSELL &#038; KERQUS<\/a><\/h2>\n<p>13:55 h.<\/p>\n<h2><a href=\"https:\/\/levfestival.com\/24-gijon\/en\/lev-gijon\/cachito-turulo\/\">CACHITO TURULO<\/a><\/h2>\n<p>14:55 h.<\/p>\n<h2><a href=\"https:\/\/levfestival.com\/24-gijon\/en\/lev-gijon\/rrucculla-sound-sketches\/\">RRUCCULLA. SOUND SKETCHES<\/a><\/h2>\n<p>16:00 h.<\/p>\n<h2><a href=\"https:\/\/levfestival.com\/24-gijon\/en\/lev-gijon\/dengue-dengue-dengue\/\">DENGUE DENGUE DENGUE<\/a><\/h2>\n<p>17:30 h.<\/p>\n<p style=\"color: #fff;\">Cierre<\/p>\n<p class=\"titulo-horarios\">TEATRO DE LA LABORAL<\/p>\n<p class=\"subtitulo-horarios\">CONCERTS &#038; AV PERFORMANCES<\/p>\n<p>18:00 h.<\/p>\n<p style=\"color: #fff;\">Bar opening in the inner patios of the Theatre<\/p>\n<p>19:30<\/p>\n<p style=\"color: #fff;\">Admission to the seating area<\/p>\n<p>20:00 h.<\/p>\n<h2><a href=\"https:\/\/levfestival.com\/24-gijon\/en\/lev-gijon\/noemi-buchi-does-it-still-matter\/\">NO\u00c9MI B\u00dcCHI. DOES IT STILL MATTER<\/a><\/h2>\n<p>21:30 h.<\/p>\n<h2><a href=\"https:\/\/levfestival.com\/24-gijon\/en\/lev-gijon\/myriam-bleau-nien-tzu-weng-second-self\/\">MYRIAM BLEAU &#038; NIEN TZU WENG. SECOND SELF<\/a><\/h2>\n<p>22:20 h.<\/p>\n<h2><a href=\"https:\/\/levfestival.com\/24-gijon\/en\/lev-gijon\/synspecies-asbu\/\">SYNSPECIES. ASBU<\/a><\/h2>\n<p class=\"titulo-horarios\">NAVE. LABORAL CENTRO DE ARTE<\/p>\n<p class=\"subtitulo-horarios\">CONCERTS &#038; AV PERFORMANCES<\/p>\n<p>23:00 h.<\/p>\n<p style=\"color: #fff;\">Doors<\/p>\n<p>00:00 h.<\/p>\n<h2><a href=\"https:\/\/levfestival.com\/24-gijon\/en\/lev-gijon\/puce-mary\/\">PUCE MARY<\/a><\/h2>\n<p>01:00 h.<\/p>\n<h2><a href=\"https:\/\/levfestival.com\/24-gijon\/en\/lev-gijon\/sin-maldita-lei-aelcrush-av\/\">SIN MALDITA &#038; LEI. AELCRUSH AV<\/a><\/h2>\n<p>01:55 h.<\/p>\n<h2><a href=\"https:\/\/levfestival.com\/24-gijon\/en\/lev-gijon\/jacques-videochose\/\">JACQUES. VIDEOCHOSE<\/a><\/h2>\n<p>03:20 h.<\/p>\n<h2><a href=\"https:\/\/levfestival.com\/24-gijon\/en\/lev-gijon\/evian-christ-revanchist-live\/\">EVIAN CHRIST. REVANCHIST LIVE<\/a><\/h2>\n<p>04:35 h.<\/p>\n<h2><a href=\"https:\/\/levfestival.com\/24-gijon\/en\/lev-gijon\/lcy-live-av\/\">LCY<\/a><\/h2>\n<p>5:45 h.<\/p>\n<p style=\"color: #fff;\">Special bus service<\/p>\n<\/div><\/div><\/section>\n<section class='av_tab_section av_tab_section av-lg2aej8d-1-1-68c9b91f46de7149e465f91d5c4b0dee'  itemscope=\"itemscope\" itemtype=\"https:\/\/schema.org\/CreativeWork\" ><div class='tab' role='tab' tabindex='0' data-fake-id='#sunday-5' aria-controls='sunday-5-content'  itemprop=\"headline\" >SUNDAY 5_MAY<\/div><div id='sunday-5-content' class='tab_content' aria-hidden=\"true\"><div class='tab_inner_content invers-color'  itemprop=\"text\" ><p class=\"titulo-horarios\">ESCUELA DE COMERCIO<\/p>\n<p class=\"subtitulo-horarios\">VR EXPERIENCE<\/p>\n<p>11:00-14:00 h.<\/p>\n<h2><a href=\"https:\/\/levfestival.com\/24-gijon\/en\/lev-gijon\/red-tail-fish-wang\/\">FISH WANG. RED TAIL<\/a><\/h2>\n<h2><a href=\"https:\/\/levfestival.com\/24-gijon\/en\/lev-gijon\/uncanny-alley-rick-treweek\/\">RICK TREWEEK. UNCANNY ALLEY<\/a><\/h2>\n<p>Free access<\/p>\n<p class=\"titulo-horarios\">ESCUELA DE COMERCIO &#8211; PLAZA DEL PARCH\u00cdS<\/p>\n<p class=\"subtitulo-horarios\">AR EXPERIENCE<\/p>\n<p>Continuous hours<\/p>\n<h2><a href=\"https:\/\/levfestival.com\/24-gijon\/en\/lev-gijon\/slow-walker-peder-bjurman\/\">PEDER BJURMAN. SLOW WALKER<\/a><\/h2>\n<p>Free admission<\/p>\n<p class=\"titulo-horarios\">CENTRO DE CULTURA ANTIGUO INSTITUTO<\/p>\n<p class=\"subtitulo-horarios\">AV INSTALLATION<\/p>\n<p>12:00 \u2013 14:00 \/ 16:00 \u2013 20:30 h.<\/p>\n<h2><a href=\"https:\/\/levfestival.com\/24-gijon\/en\/lev-gijon\/guillaume-marmin-oh-lord\/\">GUILLAUME MARMIN. OH LORD<\/a><\/h2>\n<p>Free access<\/p>\n<p class=\"titulo-horarios\">JARD\u00cdN BOT\u00c1NICO ATL\u00c1NTICO<\/p>\n<p class=\"subtitulo-horarios\">SILENT SOUND SESSIONS<\/p>\n<p>13:00 h.<\/p>\n<p style=\"color: #fff;\">Doors<\/p>\n<p>14:00 h.<\/p>\n<h2><a href=\"https:\/\/levfestival.com\/24-gijon\/en\/lev-gijon\/sophia-loizou-vesta\/\">SOPHIA LOIZOU. VESTA<\/a><\/h2>\n<p>15:00 h.<\/p>\n<h2><a href=\"https:\/\/levfestival.com\/24-gijon\/en\/lev-gijon\/scanner-how-to-make-art-from-life-with-the-help-of-a-few-ghosts\/\">SCANNER. HOW TO MAKE ART FROM LIFE (WITH THE HELP OF A FEW GHOSTS)<\/a><\/h2>\n<\/div><\/div><\/section>\n<\/div>\n\n","protected":false},"excerpt":{"rendered":"","protected":false},"author":1,"featured_media":0,"parent":0,"menu_order":0,"comment_status":"closed","ping_status":"closed","template":"","meta":{"footnotes":""},"class_list":["post-1439","page","type-page","status-publish","hentry"],"yoast_head":"<!-- This site is optimized with the Yoast SEO plugin v20.7 - https:\/\/yoast.com\/wordpress\/plugins\/seo\/ -->\n<title>Timetable - L.E.V. Festival 2024<\/title>\n<meta name=\"robots\" content=\"index, follow, max-snippet:-1, max-image-preview:large, max-video-preview:-1\" \/>\n<link rel=\"canonical\" href=\"https:\/\/levfestival.com\/24-gijon\/en\/timetable\/\" \/>\n<meta property=\"og:locale\" content=\"en_US\" \/>\n<meta property=\"og:type\" content=\"article\" \/>\n<meta property=\"og:title\" content=\"Timetable - L.E.V. Festival 2024\" \/>\n<meta property=\"og:url\" content=\"https:\/\/levfestival.com\/24-gijon\/en\/timetable\/\" \/>\n<meta property=\"og:site_name\" content=\"L.E.V. Festival 2024\" \/>\n<meta property=\"article:modified_time\" content=\"2024-05-06T10:04:54+00:00\" \/>\n<meta name=\"twitter:card\" content=\"summary_large_image\" \/>\n<meta name=\"twitter:label1\" content=\"Est. reading time\" \/>\n\t<meta name=\"twitter:data1\" content=\"4 minutes\" \/>\n<script type=\"application\/ld+json\" class=\"yoast-schema-graph\">{\"@context\":\"https:\/\/schema.org\",\"@graph\":[{\"@type\":\"WebPage\",\"@id\":\"https:\/\/levfestival.com\/24-gijon\/en\/timetable\/\",\"url\":\"https:\/\/levfestival.com\/24-gijon\/en\/timetable\/\",\"name\":\"Timetable - L.E.V. Festival 2024\",\"isPartOf\":{\"@id\":\"https:\/\/levfestival.com\/24-gijon\/#website\"},\"datePublished\":\"2024-04-15T19:48:58+00:00\",\"dateModified\":\"2024-05-06T10:04:54+00:00\",\"breadcrumb\":{\"@id\":\"https:\/\/levfestival.com\/24-gijon\/en\/timetable\/#breadcrumb\"},\"inLanguage\":\"en-US\",\"potentialAction\":[{\"@type\":\"ReadAction\",\"target\":[\"https:\/\/levfestival.com\/24-gijon\/en\/timetable\/\"]}]},{\"@type\":\"BreadcrumbList\",\"@id\":\"https:\/\/levfestival.com\/24-gijon\/en\/timetable\/#breadcrumb\",\"itemListElement\":[{\"@type\":\"ListItem\",\"position\":1,\"name\":\"Portada\",\"item\":\"https:\/\/levfestival.com\/24-gijon\/en\/home\/\"},{\"@type\":\"ListItem\",\"position\":2,\"name\":\"Timetable\"}]},{\"@type\":\"WebSite\",\"@id\":\"https:\/\/levfestival.com\/24-gijon\/#website\",\"url\":\"https:\/\/levfestival.com\/24-gijon\/\",\"name\":\"L.E.V. Festival 2024\",\"description\":\"\",\"potentialAction\":[{\"@type\":\"SearchAction\",\"target\":{\"@type\":\"EntryPoint\",\"urlTemplate\":\"https:\/\/levfestival.com\/24-gijon\/?s={search_term_string}\"},\"query-input\":\"required name=search_term_string\"}],\"inLanguage\":\"en-US\"}]}<\/script>\n<!-- \/ Yoast SEO plugin. -->","yoast_head_json":{"title":"Timetable - L.E.V. Festival 2024","robots":{"index":"index","follow":"follow","max-snippet":"max-snippet:-1","max-image-preview":"max-image-preview:large","max-video-preview":"max-video-preview:-1"},"canonical":"https:\/\/levfestival.com\/24-gijon\/en\/timetable\/","og_locale":"en_US","og_type":"article","og_title":"Timetable - L.E.V. Festival 2024","og_url":"https:\/\/levfestival.com\/24-gijon\/en\/timetable\/","og_site_name":"L.E.V. Festival 2024","article_modified_time":"2024-05-06T10:04:54+00:00","twitter_card":"summary_large_image","twitter_misc":{"Est. reading time":"4 minutes"},"schema":{"@context":"https:\/\/schema.org","@graph":[{"@type":"WebPage","@id":"https:\/\/levfestival.com\/24-gijon\/en\/timetable\/","url":"https:\/\/levfestival.com\/24-gijon\/en\/timetable\/","name":"Timetable - L.E.V. Festival 2024","isPartOf":{"@id":"https:\/\/levfestival.com\/24-gijon\/#website"},"datePublished":"2024-04-15T19:48:58+00:00","dateModified":"2024-05-06T10:04:54+00:00","breadcrumb":{"@id":"https:\/\/levfestival.com\/24-gijon\/en\/timetable\/#breadcrumb"},"inLanguage":"en-US","potentialAction":[{"@type":"ReadAction","target":["https:\/\/levfestival.com\/24-gijon\/en\/timetable\/"]}]},{"@type":"BreadcrumbList","@id":"https:\/\/levfestival.com\/24-gijon\/en\/timetable\/#breadcrumb","itemListElement":[{"@type":"ListItem","position":1,"name":"Portada","item":"https:\/\/levfestival.com\/24-gijon\/en\/home\/"},{"@type":"ListItem","position":2,"name":"Timetable"}]},{"@type":"WebSite","@id":"https:\/\/levfestival.com\/24-gijon\/#website","url":"https:\/\/levfestival.com\/24-gijon\/","name":"L.E.V. Festival 2024","description":"","potentialAction":[{"@type":"SearchAction","target":{"@type":"EntryPoint","urlTemplate":"https:\/\/levfestival.com\/24-gijon\/?s={search_term_string}"},"query-input":"required name=search_term_string"}],"inLanguage":"en-US"}]}},"_links":{"self":[{"href":"https:\/\/levfestival.com\/24-gijon\/en\/wp-json\/wp\/v2\/pages\/1439","targetHints":{"allow":["GET"]}}],"collection":[{"href":"https:\/\/levfestival.com\/24-gijon\/en\/wp-json\/wp\/v2\/pages"}],"about":[{"href":"https:\/\/levfestival.com\/24-gijon\/en\/wp-json\/wp\/v2\/types\/page"}],"author":[{"embeddable":true,"href":"https:\/\/levfestival.com\/24-gijon\/en\/wp-json\/wp\/v2\/users\/1"}],"replies":[{"embeddable":true,"href":"https:\/\/levfestival.com\/24-gijon\/en\/wp-json\/wp\/v2\/comments?post=1439"}],"version-history":[{"count":30,"href":"https:\/\/levfestival.com\/24-gijon\/en\/wp-json\/wp\/v2\/pages\/1439\/revisions"}],"predecessor-version":[{"id":2027,"href":"https:\/\/levfestival.com\/24-gijon\/en\/wp-json\/wp\/v2\/pages\/1439\/revisions\/2027"}],"wp:attachment":[{"href":"https:\/\/levfestival.com\/24-gijon\/en\/wp-json\/wp\/v2\/media?parent=1439"}],"curies":[{"name":"wp","href":"https:\/\/api.w.org\/{rel}","templated":true}]}}