{"id":234,"date":"2024-02-07T09:39:37","date_gmt":"2024-02-07T08:39:37","guid":{"rendered":"https:\/\/levfestival.com\/24-gijon\/faqs\/"},"modified":"2024-04-27T11:26:43","modified_gmt":"2024-04-27T09:26:43","slug":"faqs","status":"publish","type":"page","link":"https:\/\/levfestival.com\/24-gijon\/en\/faqs\/","title":{"rendered":"FAQs"},"content":{"rendered":"<div id='av_section_1'  class='avia-section av-lf9vdlhp-313ffed65335086cbb8e82c8f20bbcc8 main_color avia-section-default avia-no-border-styling  avia-builder-el-0  avia-builder-el-no-sibling  avia-bg-style-scroll container_wrap fullsize'  ><div class='container av-section-cont-open' ><main  role=\"main\" itemprop=\"mainContentOfPage\"  class='template-page content  av-content-full alpha units'><div class='post-entry post-entry-type-page post-entry-234'><div class='entry-content-wrapper clearfix'>\n\n<style type=\"text\/css\" data-created_by=\"avia_inline_auto\" id=\"style-css-av-lf9siz53-de5618f136fdfe35739f3d3d4078ae04\">\n#top .av-special-heading.av-lf9siz53-de5618f136fdfe35739f3d3d4078ae04{\npadding-bottom:10px;\ncolor:#ffffff;\n}\nbody .av-special-heading.av-lf9siz53-de5618f136fdfe35739f3d3d4078ae04 .av-special-heading-tag .heading-char{\nfont-size:25px;\n}\n.av-special-heading.av-lf9siz53-de5618f136fdfe35739f3d3d4078ae04 .special-heading-inner-border{\nborder-color:#ffffff;\n}\n.av-special-heading.av-lf9siz53-de5618f136fdfe35739f3d3d4078ae04 .av-subheading{\nfont-size:15px;\n}\n<\/style>\n<div  class='av-special-heading av-lf9siz53-de5618f136fdfe35739f3d3d4078ae04 av-special-heading-h1 custom-color-heading blockquote modern-quote  avia-builder-el-1  el_before_av_hr  avia-builder-el-first '><h1 class='av-special-heading-tag'  itemprop=\"headline\"  >FAQs<\/h1><div class=\"special-heading-border\"><div class=\"special-heading-inner-border\"><\/div><\/div><\/div>\n\n<style type=\"text\/css\" data-created_by=\"avia_inline_auto\" id=\"style-css-av-lf9t1y0i-c57d484d490b6f245ecbb118811153fe\">\n#top .hr.hr-invisible.av-lf9t1y0i-c57d484d490b6f245ecbb118811153fe{\nheight:50px;\n}\n<\/style>\n<div  class='hr av-lf9t1y0i-c57d484d490b6f245ecbb118811153fe hr-invisible  avia-builder-el-2  el_after_av_heading  el_before_av_two_third '><span class='hr-inner '><span class=\"hr-inner-style\"><\/span><\/span><\/div>\n<div class='flex_column av-3sbymh-8b67811e2b7860760f47aeac83e5964f av_two_third  avia-builder-el-3  el_after_av_hr  el_before_av_one_third  first flex_column_div '     ><p>\n<style type=\"text\/css\" data-created_by=\"avia_inline_auto\" id=\"style-css-av-lf9vysle-cd7e6278661972174bac689e7d3eddb3\">\n#top .togglecontainer.av-lf9vysle-cd7e6278661972174bac689e7d3eddb3 p.toggler{\nfont-size:24px;\ncolor:#ffffff;\nbackground-color:#000000;\nborder-color:#daff00;\n}\n#top .togglecontainer.av-lf9vysle-cd7e6278661972174bac689e7d3eddb3 p.toggler .toggle_icon{\ncolor:#daff00;\nborder-color:#daff00;\n}\n#top .togglecontainer.av-lf9vysle-cd7e6278661972174bac689e7d3eddb3 p.toggler .toggle_icon > span{\ncolor:#daff00;\nborder-color:#daff00;\n}\n#top .togglecontainer.av-lf9vysle-cd7e6278661972174bac689e7d3eddb3 .toggle_wrap .toggle_content{\nfont-size:19px;\ncolor:#ffffff;\nbackground-color:#000000;\nborder-color:#daff00;\n}\n<\/style>\n<div  class='togglecontainer av-lf9vysle-cd7e6278661972174bac689e7d3eddb3 av-minimal-toggle  avia-builder-el-4  el_before_av_hr  avia-builder-el-first  faqs-acordeon toggle_close_all'  itemscope=\"itemscope\" itemtype=\"https:\/\/schema.org\/FAQPage\" >\n<section class='av_toggle_section av-9uqq9-d0045cc020b4239366537262513f2f77'  itemscope=\"itemscope\" itemprop=\"mainEntity\" itemtype=\"https:\/\/schema.org\/Question\" ><div role=\"tablist\" class=\"single_toggle\" data-tags=\"{All} \"  ><p data-fake-id='#toggle-id-1' class='toggler   av-inherit-border-color'  itemprop=\"name\"  role='tab' tabindex='0' aria-controls='toggle-id-1'>Where can I stay in Gij\u00f3n and how can I move between the different festival venues?<span class=\"toggle_icon\"><span class=\"vert_icon\"><\/span><span class=\"hor_icon\"><\/span><\/span><\/p><div id='toggle-id-1' class='toggle_wrap  '   itemscope=\"itemscope\" itemprop=\"acceptedAnswer\" itemtype=\"https:\/\/schema.org\/Answer\" ><div class='toggle_content invers-color av-inherit-border-color'  itemprop=\"text\" ><p>L.E.V. Festival does not have a single venue, but is held in different parts of the city of Gij\u00f3n. Most people choose to stay in the city centre, as it offers plenty of variety, as well as being the location for some of the festival&#8217;s activities, but there are also options near La Laboral (where the programme of concerts and AV performances takes place) such as Camping Deva or rural houses.<\/p>\n<p>The different locations of the festival are perfectly connected with several bus lines and there will be a special bus service back to the centre of Gij\u00f3n at the end of the night programme at La Laboral on Friday 3 and Saturday 4 May, when standard bus lines are no longer operative. You can check the map and all the details in the section <a href=\"https:\/\/levfestival.com\/24-gijon\/en\/how-to-get-to-the-festival\/\">How to get to the festival<\/a>.<\/p>\n<\/div><\/div><\/div><\/section>\n<section class='av_toggle_section av-2fm6tl-2107378b0d47059c07c63d163472c222'  itemscope=\"itemscope\" itemprop=\"mainEntity\" itemtype=\"https:\/\/schema.org\/Question\" ><div role=\"tablist\" class=\"single_toggle\" data-tags=\"{All} \"  ><p data-fake-id='#toggle-id-2' class='toggler   av-inherit-border-color'  itemprop=\"name\"  role='tab' tabindex='0' aria-controls='toggle-id-2'>What does the festival 2-day ticket include?<span class=\"toggle_icon\"><span class=\"vert_icon\"><\/span><span class=\"hor_icon\"><\/span><\/span><\/p><div id='toggle-id-2' class='toggle_wrap  '   itemscope=\"itemscope\" itemprop=\"acceptedAnswer\" itemtype=\"https:\/\/schema.org\/Answer\" ><div class='toggle_content invers-color av-inherit-border-color'  itemprop=\"text\" ><p>The Friday+Saturday 2-day ticket includes access to all the activities, both day and night, that will take place on Friday May 3 and Saturday May 4 as part of the L.E.V. Festival program.<\/p>\n<p>The performance <em>The Third Reich<\/em> by Romeo Castellucci, which will take place on Wednesday May 1 and Thursday May 2 in the stage box of Teatro de la Laboral, as well as the activities on Sunday May 5 at the Atlantic Botanical Garden, are not included in the 2-day ticket and require a separate one. Those who purchase the Friday+Saturday 2-day ticket will receive a discount code to buy a ticket for these activities at a reduced price of \u20ac10 each. More information in the <a href=\"https:\/\/levfestival.com\/24-gijon\/en\/tickets\/\">Tickets section<\/a>.<\/p>\n<\/div><\/div><\/div><\/section>\n<section class='av_toggle_section av-21b5xd-07e6c2a720fd8cc6c5be0238276a4654'  itemscope=\"itemscope\" itemprop=\"mainEntity\" itemtype=\"https:\/\/schema.org\/Question\" ><div role=\"tablist\" class=\"single_toggle\" data-tags=\"{All} \"  ><p data-fake-id='#toggle-id-3' class='toggler   av-inherit-border-color'  itemprop=\"name\"  role='tab' tabindex='0' aria-controls='toggle-id-3'>Are there any activities free of charge?<span class=\"toggle_icon\"><span class=\"vert_icon\"><\/span><span class=\"hor_icon\"><\/span><\/span><\/p><div id='toggle-id-3' class='toggle_wrap  '   itemscope=\"itemscope\" itemprop=\"acceptedAnswer\" itemtype=\"https:\/\/schema.org\/Answer\" ><div class='toggle_content invers-color av-inherit-border-color'  itemprop=\"text\" ><p>L.E.V. Festival offers different free access activities in its programme. Among them are the audiovisual installations <a href=\"https:\/\/levfestival.com\/24-gijon\/en\/lev-gijon\/lorem-distrust-everything\/\"><em>Distrust Everything<\/em><\/a> by LOREM, from the 1st to the 3rd of May at the Teatro Jovellanos, and <a href=\"https:\/\/levfestival.com\/24-gijon\/en\/lev-gijon\/guillaume-marmin-oh-lord\/\"><em>Oh Lord<\/em><\/a> by Guillaume Marmin, from the 2nd to the 12th of May at the Centro de Cultura Antiguo Instituto. Also with free admission, the virtual reality experiences <a href=\"https:\/\/levfestival.com\/24-gijon\/en\/lev-gijon\/red-tail-fish-wang\/\">Red Tail<\/a> and <a href=\"https:\/\/levfestival.com\/24-gijon\/en\/lev-gijon\/uncanny-alley-rick-treweek\/\">Uncanny Alley<\/a>, and the augmented reality experience <a href=\"_wp_link_placeholder\" data-wplink-edit=\"true\">Slow Walker<\/a>, will be on show at the Escuela de Comercio from 2 to 5 May.<\/p>\n<\/div><\/div><\/div><\/section>\n<section class='av_toggle_section av-21b5xd-301e021ab3e8bb1cba1f4c00227efdac'  itemscope=\"itemscope\" itemprop=\"mainEntity\" itemtype=\"https:\/\/schema.org\/Question\" ><div role=\"tablist\" class=\"single_toggle\" data-tags=\"{All} \"  ><p data-fake-id='#toggle-id-4' class='toggler   av-inherit-border-color'  itemprop=\"name\"  role='tab' tabindex='0' aria-controls='toggle-id-4'>Can people under the age of 18 attend the festival\u2019s activities?<span class=\"toggle_icon\"><span class=\"vert_icon\"><\/span><span class=\"hor_icon\"><\/span><\/span><\/p><div id='toggle-id-4' class='toggle_wrap  '   itemscope=\"itemscope\" itemprop=\"acceptedAnswer\" itemtype=\"https:\/\/schema.org\/Answer\" ><div class='toggle_content invers-color av-inherit-border-color'  itemprop=\"text\" ><p>The programme of concerts on Saturday 4 May at the Mus\u00e9u del Pueblu d&#8217;Asturies is recommended for all audiences and children under the age of 14 can attend free of charge. In case they wish to attend other activities, minors must purchase a ticket, bearing in mind the following: the performances at the Teatro de la Laboral and the Nave de LABoral Centro de Arte are not recommended for people under the age of 16. Those 16 and 17 years old who wish to attend these activities will need to hand in an access permit signed by their legal guardian at the door <a href=\"https:\/\/levfestival.com\/24-gijon\/wp-content\/uploads\/sites\/15\/2024\/03\/Autorizacion-Menores_LEV-Gijon-24.pdf\" target=\"_blank\" rel=\"noopener\">(download here)<\/a>. Romeo Castellucci&#8217;s av performative installation in the stage box of the Teatro de la Laboral is not recommended for children under the age of 12. Virtual reality activities at Escuela de Comercio are not recommended for children under the age of 12.<\/p>\n<\/div><\/div><\/div><\/section>\n<section class='av_toggle_section av-26oru1-6dec7a868d387b9a7e41039194bad307'  itemscope=\"itemscope\" itemprop=\"mainEntity\" itemtype=\"https:\/\/schema.org\/Question\" ><div role=\"tablist\" class=\"single_toggle\" data-tags=\"{All} \"  ><p data-fake-id='#toggle-id-5' class='toggler   av-inherit-border-color'  itemprop=\"name\"  role='tab' tabindex='0' aria-controls='toggle-id-5'>What can I do if I have a problem when purchasing tickets?<span class=\"toggle_icon\"><span class=\"vert_icon\"><\/span><span class=\"hor_icon\"><\/span><\/span><\/p><div id='toggle-id-5' class='toggle_wrap  '   itemscope=\"itemscope\" itemprop=\"acceptedAnswer\" itemtype=\"https:\/\/schema.org\/Answer\" ><div class='toggle_content invers-color av-inherit-border-color'  itemprop=\"text\" ><p>Please contact <a href=\"mailto:eventos@turismoycultura.asturias.es\">eventos@turismoycultura.asturias.es<\/a> if you have any problem concerning the purchase of Friday+Saturday 2-day tickets and tickets for the performance The Third Reich by Romeo Castellucci at Teatro de la Laboral.<\/p>\n<\/div><\/div><\/div><\/section>\n<section class='av_toggle_section av-21b5xd-98233657888279569846d0da53a78f42'  itemscope=\"itemscope\" itemprop=\"mainEntity\" itemtype=\"https:\/\/schema.org\/Question\" ><div role=\"tablist\" class=\"single_toggle\" data-tags=\"{All} \"  ><p data-fake-id='#toggle-id-6' class='toggler   av-inherit-border-color'  itemprop=\"name\"  role='tab' tabindex='0' aria-controls='toggle-id-6'>Where can I check the festival schedule?<span class=\"toggle_icon\"><span class=\"vert_icon\"><\/span><span class=\"hor_icon\"><\/span><\/span><\/p><div id='toggle-id-6' class='toggle_wrap  '   itemscope=\"itemscope\" itemprop=\"acceptedAnswer\" itemtype=\"https:\/\/schema.org\/Answer\" ><div class='toggle_content invers-color av-inherit-border-color'  itemprop=\"text\" ><p>The festival timetable is available <a href=\"https:\/\/levfestival.com\/24-gijon\/en\/timetable\/\">here<\/a>.<\/p>\n<\/div><\/div><\/div><\/section>\n<section class='av_toggle_section av-21b5xd-c45df21246c3da596e69679ca14d8664'  itemscope=\"itemscope\" itemprop=\"mainEntity\" itemtype=\"https:\/\/schema.org\/Question\" ><div role=\"tablist\" class=\"single_toggle\" data-tags=\"{All} \"  ><p data-fake-id='#toggle-id-7' class='toggler   av-inherit-border-color'  itemprop=\"name\"  role='tab' tabindex='0' aria-controls='toggle-id-7'>Will food and drinks be served at the different venues of the festival?<span class=\"toggle_icon\"><span class=\"vert_icon\"><\/span><span class=\"hor_icon\"><\/span><\/span><\/p><div id='toggle-id-7' class='toggle_wrap  '   itemscope=\"itemscope\" itemprop=\"acceptedAnswer\" itemtype=\"https:\/\/schema.org\/Answer\" ><div class='toggle_content invers-color av-inherit-border-color'  itemprop=\"text\" ><p>Teatro de la Laboral, Nave de LABoral Centro de Arte, Mus\u00e9u del Pueblu d&#8217;Asturies and Jard\u00edn Bot\u00e1nico Atl\u00e1ntico will have bars where drinks will be served by La Salve, as well as food, with vegan and gluten-free options, during the festival activities. The food will be catered by Satori Fermentos at Teatro de la Laboral and Nave de LABoral Centro de Arte, and by La Princesa del Guisante and Nahual Cocina at Mus\u00e9u del Pueblu d&#8217;Asturies and Jard\u00edn Bot\u00e1nico Atl\u00e1ntico.<\/p>\n<p>Payment by credit card is recommended at the bars and we encourage you to reuse the cup provided with your drink in order to minimise waste.<\/p>\n<\/div><\/div><\/div><\/section>\n<section class='av_toggle_section av-21b5xd-793cc424bd6f63d940b46331e7920532'  itemscope=\"itemscope\" itemprop=\"mainEntity\" itemtype=\"https:\/\/schema.org\/Question\" ><div role=\"tablist\" class=\"single_toggle\" data-tags=\"{All} \"  ><p data-fake-id='#toggle-id-8' class='toggler   av-inherit-border-color'  itemprop=\"name\"  role='tab' tabindex='0' aria-controls='toggle-id-8'>Where can I exchange my tickets for the festival wristband?<span class=\"toggle_icon\"><span class=\"vert_icon\"><\/span><span class=\"hor_icon\"><\/span><\/span><\/p><div id='toggle-id-8' class='toggle_wrap  '   itemscope=\"itemscope\" itemprop=\"acceptedAnswer\" itemtype=\"https:\/\/schema.org\/Answer\" ><div class='toggle_content invers-color av-inherit-border-color'  itemprop=\"text\" ><p>You will be able to exchange your 2-day pass and tickets for the activities of each day\/venue for a wristband at the following times and locations:<\/p>\n<p>TEATRO DE LA LABORAL<br \/>\nFriday 3 May: 18:00 &#8211; 01:00<br \/>\nSaturday 4 May: 18:00 &#8211; 22:00<\/p>\n<p>LABORAL CENTRO DE ARTE<br \/>\nSaturday 4 May: 23:00 &#8211; 02:00<\/p>\n<p>MUS\u00c9U DEL PUEBLU D&#8217;ASTURIES<br \/>\nSaturday 4 of May: 12:30 &#8211; 16:30<\/p>\n<p>JARD\u00cdN BOT\u00c1NICO ATL\u00c1NTICO<br \/>\nSunday 5 May: 13:00 &#8211; 15:00<\/p>\n<\/div><\/div><\/div><\/section>\n<\/div><br \/>\n<div  class='hr av-1u3hxl-a927eba45f18a32bd2810e7f1fb332b8 hr-default  avia-builder-el-5  el_after_av_toggle_container  el_before_av_textblock  line-blue'><span class='hr-inner '><span class=\"hr-inner-style\"><\/span><\/span><\/div><br \/>\n\n<style type=\"text\/css\" data-created_by=\"avia_inline_auto\" id=\"style-css-av-1qf59t-6cc885bd5eacc6b6965e375704bdf32d\">\n#top .av_textblock_section.av-1qf59t-6cc885bd5eacc6b6965e375704bdf32d .avia_textblock{\ncolor:#ffffff;\n}\n<\/style>\n<section  class='av_textblock_section av-1qf59t-6cc885bd5eacc6b6965e375704bdf32d'  itemscope=\"itemscope\" itemtype=\"https:\/\/schema.org\/CreativeWork\" ><div class='avia_textblock fin-faq av_inherit_color'  itemprop=\"text\" ><h3>MORE QUESTIONS?<\/h3>\n<p>Please write to us to this email: <a href=\"mailto:info@levfestival.org\">info@levfestival.org<\/a> or contact us through our social media profiles. You can find the links at the bottom of this page.<\/p>\n<\/div><\/section><br \/>\n\n<style type=\"text\/css\" data-created_by=\"avia_inline_auto\" id=\"style-css-av-ewfmh-68769c978148e1a30faac24e4ee522e8\">\n#top .hr.hr-invisible.av-ewfmh-68769c978148e1a30faac24e4ee522e8{\nheight:50px;\n}\n<\/style>\n<div  class='hr av-ewfmh-68769c978148e1a30faac24e4ee522e8 hr-invisible  avia-builder-el-7  el_after_av_textblock  avia-builder-el-last '><span class='hr-inner '><span class=\"hr-inner-style\"><\/span><\/span><\/div><\/p><\/div><div class='flex_column av-92k2h-eae77524995aaf225505614bc3e2da52 av_one_third  avia-builder-el-8  el_after_av_two_third  el_before_av_hr  flex_column_div '     ><\/div>\n<style type=\"text\/css\" data-created_by=\"avia_inline_auto\" id=\"style-css-av-lf9ud2ni-964f877cde38280a98c2c931adaadad2\">\n#top .hr.hr-invisible.av-lf9ud2ni-964f877cde38280a98c2c931adaadad2{\nheight:100px;\n}\n<\/style>\n<div  class='hr av-lf9ud2ni-964f877cde38280a98c2c931adaadad2 hr-invisible  avia-builder-el-9  el_after_av_one_third  avia-builder-el-last '><span class='hr-inner '><span class=\"hr-inner-style\"><\/span><\/span><\/div>\n\n","protected":false},"excerpt":{"rendered":"","protected":false},"author":1,"featured_media":0,"parent":0,"menu_order":0,"comment_status":"closed","ping_status":"closed","template":"","meta":{"footnotes":""},"class_list":["post-234","page","type-page","status-publish","hentry"],"yoast_head":"<!-- This site is optimized with the Yoast SEO plugin v20.7 - https:\/\/yoast.com\/wordpress\/plugins\/seo\/ -->\n<title>FAQs - L.E.V. Festival 2024<\/title>\n<meta name=\"robots\" content=\"index, follow, max-snippet:-1, max-image-preview:large, max-video-preview:-1\" \/>\n<link rel=\"canonical\" href=\"https:\/\/levfestival.com\/24-gijon\/en\/faqs\/\" \/>\n<meta property=\"og:locale\" content=\"en_US\" \/>\n<meta property=\"og:type\" content=\"article\" \/>\n<meta property=\"og:title\" content=\"FAQs - L.E.V. Festival 2024\" \/>\n<meta property=\"og:url\" content=\"https:\/\/levfestival.com\/24-gijon\/en\/faqs\/\" \/>\n<meta property=\"og:site_name\" content=\"L.E.V. Festival 2024\" \/>\n<meta property=\"article:modified_time\" content=\"2024-04-27T09:26:43+00:00\" \/>\n<meta name=\"twitter:card\" content=\"summary_large_image\" \/>\n<meta name=\"twitter:label1\" content=\"Est. reading time\" \/>\n\t<meta name=\"twitter:data1\" content=\"7 minutes\" \/>\n<script type=\"application\/ld+json\" class=\"yoast-schema-graph\">{\"@context\":\"https:\/\/schema.org\",\"@graph\":[{\"@type\":\"WebPage\",\"@id\":\"https:\/\/levfestival.com\/24-gijon\/en\/faqs\/\",\"url\":\"https:\/\/levfestival.com\/24-gijon\/en\/faqs\/\",\"name\":\"FAQs - L.E.V. Festival 2024\",\"isPartOf\":{\"@id\":\"https:\/\/levfestival.com\/24-gijon\/#website\"},\"datePublished\":\"2024-02-07T08:39:37+00:00\",\"dateModified\":\"2024-04-27T09:26:43+00:00\",\"breadcrumb\":{\"@id\":\"https:\/\/levfestival.com\/24-gijon\/en\/faqs\/#breadcrumb\"},\"inLanguage\":\"en-US\",\"potentialAction\":[{\"@type\":\"ReadAction\",\"target\":[\"https:\/\/levfestival.com\/24-gijon\/en\/faqs\/\"]}]},{\"@type\":\"BreadcrumbList\",\"@id\":\"https:\/\/levfestival.com\/24-gijon\/en\/faqs\/#breadcrumb\",\"itemListElement\":[{\"@type\":\"ListItem\",\"position\":1,\"name\":\"Portada\",\"item\":\"https:\/\/levfestival.com\/24-gijon\/en\/home\/\"},{\"@type\":\"ListItem\",\"position\":2,\"name\":\"FAQs\"}]},{\"@type\":\"WebSite\",\"@id\":\"https:\/\/levfestival.com\/24-gijon\/#website\",\"url\":\"https:\/\/levfestival.com\/24-gijon\/\",\"name\":\"L.E.V. Festival 2024\",\"description\":\"\",\"potentialAction\":[{\"@type\":\"SearchAction\",\"target\":{\"@type\":\"EntryPoint\",\"urlTemplate\":\"https:\/\/levfestival.com\/24-gijon\/?s={search_term_string}\"},\"query-input\":\"required name=search_term_string\"}],\"inLanguage\":\"en-US\"}]}<\/script>\n<!-- \/ Yoast SEO plugin. -->","yoast_head_json":{"title":"FAQs - L.E.V. Festival 2024","robots":{"index":"index","follow":"follow","max-snippet":"max-snippet:-1","max-image-preview":"max-image-preview:large","max-video-preview":"max-video-preview:-1"},"canonical":"https:\/\/levfestival.com\/24-gijon\/en\/faqs\/","og_locale":"en_US","og_type":"article","og_title":"FAQs - L.E.V. Festival 2024","og_url":"https:\/\/levfestival.com\/24-gijon\/en\/faqs\/","og_site_name":"L.E.V. Festival 2024","article_modified_time":"2024-04-27T09:26:43+00:00","twitter_card":"summary_large_image","twitter_misc":{"Est. reading time":"7 minutes"},"schema":{"@context":"https:\/\/schema.org","@graph":[{"@type":"WebPage","@id":"https:\/\/levfestival.com\/24-gijon\/en\/faqs\/","url":"https:\/\/levfestival.com\/24-gijon\/en\/faqs\/","name":"FAQs - L.E.V. Festival 2024","isPartOf":{"@id":"https:\/\/levfestival.com\/24-gijon\/#website"},"datePublished":"2024-02-07T08:39:37+00:00","dateModified":"2024-04-27T09:26:43+00:00","breadcrumb":{"@id":"https:\/\/levfestival.com\/24-gijon\/en\/faqs\/#breadcrumb"},"inLanguage":"en-US","potentialAction":[{"@type":"ReadAction","target":["https:\/\/levfestival.com\/24-gijon\/en\/faqs\/"]}]},{"@type":"BreadcrumbList","@id":"https:\/\/levfestival.com\/24-gijon\/en\/faqs\/#breadcrumb","itemListElement":[{"@type":"ListItem","position":1,"name":"Portada","item":"https:\/\/levfestival.com\/24-gijon\/en\/home\/"},{"@type":"ListItem","position":2,"name":"FAQs"}]},{"@type":"WebSite","@id":"https:\/\/levfestival.com\/24-gijon\/#website","url":"https:\/\/levfestival.com\/24-gijon\/","name":"L.E.V. Festival 2024","description":"","potentialAction":[{"@type":"SearchAction","target":{"@type":"EntryPoint","urlTemplate":"https:\/\/levfestival.com\/24-gijon\/?s={search_term_string}"},"query-input":"required name=search_term_string"}],"inLanguage":"en-US"}]}},"_links":{"self":[{"href":"https:\/\/levfestival.com\/24-gijon\/en\/wp-json\/wp\/v2\/pages\/234","targetHints":{"allow":["GET"]}}],"collection":[{"href":"https:\/\/levfestival.com\/24-gijon\/en\/wp-json\/wp\/v2\/pages"}],"about":[{"href":"https:\/\/levfestival.com\/24-gijon\/en\/wp-json\/wp\/v2\/types\/page"}],"author":[{"embeddable":true,"href":"https:\/\/levfestival.com\/24-gijon\/en\/wp-json\/wp\/v2\/users\/1"}],"replies":[{"embeddable":true,"href":"https:\/\/levfestival.com\/24-gijon\/en\/wp-json\/wp\/v2\/comments?post=234"}],"version-history":[{"count":18,"href":"https:\/\/levfestival.com\/24-gijon\/en\/wp-json\/wp\/v2\/pages\/234\/revisions"}],"predecessor-version":[{"id":1808,"href":"https:\/\/levfestival.com\/24-gijon\/en\/wp-json\/wp\/v2\/pages\/234\/revisions\/1808"}],"wp:attachment":[{"href":"https:\/\/levfestival.com\/24-gijon\/en\/wp-json\/wp\/v2\/media?parent=234"}],"curies":[{"name":"wp","href":"https:\/\/api.w.org\/{rel}","templated":true}]}}