{"id":220,"date":"2024-02-07T09:39:37","date_gmt":"2024-02-07T08:39:37","guid":{"rendered":"https:\/\/levfestival.com\/24-gijon\/?page_id=220"},"modified":"2024-04-27T23:30:52","modified_gmt":"2024-04-27T21:30:52","slug":"faqs","status":"publish","type":"page","link":"https:\/\/levfestival.com\/24-gijon\/faqs\/","title":{"rendered":"FAQs"},"content":{"rendered":"<div id='av_section_1'  class='avia-section av-lf9vdlhp-313ffed65335086cbb8e82c8f20bbcc8 main_color avia-section-default avia-no-border-styling  avia-builder-el-0  avia-builder-el-no-sibling  avia-bg-style-scroll container_wrap fullsize'  ><div class='container av-section-cont-open' ><main  role=\"main\" itemprop=\"mainContentOfPage\"  class='template-page content  av-content-full alpha units'><div class='post-entry post-entry-type-page post-entry-220'><div class='entry-content-wrapper clearfix'>\n\n<style type=\"text\/css\" data-created_by=\"avia_inline_auto\" id=\"style-css-av-lf9siz53-de5618f136fdfe35739f3d3d4078ae04\">\n#top .av-special-heading.av-lf9siz53-de5618f136fdfe35739f3d3d4078ae04{\npadding-bottom:10px;\ncolor:#ffffff;\n}\nbody .av-special-heading.av-lf9siz53-de5618f136fdfe35739f3d3d4078ae04 .av-special-heading-tag .heading-char{\nfont-size:25px;\n}\n.av-special-heading.av-lf9siz53-de5618f136fdfe35739f3d3d4078ae04 .special-heading-inner-border{\nborder-color:#ffffff;\n}\n.av-special-heading.av-lf9siz53-de5618f136fdfe35739f3d3d4078ae04 .av-subheading{\nfont-size:15px;\n}\n<\/style>\n<div  class='av-special-heading av-lf9siz53-de5618f136fdfe35739f3d3d4078ae04 av-special-heading-h1 custom-color-heading blockquote modern-quote  avia-builder-el-1  el_before_av_hr  avia-builder-el-first '><h1 class='av-special-heading-tag'  itemprop=\"headline\"  >FAQs<\/h1><div class=\"special-heading-border\"><div class=\"special-heading-inner-border\"><\/div><\/div><\/div>\n\n<style type=\"text\/css\" data-created_by=\"avia_inline_auto\" id=\"style-css-av-lf9t1y0i-c57d484d490b6f245ecbb118811153fe\">\n#top .hr.hr-invisible.av-lf9t1y0i-c57d484d490b6f245ecbb118811153fe{\nheight:50px;\n}\n<\/style>\n<div  class='hr av-lf9t1y0i-c57d484d490b6f245ecbb118811153fe hr-invisible  avia-builder-el-2  el_after_av_heading  el_before_av_two_third '><span class='hr-inner '><span class=\"hr-inner-style\"><\/span><\/span><\/div>\n<div class='flex_column av-3sbymh-8b67811e2b7860760f47aeac83e5964f av_two_third  avia-builder-el-3  el_after_av_hr  el_before_av_one_third  first flex_column_div '     ><p>\n<style type=\"text\/css\" data-created_by=\"avia_inline_auto\" id=\"style-css-av-lf9vysle-cd7e6278661972174bac689e7d3eddb3\">\n#top .togglecontainer.av-lf9vysle-cd7e6278661972174bac689e7d3eddb3 p.toggler{\nfont-size:24px;\ncolor:#ffffff;\nbackground-color:#000000;\nborder-color:#daff00;\n}\n#top .togglecontainer.av-lf9vysle-cd7e6278661972174bac689e7d3eddb3 p.toggler .toggle_icon{\ncolor:#daff00;\nborder-color:#daff00;\n}\n#top .togglecontainer.av-lf9vysle-cd7e6278661972174bac689e7d3eddb3 p.toggler .toggle_icon > span{\ncolor:#daff00;\nborder-color:#daff00;\n}\n#top .togglecontainer.av-lf9vysle-cd7e6278661972174bac689e7d3eddb3 .toggle_wrap .toggle_content{\nfont-size:19px;\ncolor:#ffffff;\nbackground-color:#000000;\nborder-color:#daff00;\n}\n<\/style>\n<div  class='togglecontainer av-lf9vysle-cd7e6278661972174bac689e7d3eddb3 av-minimal-toggle  avia-builder-el-4  el_before_av_hr  avia-builder-el-first  faqs-acordeon toggle_close_all'  itemscope=\"itemscope\" itemtype=\"https:\/\/schema.org\/FAQPage\" >\n<section class='av_toggle_section av-9uqq9-d9c96110fafd2c21ac74dab1dc167a16'  itemscope=\"itemscope\" itemprop=\"mainEntity\" itemtype=\"https:\/\/schema.org\/Question\" ><div role=\"tablist\" class=\"single_toggle\" data-tags=\"{Todo} \"  ><p data-fake-id='#toggle-id-1' class='toggler   av-inherit-border-color'  itemprop=\"name\"  role='tab' tabindex='0' aria-controls='toggle-id-1'>\u00bfD\u00f3nde alojarme y c\u00f3mo moverme entre los espacios del festival?<span class=\"toggle_icon\"><span class=\"vert_icon\"><\/span><span class=\"hor_icon\"><\/span><\/span><\/p><div id='toggle-id-1' class='toggle_wrap  '   itemscope=\"itemscope\" itemprop=\"acceptedAnswer\" itemtype=\"https:\/\/schema.org\/Answer\" ><div class='toggle_content invers-color av-inherit-border-color'  itemprop=\"text\" ><p>L.E.V. Festival no cuenta con un \u00fanico recinto, sino que se celebra en diferentes lugares de la ciudad de Gij\u00f3n. La mayor\u00eda del p\u00fablico opta por alojarse en el centro de la ciudad, ya que la oferta es m\u00e1s variada, adem\u00e1s de ser la ubicaci\u00f3n de algunas de las actividades del festival, pero tambi\u00e9n hay opciones cerca del recinto de la Laboral (donde tiene lugar la programaci\u00f3n de conciertos y performances AV) como el Camping Deva o casas rurales.<\/p>\n<p>Las diferentes localizaciones del festival est\u00e1n perfectamente comunicadas con varias l\u00edneas de autob\u00fas y, adem\u00e1s, se ofrecer\u00e1 un servicio especial de autob\u00fas de vuelta al centro de Gij\u00f3n al terminar la programaci\u00f3n nocturna en los espacios de la Laboral el viernes 3 y el s\u00e1bado 4 de mayo, cuando los autobuses convencionales ya no operan en ese horario. Puedes consultar el mapa y todos los detalles en la secci\u00f3n <a href=\"https:\/\/levfestival.com\/24-gijon\/como-llegar\/\">C\u00f3mo llegar<\/a>.<\/p>\n<\/div><\/div><\/div><\/section>\n<section class='av_toggle_section av-2fm6tl-0951bd759c96af68cb4fcf727d6bad21'  itemscope=\"itemscope\" itemprop=\"mainEntity\" itemtype=\"https:\/\/schema.org\/Question\" ><div role=\"tablist\" class=\"single_toggle\" data-tags=\"{Todo} \"  ><p data-fake-id='#toggle-id-2' class='toggler   av-inherit-border-color'  itemprop=\"name\"  role='tab' tabindex='0' aria-controls='toggle-id-2'>\u00bfQu\u00e9 incluye el abono del festival?<span class=\"toggle_icon\"><span class=\"vert_icon\"><\/span><span class=\"hor_icon\"><\/span><\/span><\/p><div id='toggle-id-2' class='toggle_wrap  '   itemscope=\"itemscope\" itemprop=\"acceptedAnswer\" itemtype=\"https:\/\/schema.org\/Answer\" ><div class='toggle_content invers-color av-inherit-border-color'  itemprop=\"text\" ><p>El abono viernes+s\u00e1bado incluye acceso a todas las actividades, tanto diurnas como nocturnas, que se celebran el viernes 3 y el s\u00e1bado 4 de mayo dentro de la programaci\u00f3n de L.E.V. Festival.<\/p>\n<p>La performance <i>The Third Reich<\/i> de Romeo Castellucci, que tendr\u00e1 lugar el mi\u00e9rcoles 1 y jueves 2 de mayo en la caja esc\u00e9nica del Teatro de la Laboral, as\u00ed como la programaci\u00f3n del domingo 5 de mayo en el Jard\u00edn Bot\u00e1nico Atl\u00e1ntico, no est\u00e1n incluidas en el abono y requieren una entrada independiente. Las personas que compren el abono viernes+s\u00e1bado del festival recibir\u00e1n un c\u00f3digo de descuento para comprar la entrada de estas actividades a un precio reducido de 10\u20ac cada una. M\u00e1s informaci\u00f3n en la secci\u00f3n <\/span><a href=\"https:\/\/levfestival.com\/24-gijon\/entradas\/\">Entradas<\/a>.<\/p>\n<\/div><\/div><\/div><\/section>\n<section class='av_toggle_section av-26oru1-8e57bc8ac76d32d9b920ce79b0b29050'  itemscope=\"itemscope\" itemprop=\"mainEntity\" itemtype=\"https:\/\/schema.org\/Question\" ><div role=\"tablist\" class=\"single_toggle\" data-tags=\"{Todo} \"  ><p data-fake-id='#toggle-id-3' class='toggler   av-inherit-border-color'  itemprop=\"name\"  role='tab' tabindex='0' aria-controls='toggle-id-3'>\u00bfHay actividades gratuitas?<span class=\"toggle_icon\"><span class=\"vert_icon\"><\/span><span class=\"hor_icon\"><\/span><\/span><\/p><div id='toggle-id-3' class='toggle_wrap  '   itemscope=\"itemscope\" itemprop=\"acceptedAnswer\" itemtype=\"https:\/\/schema.org\/Answer\" ><div class='toggle_content invers-color av-inherit-border-color'  itemprop=\"text\" ><p>L.E.V. Festival ofrece dentro de su programaci\u00f3n diferentes propuestas con acceso gratuito.<\/p>\n<p><span style=\"color: #000000;\"><strong>Instalaciones audiovisuales:<\/strong><\/span><\/p>\n<p><a href=\"https:\/\/levfestival.com\/24-gijon\/lev-gijon\/lorem-distrust-everything\/\"><em>Distrust Everything<\/em><\/a> de LOREM<\/p>\n<p>1 al 3 de mayo en la caja esc\u00e9nica del Teatro Jovellanos.<\/p>\n<p><a href=\"https:\/\/levfestival.com\/24-gijon\/lev-gijon\/guillaume-marmin-oh-lord\/\"><em>Oh Lord<\/em><\/a> de Guillaume Marmin,<\/p>\n<p>2 al 12 de mayo en el Centro de Cultura Antiguo Instituto.<\/p>\n<p><span style=\"color: #000000;\"><strong>\u00a0Experiencias de Realidad Virtual:<\/strong><\/span><\/p>\n<p><a href=\"https:\/\/levfestival.com\/24-gijon\/lev-gijon\/red-tail-fish-wang\/\">Red Tail<\/a> y <a href=\"https:\/\/levfestival.com\/24-gijon\/lev-gijon\/uncanny-alley-rick-treweek\/\">Uncanny Alley <\/a>de Fish Wang y Rick Treweek respectivamente<\/p>\n<p>2 al 5 de mayo en la Escuela de Comercio<\/p>\n<p><span style=\"color: #000000;\"><strong>Experiencia de Realidad Aumentada <\/strong><\/span><\/p>\n<p><a href=\"https:\/\/levfestival.com\/24-gijon\/lev-gijon\/slow-walker-peder-bjurman\/\">Slow Walker <\/a>de Peder Bjurman,<\/p>\n<p>2 al 19 de mayo en la Plaza del Parch\u00eds.<\/p>\n<\/div><\/div><\/div><\/section>\n<section class='av_toggle_section av-21b5xd-2-27bf8a3787fb15352e78ddf0fc31d775'  itemscope=\"itemscope\" itemprop=\"mainEntity\" itemtype=\"https:\/\/schema.org\/Question\" ><div role=\"tablist\" class=\"single_toggle\" data-tags=\"{Todo} \"  ><p data-fake-id='#toggle-id-4' class='toggler   av-inherit-border-color'  itemprop=\"name\"  role='tab' tabindex='0' aria-controls='toggle-id-4'>\u00bfPueden asistir menores de edad a las actividades del festival?<span class=\"toggle_icon\"><span class=\"vert_icon\"><\/span><span class=\"hor_icon\"><\/span><\/span><\/p><div id='toggle-id-4' class='toggle_wrap  '   itemscope=\"itemscope\" itemprop=\"acceptedAnswer\" itemtype=\"https:\/\/schema.org\/Answer\" ><div class='toggle_content invers-color av-inherit-border-color'  itemprop=\"text\" ><p>La <strong>programaci\u00f3n de conciertos del s\u00e1bado 4 de mayo en el Mus\u00e9u del Pueblu d\u2019Asturies<\/strong> est\u00e1 recomendada para todos los p\u00fablicos y los menores de 14 a\u00f1os pueden acceder de manera gratuita.<\/p>\n<p>En caso de querer asistir a otras actividades, los menores de edad deber\u00e1n adquirir su entrada, teniendo en cuenta lo siguiente: las <strong>actuaciones en el Teatro de la Laboral y la Nave de LABoral Centro de Arte<\/strong> no est\u00e1n recomendadas para menores de 16 a\u00f1os. Las personas de 16 y 17 a\u00f1os que quieran acudir a estas actividades necesitar\u00e1n entregar en la puerta un permiso de acceso firmado por su tutor legal <a href=\"https:\/\/levfestival.com\/24-gijon\/wp-content\/uploads\/sites\/15\/2024\/03\/Autorizacion-Menores_LEV-Gijon-24.pdf\" target=\"_blank\" rel=\"noopener\">(desc\u00e1rgalo aqu\u00ed)<\/a>.<\/p>\n<p>La <strong>instalaci\u00f3n av performativa de Romeo Castellucci<\/strong> en la caja esc\u00e9nica del Teatro de la Laboral no est\u00e1 recomendada para menores de 12 a\u00f1os.<\/p>\n<p>Las <strong>actividades de realidad virtual<\/strong> en la Escuela de Comercio no est\u00e1n recomendadas para menores de 12 a\u00f1os.<\/p>\n<\/div><\/div><\/div><\/section>\n<section class='av_toggle_section av-21b5xd-49352cc6b04d3dfcb015f94c1ba208c6'  itemscope=\"itemscope\" itemprop=\"mainEntity\" itemtype=\"https:\/\/schema.org\/Question\" ><div role=\"tablist\" class=\"single_toggle\" data-tags=\"{Todo} \"  ><p data-fake-id='#toggle-id-5' class='toggler   av-inherit-border-color'  itemprop=\"name\"  role='tab' tabindex='0' aria-controls='toggle-id-5'>\u00bfQu\u00e9 hago si tengo un problema en el proceso de compra de mi entrada?<span class=\"toggle_icon\"><span class=\"vert_icon\"><\/span><span class=\"hor_icon\"><\/span><\/span><\/p><div id='toggle-id-5' class='toggle_wrap  '   itemscope=\"itemscope\" itemprop=\"acceptedAnswer\" itemtype=\"https:\/\/schema.org\/Answer\" ><div class='toggle_content invers-color av-inherit-border-color'  itemprop=\"text\" ><p>La gesti\u00f3n de incidencias en la compra de entradas para el abono viernes+s\u00e1bado y las entradas para la performance The Third Reich en la caja esc\u00e9nica del Teatro de la Laboral se realizan a trav\u00e9s del email <a href=\"mailto:eventos@turismoycultura.asturias.es\">eventos@turismoycultura.asturias.es<\/a><\/p>\n<\/div><\/div><\/div><\/section>\n<section class='av_toggle_section av-21b5xd-2-1-01ec1244de9f10cdcf97c2c466abba8d'  itemscope=\"itemscope\" itemprop=\"mainEntity\" itemtype=\"https:\/\/schema.org\/Question\" ><div role=\"tablist\" class=\"single_toggle\" data-tags=\"{Todo} \"  ><p data-fake-id='#toggle-id-6' class='toggler   av-inherit-border-color'  itemprop=\"name\"  role='tab' tabindex='0' aria-controls='toggle-id-6'>\u00bfD\u00f3nde puedo consultar los horarios del festival?<span class=\"toggle_icon\"><span class=\"vert_icon\"><\/span><span class=\"hor_icon\"><\/span><\/span><\/p><div id='toggle-id-6' class='toggle_wrap  '   itemscope=\"itemscope\" itemprop=\"acceptedAnswer\" itemtype=\"https:\/\/schema.org\/Answer\" ><div class='toggle_content invers-color av-inherit-border-color'  itemprop=\"text\" ><p>Los horarios del festival est\u00e1n disponibles <a href=\"https:\/\/levfestival.com\/24-gijon\/horarios\/\">aqu\u00ed<\/a>.<\/p>\n<\/div><\/div><\/div><\/section>\n<section class='av_toggle_section av-21b5xd-2-1-2-62f777947cc65c4f7f6a3f12769fa2f2'  itemscope=\"itemscope\" itemprop=\"mainEntity\" itemtype=\"https:\/\/schema.org\/Question\" ><div role=\"tablist\" class=\"single_toggle\" data-tags=\"{Todo} \"  ><p data-fake-id='#toggle-id-7' class='toggler   av-inherit-border-color'  itemprop=\"name\"  role='tab' tabindex='0' aria-controls='toggle-id-7'>\u00bfSe servir\u00e1 comida y bebida en los diferentes espacios del festival?<span class=\"toggle_icon\"><span class=\"vert_icon\"><\/span><span class=\"hor_icon\"><\/span><\/span><\/p><div id='toggle-id-7' class='toggle_wrap  '   itemscope=\"itemscope\" itemprop=\"acceptedAnswer\" itemtype=\"https:\/\/schema.org\/Answer\" ><div class='toggle_content invers-color av-inherit-border-color'  itemprop=\"text\" ><p>El Teatro de la Laboral, la Nave de LABoral Centro de Arte, el Mus\u00e9u del Pueblu d\u2019Asturies y el Jard\u00edn Bot\u00e1nico Atl\u00e1ntico contar\u00e1n con barras en las que se servir\u00e1 bebida, de la mano de La Salve, y comida, con opciones veganas y sin gluten, durante las actividades del festival. La comida correr\u00e1 a cargo de Satori Fermentos en el Teatro de la Laboral y la Nave de LABoral Centro de Arte, y de La Princesa del Guisante y Nahual Cocina en Mus\u00e9u del Pueblu d\u2019Asturies y el Jard\u00edn Bot\u00e1nico Atl\u00e1ntico.<\/p>\n<p>Se recomienda el pago con tarjeta en barras y se agradece la reutilizaci\u00f3n del vaso proporcionado con la consumici\u00f3n para minimizar los residuos.<\/p>\n<\/div><\/div><\/div><\/section>\n<section class='av_toggle_section av-21b5xd-2-1-1-1393aec3434af74bff896eb7d491fb62'  itemscope=\"itemscope\" itemprop=\"mainEntity\" itemtype=\"https:\/\/schema.org\/Question\" ><div role=\"tablist\" class=\"single_toggle\" data-tags=\"{Todo} \"  ><p data-fake-id='#toggle-id-8' class='toggler   av-inherit-border-color'  itemprop=\"name\"  role='tab' tabindex='0' aria-controls='toggle-id-8'>\u00bfD\u00f3nde puedo canjear mis entradas por la pulsera del festival?<span class=\"toggle_icon\"><span class=\"vert_icon\"><\/span><span class=\"hor_icon\"><\/span><\/span><\/p><div id='toggle-id-8' class='toggle_wrap  '   itemscope=\"itemscope\" itemprop=\"acceptedAnswer\" itemtype=\"https:\/\/schema.org\/Answer\" ><div class='toggle_content invers-color av-inherit-border-color'  itemprop=\"text\" ><p>Se habilitar\u00e1 el canje por pulsera de abonos y entradas para las actividades de cada d\u00eda\/espacio en los siguientes horarios y localizaciones:<\/p>\n<p>TEATRO DE LA LABORAL<br \/>\nViernes 3 de mayo: 18:00 &#8211; 01:00<br \/>\nS\u00e1bado 4 de mayo: 18:00 &#8211; 22:00<\/p>\n<p>LABORAL CENTRO DE ARTE<br \/>\nS\u00e1bado 4 de mayo: 23:00 &#8211; 02:00<\/p>\n<p>MUS\u00c9U DEL PUEBLU D\u2019ASTURIES<br \/>\nS\u00e1bado 4 de mayo: 12:30 &#8211; 16:30<\/p>\n<p>JARD\u00cdN BOT\u00c1NICO ATL\u00c1NTICO<br \/>\nDomingo 5 de mayo: 13:00 &#8211; 15:00<\/p>\n<\/div><\/div><\/div><\/section>\n<\/div><br \/>\n<div  class='hr av-1u3hxl-a927eba45f18a32bd2810e7f1fb332b8 hr-default  avia-builder-el-5  el_after_av_toggle_container  el_before_av_textblock  line-blue'><span class='hr-inner '><span class=\"hr-inner-style\"><\/span><\/span><\/div><br \/>\n\n<style type=\"text\/css\" data-created_by=\"avia_inline_auto\" id=\"style-css-av-1qf59t-6cc885bd5eacc6b6965e375704bdf32d\">\n#top .av_textblock_section.av-1qf59t-6cc885bd5eacc6b6965e375704bdf32d .avia_textblock{\ncolor:#ffffff;\n}\n<\/style>\n<section  class='av_textblock_section av-1qf59t-6cc885bd5eacc6b6965e375704bdf32d'  itemscope=\"itemscope\" itemtype=\"https:\/\/schema.org\/CreativeWork\" ><div class='avia_textblock fin-faq av_inherit_color'  itemprop=\"text\" ><h3>\u00bfTIENES ALGUNA OTRA DUDA?<\/h3>\n<p>Puedes escribir al email <a href=\"mailto:info@levfestival.org\">info@levfestival.org<\/a> o contactarnos a trav\u00e9s de nuestras redes sociales, que encontrar\u00e1s al final de esta p\u00e1gina.<\/p>\n<\/div><\/section><br \/>\n\n<style type=\"text\/css\" data-created_by=\"avia_inline_auto\" id=\"style-css-av-ewfmh-68769c978148e1a30faac24e4ee522e8\">\n#top .hr.hr-invisible.av-ewfmh-68769c978148e1a30faac24e4ee522e8{\nheight:50px;\n}\n<\/style>\n<div  class='hr av-ewfmh-68769c978148e1a30faac24e4ee522e8 hr-invisible  avia-builder-el-7  el_after_av_textblock  avia-builder-el-last '><span class='hr-inner '><span class=\"hr-inner-style\"><\/span><\/span><\/div><\/p><\/div><div class='flex_column av-92k2h-eae77524995aaf225505614bc3e2da52 av_one_third  avia-builder-el-8  el_after_av_two_third  el_before_av_hr  flex_column_div '     ><\/div>\n<style type=\"text\/css\" data-created_by=\"avia_inline_auto\" id=\"style-css-av-lf9ud2ni-964f877cde38280a98c2c931adaadad2\">\n#top .hr.hr-invisible.av-lf9ud2ni-964f877cde38280a98c2c931adaadad2{\nheight:100px;\n}\n<\/style>\n<div  class='hr av-lf9ud2ni-964f877cde38280a98c2c931adaadad2 hr-invisible  avia-builder-el-9  el_after_av_one_third  avia-builder-el-last '><span class='hr-inner '><span class=\"hr-inner-style\"><\/span><\/span><\/div>\n\n","protected":false},"excerpt":{"rendered":"","protected":false},"author":1,"featured_media":0,"parent":0,"menu_order":0,"comment_status":"closed","ping_status":"closed","template":"","meta":{"footnotes":""},"class_list":["post-220","page","type-page","status-publish","hentry"],"yoast_head":"<!-- This site is optimized with the Yoast SEO plugin v20.7 - https:\/\/yoast.com\/wordpress\/plugins\/seo\/ -->\n<title>FAQs - L.E.V. Festival 2024<\/title>\n<meta name=\"robots\" content=\"index, follow, max-snippet:-1, max-image-preview:large, max-video-preview:-1\" \/>\n<link rel=\"canonical\" href=\"https:\/\/levfestival.com\/24-gijon\/faqs\/\" \/>\n<meta property=\"og:locale\" content=\"es_ES\" \/>\n<meta property=\"og:type\" content=\"article\" \/>\n<meta property=\"og:title\" content=\"FAQs - L.E.V. Festival 2024\" \/>\n<meta property=\"og:url\" content=\"https:\/\/levfestival.com\/24-gijon\/faqs\/\" \/>\n<meta property=\"og:site_name\" content=\"L.E.V. Festival 2024\" \/>\n<meta property=\"article:modified_time\" content=\"2024-04-27T21:30:52+00:00\" \/>\n<meta name=\"twitter:card\" content=\"summary_large_image\" \/>\n<meta name=\"twitter:label1\" content=\"Tiempo de lectura\" \/>\n\t<meta name=\"twitter:data1\" content=\"7 minutos\" \/>\n<script type=\"application\/ld+json\" class=\"yoast-schema-graph\">{\"@context\":\"https:\/\/schema.org\",\"@graph\":[{\"@type\":\"WebPage\",\"@id\":\"https:\/\/levfestival.com\/24-gijon\/faqs\/\",\"url\":\"https:\/\/levfestival.com\/24-gijon\/faqs\/\",\"name\":\"FAQs - L.E.V. Festival 2024\",\"isPartOf\":{\"@id\":\"https:\/\/levfestival.com\/24-gijon\/#website\"},\"datePublished\":\"2024-02-07T08:39:37+00:00\",\"dateModified\":\"2024-04-27T21:30:52+00:00\",\"breadcrumb\":{\"@id\":\"https:\/\/levfestival.com\/24-gijon\/faqs\/#breadcrumb\"},\"inLanguage\":\"es\",\"potentialAction\":[{\"@type\":\"ReadAction\",\"target\":[\"https:\/\/levfestival.com\/24-gijon\/faqs\/\"]}]},{\"@type\":\"BreadcrumbList\",\"@id\":\"https:\/\/levfestival.com\/24-gijon\/faqs\/#breadcrumb\",\"itemListElement\":[{\"@type\":\"ListItem\",\"position\":1,\"name\":\"Portada\",\"item\":\"https:\/\/levfestival.com\/24-gijon\/home\/\"},{\"@type\":\"ListItem\",\"position\":2,\"name\":\"FAQs\"}]},{\"@type\":\"WebSite\",\"@id\":\"https:\/\/levfestival.com\/24-gijon\/#website\",\"url\":\"https:\/\/levfestival.com\/24-gijon\/\",\"name\":\"L.E.V. Festival 2024\",\"description\":\"\",\"potentialAction\":[{\"@type\":\"SearchAction\",\"target\":{\"@type\":\"EntryPoint\",\"urlTemplate\":\"https:\/\/levfestival.com\/24-gijon\/?s={search_term_string}\"},\"query-input\":\"required name=search_term_string\"}],\"inLanguage\":\"es\"}]}<\/script>\n<!-- \/ Yoast SEO plugin. -->","yoast_head_json":{"title":"FAQs - L.E.V. Festival 2024","robots":{"index":"index","follow":"follow","max-snippet":"max-snippet:-1","max-image-preview":"max-image-preview:large","max-video-preview":"max-video-preview:-1"},"canonical":"https:\/\/levfestival.com\/24-gijon\/faqs\/","og_locale":"es_ES","og_type":"article","og_title":"FAQs - L.E.V. Festival 2024","og_url":"https:\/\/levfestival.com\/24-gijon\/faqs\/","og_site_name":"L.E.V. Festival 2024","article_modified_time":"2024-04-27T21:30:52+00:00","twitter_card":"summary_large_image","twitter_misc":{"Tiempo de lectura":"7 minutos"},"schema":{"@context":"https:\/\/schema.org","@graph":[{"@type":"WebPage","@id":"https:\/\/levfestival.com\/24-gijon\/faqs\/","url":"https:\/\/levfestival.com\/24-gijon\/faqs\/","name":"FAQs - L.E.V. Festival 2024","isPartOf":{"@id":"https:\/\/levfestival.com\/24-gijon\/#website"},"datePublished":"2024-02-07T08:39:37+00:00","dateModified":"2024-04-27T21:30:52+00:00","breadcrumb":{"@id":"https:\/\/levfestival.com\/24-gijon\/faqs\/#breadcrumb"},"inLanguage":"es","potentialAction":[{"@type":"ReadAction","target":["https:\/\/levfestival.com\/24-gijon\/faqs\/"]}]},{"@type":"BreadcrumbList","@id":"https:\/\/levfestival.com\/24-gijon\/faqs\/#breadcrumb","itemListElement":[{"@type":"ListItem","position":1,"name":"Portada","item":"https:\/\/levfestival.com\/24-gijon\/home\/"},{"@type":"ListItem","position":2,"name":"FAQs"}]},{"@type":"WebSite","@id":"https:\/\/levfestival.com\/24-gijon\/#website","url":"https:\/\/levfestival.com\/24-gijon\/","name":"L.E.V. Festival 2024","description":"","potentialAction":[{"@type":"SearchAction","target":{"@type":"EntryPoint","urlTemplate":"https:\/\/levfestival.com\/24-gijon\/?s={search_term_string}"},"query-input":"required name=search_term_string"}],"inLanguage":"es"}]}},"_links":{"self":[{"href":"https:\/\/levfestival.com\/24-gijon\/wp-json\/wp\/v2\/pages\/220","targetHints":{"allow":["GET"]}}],"collection":[{"href":"https:\/\/levfestival.com\/24-gijon\/wp-json\/wp\/v2\/pages"}],"about":[{"href":"https:\/\/levfestival.com\/24-gijon\/wp-json\/wp\/v2\/types\/page"}],"author":[{"embeddable":true,"href":"https:\/\/levfestival.com\/24-gijon\/wp-json\/wp\/v2\/users\/1"}],"replies":[{"embeddable":true,"href":"https:\/\/levfestival.com\/24-gijon\/wp-json\/wp\/v2\/comments?post=220"}],"version-history":[{"count":35,"href":"https:\/\/levfestival.com\/24-gijon\/wp-json\/wp\/v2\/pages\/220\/revisions"}],"predecessor-version":[{"id":2189,"href":"https:\/\/levfestival.com\/24-gijon\/wp-json\/wp\/v2\/pages\/220\/revisions\/2189"}],"wp:attachment":[{"href":"https:\/\/levfestival.com\/24-gijon\/wp-json\/wp\/v2\/media?parent=220"}],"curies":[{"name":"wp","href":"https:\/\/api.w.org\/{rel}","templated":true}]}}