{"id":618,"date":"2024-07-28T09:23:11","date_gmt":"2024-07-28T07:23:11","guid":{"rendered":"https:\/\/levfestival.com\/24-matadero\/?page_id=618"},"modified":"2024-07-31T19:10:57","modified_gmt":"2024-07-31T17:10:57","slug":"avatar-vr-sculpting-by-metarick","status":"publish","type":"page","link":"https:\/\/levfestival.com\/24-matadero\/avatar-vr-sculpting-by-metarick\/","title":{"rendered":"Avatar VR Sculpting by MetaRick"},"content":{"rendered":"<div id='av_section_1'  class='avia-section av-wrhm-c8fa894995706bfe936add844b9ea43f main_color avia-section-default avia-no-border-styling  avia-builder-el-0  avia-builder-el-no-sibling  avia-bg-style-scroll container_wrap fullsize'  ><div class='container av-section-cont-open' ><main  role=\"main\" itemprop=\"mainContentOfPage\"  class='template-page content  av-content-full alpha units'><div class='post-entry post-entry-type-page post-entry-618'><div class='entry-content-wrapper clearfix'>\n<div class='flex_column av-1w0xqq-3c809fe31a4b2319e03f5089047e73d8 av_two_third  avia-builder-el-1  el_before_av_hr  avia-builder-el-first  first flex_column_div '     ><p>\n<style type=\"text\/css\" data-created_by=\"avia_inline_auto\" id=\"style-css-av-lz58pfjg-cc01367607cd68931bb493e54abe50de\">\n#top .av-special-heading.av-lz58pfjg-cc01367607cd68931bb493e54abe50de{\npadding-bottom:10px;\ncolor:#ffffff;\n}\nbody .av-special-heading.av-lz58pfjg-cc01367607cd68931bb493e54abe50de .av-special-heading-tag .heading-char{\nfont-size:25px;\n}\n.av-special-heading.av-lz58pfjg-cc01367607cd68931bb493e54abe50de .special-heading-inner-border{\nborder-color:#ffffff;\n}\n.av-special-heading.av-lz58pfjg-cc01367607cd68931bb493e54abe50de .av-subheading{\nfont-size:15px;\ncolor:#ffffff;\n}\n<\/style>\n<div  class='av-special-heading av-lz58pfjg-cc01367607cd68931bb493e54abe50de av-special-heading-h1 custom-color-heading blockquote modern-quote  avia-builder-el-2  el_before_av_textblock  avia-builder-el-first '><h1 class='av-special-heading-tag'  itemprop=\"headline\"  >Hackathon L.E.V. Matadero<\/h1><div class='av_custom_color av-subheading av-subheading_below'><p>Avatar VR Sculpting by MetaRick<\/p>\n<\/div><div class=\"special-heading-border\"><div class=\"special-heading-inner-border\"><\/div><\/div><\/div><br \/>\n\n<style type=\"text\/css\" data-created_by=\"avia_inline_auto\" id=\"style-css-av-lz58gmrw-0e1a4aa5441ee859a8796ef6759223f7\">\n#top .av_textblock_section.av-lz58gmrw-0e1a4aa5441ee859a8796ef6759223f7 .avia_textblock{\nfont-size:12px;\ncolor:#ffffff;\n}\n<\/style>\n<section  class='av_textblock_section av-lz58gmrw-0e1a4aa5441ee859a8796ef6759223f7'  itemscope=\"itemscope\" itemtype=\"https:\/\/schema.org\/CreativeWork\" ><div class='avia_textblock av_inherit_color'  itemprop=\"text\" ><p>Bienvenido\/a al formulario de inscripci\u00f3n para participar en el hackathon Avatar VR Scultping de <a href=\"https:\/\/levfestival.com\/24-matadero\/\"><strong>L.E.V. Matadero<\/strong><\/a> 2024, en colaboraci\u00f3n con Realities in Transition y Medialab Matadero.<\/p>\n<p>A lo largo de esta actividad, que tendr\u00e1 lugar del jueves 18 al domingo 22 de septiembre 2024, pondremos a vuestra disposici\u00f3n un espacio en Matadero Madrid en horario ininterrumpido (J 17h a 22h, V 10h a 22h, S 10h a 22h y D 10h a 14h). Tambi\u00e9n ofreceremos el apoyo de mentores, tutoriales creados por MetaRick y los recursos t\u00e9cnicos que podamos aportar entre todas las personas participantes y el propio festival.<\/p>\n<p>Para poder organizar los grupos de trabajo, el espacio y los recursos, necesitamos algo de informaci\u00f3n por tu parte. Tras la recepci\u00f3n del formulario, nos pondremos en contacto contigo para confirmar tu plaza.<\/p>\n<\/div><\/section><\/p><\/div>\n<style type=\"text\/css\" data-created_by=\"avia_inline_auto\" id=\"style-css-av-lz59ecby-415bd87fab6109d1a9c2b2fb5bac08e6\">\n#top .hr.hr-invisible.av-lz59ecby-415bd87fab6109d1a9c2b2fb5bac08e6{\nheight:50px;\n}\n<\/style>\n<div  class='hr av-lz59ecby-415bd87fab6109d1a9c2b2fb5bac08e6 hr-invisible  avia-builder-el-4  el_after_av_two_third  el_before_av_codeblock '><span class='hr-inner '><span class=\"hr-inner-style\"><\/span><\/span><\/div>\n\n\n<style type=\"text\/css\" data-created_by=\"avia_inline_auto\" id=\"style-css-av-90r2a-4d509957a09f1fa80d9f4ae612bf4ee3\">\n#top .hr.hr-invisible.av-90r2a-4d509957a09f1fa80d9f4ae612bf4ee3{\nheight:50px;\n}\n<\/style>\n<div  class='hr av-90r2a-4d509957a09f1fa80d9f4ae612bf4ee3 hr-invisible  avia-builder-el-6  el_after_av_codeblock  el_before_av_one_full '><span class='hr-inner '><span class=\"hr-inner-style\"><\/span><\/span><\/div>\n<div class='flex_column av-ahssa-db78edc66cb9159abffaca806bf96cfe av_one_full  avia-builder-el-7  el_after_av_hr  avia-builder-el-last  first flex_column_div '     ><style type=\"text\/css\" data-created_by=\"avia_inline_auto\" id=\"style-css-av-lz86gww6-eb7c496f0c865f9fb32483f591920eb6\">\n.avia-image-container.av-lz86gww6-eb7c496f0c865f9fb32483f591920eb6 img.avia_image{\nbox-shadow:none;\n}\n.avia-image-container.av-lz86gww6-eb7c496f0c865f9fb32483f591920eb6 .av-image-caption-overlay-center{\ncolor:#ffffff;\n}\n<\/style>\n<div  class='avia-image-container av-lz86gww6-eb7c496f0c865f9fb32483f591920eb6 av-styling- avia-align-center  avia-builder-el-8  avia-builder-el-no-sibling '   itemprop=\"image\" itemscope=\"itemscope\" itemtype=\"https:\/\/schema.org\/ImageObject\" ><div class=\"avia-image-container-inner\"><div class=\"avia-image-overlay-wrap\"><a href=\"https:\/\/levfestival.com\/24-matadero\/\" class='avia_image' ><img loading=\"lazy\" decoding=\"async\" class='wp-image-637 avia-img-lazy-loading-637 avia_image ' src=\"https:\/\/levfestival.com\/24-matadero\/wp-content\/uploads\/sites\/16\/2024\/07\/LEV_23-RRSS_cabeceras_1500-x-500.jpg\" alt='' title='LEV_23 RRSS_cabeceras_1500 x 500'  height=\"500\" width=\"1500\"  itemprop=\"thumbnailUrl\" srcset=\"https:\/\/levfestival.com\/24-matadero\/wp-content\/uploads\/sites\/16\/2024\/07\/LEV_23-RRSS_cabeceras_1500-x-500.jpg 1500w, https:\/\/levfestival.com\/24-matadero\/wp-content\/uploads\/sites\/16\/2024\/07\/LEV_23-RRSS_cabeceras_1500-x-500-300x100.jpg 300w, https:\/\/levfestival.com\/24-matadero\/wp-content\/uploads\/sites\/16\/2024\/07\/LEV_23-RRSS_cabeceras_1500-x-500-1030x343.jpg 1030w, https:\/\/levfestival.com\/24-matadero\/wp-content\/uploads\/sites\/16\/2024\/07\/LEV_23-RRSS_cabeceras_1500-x-500-768x256.jpg 768w, https:\/\/levfestival.com\/24-matadero\/wp-content\/uploads\/sites\/16\/2024\/07\/LEV_23-RRSS_cabeceras_1500-x-500-705x235.jpg 705w\" sizes=\"auto, (max-width: 1500px) 100vw, 1500px\" \/><\/a><\/div><\/div><\/div><\/div>\n","protected":false},"excerpt":{"rendered":"","protected":false},"author":1,"featured_media":0,"parent":0,"menu_order":0,"comment_status":"closed","ping_status":"closed","template":"","meta":{"footnotes":""},"class_list":["post-618","page","type-page","status-publish","hentry"],"yoast_head":"<!-- This site is optimized with the Yoast SEO plugin v20.7 - https:\/\/yoast.com\/wordpress\/plugins\/seo\/ -->\n<title>Avatar VR Sculpting by MetaRick - L.E.V. Matadero 2024<\/title>\n<meta name=\"robots\" content=\"index, follow, max-snippet:-1, max-image-preview:large, max-video-preview:-1\" \/>\n<link rel=\"canonical\" href=\"https:\/\/levfestival.com\/24-matadero\/avatar-vr-sculpting-by-metarick\/\" \/>\n<meta property=\"og:locale\" content=\"es_ES\" \/>\n<meta property=\"og:type\" content=\"article\" \/>\n<meta property=\"og:title\" content=\"Avatar VR Sculpting by MetaRick - L.E.V. Matadero 2024\" \/>\n<meta property=\"og:url\" content=\"https:\/\/levfestival.com\/24-matadero\/avatar-vr-sculpting-by-metarick\/\" \/>\n<meta property=\"og:site_name\" content=\"L.E.V. Matadero 2024\" \/>\n<meta property=\"article:modified_time\" content=\"2024-07-31T17:10:57+00:00\" \/>\n<meta name=\"twitter:card\" content=\"summary_large_image\" \/>\n<meta name=\"twitter:label1\" content=\"Tiempo de lectura\" \/>\n\t<meta name=\"twitter:data1\" content=\"4 minutos\" \/>\n<script type=\"application\/ld+json\" class=\"yoast-schema-graph\">{\"@context\":\"https:\/\/schema.org\",\"@graph\":[{\"@type\":\"WebPage\",\"@id\":\"https:\/\/levfestival.com\/24-matadero\/avatar-vr-sculpting-by-metarick\/\",\"url\":\"https:\/\/levfestival.com\/24-matadero\/avatar-vr-sculpting-by-metarick\/\",\"name\":\"Avatar VR Sculpting by MetaRick - L.E.V. Matadero 2024\",\"isPartOf\":{\"@id\":\"https:\/\/levfestival.com\/24-matadero\/#website\"},\"datePublished\":\"2024-07-28T07:23:11+00:00\",\"dateModified\":\"2024-07-31T17:10:57+00:00\",\"breadcrumb\":{\"@id\":\"https:\/\/levfestival.com\/24-matadero\/avatar-vr-sculpting-by-metarick\/#breadcrumb\"},\"inLanguage\":\"es\",\"potentialAction\":[{\"@type\":\"ReadAction\",\"target\":[\"https:\/\/levfestival.com\/24-matadero\/avatar-vr-sculpting-by-metarick\/\"]}]},{\"@type\":\"BreadcrumbList\",\"@id\":\"https:\/\/levfestival.com\/24-matadero\/avatar-vr-sculpting-by-metarick\/#breadcrumb\",\"itemListElement\":[{\"@type\":\"ListItem\",\"position\":1,\"name\":\"Portada\",\"item\":\"https:\/\/levfestival.com\/24-matadero\/home\/\"},{\"@type\":\"ListItem\",\"position\":2,\"name\":\"Avatar VR Sculpting by MetaRick\"}]},{\"@type\":\"WebSite\",\"@id\":\"https:\/\/levfestival.com\/24-matadero\/#website\",\"url\":\"https:\/\/levfestival.com\/24-matadero\/\",\"name\":\"L.E.V. Matadero 2024\",\"description\":\"\",\"potentialAction\":[{\"@type\":\"SearchAction\",\"target\":{\"@type\":\"EntryPoint\",\"urlTemplate\":\"https:\/\/levfestival.com\/24-matadero\/?s={search_term_string}\"},\"query-input\":\"required name=search_term_string\"}],\"inLanguage\":\"es\"}]}<\/script>\n<!-- \/ Yoast SEO plugin. -->","yoast_head_json":{"title":"Avatar VR Sculpting by MetaRick - L.E.V. Matadero 2024","robots":{"index":"index","follow":"follow","max-snippet":"max-snippet:-1","max-image-preview":"max-image-preview:large","max-video-preview":"max-video-preview:-1"},"canonical":"https:\/\/levfestival.com\/24-matadero\/avatar-vr-sculpting-by-metarick\/","og_locale":"es_ES","og_type":"article","og_title":"Avatar VR Sculpting by MetaRick - L.E.V. Matadero 2024","og_url":"https:\/\/levfestival.com\/24-matadero\/avatar-vr-sculpting-by-metarick\/","og_site_name":"L.E.V. Matadero 2024","article_modified_time":"2024-07-31T17:10:57+00:00","twitter_card":"summary_large_image","twitter_misc":{"Tiempo de lectura":"4 minutos"},"schema":{"@context":"https:\/\/schema.org","@graph":[{"@type":"WebPage","@id":"https:\/\/levfestival.com\/24-matadero\/avatar-vr-sculpting-by-metarick\/","url":"https:\/\/levfestival.com\/24-matadero\/avatar-vr-sculpting-by-metarick\/","name":"Avatar VR Sculpting by MetaRick - L.E.V. Matadero 2024","isPartOf":{"@id":"https:\/\/levfestival.com\/24-matadero\/#website"},"datePublished":"2024-07-28T07:23:11+00:00","dateModified":"2024-07-31T17:10:57+00:00","breadcrumb":{"@id":"https:\/\/levfestival.com\/24-matadero\/avatar-vr-sculpting-by-metarick\/#breadcrumb"},"inLanguage":"es","potentialAction":[{"@type":"ReadAction","target":["https:\/\/levfestival.com\/24-matadero\/avatar-vr-sculpting-by-metarick\/"]}]},{"@type":"BreadcrumbList","@id":"https:\/\/levfestival.com\/24-matadero\/avatar-vr-sculpting-by-metarick\/#breadcrumb","itemListElement":[{"@type":"ListItem","position":1,"name":"Portada","item":"https:\/\/levfestival.com\/24-matadero\/home\/"},{"@type":"ListItem","position":2,"name":"Avatar VR Sculpting by MetaRick"}]},{"@type":"WebSite","@id":"https:\/\/levfestival.com\/24-matadero\/#website","url":"https:\/\/levfestival.com\/24-matadero\/","name":"L.E.V. Matadero 2024","description":"","potentialAction":[{"@type":"SearchAction","target":{"@type":"EntryPoint","urlTemplate":"https:\/\/levfestival.com\/24-matadero\/?s={search_term_string}"},"query-input":"required name=search_term_string"}],"inLanguage":"es"}]}},"_links":{"self":[{"href":"https:\/\/levfestival.com\/24-matadero\/wp-json\/wp\/v2\/pages\/618","targetHints":{"allow":["GET"]}}],"collection":[{"href":"https:\/\/levfestival.com\/24-matadero\/wp-json\/wp\/v2\/pages"}],"about":[{"href":"https:\/\/levfestival.com\/24-matadero\/wp-json\/wp\/v2\/types\/page"}],"author":[{"embeddable":true,"href":"https:\/\/levfestival.com\/24-matadero\/wp-json\/wp\/v2\/users\/1"}],"replies":[{"embeddable":true,"href":"https:\/\/levfestival.com\/24-matadero\/wp-json\/wp\/v2\/comments?post=618"}],"version-history":[{"count":31,"href":"https:\/\/levfestival.com\/24-matadero\/wp-json\/wp\/v2\/pages\/618\/revisions"}],"predecessor-version":[{"id":679,"href":"https:\/\/levfestival.com\/24-matadero\/wp-json\/wp\/v2\/pages\/618\/revisions\/679"}],"wp:attachment":[{"href":"https:\/\/levfestival.com\/24-matadero\/wp-json\/wp\/v2\/media?parent=618"}],"curies":[{"name":"wp","href":"https:\/\/api.w.org\/{rel}","templated":true}]}}