{"id":892,"date":"2025-02-01T18:47:01","date_gmt":"2025-02-01T17:47:01","guid":{"rendered":"https:\/\/levfestival.com\/25-gijon\/horarios\/"},"modified":"2025-04-28T10:52:41","modified_gmt":"2025-04-28T08:52:41","slug":"timetable","status":"publish","type":"page","link":"https:\/\/levfestival.com\/25-gijon\/en\/timetable\/","title":{"rendered":"Timetable"},"content":{"rendered":"\n<style type=\"text\/css\" data-created_by=\"avia_inline_auto\" id=\"style-css-av-19syc-558a12290e6a0cb3a5df7bb8021b9244\">\n.avia-section.av-19syc-558a12290e6a0cb3a5df7bb8021b9244{\nbackground-color:#000000;\nbackground-image:unset;\n}\n<\/style>\n<div id='av_section_1'  class='avia-section av-19syc-558a12290e6a0cb3a5df7bb8021b9244 header_color avia-section-default avia-no-border-styling  avia-builder-el-0  avia-builder-el-no-sibling  avia-bg-style-scroll container_wrap fullsize'  ><div class='container av-section-cont-open' ><main  role=\"main\" itemprop=\"mainContentOfPage\"  class='template-page content  av-content-full alpha units'><div class='post-entry post-entry-type-page post-entry-892'><div class='entry-content-wrapper clearfix'>\n\n<style type=\"text\/css\" data-created_by=\"avia_inline_auto\" id=\"style-css-av-vkrg-fd67c2c0551307000691840b44a57401\">\n#top .av-special-heading.av-vkrg-fd67c2c0551307000691840b44a57401{\npadding-bottom:10px;\ncolor:#ffffff;\n}\nbody .av-special-heading.av-vkrg-fd67c2c0551307000691840b44a57401 .av-special-heading-tag .heading-char{\nfont-size:25px;\n}\n.av-special-heading.av-vkrg-fd67c2c0551307000691840b44a57401 .special-heading-inner-border{\nborder-color:#ffffff;\n}\n.av-special-heading.av-vkrg-fd67c2c0551307000691840b44a57401 .av-subheading{\nfont-size:15px;\n}\n<\/style>\n<div  class='av-special-heading av-vkrg-fd67c2c0551307000691840b44a57401 av-special-heading-h1 custom-color-heading blockquote modern-quote  avia-builder-el-1  el_before_av_tab_container  avia-builder-el-first '><h1 class='av-special-heading-tag'  itemprop=\"headline\"  >TIMETABLE<\/h1><div class=\"special-heading-border\"><div class=\"special-heading-inner-border\"><\/div><\/div><\/div>\n<div  id=\"horarios-gijon23\"  class='tabcontainer av-m9hcvwf1-a2cb963d6634b5b2c181a810e3f50a72 top_tab  avia-builder-el-2  el_after_av_heading  avia-builder-el-last ' role='tablist'>\n<section class='av_tab_section av_tab_section av-m9hcv43o-b1068bc8fad46de3a1b367e02e80d5a7'  itemscope=\"itemscope\" itemtype=\"https:\/\/schema.org\/CreativeWork\" ><div class='tab active_tab' role='tab' tabindex='0' data-fake-id='#thursday-1' aria-controls='thursday-1-content'  itemprop=\"headline\" >THURSDAY 1_MAY<\/div><div id='thursday-1-content' class='tab_content active_tab_content' aria-hidden=\"false\"><div class='tab_inner_content invers-color'  itemprop=\"text\" ><p class=\"titulo-horarios\">ESCUELA DE COMERCIO<\/p>\n<p class=\"subtitulo-horarios\">VR EXPERIENCES<\/p>\n<p>11:00-14:00 \/ 16:00-21:00 h.<\/p>\n<h2><a href=\"https:\/\/levfestival.com\/25-gijon\/en\/lev-gijon\/gwenael-francois-otos-planet\/\"><em>OTOS\u2019S PLANET<\/em>. GWENAEL FRAN\u00c7OIS<\/a><\/h2>\n<h2><a href=\"https:\/\/levfestival.com\/25-gijon\/en\/lev-gijon\/impulse-playing-with-reality\/\"><em>IMPULSE: PLAYING WITH REALITY<\/em>. MAY ABDALLA AND BARRY GENE MURPHY<\/a><\/h2>\n<p>Free access<\/p>\n<p class=\"titulo-horarios\">PLAZA DEL PARCH\u00cdS<\/p>\n<p class=\"subtitulo-horarios\">AR EXPERIENCE<\/p>\n<p>Continuous hours<\/p>\n<h2><a href=\"https:\/\/levfestival.com\/25-gijon\/en\/lev-gijon\/blocksmog-guillaumit\/\"><em>BLOCKSMOG<\/em>. GUILLAUMIT<\/a><\/h2>\n<p>Free admission<\/p>\n<p class=\"titulo-horarios\">COLEGIATA DEL REVILLAGIGEDO<\/p>\n<p class=\"subtitulo-horarios\">AV INSTALLATION<\/p>\n<p>11:00 \u2013 21.00 h.<\/p>\n<h2 style=\"margin-top: 25px\"><a href=\"https:\/\/levfestival.com\/25-gijon\/en\/lev-gijon\/ivan-chen-hsiu-liu-echoes-of-the-land-_tw\/\">IVAN LIU <em>ECHOES OF THE LAND<\/em><\/a><\/h2>\n<p>Free access<\/p>\n<p class=\"titulo-horarios\">CENTRO DE CULTURA ANTIGUO INSTITUTO<\/p>\n<p class=\"subtitulo-horarios\">AV INSTALLATION<\/p>\n<p>12:00 \u2013 14:00 \/ 16:30 \u2013 20:30 h.<\/p>\n<h2><a href=\"https:\/\/levfestival.com\/25-gijon\/en\/lev-gijon\/robbie-cooper-immersion-extended-version-_uk\/\">ROBBIE COOPER <em>IMMERSION<\/em><\/a><\/h2>\n<p>Free access<\/p>\n<p class=\"titulo-horarios\">POZU SANTA B\u00c1RBARA (Mieres)<\/p>\n<p class=\"subtitulo-horarios\">AV INSTALLATION<\/p>\n<p>11.00 &#8211; 14.00 \/ 16:30 &#8211; 21:00 h.<\/p>\n<h2><a href=\"https:\/\/levfestival.com\/en\/pozu-santa-barbara-in-mieres-launches-the-installation-speculum-smack-art-collective\/\">SMACK. SPECULUM<\/a><\/h2>\n<\/div><\/div><\/section>\n<section class='av_tab_section av_tab_section av-m9hcvbvp-1c07bae1234d07d74ed1846cd479958d'  itemscope=\"itemscope\" itemtype=\"https:\/\/schema.org\/CreativeWork\" ><div class='tab' role='tab' tabindex='0' data-fake-id='#friday-2' aria-controls='friday-2-content'  itemprop=\"headline\" >FRIDAY 2_MAY<\/div><div id='friday-2-content' class='tab_content' aria-hidden=\"true\"><div class='tab_inner_content invers-color'  itemprop=\"text\" ><p class=\"titulo-horarios\">ESCUELA DE COMERCIO<\/p>\n<p class=\"subtitulo-horarios\">VR EXPERIENCES<\/p>\n<p>11:00-14:00 \/ 16:00-21:00 h.<\/p>\n<h2><a href=\"https:\/\/levfestival.com\/25-gijon\/en\/lev-gijon\/gwenael-francois-otos-planet\/\"><em>OTOS\u2019S PLANET<\/em>. GWENAEL FRAN\u00c7OIS<\/a><\/h2>\n<h2><a href=\"https:\/\/levfestival.com\/25-gijon\/en\/lev-gijon\/impulse-playing-with-reality\/\"><em>IMPULSE: PLAYING WITH REALITY<\/em>. MAY ABDALLA AND BARRY GENE MURPHY<\/a><\/h2>\n<p>Free access<\/p>\n<hr \/>\n<p class=\"subtitulo-horarios\">WORKSHOP<\/p>\n<p>17:00 \u2013 20:00 h.<\/p>\n<h2><a href=\"https:\/\/levfestival.com\/25-gijon\/en\/lev-gijon\/ritmo-y-rima-jaime-tellado\/\"><em>RITMO Y RIMA. Metodolog\u00edas de producci\u00f3n de m\u00fasica hiphop contempor\u00e1nea.<\/em> JAIME TELLADO<\/a><\/h2>\n<p>Free activity with <a style=\"text-decoration: underline\" href=\"https:\/\/actividades.gijon.es\/ACTCursosEspeciales\/Actividad.do?idOferta=3460730870196859006402\" target=\"_blank\" rel=\"noopener\">prior registration<\/a><\/p>\n<p class=\"titulo-horarios\">PLAZA DEL PARCH\u00cdS<\/p>\n<p class=\"subtitulo-horarios\">AR EXPERIENCE<\/p>\n<p>Continuous hours<\/p>\n<h2><a href=\"https:\/\/levfestival.com\/25-gijon\/en\/lev-gijon\/blocksmog-guillaumit\/\"><em>BLOCKSMOG<\/em>. GUILLAUMIT<\/a><\/h2>\n<p>Free admission<\/p>\n<p class=\"titulo-horarios\">COLEGIATA DEL REVILLAGIGEDO<\/p>\n<p class=\"subtitulo-horarios\">AV INSTALLATION<\/p>\n<p>11:00 \u2013 21.00 h.<\/p>\n<h2 style=\"margin-top: 25px\"><a href=\"https:\/\/levfestival.com\/25-gijon\/en\/lev-gijon\/ivan-chen-hsiu-liu-echoes-of-the-land-_tw\/\">IVAN LIU <em>ECHOES OF THE LAND<\/em><\/a><\/h2>\n<p>Free access<\/p>\n<p class=\"titulo-horarios\">CENTRO DE CULTURA ANTIGUO INSTITUTO<\/p>\n<p class=\"subtitulo-horarios\">AV INSTALLATION<\/p>\n<p>12:00 &#8211; 14:00 \/ 16:30 &#8211; 20:30 h.<\/p>\n<h2><a href=\"https:\/\/levfestival.com\/25-gijon\/en\/lev-gijon\/robbie-cooper-immersion-extended-version-_uk\/\">ROBBIE COOPER <em>IMMERSION<\/em><\/a><\/h2>\n<p>Free access<\/p>\n<p class=\"titulo-horarios\">POZU SANTA B\u00c1RBARA (Mieres)<\/p>\n<p class=\"subtitulo-horarios\">AV INSTALLATION<\/p>\n<p>11.00 &#8211; 14.00 \/ 16:30 &#8211; 21:00 h.<\/p>\n<h2><a href=\"https:\/\/levfestival.com\/en\/pozu-santa-barbara-in-mieres-launches-the-installation-speculum-smack-art-collective\/\">SMACK. SPECULUM<\/a><\/h2>\n<p class=\"titulo-horarios\">TEATRO DE LA LABORAL<\/p>\n<p class=\"subtitulo-horarios\">CONCERTS &amp; AV PERFORMANCES<\/p>\n<p>19:00 h.<\/p>\n<p style=\"color: #f55200\">Bar opening in the Theatre<\/p>\n<p>20:30 h.<\/p>\n<p style=\"color: #f55200\">Admission to the seating area<\/p>\n<p>21:00 h.<\/p>\n<h2><a href=\"https:\/\/levfestival.com\/25-gijon\/en\/lev-gijon\/katarina-gryvul-spomyn-w-alex-guevara-_ua-_de-pe\/\">KATARINA GRYVUL w\/ ALEX GUEVARA<\/a><\/h2>\n<p>22:05 h.<\/p>\n<h2><a href=\"https:\/\/levfestival.com\/25-gijon\/en\/lev-gijon\/ryoji-ikeda-ultratronics-av-live-_jp\/\">RYOJI IKEDA<\/a><\/h2>\n<p style=\"color: #f55200\">23:00 h. Interval (45 minutes)<\/p>\n<p>23:45 h.<\/p>\n<h2><a href=\"https:\/\/levfestival.com\/25-gijon\/en\/lev-gijon\/colin-self-gasp-_us\/\">COLIN SELF<\/a><\/h2>\n<p style=\"color: #f55200\">00:25 h. Interval (25 minutes)<\/p>\n<p>00:50 h.<\/p>\n<h2><a href=\"https:\/\/levfestival.com\/25-gijon\/en\/lev-gijon\/pinch-lorem-a-red-rabbit-av-live-_uk-it\/\">PINCH &amp; LOREM<\/a><\/h2>\n<p>2:15 h.<\/p>\n<p style=\"color: #f55200\">Special bus service<\/p>\n<\/div><\/div><\/section>\n<section class='av_tab_section av_tab_section av-m9hcvkev-ecf313fe3000a4742bf6c357694f36b4'  itemscope=\"itemscope\" itemtype=\"https:\/\/schema.org\/CreativeWork\" ><div class='tab' role='tab' tabindex='0' data-fake-id='#saturday-3' aria-controls='saturday-3-content'  itemprop=\"headline\" >SATURDAY 3_MAY<\/div><div id='saturday-3-content' class='tab_content' aria-hidden=\"true\"><div class='tab_inner_content invers-color'  itemprop=\"text\" ><p class=\"titulo-horarios\">ESCUELA DE COMERCIO<\/p>\n<p class=\"subtitulo-horarios\">VR EXPERIENCES<\/p>\n<p>11:00-14:00 \/ 16:00-21:00 h.<\/p>\n<h2><a href=\"https:\/\/levfestival.com\/25-gijon\/en\/lev-gijon\/gwenael-francois-otos-planet\/\"><em>OTOS\u2019S PLANET<\/em>. GWENAEL FRAN\u00c7OIS<\/a><\/h2>\n<h2><a href=\"https:\/\/levfestival.com\/25-gijon\/en\/lev-gijon\/impulse-playing-with-reality\/\"><em>IMPULSE: PLAYING WITH REALITY<\/em>. MAY ABDALLA AND BARRY GENE MURPHY<\/a><\/h2>\n<p>Free access<\/p>\n<p class=\"titulo-horarios\">PLAZA DEL PARCH\u00cdS<\/p>\n<p class=\"subtitulo-horarios\">AR EXPERIENCE<\/p>\n<p>Continuous hours<\/p>\n<h2><a href=\"https:\/\/levfestival.com\/25-gijon\/en\/lev-gijon\/blocksmog-guillaumit\/\"><em>BLOCKSMOG<\/em>. GUILLAUMIT<\/a><\/h2>\n<p>Free admission<\/p>\n<p class=\"titulo-horarios\">COLEGIATA DEL REVILLAGIGEDO<\/p>\n<p class=\"subtitulo-horarios\">AV INSTALLATION<\/p>\n<p>11:00 \u2013 21.00 h.<\/p>\n<h2 style=\"margin-top: 25px\"><a href=\"https:\/\/levfestival.com\/25-gijon\/en\/lev-gijon\/ivan-chen-hsiu-liu-echoes-of-the-land-_tw\/\">IVAN LIU <em>ECHOES OF THE LAND<\/em><\/a><\/h2>\n<p>Free access<\/p>\n<p class=\"titulo-horarios\">CENTRO DE CULTURA ANTIGUO INSTITUTO<\/p>\n<p class=\"subtitulo-horarios\">AV INSTALLATION<\/p>\n<p>12:00 &#8211; 14:00 \/ 16:30 &#8211; 20:30 h.<\/p>\n<h2><a href=\"https:\/\/levfestival.com\/25-gijon\/en\/lev-gijon\/robbie-cooper-immersion-extended-version-_uk\/\">ROBBIE COOPER <em>IMMERSION<\/em><\/a><\/h2>\n<p>Free access<\/p>\n<p class=\"titulo-horarios\">POZU SANTA B\u00c1RBARA (Mieres)<\/p>\n<p class=\"subtitulo-horarios\">AV INSTALLATION<\/p>\n<p>11.00 &#8211; 14.00 \/ 16:30 &#8211; 21:00 h.<\/p>\n<h2><a href=\"https:\/\/levfestival.com\/en\/pozu-santa-barbara-in-mieres-launches-the-installation-speculum-smack-art-collective\/\">SMACK. SPECULUM<\/a><\/h2>\n<p class=\"titulo-horarios\">MUS\u00c9U DEL PUEBLU D\u2019ASTURIES<\/p>\n<p class=\"subtitulo-horarios\">CONCERTS<\/p>\n<p>12:30 h.<\/p>\n<p style=\"color: #f55200\">Doors<\/p>\n<p>13:00 h.<\/p>\n<h2><a href=\"https:\/\/levfestival.com\/25-gijon\/en\/lev-gijon\/lila-tirando-a-violeta-_uy\/\">LILA TIRANDO A VIOLETA<\/a><\/h2>\n<p>14:10 h.<\/p>\n<h2><a href=\"https:\/\/levfestival.com\/25-gijon\/en\/lev-gijon\/kabeaushe-_ke\/\">KABEAUSH\u00c9<\/a><\/h2>\n<p>15:10 h.<\/p>\n<h2><a href=\"https:\/\/levfestival.com\/25-gijon\/en\/lev-gijon\/jailed-jamie-aka-skygaze-_es\/\">JAILED JAMIE<\/a><\/h2>\n<p>17:30 h.<\/p>\n<p style=\"color: #f55200\">Closing<\/p>\n<p class=\"titulo-horarios\">TEATRO DE LA LABORAL<\/p>\n<p class=\"subtitulo-horarios\">CONCERTS &amp; AV PERFORMANCES<\/p>\n<p>19:00 h.<\/p>\n<p style=\"color: #f55200\">Bar opening in the Theatre<\/p>\n<p>20:00 h.<\/p>\n<p style=\"color: #f55200\">Admission to the seating area<\/p>\n<p>20:30 h.<\/p>\n<h2><a href=\"https:\/\/levfestival.com\/25-gijon\/en\/lev-gijon\/yessi-perse-top5-fairytales-of-eternal-economic-growth-_es\/\">YESSi PERSE<\/a><\/h2>\n<p style=\"color: #f55200\">21:10 h. Interval (30 minutes)<\/p>\n<p>21:40 h.<\/p>\n<h2><a href=\"https:\/\/levfestival.com\/25-gijon\/en\/lev-gijon\/ash-fure-animal-_usa\/\">ASH FURE<\/a><\/h2>\n<p>22:35 h.<\/p>\n<h2><a href=\"https:\/\/levfestival.com\/25-gijon\/en\/lev-gijon\/amelie-duchow-logos-mater-_de-it\/\">AMELIE DUCHOW<\/a><\/h2>\n<p class=\"titulo-horarios\">NAVE. LABORAL CENTRO DE ARTE<\/p>\n<p class=\"subtitulo-horarios\">CONCERTS &amp; AV PERFORMANCES<\/p>\n<p>23:00 h.<\/p>\n<p style=\"color: #f55200\">Doors<\/p>\n<p>00:00 h.<\/p>\n<h2><a href=\"https:\/\/levfestival.com\/25-gijon\/en\/lev-gijon\/babii-dd2000-av-_uk\/\">BABii<\/a><\/h2>\n<p>01:10 h.<\/p>\n<h2><a href=\"https:\/\/levfestival.com\/25-gijon\/en\/lev-gijon\/iglooghost-exo-a-v-_uk\/\">IGLOOGHOST<\/a><\/h2>\n<p>02:20 h.<\/p>\n<h2><a href=\"https:\/\/levfestival.com\/25-gijon\/en\/lev-gijon\/amnesia-scanner-freeka-tet-hoax-_fin-fr\/\">AMNESIA SCANNER<\/a><\/h2>\n<p>03:30 h.<\/p>\n<h2><a href=\"https:\/\/levfestival.com\/25-gijon\/en\/lev-gijon\/mun-sing-_uk\/\">MUN SING<\/a><\/h2>\n<p>04:35 h.<\/p>\n<h2><a href=\"https:\/\/levfestival.com\/25-gijon\/en\/lev-gijon\/cortical-av-live-_es\/\">CORTICAL<\/a><\/h2>\n<p>5:40 h.<\/p>\n<p style=\"color: #f55200\">Special bus service<\/p>\n<\/div><\/div><\/section>\n<section class='av_tab_section av_tab_section av-m9hcvtx8-603672e0984c5dcf97037e5e59740327'  itemscope=\"itemscope\" itemtype=\"https:\/\/schema.org\/CreativeWork\" ><div class='tab' role='tab' tabindex='0' data-fake-id='#sunday-4' aria-controls='sunday-4-content'  itemprop=\"headline\" >SUNDAY 4_MAY<\/div><div id='sunday-4-content' class='tab_content' aria-hidden=\"true\"><div class='tab_inner_content invers-color'  itemprop=\"text\" ><p class=\"titulo-horarios\">ESCUELA DE COMERCIO<\/p>\n<p class=\"subtitulo-horarios\">VR EXPERIENCES<\/p>\n<p>11:00 &#8211; 14:00 h.<\/p>\n<h2><a href=\"https:\/\/levfestival.com\/25-gijon\/en\/lev-gijon\/gwenael-francois-otos-planet\/\"><em>OTOS\u2019S PLANET<\/em>. GWENAEL FRAN\u00c7OIS<\/a><\/h2>\n<h2><a href=\"https:\/\/levfestival.com\/25-gijon\/en\/lev-gijon\/impulse-playing-with-reality\/\"><em>IMPULSE: PLAYING WITH REALITY<\/em>. MAY ABDALLA AND BARRY GENE MURPHY<\/a><\/h2>\n<p>Free access<\/p>\n<p class=\"titulo-horarios\">PLAZA DEL PARCH\u00cdS<\/p>\n<p class=\"subtitulo-horarios\">AR EXPERIENCE<\/p>\n<p>Continuous hours<\/p>\n<h2><a href=\"https:\/\/levfestival.com\/25-gijon\/en\/lev-gijon\/blocksmog-guillaumit\/\"><em>BLOCKSMOG<\/em>. GUILLAUMIT<\/a><\/h2>\n<p>Free admission<\/p>\n<p class=\"titulo-horarios\">COLEGIATA DEL REVILLAGIGEDO<\/p>\n<p class=\"subtitulo-horarios\">AV INSTALLATION<\/p>\n<p>11:00 \u2013 21.00 h.<\/p>\n<h2 style=\"margin-top: 25px\"><a href=\"https:\/\/levfestival.com\/25-gijon\/en\/lev-gijon\/ivan-chen-hsiu-liu-echoes-of-the-land-_tw\/\">IVAN LIU <em>ECHOES OF THE LAND<\/em><\/a><\/h2>\n<p>Free access<\/p>\n<p class=\"titulo-horarios\">CENTRO DE CULTURA ANTIGUO INSTITUTO<\/p>\n<p class=\"subtitulo-horarios\">AV INSTALLATION<\/p>\n<p>12:00 &#8211; 14:00 \/ 16:30 &#8211; 20:30 h.<\/p>\n<h2><a href=\"https:\/\/levfestival.com\/25-gijon\/en\/lev-gijon\/robbie-cooper-immersion-extended-version-_uk\/\">ROBBIE COOPER <em>IMMERSION<\/em><\/a><\/h2>\n<p>Free access<\/p>\n<p class=\"titulo-horarios\">POZU SANTA B\u00c1RBARA (Mieres)<\/p>\n<p class=\"subtitulo-horarios\">AV INSTALLATION<\/p>\n<p>11.00 &#8211; 14.00 \/ 16:30 &#8211; 21:00 h.<\/p>\n<h2><a href=\"https:\/\/levfestival.com\/en\/pozu-santa-barbara-in-mieres-launches-the-installation-speculum-smack-art-collective\/\">SMACK. <em>SPECULUM<\/em><\/a><\/h2>\n<p class=\"titulo-horarios\">JARD\u00cdN BOT\u00c1NICO ATL\u00c1NTICO<\/p>\n<p class=\"subtitulo-horarios\">SILENT SOUND SESSIONS<\/p>\n<p>13:00 h.<\/p>\n<p style=\"color: #f55200\">Doors and delivery of wireless headphones<\/p>\n<p>14:00 h.<\/p>\n<h2><a href=\"https:\/\/levfestival.com\/25-gijon\/en\/lev-gijon\/mizu-_usa-carousel-productions-llc\/\">MIZU<\/a><\/h2>\n<p>15:10 h.<\/p>\n<h2><a href=\"https:\/\/levfestival.com\/25-gijon\/en\/lev-gijon\/dylan-henner\/\">DYLAN HENNER<\/a><\/h2>\n<\/div><\/div><\/section>\n<section class='av_tab_section av_tab_section av-m9hcvtx8-1-ddaccc491432ee9542d56389152b5116'  itemscope=\"itemscope\" itemtype=\"https:\/\/schema.org\/CreativeWork\" ><div class='tab' role='tab' tabindex='0' data-fake-id='#other-dates' aria-controls='other-dates-content'  itemprop=\"headline\" >OTHER DATES<\/div><div id='other-dates-content' class='tab_content' aria-hidden=\"true\"><div class='tab_inner_content invers-color'  itemprop=\"text\" ><p class=\"titulo-horarios\">CENTRO DE CULTURA ANTIGUO INSTITUTO<\/p>\n<p class=\"subtitulo-horarios\">AV INSTALLATION<\/p>\n<p>Monday to Friday: 17:30 \u2013 20:30 h.<br \/>\nSaturdays: 12:00 \u2013 14:00 \/ 17:30 \u2013 20:30 h.<br \/>\nSundays: 12:00 &#8211; 14:00 h.<\/p>\n<h2><a href=\"https:\/\/levfestival.com\/25-gijon\/en\/lev-gijon\/robbie-cooper-immersion-extended-version-_uk\/\"> ROBBIE COOPER <em>IMMERSION<\/em> <\/a><\/h2>\n<p>Available until May 18<\/p>\n<p class=\"titulo-horarios\">POZU SANTA B\u00c1RBARA (Mieres)<\/p>\n<p class=\"subtitulo-horarios\">AV INSTALLATION<\/p>\n<p>Wednesday, Thursday and Friday: 16:30 &#8211; 21:00 h.<br \/>\nSaturdays, Sundays and public holidays: 11:00 &#8211; 14:00 \/ 16:30 &#8211; 21:00 h. (Closed on June 24)<br \/>\nAvailable until July 13<\/p>\n<h2><a href=\"https:\/\/levfestival.com\/en\/pozu-santa-barbara-in-mieres-launches-the-installation-speculum-smack-art-collective\/\">SMACK. <em>SPECULUM<\/em><\/a><\/h2>\n<p>Free access<\/p>\n<\/div><\/div><\/section>\n<\/div>\n\n","protected":false},"excerpt":{"rendered":"","protected":false},"author":1,"featured_media":0,"parent":0,"menu_order":0,"comment_status":"closed","ping_status":"closed","template":"","meta":{"footnotes":""},"class_list":["post-892","page","type-page","status-publish","hentry"],"yoast_head":"<!-- This site is optimized with the Yoast SEO plugin v20.7 - https:\/\/yoast.com\/wordpress\/plugins\/seo\/ -->\n<title>Timetable - L.E.V. Festival 2025<\/title>\n<meta name=\"robots\" content=\"index, follow, max-snippet:-1, max-image-preview:large, max-video-preview:-1\" \/>\n<link rel=\"canonical\" href=\"https:\/\/levfestival.com\/25-gijon\/en\/timetable\/\" \/>\n<meta property=\"og:locale\" content=\"en_US\" \/>\n<meta property=\"og:type\" content=\"article\" \/>\n<meta property=\"og:title\" content=\"Timetable - L.E.V. Festival 2025\" \/>\n<meta property=\"og:url\" content=\"https:\/\/levfestival.com\/25-gijon\/en\/timetable\/\" \/>\n<meta property=\"og:site_name\" content=\"L.E.V. Festival 2025\" \/>\n<meta property=\"article:modified_time\" content=\"2025-04-28T08:52:41+00:00\" \/>\n<meta name=\"twitter:card\" content=\"summary_large_image\" \/>\n<meta name=\"twitter:label1\" content=\"Est. reading time\" \/>\n\t<meta name=\"twitter:data1\" content=\"4 minutes\" \/>\n<script type=\"application\/ld+json\" class=\"yoast-schema-graph\">{\"@context\":\"https:\/\/schema.org\",\"@graph\":[{\"@type\":\"WebPage\",\"@id\":\"https:\/\/levfestival.com\/25-gijon\/en\/timetable\/\",\"url\":\"https:\/\/levfestival.com\/25-gijon\/en\/timetable\/\",\"name\":\"Timetable - L.E.V. Festival 2025\",\"isPartOf\":{\"@id\":\"https:\/\/levfestival.com\/25-gijon\/#website\"},\"datePublished\":\"2025-02-01T17:47:01+00:00\",\"dateModified\":\"2025-04-28T08:52:41+00:00\",\"breadcrumb\":{\"@id\":\"https:\/\/levfestival.com\/25-gijon\/en\/timetable\/#breadcrumb\"},\"inLanguage\":\"en-US\",\"potentialAction\":[{\"@type\":\"ReadAction\",\"target\":[\"https:\/\/levfestival.com\/25-gijon\/en\/timetable\/\"]}]},{\"@type\":\"BreadcrumbList\",\"@id\":\"https:\/\/levfestival.com\/25-gijon\/en\/timetable\/#breadcrumb\",\"itemListElement\":[{\"@type\":\"ListItem\",\"position\":1,\"name\":\"Portada\",\"item\":\"https:\/\/levfestival.com\/25-gijon\/en\/home\/\"},{\"@type\":\"ListItem\",\"position\":2,\"name\":\"Timetable\"}]},{\"@type\":\"WebSite\",\"@id\":\"https:\/\/levfestival.com\/25-gijon\/#website\",\"url\":\"https:\/\/levfestival.com\/25-gijon\/\",\"name\":\"L.E.V. Festival 2025\",\"description\":\"\",\"potentialAction\":[{\"@type\":\"SearchAction\",\"target\":{\"@type\":\"EntryPoint\",\"urlTemplate\":\"https:\/\/levfestival.com\/25-gijon\/?s={search_term_string}\"},\"query-input\":\"required name=search_term_string\"}],\"inLanguage\":\"en-US\"}]}<\/script>\n<!-- \/ Yoast SEO plugin. -->","yoast_head_json":{"title":"Timetable - L.E.V. Festival 2025","robots":{"index":"index","follow":"follow","max-snippet":"max-snippet:-1","max-image-preview":"max-image-preview:large","max-video-preview":"max-video-preview:-1"},"canonical":"https:\/\/levfestival.com\/25-gijon\/en\/timetable\/","og_locale":"en_US","og_type":"article","og_title":"Timetable - L.E.V. Festival 2025","og_url":"https:\/\/levfestival.com\/25-gijon\/en\/timetable\/","og_site_name":"L.E.V. Festival 2025","article_modified_time":"2025-04-28T08:52:41+00:00","twitter_card":"summary_large_image","twitter_misc":{"Est. reading time":"4 minutes"},"schema":{"@context":"https:\/\/schema.org","@graph":[{"@type":"WebPage","@id":"https:\/\/levfestival.com\/25-gijon\/en\/timetable\/","url":"https:\/\/levfestival.com\/25-gijon\/en\/timetable\/","name":"Timetable - L.E.V. Festival 2025","isPartOf":{"@id":"https:\/\/levfestival.com\/25-gijon\/#website"},"datePublished":"2025-02-01T17:47:01+00:00","dateModified":"2025-04-28T08:52:41+00:00","breadcrumb":{"@id":"https:\/\/levfestival.com\/25-gijon\/en\/timetable\/#breadcrumb"},"inLanguage":"en-US","potentialAction":[{"@type":"ReadAction","target":["https:\/\/levfestival.com\/25-gijon\/en\/timetable\/"]}]},{"@type":"BreadcrumbList","@id":"https:\/\/levfestival.com\/25-gijon\/en\/timetable\/#breadcrumb","itemListElement":[{"@type":"ListItem","position":1,"name":"Portada","item":"https:\/\/levfestival.com\/25-gijon\/en\/home\/"},{"@type":"ListItem","position":2,"name":"Timetable"}]},{"@type":"WebSite","@id":"https:\/\/levfestival.com\/25-gijon\/#website","url":"https:\/\/levfestival.com\/25-gijon\/","name":"L.E.V. Festival 2025","description":"","potentialAction":[{"@type":"SearchAction","target":{"@type":"EntryPoint","urlTemplate":"https:\/\/levfestival.com\/25-gijon\/?s={search_term_string}"},"query-input":"required name=search_term_string"}],"inLanguage":"en-US"}]}},"_links":{"self":[{"href":"https:\/\/levfestival.com\/25-gijon\/en\/wp-json\/wp\/v2\/pages\/892","targetHints":{"allow":["GET"]}}],"collection":[{"href":"https:\/\/levfestival.com\/25-gijon\/en\/wp-json\/wp\/v2\/pages"}],"about":[{"href":"https:\/\/levfestival.com\/25-gijon\/en\/wp-json\/wp\/v2\/types\/page"}],"author":[{"embeddable":true,"href":"https:\/\/levfestival.com\/25-gijon\/en\/wp-json\/wp\/v2\/users\/1"}],"replies":[{"embeddable":true,"href":"https:\/\/levfestival.com\/25-gijon\/en\/wp-json\/wp\/v2\/comments?post=892"}],"version-history":[{"count":15,"href":"https:\/\/levfestival.com\/25-gijon\/en\/wp-json\/wp\/v2\/pages\/892\/revisions"}],"predecessor-version":[{"id":1163,"href":"https:\/\/levfestival.com\/25-gijon\/en\/wp-json\/wp\/v2\/pages\/892\/revisions\/1163"}],"wp:attachment":[{"href":"https:\/\/levfestival.com\/25-gijon\/en\/wp-json\/wp\/v2\/media?parent=892"}],"curies":[{"name":"wp","href":"https:\/\/api.w.org\/{rel}","templated":true}]}}