{"id":2,"date":"2024-07-18T16:04:24","date_gmt":"2024-07-18T14:04:24","guid":{"rendered":"https:\/\/levfestival.com\/24-matadero\/?page_id=2"},"modified":"2025-09-18T20:14:32","modified_gmt":"2025-09-18T18:14:32","slug":"como-llegar","status":"publish","type":"page","link":"https:\/\/levfestival.com\/25-matadero\/como-llegar\/","title":{"rendered":"C\u00f3mo llegar"},"content":{"rendered":"\n<style type=\"text\/css\" data-created_by=\"avia_inline_auto\" id=\"style-css-av-4pdk-07e11e89c586e1291197be9d11190fcd\">\n.avia-section.av-4pdk-07e11e89c586e1291197be9d11190fcd{\nbackground-color:#1d1d1b;\nbackground-image:unset;\n}\n<\/style>\n<div id='av_section_1'  class='avia-section av-4pdk-07e11e89c586e1291197be9d11190fcd main_color avia-section-default avia-no-border-styling  avia-builder-el-0  el_before_av_section  avia-builder-el-first  avia-bg-style-scroll av-minimum-height av-minimum-height-custom  container_wrap fullsize'   data-av_minimum_height_px='280'><div class='container av-section-cont-open' style='height:280px'><main  role=\"main\" itemprop=\"mainContentOfPage\"  class='template-page content  av-content-full alpha units'><div class='post-entry post-entry-type-page post-entry-2'><div class='entry-content-wrapper clearfix'>\n<div  class='avia-slideshow av-lyx2b7ty-30af9d5292f4b5671a00b174dcf29e34 avia-slideshow-no scaling av_slideshow avia-slide-slider  avia-builder-el-1  el_before_av_one_half  avia-builder-el-first  av-slideshow-ui av-control-default av-slideshow-manual av-loop-once av-loop-manual-endless av-default-height-applied avia-slideshow-1' data-slideshow-options=\"{&quot;animation&quot;:&quot;slide&quot;,&quot;autoplay&quot;:false,&quot;loop_autoplay&quot;:&quot;once&quot;,&quot;interval&quot;:5,&quot;loop_manual&quot;:&quot;manual-endless&quot;,&quot;autoplay_stopper&quot;:false,&quot;noNavigation&quot;:false,&quot;bg_slider&quot;:false,&quot;keep_padding&quot;:false,&quot;hoverpause&quot;:false,&quot;show_slide_delay&quot;:0}\"  itemprop=\"image\" itemscope=\"itemscope\" itemtype=\"https:\/\/schema.org\/ImageObject\" ><ul class='avia-slideshow-inner ' style='padding-bottom: 50%;'><li  class='avia-slideshow-slide av-lyx2b7ty-30af9d5292f4b5671a00b174dcf29e34__0  av-single-slide slide-1 slide-odd'><div data-rel='slideshow-1' class='avia-slide-wrap '   ><img decoding=\"async\" class=\"wp-image-386 avia-img-lazy-loading-not-386\"  src=\"https:\/\/levfestival.com\/25-matadero\/wp-content\/uploads\/sites\/18\/2024\/07\/LEV2019Matadero_Deposito.jpg\" width=\"1200\" height=\"600\" title='LEV2019Matadero_Deposito' alt=''  itemprop=\"thumbnailUrl\" srcset=\"https:\/\/levfestival.com\/25-matadero\/wp-content\/uploads\/sites\/18\/2024\/07\/LEV2019Matadero_Deposito.jpg 1200w, https:\/\/levfestival.com\/25-matadero\/wp-content\/uploads\/sites\/18\/2024\/07\/LEV2019Matadero_Deposito-300x150.jpg 300w, https:\/\/levfestival.com\/25-matadero\/wp-content\/uploads\/sites\/18\/2024\/07\/LEV2019Matadero_Deposito-1030x515.jpg 1030w, https:\/\/levfestival.com\/25-matadero\/wp-content\/uploads\/sites\/18\/2024\/07\/LEV2019Matadero_Deposito-768x384.jpg 768w, https:\/\/levfestival.com\/25-matadero\/wp-content\/uploads\/sites\/18\/2024\/07\/LEV2019Matadero_Deposito-705x353.jpg 705w\" sizes=\"(max-width: 1200px) 100vw, 1200px\" \/><\/div><\/li><\/ul><\/div>\n\n<style type=\"text\/css\" data-created_by=\"avia_inline_auto\" id=\"style-css-av-16j3s-4af2bd685db6fdec398e2a2e2d383586\">\n.flex_column.av-16j3s-4af2bd685db6fdec398e2a2e2d383586{\nwidth:47.5%;\n-webkit-border-radius:0px 0px 0px 0px;\n-moz-border-radius:0px 0px 0px 0px;\nborder-radius:0px 0px 0px 0px;\npadding:0px 0px 0px 0px;\n}\n<\/style>\n<div class='flex_column av-16j3s-4af2bd685db6fdec398e2a2e2d383586 av_one_half  avia-builder-el-2  el_after_av_slideshow  el_before_av_one_half  first flex_column_div av-zero-column-padding '     ><style type=\"text\/css\" data-created_by=\"avia_inline_auto\" id=\"style-css-av-3ygy-98294fa97df3a1900bfe1c638be03738\">\n#top .av_textblock_section.av-3ygy-98294fa97df3a1900bfe1c638be03738 .avia_textblock{\ncolor:#ffffff;\n}\n<\/style>\n<section  class='av_textblock_section av-3ygy-98294fa97df3a1900bfe1c638be03738'  itemscope=\"itemscope\" itemtype=\"https:\/\/schema.org\/CreativeWork\" ><div class='avia_textblock av_inherit_color'  itemprop=\"text\" ><p style=\"text-align: justify;\"><strong>L.E.V. Matadero<\/strong> tiene lugar en el centro de <strong>creaci\u00f3n contempor\u00e1nea <a href=\"https:\/\/www.mataderomadrid.org\" target=\"_blank\" rel=\"noopener\">Matadero Madrid<\/a><\/strong>. Promovido por el \u00c1rea de Gobierno de Cultura y Deportes del Ayuntamiento de Madrid, Matadero abri\u00f3 sus puertas al p\u00fablico en 2007. Situado en el antiguo matadero y mercado de ganados de la ciudad, es un recinto de gran valor patrimonial y arquitect\u00f3nico, de enorme personalidad y referente ciudadano.<\/p>\n<\/div><\/section><\/div>\n<style type=\"text\/css\" data-created_by=\"avia_inline_auto\" id=\"style-css-av-11r7g-bf91da2e5e2a93c9bd4c9a3219ec70df\">\n.flex_column.av-11r7g-bf91da2e5e2a93c9bd4c9a3219ec70df{\nwidth:47.5%;\nmargin-left:5%;\n-webkit-border-radius:0px 0px 0px 0px;\n-moz-border-radius:0px 0px 0px 0px;\nborder-radius:0px 0px 0px 0px;\npadding:0px 0px 0px 0px;\n}\n<\/style>\n<div class='flex_column av-11r7g-bf91da2e5e2a93c9bd4c9a3219ec70df av_one_half  avia-builder-el-4  el_after_av_one_half  el_before_av_hr  flex_column_div av-zero-column-padding '     ><style type=\"text\/css\" data-created_by=\"avia_inline_auto\" id=\"style-css-av-109hk-6823ace88242eee752e7c60588a50310\">\n#top .av_textblock_section.av-109hk-6823ace88242eee752e7c60588a50310 .avia_textblock{\ncolor:#ffffff;\n}\n<\/style>\n<section  class='av_textblock_section av-109hk-6823ace88242eee752e7c60588a50310'  itemscope=\"itemscope\" itemtype=\"https:\/\/schema.org\/CreativeWork\" ><div class='avia_textblock av_inherit_color'  itemprop=\"text\" ><p style=\"text-align: justify;\"><strong>Matadero Madrid<\/strong> es un centro para la creaci\u00f3n y producci\u00f3n cultural en el que se dan cita todas las formas de investigaci\u00f3n y expresi\u00f3n art\u00edsticas contempor\u00e1neas: las artes visuales, esc\u00e9nicas y performativas, el dise\u00f1o, la literatura, la cultura digital, la arquitectura, y otras muchas pr\u00e1cticas creativas.<\/p>\n<\/div><\/section><\/div>\n<style type=\"text\/css\" data-created_by=\"avia_inline_auto\" id=\"style-css-av-wh1c-8447b781ac7535ed4db1c6f704cc6f59\">\n#top .hr.hr-invisible.av-wh1c-8447b781ac7535ed4db1c6f704cc6f59{\nheight:50px;\n}\n<\/style>\n<div  class='hr av-wh1c-8447b781ac7535ed4db1c6f704cc6f59 hr-invisible  avia-builder-el-6  el_after_av_one_half  el_before_av_heading '><span class='hr-inner '><span class=\"hr-inner-style\"><\/span><\/span><\/div>\n\n<style type=\"text\/css\" data-created_by=\"avia_inline_auto\" id=\"style-css-av-vjhk-2ed35de05fed7726f8be5e66592fa6c5\">\n#top .av-special-heading.av-vjhk-2ed35de05fed7726f8be5e66592fa6c5{\npadding-bottom:10px;\ncolor:#ffffff;\n}\nbody .av-special-heading.av-vjhk-2ed35de05fed7726f8be5e66592fa6c5 .av-special-heading-tag .heading-char{\nfont-size:25px;\n}\n.av-special-heading.av-vjhk-2ed35de05fed7726f8be5e66592fa6c5 .special-heading-inner-border{\nborder-color:#ffffff;\n}\n.av-special-heading.av-vjhk-2ed35de05fed7726f8be5e66592fa6c5 .av-subheading{\nfont-size:15px;\n}\n<\/style>\n<div  class='av-special-heading av-vjhk-2ed35de05fed7726f8be5e66592fa6c5 av-special-heading-h1 custom-color-heading blockquote modern-quote  avia-builder-el-7  el_after_av_hr  el_before_av_hr '><h1 class='av-special-heading-tag'  itemprop=\"headline\"  >C\u00f3mo llegar<\/h1><div class=\"special-heading-border\"><div class=\"special-heading-inner-border\"><\/div><\/div><\/div>\n\n<style type=\"text\/css\" data-created_by=\"avia_inline_auto\" id=\"style-css-av-si7o-652f5bf613aa0389b5fdf22d62fb4893\">\n#top .hr.hr-invisible.av-si7o-652f5bf613aa0389b5fdf22d62fb4893{\nheight:50px;\n}\n<\/style>\n<div  class='hr av-si7o-652f5bf613aa0389b5fdf22d62fb4893 hr-invisible  avia-builder-el-8  el_after_av_heading  el_before_av_one_half '><span class='hr-inner '><span class=\"hr-inner-style\"><\/span><\/span><\/div>\n<div class='flex_column_table av-r6po-547775ae0f8e43106446a3a2b50f49de sc-av_one_half av-equal-height-column-flextable'>\n<style type=\"text\/css\" data-created_by=\"avia_inline_auto\" id=\"style-css-av-r6po-547775ae0f8e43106446a3a2b50f49de\">\n.flex_column.av-r6po-547775ae0f8e43106446a3a2b50f49de{\nwidth:47.5%;\nmargin-left:0;\n-webkit-border-radius:0px 0px 0px 0px;\n-moz-border-radius:0px 0px 0px 0px;\nborder-radius:0px 0px 0px 0px;\npadding:0px 0px 0px 0px;\n}\n#top .flex_column_table.av-equal-height-column-flextable.av-r6po-547775ae0f8e43106446a3a2b50f49de .av-flex-placeholder{\nwidth:5%;\n}\n<\/style>\n<div class='flex_column av-r6po-547775ae0f8e43106446a3a2b50f49de av_one_half  avia-builder-el-9  el_after_av_hr  el_before_av_one_half  first flex_column_table_cell av-equal-height-column av-align-middle av-zero-column-padding '     ><style type=\"text\/css\" data-created_by=\"avia_inline_auto\" id=\"style-css-av-pht6-321b9cf54fac232830c21f64647a3b4c\">\n#top .av_textblock_section.av-pht6-321b9cf54fac232830c21f64647a3b4c .avia_textblock{\ncolor:#ffffff;\n}\n<\/style>\n<section  class='av_textblock_section av-pht6-321b9cf54fac232830c21f64647a3b4c'  itemscope=\"itemscope\" itemtype=\"https:\/\/schema.org\/CreativeWork\" ><div class='avia_textblock av_inherit_color'  itemprop=\"text\" ><p><strong>ACCESOS<\/strong><\/p>\n<p><strong>Matadero Madrid. Centro de Creaci\u00f3n Contempor\u00e1nea<\/strong><br \/>\nPaseo de la Chopera 14 \/ Plaza de Legazpi 8<\/p>\n<p>Metro: Legazpi (l\u00edneas 3 y 6)<br \/>\nAutobuses EMT: 6, 8, 18, 19, 45, 78 y 148<br \/>\nCercan\u00edas: Embajadores (m\u00e1s cercano a 1,3 kil\u00f3metros) y Pir\u00e1mides.<\/p>\n<\/div><\/section><\/div><div class='av-flex-placeholder'><\/div>\n<style type=\"text\/css\" data-created_by=\"avia_inline_auto\" id=\"style-css-av-njge-d2c5c74fe926cc28bfd4d864cdc1d9f2\">\n.flex_column.av-njge-d2c5c74fe926cc28bfd4d864cdc1d9f2{\nwidth:47.5%;\nmargin-left:0;\n-webkit-border-radius:0px 0px 0px 0px;\n-moz-border-radius:0px 0px 0px 0px;\nborder-radius:0px 0px 0px 0px;\npadding:0px 0px 0px 0px;\n}\n#top .flex_column_table.av-equal-height-column-flextable.av-njge-d2c5c74fe926cc28bfd4d864cdc1d9f2 .av-flex-placeholder{\nwidth:5%;\n}\n<\/style>\n<div class='flex_column av-njge-d2c5c74fe926cc28bfd4d864cdc1d9f2 av_one_half  avia-builder-el-11  el_after_av_one_half  el_before_av_one_half  flex_column_table_cell av-equal-height-column av-align-middle av-zero-column-padding '     ><\/div><\/div><!--close column table wrapper. Autoclose: 1 --><div class='flex_column av-lemu-04e9eae45f16d2ef32e920273f2c0c03 av_one_half  avia-builder-el-12  el_after_av_one_half  avia-builder-el-last  first flex_column_div column-top-margin'     ><p>\n<style type=\"text\/css\" data-created_by=\"avia_inline_auto\" id=\"style-css-av-i0e0-6cd7789144a62583afa4650ea93fb0c2\">\n#top .hr.hr-invisible.av-i0e0-6cd7789144a62583afa4650ea93fb0c2{\nheight:80px;\n}\n<\/style>\n<div  class='hr av-i0e0-6cd7789144a62583afa4650ea93fb0c2 hr-invisible  avia-builder-el-13  el_before_av_heading  avia-builder-el-first '><span class='hr-inner '><span class=\"hr-inner-style\"><\/span><\/span><\/div><br \/>\n\n<style type=\"text\/css\" data-created_by=\"avia_inline_auto\" id=\"style-css-av-gdw6-3a4ee6768b0f2c3ed14479be674fff57\">\n#top .av-special-heading.av-gdw6-3a4ee6768b0f2c3ed14479be674fff57{\npadding-bottom:10px;\ncolor:#ffffff;\n}\nbody .av-special-heading.av-gdw6-3a4ee6768b0f2c3ed14479be674fff57 .av-special-heading-tag .heading-char{\nfont-size:25px;\n}\n.av-special-heading.av-gdw6-3a4ee6768b0f2c3ed14479be674fff57 .special-heading-inner-border{\nborder-color:#ffffff;\n}\n.av-special-heading.av-gdw6-3a4ee6768b0f2c3ed14479be674fff57 .av-subheading{\nfont-size:15px;\n}\n<\/style>\n<div  class='av-special-heading av-gdw6-3a4ee6768b0f2c3ed14479be674fff57 av-special-heading-h1 custom-color-heading blockquote modern-quote  avia-builder-el-14  el_after_av_hr  avia-builder-el-last '><h1 class='av-special-heading-tag'  itemprop=\"headline\"  >Plano espacios L.E.V. Matadero<\/h1><div class=\"special-heading-border\"><div class=\"special-heading-inner-border\"><\/div><\/div><\/div><\/p><\/div>\n\n<\/div><\/div><\/main><!-- close content main element --><\/div><\/div><div id='av_section_2'  class='avia-section av-mflbehfh-549e7a7207307887b61945e50ac2edbc main_color avia-section-default avia-no-border-styling  avia-builder-el-15  el_after_av_section  avia-builder-el-last  plano-espacios avia-bg-style-scroll container_wrap fullsize'  ><div class='container av-section-cont-open' ><div class='template-page content  av-content-full alpha units'><div class='post-entry post-entry-type-page post-entry-2'><div class='entry-content-wrapper clearfix'>\n<div class='flex_column_table av-bxy4-fe8eb4bd9420f3059db7a82482ab21c9 sc-av_three_fifth av-equal-height-column-flextable'>\n<style type=\"text\/css\" data-created_by=\"avia_inline_auto\" id=\"style-css-av-bxy4-fe8eb4bd9420f3059db7a82482ab21c9\">\n.flex_column.av-bxy4-fe8eb4bd9420f3059db7a82482ab21c9{\nwidth:59.2%;\nmargin-left:0;\n-webkit-border-radius:0px 0px 0px 0px;\n-moz-border-radius:0px 0px 0px 0px;\nborder-radius:0px 0px 0px 0px;\npadding:0px 20px 0px 0px;\n}\n#top .flex_column_table.av-equal-height-column-flextable.av-bxy4-fe8eb4bd9420f3059db7a82482ab21c9 .av-flex-placeholder{\nwidth:2%;\n}\n\n@media only screen and (max-width: 479px){ \n.flex_column.av-bxy4-fe8eb4bd9420f3059db7a82482ab21c9{\npadding:0 0 0 0;\n}\n}\n<\/style>\n<div class='flex_column av-bxy4-fe8eb4bd9420f3059db7a82482ab21c9 av_three_fifth  avia-builder-el-16  el_before_av_two_fifth  avia-builder-el-first  first flex_column_table_cell av-equal-height-column av-align-top '     ><style type=\"text\/css\" data-created_by=\"avia_inline_auto\" id=\"style-css-av-m14r98gv-71a6d793fd8385e181eb40cf4623fd81\">\n.avia-image-container.av-m14r98gv-71a6d793fd8385e181eb40cf4623fd81 img.avia_image{\nbox-shadow:none;\n}\n.avia-image-container.av-m14r98gv-71a6d793fd8385e181eb40cf4623fd81 .av-image-caption-overlay-center{\ncolor:#ffffff;\n}\n<\/style>\n<div  class='avia-image-container av-m14r98gv-71a6d793fd8385e181eb40cf4623fd81 av-styling- avia-align-center  avia-builder-el-17  avia-builder-el-no-sibling '   itemprop=\"image\" itemscope=\"itemscope\" itemtype=\"https:\/\/schema.org\/ImageObject\" ><div class=\"avia-image-container-inner\"><div class=\"avia-image-overlay-wrap\"><img decoding=\"async\" class='wp-image-1838 avia-img-lazy-loading-not-1838 avia_image ' src=\"https:\/\/levfestival.com\/25-matadero\/wp-content\/uploads\/sites\/18\/2025\/09\/plano-matadero225-3.png\" alt='' title='plano-matadero225-3'  height=\"701\" width=\"1017\"  itemprop=\"thumbnailUrl\" srcset=\"https:\/\/levfestival.com\/25-matadero\/wp-content\/uploads\/sites\/18\/2025\/09\/plano-matadero225-3.png 1017w, https:\/\/levfestival.com\/25-matadero\/wp-content\/uploads\/sites\/18\/2025\/09\/plano-matadero225-3-300x207.png 300w, https:\/\/levfestival.com\/25-matadero\/wp-content\/uploads\/sites\/18\/2025\/09\/plano-matadero225-3-768x529.png 768w, https:\/\/levfestival.com\/25-matadero\/wp-content\/uploads\/sites\/18\/2025\/09\/plano-matadero225-3-705x486.png 705w\" sizes=\"(max-width: 1017px) 100vw, 1017px\" \/><\/div><\/div><\/div><\/div><div class='av-flex-placeholder'><\/div>\n<style type=\"text\/css\" data-created_by=\"avia_inline_auto\" id=\"style-css-av-74jw-3d0bd89aef76a4175a49636cb14f7b7d\">\n.flex_column.av-74jw-3d0bd89aef76a4175a49636cb14f7b7d{\nwidth:38.8%;\nmargin-left:0;\n-webkit-border-radius:0px 0px 0px 0px;\n-moz-border-radius:0px 0px 0px 0px;\nborder-radius:0px 0px 0px 0px;\npadding:0px 0px 0px 0px;\n}\n#top .flex_column_table.av-equal-height-column-flextable.av-74jw-3d0bd89aef76a4175a49636cb14f7b7d .av-flex-placeholder{\nwidth:2%;\n}\n<\/style>\n<div class='flex_column av-74jw-3d0bd89aef76a4175a49636cb14f7b7d av_two_fifth  avia-builder-el-18  el_after_av_three_fifth  avia-builder-el-last  flex_column_table_cell av-equal-height-column av-align-top av-zero-column-padding '     ><p>\n<style type=\"text\/css\" data-created_by=\"avia_inline_auto\" id=\"style-css-av-mflavnob-d28eb13f71aae0a8d591c57c7de64c38\">\n#top .hr.hr-invisible.av-mflavnob-d28eb13f71aae0a8d591c57c7de64c38{\nheight:20px;\n}\n<\/style>\n<div  class='hr av-mflavnob-d28eb13f71aae0a8d591c57c7de64c38 hr-invisible  avia-builder-el-19  el_before_av_textblock  avia-builder-el-first '><span class='hr-inner '><span class=\"hr-inner-style\"><\/span><\/span><\/div><br \/>\n\n<style type=\"text\/css\" data-created_by=\"avia_inline_auto\" id=\"style-css-av-5l60-e03358066b7d80ad7d34b7b76676879f\">\n#top .av_textblock_section.av-5l60-e03358066b7d80ad7d34b7b76676879f .avia_textblock{\nfont-size:18px;\ncolor:#ffc800;\n}\n<\/style>\n<section  class='av_textblock_section av-5l60-e03358066b7d80ad7d34b7b76676879f'  itemscope=\"itemscope\" itemtype=\"https:\/\/schema.org\/CreativeWork\" ><div class='avia_textblock av_inherit_color'  itemprop=\"text\" ><div class=\"cl-cols\">\n<div class=\"cl-col-izq\">\n<p><img loading=\"lazy\" decoding=\"async\" class=\"alignnone size-full wp-image-1748\" style=\"margin-bottom: -3px;\" src=\"https:\/\/levfestival.com\/25-matadero\/wp-content\/uploads\/sites\/18\/2025\/09\/plano-i.png\" alt=\"\" width=\"21\" height=\"21\" \/> Punto Informaci\u00f3n<\/p>\n<p><img loading=\"lazy\" decoding=\"async\" class=\"alignnone size-full wp-image-1752\" style=\"margin-bottom: -3px;\" src=\"https:\/\/levfestival.com\/25-matadero\/wp-content\/uploads\/sites\/18\/2025\/09\/plano-dot.png\" alt=\"\" width=\"21\" height=\"21\" \/> Taquilla<\/p>\n<p style=\"display: grid; grid-template-columns: 21px 1fr; grid-template-rows: 1fr 1fr; column-gap: 5px;\"><span style=\"width: 21px; text-align: center;\">1<\/span>Taller<br \/>\n<strong style=\"grid-row: 2; grid-column: 2;\">VRTX: Noire<\/strong><\/p>\n<p style=\"display: grid; grid-template-columns: 21px 1fr; grid-template-rows: 21px 1fr; column-gap: 5px;\"><span style=\"width: 21px; text-align: center;\">2<\/span>Plat\u00f3 de Cineteca <strong style=\"grid-row: 2; grid-column: 2;\">Instalaci\u00f3n AV: Drift Lattice<\/strong><\/p>\n<p style=\"display: grid; grid-template-columns: 21px 1fr; grid-template-rows: 1fr 1fr; column-gap: 5px;\"><span style=\"width: 21px; text-align: center;\">3<\/span>Central de Dise\u00f1o<br \/>\n<strong style=\"grid-row: 2; grid-column: 2;\">VRTX: *****2025\/&#8230;<\/strong><br \/>\n<strong style=\"grid-row: 3; grid-column: 2;\">Uncanney Alley<\/strong><\/p>\n<p style=\"display: grid; grid-template-columns: 21px 1fr; grid-template-rows: 1fr 1fr; column-gap: 5px;\"><span style=\"width: 21px; text-align: center;\">4<\/span>Nave 0<br \/>\n<strong style=\"grid-row: 2; grid-column: 2;\">VRTX: Impulse<\/strong><br \/>\n<strong style=\"grid-row: 3; grid-column: 2;\">The Sutherland Test<\/strong><\/p>\n<\/div>\n<div class=\"cl-col-der\">\n<p style=\"display: grid; grid-template-columns: 21px 1fr; grid-template-rows: 21px 1fr; column-gap: 5px;\"><span style=\"width: 21px; text-align: center;\">5<\/span>Nave 10<br \/>\n<strong style=\"grid-row: 2; grid-column: 2;\">Directos y Performances AV<\/strong><\/p>\n<p style=\"display: grid; grid-template-columns: 21px 1fr; grid-template-rows: 21px1fr; column-gap: 5px;\"><span style=\"width: 21px; text-align: center;\">6<\/span>Nave Una<br \/>\n<strong style=\"grid-row: 2; grid-column: 2;\">Ciudad Aumentada: Fortune Teller<\/strong><br \/>\n<strong style=\"grid-row: 3; grid-column: 2;\">Instalaci\u00f3n AV: Liminal<\/strong><\/p>\n<p style=\"display: grid; grid-template-columns: 21px 1fr; grid-template-rows: 21px 1fr; column-gap: 5px;\"><span style=\"width: 21px; text-align: center;\">7<\/span>Plaza Matadero<br \/>\n<strong style=\"grid-row: 2; grid-column: 2;\">Silent Sound Sessions<\/strong><\/p>\n<p><img loading=\"lazy\" decoding=\"async\" class=\"alignnone size-full wp-image-1754\" style=\"margin-bottom: -3px;\" src=\"https:\/\/levfestival.com\/25-matadero\/wp-content\/uploads\/sites\/18\/2025\/09\/plano-a.png\" alt=\"\" width=\"21\" height=\"21\" \/> Puntos de acceso<\/p>\n<\/div>\n<\/div>\n<\/div><\/section><br \/>\n\n<style type=\"text\/css\" data-created_by=\"avia_inline_auto\" id=\"style-css-av-mfpqcutg-c2b05aa9c83c81f0a131322052d31f7e\">\n#top .av_textblock_section.av-mfpqcutg-c2b05aa9c83c81f0a131322052d31f7e .avia_textblock{\nfont-size:14px;\ncolor:#ffc800;\n}\n<\/style>\n<section  class='av_textblock_section av-mfpqcutg-c2b05aa9c83c81f0a131322052d31f7e'  itemscope=\"itemscope\" itemtype=\"https:\/\/schema.org\/CreativeWork\" ><div class='avia_textblock texto-col-map av_inherit_color'  itemprop=\"text\" ><div style=\"display: grid; grid-template-columns: 30px 1fr;\"><img loading=\"lazy\" decoding=\"async\" class=\"alignnone wp-image-1840\" src=\"https:\/\/levfestival.com\/25-matadero\/wp-content\/uploads\/sites\/18\/2025\/09\/meeting-point.png\" alt=\"\" width=\"21\" height=\"21\" \/> LEV Matadero habilita un punto de encuentro ubicado en Plaza Matadero, junto a la Nave 12, con \u00fanico acceso desde el vial de Matadero, en el que se servir\u00e1n bebidas y snacks.<br \/>\nHorario:<br \/>\nJueves y viernes: de 18h a 22:30h.<br \/>\nS\u00e1bado y domingo: de 12h a 15h y de 18h a 22:30h<\/div>\n<\/div><\/section><\/p><\/div><\/div><!--close column table wrapper. Autoclose: 1 -->\n","protected":false},"excerpt":{"rendered":"","protected":false},"author":1,"featured_media":0,"parent":0,"menu_order":0,"comment_status":"closed","ping_status":"closed","template":"","meta":{"footnotes":""},"class_list":["post-2","page","type-page","status-publish","hentry"],"yoast_head":"<!-- This site is optimized with the Yoast SEO plugin v20.7 - https:\/\/yoast.com\/wordpress\/plugins\/seo\/ -->\n<title>C\u00f3mo llegar - L.E.V. Matadero 2025<\/title>\n<meta name=\"robots\" content=\"index, follow, max-snippet:-1, max-image-preview:large, max-video-preview:-1\" \/>\n<link rel=\"canonical\" href=\"https:\/\/levfestival.com\/25-matadero\/como-llegar\/\" \/>\n<meta property=\"og:locale\" content=\"es_ES\" \/>\n<meta property=\"og:type\" content=\"article\" \/>\n<meta property=\"og:title\" content=\"C\u00f3mo llegar - L.E.V. Matadero 2025\" \/>\n<meta property=\"og:url\" content=\"https:\/\/levfestival.com\/25-matadero\/como-llegar\/\" \/>\n<meta property=\"og:site_name\" content=\"L.E.V. Matadero 2025\" \/>\n<meta property=\"article:modified_time\" content=\"2025-09-18T18:14:32+00:00\" \/>\n<meta property=\"og:image\" content=\"https:\/\/levfestival.com\/25-matadero\/wp-content\/uploads\/sites\/18\/2025\/09\/plano-i.png\" \/>\n<meta name=\"twitter:card\" content=\"summary_large_image\" \/>\n<meta name=\"twitter:label1\" content=\"Tiempo de lectura\" \/>\n\t<meta name=\"twitter:data1\" content=\"7 minutos\" \/>\n<script type=\"application\/ld+json\" class=\"yoast-schema-graph\">{\"@context\":\"https:\/\/schema.org\",\"@graph\":[{\"@type\":\"WebPage\",\"@id\":\"https:\/\/levfestival.com\/25-matadero\/como-llegar\/\",\"url\":\"https:\/\/levfestival.com\/25-matadero\/como-llegar\/\",\"name\":\"C\u00f3mo llegar - L.E.V. Matadero 2025\",\"isPartOf\":{\"@id\":\"https:\/\/levfestival.com\/25-matadero\/#website\"},\"datePublished\":\"2024-07-18T14:04:24+00:00\",\"dateModified\":\"2025-09-18T18:14:32+00:00\",\"breadcrumb\":{\"@id\":\"https:\/\/levfestival.com\/25-matadero\/como-llegar\/#breadcrumb\"},\"inLanguage\":\"es\",\"potentialAction\":[{\"@type\":\"ReadAction\",\"target\":[\"https:\/\/levfestival.com\/25-matadero\/como-llegar\/\"]}]},{\"@type\":\"BreadcrumbList\",\"@id\":\"https:\/\/levfestival.com\/25-matadero\/como-llegar\/#breadcrumb\",\"itemListElement\":[{\"@type\":\"ListItem\",\"position\":1,\"name\":\"Portada\",\"item\":\"https:\/\/levfestival.com\/25-matadero\/home\/\"},{\"@type\":\"ListItem\",\"position\":2,\"name\":\"C\u00f3mo llegar\"}]},{\"@type\":\"WebSite\",\"@id\":\"https:\/\/levfestival.com\/25-matadero\/#website\",\"url\":\"https:\/\/levfestival.com\/25-matadero\/\",\"name\":\"L.E.V. Matadero 2025\",\"description\":\"Festival de electr\u00f3nica visual y realidades extendidas\",\"potentialAction\":[{\"@type\":\"SearchAction\",\"target\":{\"@type\":\"EntryPoint\",\"urlTemplate\":\"https:\/\/levfestival.com\/25-matadero\/?s={search_term_string}\"},\"query-input\":\"required name=search_term_string\"}],\"inLanguage\":\"es\"}]}<\/script>\n<!-- \/ Yoast SEO plugin. -->","yoast_head_json":{"title":"C\u00f3mo llegar - L.E.V. Matadero 2025","robots":{"index":"index","follow":"follow","max-snippet":"max-snippet:-1","max-image-preview":"max-image-preview:large","max-video-preview":"max-video-preview:-1"},"canonical":"https:\/\/levfestival.com\/25-matadero\/como-llegar\/","og_locale":"es_ES","og_type":"article","og_title":"C\u00f3mo llegar - L.E.V. Matadero 2025","og_url":"https:\/\/levfestival.com\/25-matadero\/como-llegar\/","og_site_name":"L.E.V. Matadero 2025","article_modified_time":"2025-09-18T18:14:32+00:00","og_image":[{"url":"https:\/\/levfestival.com\/25-matadero\/wp-content\/uploads\/sites\/18\/2025\/09\/plano-i.png"}],"twitter_card":"summary_large_image","twitter_misc":{"Tiempo de lectura":"7 minutos"},"schema":{"@context":"https:\/\/schema.org","@graph":[{"@type":"WebPage","@id":"https:\/\/levfestival.com\/25-matadero\/como-llegar\/","url":"https:\/\/levfestival.com\/25-matadero\/como-llegar\/","name":"C\u00f3mo llegar - L.E.V. Matadero 2025","isPartOf":{"@id":"https:\/\/levfestival.com\/25-matadero\/#website"},"datePublished":"2024-07-18T14:04:24+00:00","dateModified":"2025-09-18T18:14:32+00:00","breadcrumb":{"@id":"https:\/\/levfestival.com\/25-matadero\/como-llegar\/#breadcrumb"},"inLanguage":"es","potentialAction":[{"@type":"ReadAction","target":["https:\/\/levfestival.com\/25-matadero\/como-llegar\/"]}]},{"@type":"BreadcrumbList","@id":"https:\/\/levfestival.com\/25-matadero\/como-llegar\/#breadcrumb","itemListElement":[{"@type":"ListItem","position":1,"name":"Portada","item":"https:\/\/levfestival.com\/25-matadero\/home\/"},{"@type":"ListItem","position":2,"name":"C\u00f3mo llegar"}]},{"@type":"WebSite","@id":"https:\/\/levfestival.com\/25-matadero\/#website","url":"https:\/\/levfestival.com\/25-matadero\/","name":"L.E.V. Matadero 2025","description":"Festival de electr\u00f3nica visual y realidades extendidas","potentialAction":[{"@type":"SearchAction","target":{"@type":"EntryPoint","urlTemplate":"https:\/\/levfestival.com\/25-matadero\/?s={search_term_string}"},"query-input":"required name=search_term_string"}],"inLanguage":"es"}]}},"_links":{"self":[{"href":"https:\/\/levfestival.com\/25-matadero\/wp-json\/wp\/v2\/pages\/2","targetHints":{"allow":["GET"]}}],"collection":[{"href":"https:\/\/levfestival.com\/25-matadero\/wp-json\/wp\/v2\/pages"}],"about":[{"href":"https:\/\/levfestival.com\/25-matadero\/wp-json\/wp\/v2\/types\/page"}],"author":[{"embeddable":true,"href":"https:\/\/levfestival.com\/25-matadero\/wp-json\/wp\/v2\/users\/1"}],"replies":[{"embeddable":true,"href":"https:\/\/levfestival.com\/25-matadero\/wp-json\/wp\/v2\/comments?post=2"}],"version-history":[{"count":27,"href":"https:\/\/levfestival.com\/25-matadero\/wp-json\/wp\/v2\/pages\/2\/revisions"}],"predecessor-version":[{"id":1849,"href":"https:\/\/levfestival.com\/25-matadero\/wp-json\/wp\/v2\/pages\/2\/revisions\/1849"}],"wp:attachment":[{"href":"https:\/\/levfestival.com\/25-matadero\/wp-json\/wp\/v2\/media?parent=2"}],"curies":[{"name":"wp","href":"https:\/\/api.w.org\/{rel}","templated":true}]}}