{"id":24,"date":"2024-07-19T12:08:34","date_gmt":"2024-07-19T10:08:34","guid":{"rendered":"https:\/\/levfestival.com\/24-matadero\/?page_id=24"},"modified":"2024-07-19T12:08:34","modified_gmt":"2024-07-19T10:08:34","slug":"faqs","status":"publish","type":"page","link":"https:\/\/levfestival.com\/25-matadero\/faqs\/","title":{"rendered":"FAQs"},"content":{"rendered":"<div id='av_section_1'  class='avia-section av-5ri5o-499b0b62aa20fe8f3db4ceba444b0d09 main_color avia-section-default avia-no-border-styling  avia-builder-el-0  avia-builder-el-no-sibling  avia-bg-style-scroll container_wrap fullsize'  ><div class='container av-section-cont-open' ><main  role=\"main\" itemprop=\"mainContentOfPage\"  class='template-page content  av-content-full alpha units'><div class='post-entry post-entry-type-page post-entry-24'><div class='entry-content-wrapper clearfix'>\n\n<style type=\"text\/css\" data-created_by=\"avia_inline_auto\" id=\"style-css-av-51vpc-62ed82478858c8bb57ba7f9a2156ec8f\">\n#top .av-special-heading.av-51vpc-62ed82478858c8bb57ba7f9a2156ec8f{\npadding-bottom:10px;\ncolor:#ffffff;\n}\nbody .av-special-heading.av-51vpc-62ed82478858c8bb57ba7f9a2156ec8f .av-special-heading-tag .heading-char{\nfont-size:25px;\n}\n.av-special-heading.av-51vpc-62ed82478858c8bb57ba7f9a2156ec8f .special-heading-inner-border{\nborder-color:#ffffff;\n}\n.av-special-heading.av-51vpc-62ed82478858c8bb57ba7f9a2156ec8f .av-subheading{\nfont-size:15px;\n}\n<\/style>\n<div  class='av-special-heading av-51vpc-62ed82478858c8bb57ba7f9a2156ec8f av-special-heading-h1 custom-color-heading blockquote modern-quote  avia-builder-el-1  el_before_av_hr  avia-builder-el-first '><h1 class='av-special-heading-tag'  itemprop=\"headline\"  >FAQs<\/h1><div class=\"special-heading-border\"><div class=\"special-heading-inner-border\"><\/div><\/div><\/div>\n\n<style type=\"text\/css\" data-created_by=\"avia_inline_auto\" id=\"style-css-av-4ndv8-4bc83f951a5abd9b11ec7472e9e53b10\">\n#top .hr.hr-invisible.av-4ndv8-4bc83f951a5abd9b11ec7472e9e53b10{\nheight:50px;\n}\n<\/style>\n<div  class='hr av-4ndv8-4bc83f951a5abd9b11ec7472e9e53b10 hr-invisible  avia-builder-el-2  el_after_av_heading  el_before_av_two_third '><span class='hr-inner '><span class=\"hr-inner-style\"><\/span><\/span><\/div>\n<div class='flex_column av-3xs3w-b3538323b2df67dc5c8e22ff0f4864ae av_two_third  avia-builder-el-3  el_after_av_hr  el_before_av_one_third  first flex_column_div '     ><p>\n<style type=\"text\/css\" data-created_by=\"avia_inline_auto\" id=\"style-css-av-m0l3k99l-19f6eeada694366cf7b820a059b7cf8c\">\n#top .togglecontainer.av-m0l3k99l-19f6eeada694366cf7b820a059b7cf8c p.toggler{\nfont-size:24px;\ncolor:#ffffff;\nbackground-color:#000000;\nborder-color:#daff00;\n}\n#top .togglecontainer.av-m0l3k99l-19f6eeada694366cf7b820a059b7cf8c p.toggler .toggle_icon{\ncolor:#daff00;\nborder-color:#daff00;\n}\n#top .togglecontainer.av-m0l3k99l-19f6eeada694366cf7b820a059b7cf8c p.toggler .toggle_icon > span{\ncolor:#daff00;\nborder-color:#daff00;\n}\n#top .togglecontainer.av-m0l3k99l-19f6eeada694366cf7b820a059b7cf8c .toggle_wrap .toggle_content{\nfont-size:19px;\ncolor:#ffffff;\nbackground-color:#000000;\nborder-color:#daff00;\n}\n<\/style>\n<div  class='togglecontainer av-m0l3k99l-19f6eeada694366cf7b820a059b7cf8c av-minimal-toggle  avia-builder-el-4  el_before_av_hr  avia-builder-el-first  faqs-acordeon toggle_close_all'  itemscope=\"itemscope\" itemtype=\"https:\/\/schema.org\/FAQPage\" >\n<section class='av_toggle_section av-m0l34wp2-b727caf5e3f3636a3a994fabfd95f122'  itemscope=\"itemscope\" itemprop=\"mainEntity\" itemtype=\"https:\/\/schema.org\/Question\" ><div role=\"tablist\" class=\"single_toggle\" data-tags=\"{Todo} \"  ><p data-fake-id='#toggle-id-1' class='toggler   av-inherit-border-color'  itemprop=\"name\"  role='tab' tabindex='0' aria-controls='toggle-id-1'>\u00bfExiste un abono para acceder a todas las actividades de pago?<span class=\"toggle_icon\"><span class=\"vert_icon\"><\/span><span class=\"hor_icon\"><\/span><\/span><\/p><div id='toggle-id-1' class='toggle_wrap  '   itemscope=\"itemscope\" itemprop=\"acceptedAnswer\" itemtype=\"https:\/\/schema.org\/Answer\" ><div class='toggle_content invers-color av-inherit-border-color'  itemprop=\"text\" ><p>Debido al formato de la programaci\u00f3n y sus diferentes aforos, no existe un abono que permita acceder a todas las actividades de pago del festival. Puedes encontrar las modalidades de entradas a la venta en este <a href=\"https:\/\/levfestival.com\/24-matadero\/entradas\/\">enlace<\/a>. Recuerda revisar bien los horarios y actividades incluidas en cada una antes de la compra.<\/p>\n<\/div><\/div><\/div><\/section>\n<section class='av_toggle_section av-m0l36dh0-4518df68211f6d0e9e321ee3f3c68447'  itemscope=\"itemscope\" itemprop=\"mainEntity\" itemtype=\"https:\/\/schema.org\/Question\" ><div role=\"tablist\" class=\"single_toggle\" data-tags=\"{Todo} \"  ><p data-fake-id='#toggle-id-2' class='toggler   av-inherit-border-color'  itemprop=\"name\"  role='tab' tabindex='0' aria-controls='toggle-id-2'>\u00bfExiste una entrada para acceder a todas las actividades de la secci\u00f3n VORTEX de realidad virtual?<span class=\"toggle_icon\"><span class=\"vert_icon\"><\/span><span class=\"hor_icon\"><\/span><\/span><\/p><div id='toggle-id-2' class='toggle_wrap  '   itemscope=\"itemscope\" itemprop=\"acceptedAnswer\" itemtype=\"https:\/\/schema.org\/Answer\" ><div class='toggle_content invers-color av-inherit-border-color'  itemprop=\"text\" ><p>No. L.E.V. Matadero apuesta este a\u00f1o por piezas de realidad virtual de larga duraci\u00f3n y experiencias grupales interactivas. Siendo as\u00ed, y al necesitar m\u00e1s tiempo para disfrutar de cada una de ellas, se han programado tres piezas diferentes cuyas entradas se venden de manera independiente. Puedes comprarlas en este <a href=\"https:\/\/levfestival.com\/24-matadero\/entradas\/\">enlace<\/a>.<\/p>\n<\/div><\/div><\/div><\/section>\n<section class='av_toggle_section av-m0l36wup-4e22393e9ba782275aa7427aa4b4add1'  itemscope=\"itemscope\" itemprop=\"mainEntity\" itemtype=\"https:\/\/schema.org\/Question\" ><div role=\"tablist\" class=\"single_toggle\" data-tags=\"{Todo} \"  ><p data-fake-id='#toggle-id-3' class='toggler   av-inherit-border-color'  itemprop=\"name\"  role='tab' tabindex='0' aria-controls='toggle-id-3'>\u00bfD\u00f3nde puedo consultar los horarios detallados del festival?<span class=\"toggle_icon\"><span class=\"vert_icon\"><\/span><span class=\"hor_icon\"><\/span><\/span><\/p><div id='toggle-id-3' class='toggle_wrap  '   itemscope=\"itemscope\" itemprop=\"acceptedAnswer\" itemtype=\"https:\/\/schema.org\/Answer\" ><div class='toggle_content invers-color av-inherit-border-color'  itemprop=\"text\" ><p>Los horarios est\u00e1n disponibles en este <a href=\"https:\/\/levfestival.com\/24-matadero\/horarios\/\">enlace<\/a>.<\/p>\n<\/div><\/div><\/div><\/section>\n<section class='av_toggle_section av-m0l38365-2e682b763596399cac5a5e12bc8c36c4'  itemscope=\"itemscope\" itemprop=\"mainEntity\" itemtype=\"https:\/\/schema.org\/Question\" ><div role=\"tablist\" class=\"single_toggle\" data-tags=\"{Todo} \"  ><p data-fake-id='#toggle-id-4' class='toggler   av-inherit-border-color'  itemprop=\"name\"  role='tab' tabindex='0' aria-controls='toggle-id-4'>\u00bfQu\u00e9 hago si tengo un problema en el proceso de compra de mis entradas?<span class=\"toggle_icon\"><span class=\"vert_icon\"><\/span><span class=\"hor_icon\"><\/span><\/span><\/p><div id='toggle-id-4' class='toggle_wrap  '   itemscope=\"itemscope\" itemprop=\"acceptedAnswer\" itemtype=\"https:\/\/schema.org\/Answer\" ><div class='toggle_content invers-color av-inherit-border-color'  itemprop=\"text\" ><p>Para incidencias en compra de entradas, puedes escribir un email a <a href=\"mailto:entradas@madrid-destino.com\">entradas@madrid-destino.com<\/a> o llamar al tel\u00e9fono de atenci\u00f3n al espectador 91 318 47 00 en horario de martes a domingo de 10:30 a 14:30 h y de 16:30 a 20:30 h.<\/p>\n<\/div><\/div><\/div><\/section>\n<section class='av_toggle_section av-m0l38365-13-f317bf6d3268e5005ae9ad1af9d28a36'  itemscope=\"itemscope\" itemprop=\"mainEntity\" itemtype=\"https:\/\/schema.org\/Question\" ><div role=\"tablist\" class=\"single_toggle\" data-tags=\"{Todo} \"  ><p data-fake-id='#toggle-id-5' class='toggler   av-inherit-border-color'  itemprop=\"name\"  role='tab' tabindex='0' aria-controls='toggle-id-5'>\u00bfLas entradas son nominales?<span class=\"toggle_icon\"><span class=\"vert_icon\"><\/span><span class=\"hor_icon\"><\/span><\/span><\/p><div id='toggle-id-5' class='toggle_wrap  '   itemscope=\"itemscope\" itemprop=\"acceptedAnswer\" itemtype=\"https:\/\/schema.org\/Answer\" ><div class='toggle_content invers-color av-inherit-border-color'  itemprop=\"text\" ><p>No, proporcionar los datos del asistente a la hora de comprar la entrada es opcional.<\/p>\n<\/div><\/div><\/div><\/section>\n<section class='av_toggle_section av-m0l38365-12-b96ce0710042cc0ae4ce895ff25c1517'  itemscope=\"itemscope\" itemprop=\"mainEntity\" itemtype=\"https:\/\/schema.org\/Question\" ><div role=\"tablist\" class=\"single_toggle\" data-tags=\"{Todo} \"  ><p data-fake-id='#toggle-id-6' class='toggler   av-inherit-border-color'  itemprop=\"name\"  role='tab' tabindex='0' aria-controls='toggle-id-6'>\u00bfEst\u00e1 permitida la entrada de menores de edad a los espect\u00e1culos en directo?<span class=\"toggle_icon\"><span class=\"vert_icon\"><\/span><span class=\"hor_icon\"><\/span><\/span><\/p><div id='toggle-id-6' class='toggle_wrap  '   itemscope=\"itemscope\" itemprop=\"acceptedAnswer\" itemtype=\"https:\/\/schema.org\/Answer\" ><div class='toggle_content invers-color av-inherit-border-color'  itemprop=\"text\" ><p>Los espect\u00e1culos en directo de esta edici\u00f3n est\u00e1n recomendados para mayores de 16 a\u00f1os. Si tienes 16 o 17 a\u00f1os y quieres asistir al festival por tu cuenta, escribe por favor a <a href=\"mailto:educacion@mataderomadrid.org\">educacion@mataderomadrid.org<\/a> despu\u00e9s de adquirir tus entradas indicando en el asunto \u201cEntrada menores de edad LEV Matadero.\u201d<\/p>\n<\/div><\/div><\/div><\/section>\n<section class='av_toggle_section av-m0l38365-11-2c2340da768b02ac94eb6db97e185c2a'  itemscope=\"itemscope\" itemprop=\"mainEntity\" itemtype=\"https:\/\/schema.org\/Question\" ><div role=\"tablist\" class=\"single_toggle\" data-tags=\"{Todo} \"  ><p data-fake-id='#toggle-id-7' class='toggler   av-inherit-border-color'  itemprop=\"name\"  role='tab' tabindex='0' aria-controls='toggle-id-7'>\u00bfHay actividades gratuitas?<span class=\"toggle_icon\"><span class=\"vert_icon\"><\/span><span class=\"hor_icon\"><\/span><\/span><\/p><div id='toggle-id-7' class='toggle_wrap  '   itemscope=\"itemscope\" itemprop=\"acceptedAnswer\" itemtype=\"https:\/\/schema.org\/Answer\" ><div class='toggle_content invers-color av-inherit-border-color'  itemprop=\"text\" ><p>S\u00ed, la programaci\u00f3n de esta edici\u00f3n de L.E.V. Matadero incluye una larga lista de actividades de acceso gratuito: cuatro instalaciones audiovisuales, una experiencia de realidad aumentada, una exposici\u00f3n de arte digital taiwan\u00e9s, un ciclo de charlas con artistas y un hackaton de creaci\u00f3n de avatares 3D. Esta \u00faltima actividad requiere de inscripci\u00f3n previa en este <a href=\"https:\/\/levfestival.com\/24-matadero\/avatar-vr-sculpting-by-metarick\/\">enlace<\/a>.<\/p>\n<\/div><\/div><\/div><\/section>\n<section class='av_toggle_section av-m0l38365-10-cd1d14940adc8ba346429522dd1c53cc'  itemscope=\"itemscope\" itemprop=\"mainEntity\" itemtype=\"https:\/\/schema.org\/Question\" ><div role=\"tablist\" class=\"single_toggle\" data-tags=\"{Todo} \"  ><p data-fake-id='#toggle-id-8' class='toggler   av-inherit-border-color'  itemprop=\"name\"  role='tab' tabindex='0' aria-controls='toggle-id-8'>\u00bfSe podr\u00e1 acceder con comida y bebida a los espacios donde se celebran las actividades?<span class=\"toggle_icon\"><span class=\"vert_icon\"><\/span><span class=\"hor_icon\"><\/span><\/span><\/p><div id='toggle-id-8' class='toggle_wrap  '   itemscope=\"itemscope\" itemprop=\"acceptedAnswer\" itemtype=\"https:\/\/schema.org\/Answer\" ><div class='toggle_content invers-color av-inherit-border-color'  itemprop=\"text\" ><p>No est\u00e1 permitido el acceso con bebida o comida a las diferentes salas que acogen la programaci\u00f3n de L.E.V. Matadero. Matadero Madrid ofrece dos espacios de restauraci\u00f3n para poder tomar algo entre actividades: la Cantina de Cineteca y el Caf\u00e9 Naves.<\/p>\n<\/div><\/div><\/div><\/section>\n<\/div><br \/>\n<div  class='hr av-3hhj8-5c84fd9f2037c1b2d779520ba29e1a55 hr-default  avia-builder-el-5  el_after_av_toggle_container  el_before_av_textblock  line-blue'><span class='hr-inner '><span class=\"hr-inner-style\"><\/span><\/span><\/div><br \/>\n\n<style type=\"text\/css\" data-created_by=\"avia_inline_auto\" id=\"style-css-av-2n5hc-2e5ea7933d6298b2472672e9e01ca697\">\n#top .av_textblock_section.av-2n5hc-2e5ea7933d6298b2472672e9e01ca697 .avia_textblock{\ncolor:#ffffff;\n}\n<\/style>\n<section  class='av_textblock_section av-2n5hc-2e5ea7933d6298b2472672e9e01ca697'  itemscope=\"itemscope\" itemtype=\"https:\/\/schema.org\/CreativeWork\" ><div class='avia_textblock fin-faq av_inherit_color'  itemprop=\"text\" ><h3>\u00bfTIENES ALGUNA OTRA DUDA?<\/h3>\n<p>Puedes escribir al email <a href=\"mailto:info@levfestival.org\">info@levfestival.org<\/a> o contactarnos a trav\u00e9s de nuestras redes sociales, que encontrar\u00e1s al final de esta p\u00e1gina.<\/p>\n<\/div><\/section><br \/>\n\n<style type=\"text\/css\" data-created_by=\"avia_inline_auto\" id=\"style-css-av-1xy2o-540a35289f4bbfcdd09e1a663348928b\">\n#top .hr.hr-invisible.av-1xy2o-540a35289f4bbfcdd09e1a663348928b{\nheight:50px;\n}\n<\/style>\n<div  class='hr av-1xy2o-540a35289f4bbfcdd09e1a663348928b hr-invisible  avia-builder-el-7  el_after_av_textblock  avia-builder-el-last '><span class='hr-inner '><span class=\"hr-inner-style\"><\/span><\/span><\/div><\/p><\/div><div class='flex_column av-1huis-f2e6c84459549697710fc0c3d7b7149c av_one_third  avia-builder-el-8  el_after_av_two_third  el_before_av_hr  flex_column_div '     ><\/div>\n<style type=\"text\/css\" data-created_by=\"avia_inline_auto\" id=\"style-css-av-11fe8-da3bb22b422755add6432cbc1b523772\">\n#top .hr.hr-invisible.av-11fe8-da3bb22b422755add6432cbc1b523772{\nheight:100px;\n}\n<\/style>\n<div  class='hr av-11fe8-da3bb22b422755add6432cbc1b523772 hr-invisible  avia-builder-el-9  el_after_av_one_third  avia-builder-el-last '><span class='hr-inner '><span class=\"hr-inner-style\"><\/span><\/span><\/div>\n\n","protected":false},"excerpt":{"rendered":"","protected":false},"author":1,"featured_media":0,"parent":0,"menu_order":0,"comment_status":"closed","ping_status":"closed","template":"","meta":{"footnotes":""},"class_list":["post-24","page","type-page","status-publish","hentry"],"yoast_head":"<!-- This site is optimized with the Yoast SEO plugin v20.7 - https:\/\/yoast.com\/wordpress\/plugins\/seo\/ -->\n<title>FAQs - L.E.V. Matadero 2025<\/title>\n<meta name=\"robots\" content=\"index, follow, max-snippet:-1, max-image-preview:large, max-video-preview:-1\" \/>\n<link rel=\"canonical\" href=\"https:\/\/levfestival.com\/25-matadero\/faqs\/\" \/>\n<meta property=\"og:locale\" content=\"es_ES\" \/>\n<meta property=\"og:type\" content=\"article\" \/>\n<meta property=\"og:title\" content=\"FAQs - L.E.V. Matadero 2025\" \/>\n<meta property=\"og:url\" content=\"https:\/\/levfestival.com\/25-matadero\/faqs\/\" \/>\n<meta property=\"og:site_name\" content=\"L.E.V. Matadero 2025\" \/>\n<meta property=\"og:image\" content=\"https:\/\/levfestival.com\/25-matadero\/wp-content\/uploads\/sites\/18\/2025\/07\/photo_2025-07-21_16-24-44.jpg\" \/>\n\t<meta property=\"og:image:width\" content=\"1280\" \/>\n\t<meta property=\"og:image:height\" content=\"720\" \/>\n\t<meta property=\"og:image:type\" content=\"image\/jpeg\" \/>\n<meta name=\"twitter:card\" content=\"summary_large_image\" \/>\n<meta name=\"twitter:label1\" content=\"Tiempo de lectura\" \/>\n\t<meta name=\"twitter:data1\" content=\"5 minutos\" \/>\n<script type=\"application\/ld+json\" class=\"yoast-schema-graph\">{\"@context\":\"https:\/\/schema.org\",\"@graph\":[{\"@type\":\"WebPage\",\"@id\":\"https:\/\/levfestival.com\/25-matadero\/faqs\/\",\"url\":\"https:\/\/levfestival.com\/25-matadero\/faqs\/\",\"name\":\"FAQs - L.E.V. Matadero 2025\",\"isPartOf\":{\"@id\":\"https:\/\/levfestival.com\/25-matadero\/#website\"},\"datePublished\":\"2024-07-19T10:08:34+00:00\",\"dateModified\":\"2024-07-19T10:08:34+00:00\",\"breadcrumb\":{\"@id\":\"https:\/\/levfestival.com\/25-matadero\/faqs\/#breadcrumb\"},\"inLanguage\":\"es\",\"potentialAction\":[{\"@type\":\"ReadAction\",\"target\":[\"https:\/\/levfestival.com\/25-matadero\/faqs\/\"]}]},{\"@type\":\"BreadcrumbList\",\"@id\":\"https:\/\/levfestival.com\/25-matadero\/faqs\/#breadcrumb\",\"itemListElement\":[{\"@type\":\"ListItem\",\"position\":1,\"name\":\"Portada\",\"item\":\"https:\/\/levfestival.com\/25-matadero\/home\/\"},{\"@type\":\"ListItem\",\"position\":2,\"name\":\"FAQs\"}]},{\"@type\":\"WebSite\",\"@id\":\"https:\/\/levfestival.com\/25-matadero\/#website\",\"url\":\"https:\/\/levfestival.com\/25-matadero\/\",\"name\":\"L.E.V. Matadero 2025\",\"description\":\"Festival de electr\u00f3nica visual y realidades extendidas\",\"potentialAction\":[{\"@type\":\"SearchAction\",\"target\":{\"@type\":\"EntryPoint\",\"urlTemplate\":\"https:\/\/levfestival.com\/25-matadero\/?s={search_term_string}\"},\"query-input\":\"required name=search_term_string\"}],\"inLanguage\":\"es\"}]}<\/script>\n<!-- \/ Yoast SEO plugin. -->","yoast_head_json":{"title":"FAQs - L.E.V. Matadero 2025","robots":{"index":"index","follow":"follow","max-snippet":"max-snippet:-1","max-image-preview":"max-image-preview:large","max-video-preview":"max-video-preview:-1"},"canonical":"https:\/\/levfestival.com\/25-matadero\/faqs\/","og_locale":"es_ES","og_type":"article","og_title":"FAQs - L.E.V. Matadero 2025","og_url":"https:\/\/levfestival.com\/25-matadero\/faqs\/","og_site_name":"L.E.V. Matadero 2025","og_image":[{"width":1280,"height":720,"url":"https:\/\/levfestival.com\/25-matadero\/wp-content\/uploads\/sites\/18\/2025\/07\/photo_2025-07-21_16-24-44.jpg","type":"image\/jpeg"}],"twitter_card":"summary_large_image","twitter_misc":{"Tiempo de lectura":"5 minutos"},"schema":{"@context":"https:\/\/schema.org","@graph":[{"@type":"WebPage","@id":"https:\/\/levfestival.com\/25-matadero\/faqs\/","url":"https:\/\/levfestival.com\/25-matadero\/faqs\/","name":"FAQs - L.E.V. Matadero 2025","isPartOf":{"@id":"https:\/\/levfestival.com\/25-matadero\/#website"},"datePublished":"2024-07-19T10:08:34+00:00","dateModified":"2024-07-19T10:08:34+00:00","breadcrumb":{"@id":"https:\/\/levfestival.com\/25-matadero\/faqs\/#breadcrumb"},"inLanguage":"es","potentialAction":[{"@type":"ReadAction","target":["https:\/\/levfestival.com\/25-matadero\/faqs\/"]}]},{"@type":"BreadcrumbList","@id":"https:\/\/levfestival.com\/25-matadero\/faqs\/#breadcrumb","itemListElement":[{"@type":"ListItem","position":1,"name":"Portada","item":"https:\/\/levfestival.com\/25-matadero\/home\/"},{"@type":"ListItem","position":2,"name":"FAQs"}]},{"@type":"WebSite","@id":"https:\/\/levfestival.com\/25-matadero\/#website","url":"https:\/\/levfestival.com\/25-matadero\/","name":"L.E.V. Matadero 2025","description":"Festival de electr\u00f3nica visual y realidades extendidas","potentialAction":[{"@type":"SearchAction","target":{"@type":"EntryPoint","urlTemplate":"https:\/\/levfestival.com\/25-matadero\/?s={search_term_string}"},"query-input":"required name=search_term_string"}],"inLanguage":"es"}]}},"_links":{"self":[{"href":"https:\/\/levfestival.com\/25-matadero\/wp-json\/wp\/v2\/pages\/24","targetHints":{"allow":["GET"]}}],"collection":[{"href":"https:\/\/levfestival.com\/25-matadero\/wp-json\/wp\/v2\/pages"}],"about":[{"href":"https:\/\/levfestival.com\/25-matadero\/wp-json\/wp\/v2\/types\/page"}],"author":[{"embeddable":true,"href":"https:\/\/levfestival.com\/25-matadero\/wp-json\/wp\/v2\/users\/1"}],"replies":[{"embeddable":true,"href":"https:\/\/levfestival.com\/25-matadero\/wp-json\/wp\/v2\/comments?post=24"}],"version-history":[{"count":0,"href":"https:\/\/levfestival.com\/25-matadero\/wp-json\/wp\/v2\/pages\/24\/revisions"}],"wp:attachment":[{"href":"https:\/\/levfestival.com\/25-matadero\/wp-json\/wp\/v2\/media?parent=24"}],"curies":[{"name":"wp","href":"https:\/\/api.w.org\/{rel}","templated":true}]}}