{"id":32203,"date":"2021-05-21T16:59:10","date_gmt":"2021-05-21T14:59:10","guid":{"rendered":"https:\/\/levfestival.com\/lev\/que-es-lev\/"},"modified":"2023-02-15T19:02:01","modified_gmt":"2023-02-15T18:02:01","slug":"que-es-lev","status":"publish","type":"page","link":"https:\/\/levfestival.com\/en\/que-es-lev\/","title":{"rendered":"What is LEV"},"content":{"rendered":"\n<style type=\"text\/css\" data-created_by=\"avia_inline_auto\" id=\"style-css-av-klt9nhfy-a64edc92887d9e55ae0a47bcdbbf5fba\">\n.avia-section.av-klt9nhfy-a64edc92887d9e55ae0a47bcdbbf5fba{\nbackground-color:#ededed;\nbackground-image:unset;\n}\n<\/style>\n<div id='av_section_1'  class='avia-section av-klt9nhfy-a64edc92887d9e55ae0a47bcdbbf5fba main_color avia-section-default avia-no-border-styling  avia-builder-el-0  avia-builder-el-no-sibling  avia-bg-style-scroll container_wrap fullsize'  ><div class='container av-section-cont-open' ><main  role=\"main\" itemprop=\"mainContentOfPage\"  class='template-page content  av-content-full alpha units'><div class='post-entry post-entry-type-page post-entry-32203'><div class='entry-content-wrapper clearfix'>\n\n<style type=\"text\/css\" data-created_by=\"avia_inline_auto\" id=\"style-css-av-19tdsnf-47afe4d9eccad66e1bab19c2a039f257\">\n.flex_column.av-19tdsnf-47afe4d9eccad66e1bab19c2a039f257{\n-webkit-border-radius:0px 0px 0px 0px;\n-moz-border-radius:0px 0px 0px 0px;\nborder-radius:0px 0px 0px 0px;\npadding:0px 0px 0px 0px;\n}\n<\/style>\n<div class='flex_column av-19tdsnf-47afe4d9eccad66e1bab19c2a039f257 av_two_third  avia-builder-el-1  el_before_av_one_third  avia-builder-el-first  first flex_column_div av-zero-column-padding '     ><p>\n<style type=\"text\/css\" data-created_by=\"avia_inline_auto\" id=\"style-css-av-klto6d7b-10ed5b8fc1ed03be12ed78e00dd2196d\">\n#top .av-special-heading.av-klto6d7b-10ed5b8fc1ed03be12ed78e00dd2196d{\npadding-bottom:30px;\ncolor:#222222;\n}\nbody .av-special-heading.av-klto6d7b-10ed5b8fc1ed03be12ed78e00dd2196d .av-special-heading-tag .heading-char{\nfont-size:25px;\n}\n.av-special-heading.av-klto6d7b-10ed5b8fc1ed03be12ed78e00dd2196d .special-heading-inner-border{\nborder-color:#222222;\n}\n.av-special-heading.av-klto6d7b-10ed5b8fc1ed03be12ed78e00dd2196d .av-subheading{\nfont-size:15px;\n}\n<\/style>\n<div  class='av-special-heading av-klto6d7b-10ed5b8fc1ed03be12ed78e00dd2196d av-special-heading-h1 custom-color-heading blockquote modern-quote  avia-builder-el-2  el_before_av_textblock  avia-builder-el-first  titulo-qel'><h1 class='av-special-heading-tag'  itemprop=\"headline\"  >QU\u00c9 <br \/>ES L.E.V.<\/h1><div class=\"special-heading-border\"><div class=\"special-heading-inner-border\"><\/div><\/div><\/div><br \/>\n\n<style type=\"text\/css\" data-created_by=\"avia_inline_auto\" id=\"style-css-av-klta9kku-5f8e55f5a2da8f9baafae963e27af7d5\">\n#top .av_textblock_section.av-klta9kku-5f8e55f5a2da8f9baafae963e27af7d5 .avia_textblock{\ncolor:#222222;\n}\n<\/style>\n<section  class='av_textblock_section av-klta9kku-5f8e55f5a2da8f9baafae963e27af7d5'  itemscope=\"itemscope\" itemtype=\"https:\/\/schema.org\/CreativeWork\" ><div class='avia_textblock av_inherit_color'  itemprop=\"text\" ><p style=\"text-align: justify;\">LEV (Laboratorio de Electr\u00f3nica Visual) es una plataforma de producci\u00f3n, divulgaci\u00f3n y experimentaci\u00f3n en torno a la creaci\u00f3n sonora electr\u00f3nica, la creaci\u00f3n audiovisual y el arte digital.<br \/>\nUn espacio abierto de investigaci\u00f3n que se nutre de las \u00faltimas herramientas tecnol\u00f3gicas para explorar la creatividad contempor\u00e1nea junto a artistas nacionales e internacionales de vanguardia y nuevos talentos pioneros, y la traslada a los escenarios y espacios p\u00fablicos mediante diferentes acciones.<\/p>\n<p style=\"text-align: justify;\">Las dos grandes citas anuales de la plataforma son LEV Festival, en Gij\u00f3n, y LEV Matadero, en Madrid. Dos festivales que generan un espacio de encuentro con un amplio p\u00fablico para ofrecer una visi\u00f3n panor\u00e1mica y ecl\u00e9ctica del estado de la creaci\u00f3n sonora, audiovisual y digital del momento, y su constante desarrollo y conexi\u00f3n con diferentes disciplinas, a trav\u00e9s de directos y performances audiovisuales, conciertos, experiencias inmersivas de realidad virtual y aumentada, exploraciones digitales, instalaciones o exposiciones, entre otras propuestas. Una programaci\u00f3n compuesta por el trabajo impulsado y realizado por la propia plataforma, sus coproducciones y la muestra del trabajo independiente de diferentes creadores.<\/p>\n<p style=\"text-align: justify;\">Adem\u00e1s de estos dos grandes hitos, LEV mantiene su actividad a lo largo de todo el a\u00f1o con programas deslocalizados denominados LEVents, residencias art\u00edsticas para fomentar la experimentaci\u00f3n, la investigaci\u00f3n y el desarrollo de proyectos, jornadas de presentaci\u00f3n, workshops en herramientas digitales creativas, o la implicaci\u00f3n y colaboraci\u00f3n con instituciones, redes internacionales y nacionales y proyectos concretos del mismo \u00e1mbito.<\/p>\n<p style=\"text-align: justify;\">En los 15 a\u00f1os de vida de LEV, el motor de su desarrollo ha sido la innovaci\u00f3n, apostando por traspasar los l\u00edmites de la creatividad en cada acci\u00f3n y romper moldes, sin acomodarse en los planteamientos y formas de hacer establecidas. Como las corrientes creativas, LEV muta y evoluciona, siguiendo el pulso de las nuevas narrativas y posibilidades que ofrece el presente en este \u00e1mbito art\u00edstico en continua transformaci\u00f3n, para acercarlas a todo aquel que quiera sumergirse en la cara m\u00e1s sorprendente y vanguardista de la creaci\u00f3n digital contempor\u00e1nea.<\/p>\n<\/div><\/section><\/p><\/div>\n<style type=\"text\/css\" data-created_by=\"avia_inline_auto\" id=\"style-css-av-j1rq23-91967efcf26cf3b0b845b952de8443ca\">\n.flex_column.av-j1rq23-91967efcf26cf3b0b845b952de8443ca{\n-webkit-border-radius:0px 0px 0px 0px;\n-moz-border-radius:0px 0px 0px 0px;\nborder-radius:0px 0px 0px 0px;\npadding:0px 0px 0px 0px;\n}\n<\/style>\n<div class='flex_column av-j1rq23-91967efcf26cf3b0b845b952de8443ca av_one_third  avia-builder-el-4  el_after_av_two_third  el_before_av_hr  form-que-es-lev flex_column_div av-zero-column-padding '     ><\/div>\n<style type=\"text\/css\" data-created_by=\"avia_inline_auto\" id=\"style-css-av-kltdgj5k-03e803df303cd7ca59788d8e4d27ee23\">\n#top .hr.hr-invisible.av-kltdgj5k-03e803df303cd7ca59788d8e4d27ee23{\nheight:50px;\n}\n<\/style>\n<div  class='hr av-kltdgj5k-03e803df303cd7ca59788d8e4d27ee23 hr-invisible  avia-builder-el-5  el_after_av_one_third  el_before_av_hr '><span class='hr-inner '><span class=\"hr-inner-style\"><\/span><\/span><\/div>\n\n<style type=\"text\/css\" data-created_by=\"avia_inline_auto\" id=\"style-css-av-kltdgj5k-381904b34b041c39c603070abf2d1cc2\">\n#top .hr.hr-invisible.av-kltdgj5k-381904b34b041c39c603070abf2d1cc2{\nheight:30px;\n}\n<\/style>\n<div  class='hr av-kltdgj5k-381904b34b041c39c603070abf2d1cc2 hr-invisible  avia-builder-el-6  el_after_av_hr  el_before_av_heading '><span class='hr-inner '><span class=\"hr-inner-style\"><\/span><\/span><\/div>\n\n<style type=\"text\/css\" data-created_by=\"avia_inline_auto\" id=\"style-css-av-ldpux22f-21a0b75d373503ae4b6ba16d6d3ff7c8\">\n#top .av-special-heading.av-ldpux22f-21a0b75d373503ae4b6ba16d6d3ff7c8{\npadding-bottom:30px;\ncolor:#222222;\n}\nbody .av-special-heading.av-ldpux22f-21a0b75d373503ae4b6ba16d6d3ff7c8 .av-special-heading-tag .heading-char{\nfont-size:25px;\n}\n.av-special-heading.av-ldpux22f-21a0b75d373503ae4b6ba16d6d3ff7c8 .special-heading-inner-border{\nborder-color:#222222;\n}\n.av-special-heading.av-ldpux22f-21a0b75d373503ae4b6ba16d6d3ff7c8 .av-subheading{\nfont-size:15px;\n}\n<\/style>\n<div  class='av-special-heading av-ldpux22f-21a0b75d373503ae4b6ba16d6d3ff7c8 av-special-heading-h1 custom-color-heading blockquote modern-quote  avia-builder-el-7  el_after_av_hr  el_before_av_masonry_entries  avia-builder-el-last  titulo-qel'><h1 class='av-special-heading-tag'  itemprop=\"headline\"  >EDICIONES <br \/>ANTERIORES<\/h1><div class=\"special-heading-border\"><div class=\"special-heading-inner-border\"><\/div><\/div><\/div>\n\n\n","protected":false},"excerpt":{"rendered":"","protected":false},"author":1,"featured_media":0,"parent":0,"menu_order":0,"comment_status":"closed","ping_status":"closed","template":"","meta":{"footnotes":""},"class_list":["post-32203","page","type-page","status-publish","hentry"],"yoast_head":"<!-- This site is optimized with the Yoast SEO plugin v20.7 - https:\/\/yoast.com\/wordpress\/plugins\/seo\/ -->\n<title>What is LEV - LEV Festival<\/title>\n<meta name=\"robots\" content=\"index, follow, max-snippet:-1, max-image-preview:large, max-video-preview:-1\" \/>\n<link rel=\"canonical\" href=\"https:\/\/levfestival.com\/en\/que-es-lev\/\" \/>\n<meta property=\"og:locale\" content=\"en_US\" \/>\n<meta property=\"og:type\" content=\"article\" \/>\n<meta property=\"og:title\" content=\"What is LEV - LEV Festival\" \/>\n<meta property=\"og:url\" content=\"https:\/\/levfestival.com\/en\/que-es-lev\/\" \/>\n<meta property=\"og:site_name\" content=\"LEV Festival\" \/>\n<meta property=\"article:modified_time\" content=\"2023-02-15T18:02:01+00:00\" \/>\n<meta name=\"twitter:card\" content=\"summary_large_image\" \/>\n<meta name=\"twitter:label1\" content=\"Est. reading time\" \/>\n\t<meta name=\"twitter:data1\" content=\"4 minutes\" \/>\n<script type=\"application\/ld+json\" class=\"yoast-schema-graph\">{\"@context\":\"https:\/\/schema.org\",\"@graph\":[{\"@type\":\"WebPage\",\"@id\":\"https:\/\/levfestival.com\/en\/que-es-lev\/\",\"url\":\"https:\/\/levfestival.com\/en\/que-es-lev\/\",\"name\":\"What is LEV - LEV Festival\",\"isPartOf\":{\"@id\":\"https:\/\/levfestival.com\/#website\"},\"datePublished\":\"2021-05-21T14:59:10+00:00\",\"dateModified\":\"2023-02-15T18:02:01+00:00\",\"inLanguage\":\"en-US\",\"potentialAction\":[{\"@type\":\"ReadAction\",\"target\":[\"https:\/\/levfestival.com\/en\/que-es-lev\/\"]}]},{\"@type\":\"WebSite\",\"@id\":\"https:\/\/levfestival.com\/#website\",\"url\":\"https:\/\/levfestival.com\/\",\"name\":\"LEV Festival\",\"description\":\"LEV\",\"potentialAction\":[{\"@type\":\"SearchAction\",\"target\":{\"@type\":\"EntryPoint\",\"urlTemplate\":\"https:\/\/levfestival.com\/?s={search_term_string}\"},\"query-input\":\"required name=search_term_string\"}],\"inLanguage\":\"en-US\"}]}<\/script>\n<!-- \/ Yoast SEO plugin. -->","yoast_head_json":{"title":"What is LEV - LEV Festival","robots":{"index":"index","follow":"follow","max-snippet":"max-snippet:-1","max-image-preview":"max-image-preview:large","max-video-preview":"max-video-preview:-1"},"canonical":"https:\/\/levfestival.com\/en\/que-es-lev\/","og_locale":"en_US","og_type":"article","og_title":"What is LEV - LEV Festival","og_url":"https:\/\/levfestival.com\/en\/que-es-lev\/","og_site_name":"LEV Festival","article_modified_time":"2023-02-15T18:02:01+00:00","twitter_card":"summary_large_image","twitter_misc":{"Est. reading time":"4 minutes"},"schema":{"@context":"https:\/\/schema.org","@graph":[{"@type":"WebPage","@id":"https:\/\/levfestival.com\/en\/que-es-lev\/","url":"https:\/\/levfestival.com\/en\/que-es-lev\/","name":"What is LEV - LEV Festival","isPartOf":{"@id":"https:\/\/levfestival.com\/#website"},"datePublished":"2021-05-21T14:59:10+00:00","dateModified":"2023-02-15T18:02:01+00:00","inLanguage":"en-US","potentialAction":[{"@type":"ReadAction","target":["https:\/\/levfestival.com\/en\/que-es-lev\/"]}]},{"@type":"WebSite","@id":"https:\/\/levfestival.com\/#website","url":"https:\/\/levfestival.com\/","name":"LEV Festival","description":"LEV","potentialAction":[{"@type":"SearchAction","target":{"@type":"EntryPoint","urlTemplate":"https:\/\/levfestival.com\/?s={search_term_string}"},"query-input":"required name=search_term_string"}],"inLanguage":"en-US"}]}},"_links":{"self":[{"href":"https:\/\/levfestival.com\/en\/wp-json\/wp\/v2\/pages\/32203","targetHints":{"allow":["GET"]}}],"collection":[{"href":"https:\/\/levfestival.com\/en\/wp-json\/wp\/v2\/pages"}],"about":[{"href":"https:\/\/levfestival.com\/en\/wp-json\/wp\/v2\/types\/page"}],"author":[{"embeddable":true,"href":"https:\/\/levfestival.com\/en\/wp-json\/wp\/v2\/users\/1"}],"replies":[{"embeddable":true,"href":"https:\/\/levfestival.com\/en\/wp-json\/wp\/v2\/comments?post=32203"}],"version-history":[{"count":11,"href":"https:\/\/levfestival.com\/en\/wp-json\/wp\/v2\/pages\/32203\/revisions"}],"predecessor-version":[{"id":37129,"href":"https:\/\/levfestival.com\/en\/wp-json\/wp\/v2\/pages\/32203\/revisions\/37129"}],"wp:attachment":[{"href":"https:\/\/levfestival.com\/en\/wp-json\/wp\/v2\/media?parent=32203"}],"curies":[{"name":"wp","href":"https:\/\/api.w.org\/{rel}","templated":true}]}}